{"id":9721,"date":"2025-10-31T16:05:18","date_gmt":"2025-10-31T16:05:18","guid":{"rendered":"https:\/\/frvape.com\/product\/aivono-aim-aipod-kit-30000-puffs-smart-disposable-vape-dual-mode\/"},"modified":"2025-12-16T09:10:36","modified_gmt":"2025-12-16T09:10:36","slug":"aivono-aim-aipod-kit-30000-puffs-smart-disposable-vape-dual-mode","status":"publish","type":"product","link":"https:\/\/frvape.com\/fr\/produit\/aivono-aim-aipod-kit-30000-puffs-smart-disposable-vape-dual-mode\/","title":{"rendered":"Aivono AIM AIPOD KIT 30000 Bouff\u00e9es - Vape intelligente jetable Dual Mode"},"content":{"rendered":"<h3>Vue d'ensemble<\/h3>\n<p>Pr\u00e9sentation de la <strong>Aivono AIM AIPOD KIT 30000 bouff\u00e9es<\/strong>La vape de la gamme Fusion est une vape r\u00e9volutionnaire \u00e0 usage unique, con\u00e7ue pour atteindre l'excellence en mati\u00e8re de performance et d'innovation. Con\u00e7u \u00e0 partir d'un <strong>Batterie rechargeable de 850mAh<\/strong> et avanc\u00e9s <strong>technologie de la bobine \u00e0 double maille<\/strong>Cet appareil offre une vapeur douce et homog\u00e8ne du d\u00e9but \u00e0 la fin. Parfait pour tous les vapoteurs, il allie facilit\u00e9 d'utilisation, design \u00e9pur\u00e9 et personnalisation sup\u00e9rieure.<\/p>\n<h3>Principales caract\u00e9ristiques et sp\u00e9cifications<\/h3>\n<p>Choisissez entre <strong>Mode standard<\/strong> jusqu'\u00e0 30 000 bouff\u00e9es ou <strong>Mode Boost<\/strong> pour 20 000 bouff\u00e9es de saveur et de vapeur intensifi\u00e9es. Les sp\u00e9cifications comprennent un <strong>1.0\u03a9 Dual Mesh Coil<\/strong> pour une meilleure saveur, un <strong>capacit\u00e9 de 10ml d'e-liquide pr\u00e9-rempli<\/strong>et un d\u00e9bit d'air r\u00e9glable pour personnaliser chaque bouff\u00e9e. Les teneurs en nicotine vont de <strong>0%<\/strong> \u00e0 <strong>5%<\/strong>Il r\u00e9pond \u00e0 toutes les pr\u00e9f\u00e9rences. La conception compacte et ergonomique (52,2 \u00d7 27,8 \u00d7 96 mm) comprend un <strong>\u00e9cran intelligent<\/strong> pour une surveillance en temps r\u00e9el.<\/p>\n<h3>Options de saveurs<\/h3>\n<p>Profitez d'un large \u00e9ventail de d\u00e9licieux e-liquides : <strong>Mangue acide Ananas<\/strong>, <strong>Confiture de p\u00eache<\/strong>, <strong>Glace \u00e0 la past\u00e8que<\/strong>, <strong>Gla\u00e7ons au raisin<\/strong>, <strong>Past\u00e8que \u00e0 la fraise<\/strong>, <strong>Double pomme<\/strong>, <strong>Framboise P\u00eache Citron<\/strong>, <strong>Razz aux myrtilles<\/strong>, <strong>Past\u00e8que \u00e0 la cerise congel\u00e9e<\/strong>et <strong>Monnaie de Miami<\/strong>.<\/p>\n<h3>Pourquoi choisir ce kit ?<\/h3>\n<p>Les <strong>Aivono AIM AIPOD KIT<\/strong> se distingue par sa flexibilit\u00e9 bimode, sa fiabilit\u00e9 et sa facilit\u00e9 d'utilisation. <strong>Batterie de 850mAh<\/strong>et un flux d'air g\u00e9r\u00e9 intelligemment. Il assure une production de vapeur constante et une saveur pure, id\u00e9ale pour les utilisateurs occasionnels comme pour les gros consommateurs. Pour les revendeurs, son <strong>construction haut de gamme<\/strong> et un emballage attrayant en font un produit phare de votre gamme de produits de vapotage.<\/p>","protected":false},"excerpt":{"rendered":"<p>Faites l'exp\u00e9rience du haut de gamme <strong>Aivono AIM AIPOD KIT 30000<\/strong>La dur\u00e9e de vie de l'appareil peut aller jusqu'\u00e0 30 000 bouff\u00e9es par jour. <strong>deux modes<\/strong> et un <strong>\u00e9cran intelligent<\/strong>.<br \/>Avec un <strong>batterie rechargeable de 850mAh<\/strong>, <strong>d\u00e9bit d'air r\u00e9glable<\/strong>et diff\u00e9rents taux de nicotine pour une s\u00e9ance de vapotage sur mesure.<\/p>","protected":false},"featured_media":9715,"comment_status":"open","ping_status":"closed","template":"","meta":[],"product_brand":[165],"product_cat":[951],"product_tag":[803,102,801,802,804,805],"class_list":{"0":"post-9721","1":"product","2":"type-product","3":"status-publish","4":"has-post-thumbnail","6":"product_brand-aivono","7":"product_cat-aivono","8":"product_tag-30000-puff-e-cigarette","9":"product_tag-adjustable-airflow-vape","10":"product_tag-aivono-aim-aipod-30000","11":"product_tag-disposable-vape-kit","12":"product_tag-dual-mode-vape","13":"product_tag-rechargeable-disposable","15":"first","16":"instock","17":"sale","18":"shipping-taxable","19":"purchasable","20":"product-type-variable"},"jetpack_sharing_enabled":true,"tiered_pricing_type":"fixed","tiered_pricing_fixed_rules":[],"tiered_pricing_product_settings":{"layout":"default","base_unit_name":{"singular":null,"plural":null},"default_variation":null},"tiered_pricing_minimum_quantity":null,"tiered_pricing_roles_data":[],"tiered_pricing_percentage_rules":[],"tiered_pricing_maximum_quantity":null,"tiered_pricing_quantity_step":null,"_links":{"self":[{"href":"https:\/\/frvape.com\/fr\/wp-json\/wp\/v2\/product\/9721","targetHints":{"allow":["GET"]}}],"collection":[{"href":"https:\/\/frvape.com\/fr\/wp-json\/wp\/v2\/product"}],"about":[{"href":"https:\/\/frvape.com\/fr\/wp-json\/wp\/v2\/types\/product"}],"replies":[{"embeddable":true,"href":"https:\/\/frvape.com\/fr\/wp-json\/wp\/v2\/comments?post=9721"}],"wp:featuredmedia":[{"embeddable":true,"href":"https:\/\/frvape.com\/fr\/wp-json\/wp\/v2\/media\/9715"}],"wp:attachment":[{"href":"https:\/\/frvape.com\/fr\/wp-json\/wp\/v2\/media?parent=9721"}],"wp:term":[{"taxonomy":"product_brand","embeddable":true,"href":"https:\/\/frvape.com\/fr\/wp-json\/wp\/v2\/product_brand?post=9721"},{"taxonomy":"product_cat","embeddable":true,"href":"https:\/\/frvape.com\/fr\/wp-json\/wp\/v2\/product_cat?post=9721"},{"taxonomy":"product_tag","embeddable":true,"href":"https:\/\/frvape.com\/fr\/wp-json\/wp\/v2\/product_tag?post=9721"}],"curies":[{"name":"wp","href":"https:\/\/api.w.org\/{rel}","templated":true}]}}