{"id":9799,"date":"2025-10-31T16:13:10","date_gmt":"2025-10-31T16:13:10","guid":{"rendered":"https:\/\/frvape.com\/product\/vopk-triple-60000-puffs-disposable-vape-with-triple-flavor-led-display\/"},"modified":"2025-11-04T01:55:39","modified_gmt":"2025-11-04T01:55:39","slug":"vopk-triple-60000-puffs-jetable-avec-triple-flavor-led-display","status":"publish","type":"product","link":"https:\/\/frvape.com\/fr\/produit\/vopk-triple-60000-puffs-jetable-avec-triple-flavor-led-display\/","title":{"rendered":"VOPK Triple 60000 Puffs Vape jetable avec Triple Flavor &amp; LED Display"},"content":{"rendered":"<h3>L'innovation ultime en mati\u00e8re de vapotage<\/h3>\n<p>Les <strong>VOPK Triple 60000 Puffs<\/strong> transforme la cat\u00e9gorie des produits de vapotage jetables gr\u00e2ce \u00e0 sa technologie de pointe. <strong>Capacit\u00e9 de 60 000 bouff\u00e9es<\/strong> et unique <strong>syst\u00e8me de r\u00e9servoir \u00e0 triple ar\u00f4me<\/strong>. Id\u00e9al pour les amateurs d'ar\u00f4mes, cet appareil \u00e9l\u00e9gant permet de passer sans effort d'un m\u00e9lange d'e-liquide \u00e0 l'autre, pour que vos sessions de vapotage restent exaltantes et fra\u00eeches \u00e0 chaque changement.<\/p>\n<h3>L'excellence dans le domaine du vapotage<\/h3>\n<p>Con\u00e7ue avec trois <strong>bobines \u00e0 mailles de 0,9\u03a9 haute performance<\/strong>Le VOPK Triple 60000 garantit une vapeur riche et r\u00e9guli\u00e8re \u00e0 chaque bouff\u00e9e. Son immense <strong>Capacit\u00e9 de 54mL d'e-liquide<\/strong> Les coils de pr\u00e9cision garantissent une production maximale de nuages et l'int\u00e9grit\u00e9 des saveurs du d\u00e9but \u00e0 la fin.<\/p>\n<h3>Une technologie conviviale<\/h3>\n<p>Aliment\u00e9 par une batterie de longue dur\u00e9e <strong>Batterie rechargeable de 650mAh<\/strong>Cette vape offre <strong>Chargement rapide de type C<\/strong> pour minimiser les interruptions et prolonger votre plaisir de fumer. Le syst\u00e8me int\u00e9gr\u00e9 de <strong>Affichage LED<\/strong> permet de contr\u00f4ler en temps r\u00e9el l'autonomie de la batterie et les niveaux d'e-liquide, ce qui vous donne un contr\u00f4le total. Disponible en <strong>2% taux de nicotine<\/strong> En option, il s'associe parfaitement \u00e0 10 d\u00e9licieuses combinaisons \u00e0 triple saveur pour une polyvalence in\u00e9gal\u00e9e.<\/p>\n<h3>Combinaisons de saveurs<\/h3>\n<p>Laissez-vous tenter par ces m\u00e9langes exclusifs \u00e0 triple saveur :<br \/>Glace \u00e0 la past\u00e8que, glace au triple melon et glace \u00e0 la fraise<br \/>Mangue acide Ananas &amp; Red Bull Fraise &amp; Cassis Ice<br \/>Fraise Past\u00e8que &amp; Myrtille Framboise &amp; Citron Vert<br \/>Grape Ice &amp; Strawberry Kiwi &amp; Watermelon Red Bull<br \/>Double Apple Ice &amp; Tropical Fruit &amp; Strawberry Watermelon Bubblegum<br \/>Ours en gomme &amp; fraise Coca vanille &amp; barbe \u00e0 papa myrtille<br \/>Kiwi Passion &amp; Fraise Cerise &amp; Amour 66<br \/>P\u00eache baie &amp; Blue Razz Ice &amp; Past\u00e8que p\u00eache mangue<br \/>Banane Ananas &amp; Red Bull Ice &amp; Fraise Mangue<br \/>Fraise, banane et framboise Past\u00e8que et ananas, noix de coco<\/p>\n<h3>Construction robuste et durabilit\u00e9<\/h3>\n<p>Pesant seulement <strong>130g<\/strong> avec des dimensions compactes de <strong>47 x 47 x 116 mm<\/strong>Le VOPK Triple 60000 est \u00e0 la fois portable et puissant. Sa conception respectueuse de l'environnement comprend un emballage durable pour les exp\u00e9ditions en vrac, garantissant la fiabilit\u00e9 \u00e0 chaque utilisation.<\/p>","protected":false},"excerpt":{"rendered":"<p>L'exp\u00e9rience de la <strong>VOPK Triple 60000 Puffs<\/strong> jetable, dot\u00e9e d'un syst\u00e8me de vaporisation r\u00e9volutionnaire <strong>Syst\u00e8me 3 en 1 \u00e0 triple ar\u00f4me<\/strong> et jusqu'\u00e0 <strong>60 000 bouff\u00e9es<\/strong> par appareil. Profitez d'une diffusion de la vapeur en douceur avec <strong>bobines de maille<\/strong>, a <strong>Capacit\u00e9 de 54mL d'e-liquide<\/strong>et un <strong>batterie rechargeable<\/strong> avec chargeur Type-C pour les sessions prolong\u00e9es.<\/p>","protected":false},"featured_media":9793,"comment_status":"open","ping_status":"closed","template":"","meta":[],"product_brand":[787],"product_cat":[890],"product_tag":[795,112,77,115,810,808],"class_list":{"0":"post-9799","1":"product","2":"type-product","3":"status-publish","4":"has-post-thumbnail","6":"product_brand-vopk","7":"product_cat-vopk","8":"product_tag-60000-puffs","9":"product_tag-disposable-vape","10":"product_tag-mesh-coil-vape","11":"product_tag-rechargeable-vape","12":"product_tag-triple-flavor-vape","13":"product_tag-vopk-triple-60000","15":"first","16":"instock","17":"sale","18":"shipping-taxable","19":"purchasable","20":"product-type-variable"},"jetpack_sharing_enabled":true,"tiered_pricing_type":"fixed","tiered_pricing_fixed_rules":[],"tiered_pricing_product_settings":{"layout":"default","base_unit_name":{"singular":null,"plural":null},"default_variation":null},"tiered_pricing_minimum_quantity":null,"tiered_pricing_roles_data":[],"tiered_pricing_percentage_rules":[],"tiered_pricing_maximum_quantity":null,"tiered_pricing_quantity_step":null,"_links":{"self":[{"href":"https:\/\/frvape.com\/fr\/wp-json\/wp\/v2\/product\/9799","targetHints":{"allow":["GET"]}}],"collection":[{"href":"https:\/\/frvape.com\/fr\/wp-json\/wp\/v2\/product"}],"about":[{"href":"https:\/\/frvape.com\/fr\/wp-json\/wp\/v2\/types\/product"}],"replies":[{"embeddable":true,"href":"https:\/\/frvape.com\/fr\/wp-json\/wp\/v2\/comments?post=9799"}],"wp:featuredmedia":[{"embeddable":true,"href":"https:\/\/frvape.com\/fr\/wp-json\/wp\/v2\/media\/9793"}],"wp:attachment":[{"href":"https:\/\/frvape.com\/fr\/wp-json\/wp\/v2\/media?parent=9799"}],"wp:term":[{"taxonomy":"product_brand","embeddable":true,"href":"https:\/\/frvape.com\/fr\/wp-json\/wp\/v2\/product_brand?post=9799"},{"taxonomy":"product_cat","embeddable":true,"href":"https:\/\/frvape.com\/fr\/wp-json\/wp\/v2\/product_cat?post=9799"},{"taxonomy":"product_tag","embeddable":true,"href":"https:\/\/frvape.com\/fr\/wp-json\/wp\/v2\/product_tag?post=9799"}],"curies":[{"name":"wp","href":"https:\/\/api.w.org\/{rel}","templated":true}]}}