{"id":7116,"date":"2025-10-13T06:39:27","date_gmt":"2025-10-13T06:39:27","guid":{"rendered":"https:\/\/frvape.com\/?page_id=7116"},"modified":"2025-10-13T13:25:09","modified_gmt":"2025-10-13T13:25:09","slug":"fizetesi-mod","status":"publish","type":"page","link":"https:\/\/frvape.com\/hu\/fizetesi-mod\/","title":{"rendered":"Fizet\u00e9si m\u00f3d"},"content":{"rendered":"<div data-elementor-type=\"wp-page\" data-elementor-id=\"7116\" class=\"elementor elementor-7116\">\n\t\t\t\t<div class=\"elementor-element elementor-element-4b918af7 e-flex e-con-boxed e-con e-parent\" data-id=\"4b918af7\" data-element_type=\"container\">\n\t\t\t\t\t<div class=\"e-con-inner\">\n\t\t\t\t<div class=\"elementor-element elementor-element-6fa399fd elementor-widget elementor-widget-text-editor\" data-id=\"6fa399fd\" data-element_type=\"widget\" data-widget_type=\"text-editor.default\">\n\t\t\t\t\t\t\t\t\t\t\t\t\t\t\t\t\t<\/div>\n\t\t\t\t\t<\/div>\n\t\t\t\t<\/div>\n\t\t<div class=\"elementor-element elementor-element-c79ae13 e-flex e-con-boxed e-con e-parent\" data-id=\"c79ae13\" data-element_type=\"container\">\n\t\t\t\t\t<div class=\"e-con-inner\">\n\t\t\t\t<div class=\"elementor-element elementor-element-26fd760 elementor-widget elementor-widget-text-editor\" data-id=\"26fd760\" data-element_type=\"widget\" data-widget_type=\"text-editor.default\">\n\t\t\t\t\t\t\t\t\t<header style=\"color: rgb(35, 35, 35); font-family: Lato, sans-serif;\"><h1 style=\"color: rgb(10, 10, 10); width: 1540px;\">Fizet\u00e9si m\u00f3d<\/h1><div style=\"width: 30px;\"><\/div><\/header><div style=\"color: rgb(35, 35, 35); font-family: Lato, sans-serif;\"><div style=\"max-width: 1570px;\"><div style=\"width: 785px;\"><div style=\"width: 755px;\"><p>\u00dcdv\u00f6z\u00f6lj\u00fck az FR-n\u00e9l<span style=\"font-weight: bolder;\">Vape<\/span>&nbsp;- az \u00d6n megb\u00edzhat\u00f3 glob\u00e1lis c\u00e9lpontja a kiv\u00e1l\u00f3 min\u0151s\u00e9g\u0171 eldobhat\u00f3 vape term\u00e9kek\u00e9rt. A vil\u00e1gm\u00e9ret\u0171 sz\u00e1ll\u00edt\u00e1ssal elk\u00f6telezt\u00fck magunkat, hogy a vil\u00e1g minden t\u00e1j\u00e1n kiszolg\u00e1ljuk \u00fcgyfeleinket.<\/p><p><span style=\"font-weight: bolder;\">Az FRVape-n\u00e9l a k\u00e9nyelmet \u00e9s a biztons\u00e1got helyezz\u00fck el\u0151t\u00e9rbe, hogy jav\u00edtsuk az \u00d6n v\u00e1s\u00e1rl\u00e1si \u00fatj\u00e1t. Sz\u00e1mos fizet\u00e9si lehet\u0151s\u00e9get k\u00edn\u00e1lunk az \u00d6n ig\u00e9nyeinek megfelel\u0151en:<\/span><\/p><p>1. **PayPal**: \u00c9lvezze a biztons\u00e1gos \u00e9s egyszer\u0171 fizet\u00e9seket a PayPal seg\u00edts\u00e9g\u00e9vel a platformunkon.&nbsp;<span style=\"font-weight: bolder;\">(20% H\u00c9A)<\/span><\/p><p>2. **Hitelk\u00e1rtya**: Egyszer\u0171 \u00e9s megb\u00edzhat\u00f3 fizet\u00e9si \u00e9lm\u00e9nyt biztos\u00edtva elfogadjuk az \u00f6sszes f\u0151bb hitelk\u00e1rty\u00e1t.&nbsp;<span style=\"font-weight: bolder;\">(20% H\u00c9A)<\/span><\/p><p>3. **Banki \u00e1tutal\u00e1s**: Azok sz\u00e1m\u00e1ra, akik a hagyom\u00e1nyos m\u00f3dszereket r\u00e9szes\u00edtik el\u0151nyben, biztons\u00e1gos lehet\u0151s\u00e9gk\u00e9nt t\u00e1mogatjuk a banki \u00e1tutal\u00e1sokat.&nbsp;<span style=\"font-weight: bolder;\">(NINCS \u00c1FA)<\/span><\/p><p>4. **Kriptop\u00e9nz**: \u00d6lelje \u00e1t a modern p\u00e9nz\u00fcgyeket kriptovaluta fizet\u00e9si lehet\u0151s\u00e9g\u00fcnkkel.&nbsp;<span style=\"font-weight: bolder;\">(NINCS \u00c1FA)<\/span><\/p><p>5. **B\u00f6lcs \u00e1tad\u00e1s**: Profit\u00e1ljon a k\u00f6lts\u00e9ghat\u00e9kony \u00e9s hat\u00e9kony fizet\u00e9sekb\u0151l a Wise Transfer haszn\u00e1lat\u00e1val.&nbsp;<span style=\"font-weight: bolder;\">(NINCS \u00c1FA)<\/span><\/p><p>Ha b\u00e1rmilyen k\u00e9rd\u00e9se van, vagy k\u00fcl\u00f6nleges fizet\u00e9si ig\u00e9nye van, k\u00e9rj\u00fck, forduljon \u00fcgyf\u00e9lszolg\u00e1latunkhoz. Az\u00e9rt vagyunk itt, hogy biztos\u00edtsuk, hogy a FR<span style=\"font-weight: bolder;\">Vape<\/span>&nbsp;z\u00f6kken\u0151mentes, biztons\u00e1gos \u00e9s kiel\u00e9g\u00edt\u0151.<\/p><p><span style=\"font-weight: bolder;\">K\u00f6sz\u00f6nj\u00fck, hogy megb\u00edzik az AiviouVape-ben, mint a min\u0151s\u00e9gi eldobhat\u00f3 vape term\u00e9kek forr\u00e1s\u00e1ban.<\/span><\/p><\/div><\/div><\/div><\/div>\t\t\t\t\t\t\t\t<\/div>\n\t\t\t\t\t<\/div>\n\t\t\t\t<\/div>\n\t\t\t\t<\/div>","protected":false},"excerpt":{"rendered":"<p>Payment Method Welcome to&nbsp;FRVape&nbsp;\u2013 your trusted global destination for top-quality disposable vape products. With worldwide shipping, we\u2019re committed to serving customers around the globe. At FRVape, we prioritize convenience and security to enhance your shopping journey. We offer a variety of payment options to meet your needs: 1. **PayPal**: Enjoy secure and easy payments with [&#8230;]","protected":false},"author":1,"featured_media":0,"parent":0,"menu_order":0,"comment_status":"closed","ping_status":"closed","template":"","meta":{"footnotes":""},"class_list":["post-7116","page","type-page","status-publish","hentry"],"jetpack_sharing_enabled":true,"_links":{"self":[{"href":"https:\/\/frvape.com\/hu\/wp-json\/wp\/v2\/pages\/7116","targetHints":{"allow":["GET"]}}],"collection":[{"href":"https:\/\/frvape.com\/hu\/wp-json\/wp\/v2\/pages"}],"about":[{"href":"https:\/\/frvape.com\/hu\/wp-json\/wp\/v2\/types\/page"}],"author":[{"embeddable":true,"href":"https:\/\/frvape.com\/hu\/wp-json\/wp\/v2\/users\/1"}],"replies":[{"embeddable":true,"href":"https:\/\/frvape.com\/hu\/wp-json\/wp\/v2\/comments?post=7116"}],"version-history":[{"count":5,"href":"https:\/\/frvape.com\/hu\/wp-json\/wp\/v2\/pages\/7116\/revisions"}],"predecessor-version":[{"id":7123,"href":"https:\/\/frvape.com\/hu\/wp-json\/wp\/v2\/pages\/7116\/revisions\/7123"}],"wp:attachment":[{"href":"https:\/\/frvape.com\/hu\/wp-json\/wp\/v2\/media?parent=7116"}],"curies":[{"name":"wp","href":"https:\/\/api.w.org\/{rel}","templated":true}]}}