{"id":7125,"date":"2025-10-13T06:48:19","date_gmt":"2025-10-13T06:48:19","guid":{"rendered":"https:\/\/frvape.com\/?page_id=7125"},"modified":"2025-10-13T13:26:19","modified_gmt":"2025-10-13T13:26:19","slug":"kuponok-ajanlatok","status":"publish","type":"page","link":"https:\/\/frvape.com\/hu\/kuponok-ajanlatok\/","title":{"rendered":"Kuponok &amp; aj\u00e1nlat"},"content":{"rendered":"<div data-elementor-type=\"wp-page\" data-elementor-id=\"7125\" class=\"elementor elementor-7125\">\n\t\t\t\t<div class=\"elementor-element elementor-element-7d519ebb e-flex e-con-boxed e-con e-parent\" data-id=\"7d519ebb\" data-element_type=\"container\">\n\t\t\t\t\t<div class=\"e-con-inner\">\n\t\t\t\t<div class=\"elementor-element elementor-element-4672ad55 elementor-widget elementor-widget-text-editor\" data-id=\"4672ad55\" data-element_type=\"widget\" data-widget_type=\"text-editor.default\">\n\t\t\t\t\t\t\t\t\t\t\t\t\t\t\t\t\t<\/div>\n\t\t\t\t\t<\/div>\n\t\t\t\t<\/div>\n\t\t<div class=\"elementor-element elementor-element-f5a1dac e-flex e-con-boxed e-con e-parent\" data-id=\"f5a1dac\" data-element_type=\"container\">\n\t\t\t\t\t<div class=\"e-con-inner\">\n\t\t\t\t<div class=\"elementor-element elementor-element-8c5601b elementor-widget elementor-widget-text-editor\" data-id=\"8c5601b\" data-element_type=\"widget\" data-widget_type=\"text-editor.default\">\n\t\t\t\t\t\t\t\t\t<h3 data-start=\"108\" data-end=\"153\"><strong data-start=\"112\" data-end=\"153\">Exkluz\u00edv kuponok \u00e9s aj\u00e1nlatok az FR Vape-n\u00e9l<\/strong><\/h3><p data-start=\"155\" data-end=\"305\"><strong data-start=\"155\" data-end=\"305\">\u00dcdv\u00f6z\u00f6lj\u00fck az FR Vape - a pr\u00e9mium min\u0151s\u00e9g\u0171 vaping term\u00e9kek egyablakos boltj\u00e1ban. \u00c9lvezze a csod\u00e1latos megtakar\u00edt\u00e1sokat a k\u00f6vetkez\u0151 rendel\u00e9s\u00e9n k\u00fcl\u00f6nleges kuponjainkkal \u00e9s aj\u00e1nlatainkkal!<\/strong><\/p><hr data-start=\"307\" data-end=\"310\"><h4 data-start=\"312\" data-end=\"336\"><strong data-start=\"317\" data-end=\"336\">Jelenlegi aj\u00e1nlatok:<\/strong><\/h4><hr data-start=\"338\" data-end=\"341\"><p data-start=\"343\" data-end=\"390\"><strong data-start=\"343\" data-end=\"390\">1. \u00dcdv\u00f6zl\u0151 aj\u00e1nlat - 10% az els\u0151 megrendel\u00e9s\u00e9b\u0151l<\/strong><\/p><p data-start=\"392\" data-end=\"499\">\u00daj FR Vape? \u00c9lvezze a <strong data-start=\"414\" data-end=\"425\">10% KI<\/strong> az els\u0151 v\u00e1s\u00e1rl\u00e1skor!<br data-start=\"449\" data-end=\"452\">\nEgyszer\u0171en haszn\u00e1lja a k\u00f3dot: <strong data-start=\"473\" data-end=\"486\">WELCOME10<\/strong> a p\u00e9nzt\u00e1rn\u00e1l.<\/p><hr data-start=\"501\" data-end=\"504\"><p data-start=\"506\" data-end=\"553\"><strong data-start=\"506\" data-end=\"553\">2. V\u00e1s\u00e1roljon 2, kapjon 1 ingyen a kiv\u00e1lasztott E-folyad\u00e9kokra!<\/strong><\/p><p data-start=\"555\" data-end=\"720\">T\u00f6ltsd fel kedvenc e-folyad\u00e9kodat \u00e9s sp\u00f3rolj!<br data-start=\"600\" data-end=\"603\">\nV\u00e1s\u00e1roljon k\u00e9t \u00fcveg kiv\u00e1lasztott e-folyad\u00e9kot, \u00e9s kap egyet teljesen INGYEN!<br data-start=\"669\" data-end=\"672\">\nNincs sz\u00fcks\u00e9g k\u00f3dra, az aj\u00e1nlat automatikusan \u00e9rv\u00e9nyes.<\/p><hr data-start=\"722\" data-end=\"725\"><p data-start=\"727\" data-end=\"766\"><strong data-start=\"727\" data-end=\"766\">3. Ingyenes sz\u00e1ll\u00edt\u00e1s $50 feletti megrendel\u00e9sek eset\u00e9n<\/strong><\/p><p data-start=\"768\" data-end=\"917\">INGYENES sz\u00e1ll\u00edt\u00e1s minden megrendel\u00e9sre t\u00f6bb mint <strong data-start=\"805\" data-end=\"812\">$50<\/strong>!<br data-start=\"813\" data-end=\"816\">\nNincs sz\u00fcks\u00e9g prom\u00f3ci\u00f3s k\u00f3dra, csak t\u00f6ltse ki a kosar\u00e1t, \u00e9s a kedvezm\u00e9ny automatikusan alkalmaz\u00e1sra ker\u00fcl a p\u00e9nzt\u00e1rn\u00e1l.<\/p><hr data-start=\"919\" data-end=\"922\"><p data-start=\"924\" data-end=\"963\"><strong data-start=\"924\" data-end=\"963\">4. Vill\u00e1m\u00e9rt\u00e9kes\u00edt\u00e9s - 25% Minden k\u00e9sz\u00fcl\u00e9kr\u0151l<\/strong><\/p><p data-start=\"965\" data-end=\"1114\">Korl\u00e1tozott ideig mentsd meg <strong data-start=\"990\" data-end=\"1001\">25% KI<\/strong> minden vape eszk\u00f6zre, bele\u00e9rtve a k\u00e9szleteket, modokat \u00e9s eldobhat\u00f3 eszk\u00f6z\u00f6ket is.<br data-start=\"1061\" data-end=\"1064\">\nSiess, ez az aj\u00e1nlat hamarosan v\u00e9get \u00e9r! Haszn\u00e1lja a k\u00f3dot: <strong data-start=\"1102\" data-end=\"1113\">FLASH25<\/strong>.<\/p><hr data-start=\"1116\" data-end=\"1119\"><h4 data-start=\"1121\" data-end=\"1150\"><strong data-start=\"1126\" data-end=\"1150\">Exkluz\u00edv VIP aj\u00e1nlat:<\/strong><\/h4><p data-start=\"1152\" data-end=\"1186\"><strong data-start=\"1152\" data-end=\"1186\">5. 15% OFF az FR Vape tagok sz\u00e1m\u00e1ra<\/strong><\/p><p data-start=\"1188\" data-end=\"1340\">Iratkozzon fel VIP tags\u00e1gunkra \u00e9s kap <strong data-start=\"1227\" data-end=\"1238\">15% KI<\/strong> minden megrendel\u00e9s\u00e9t!<br data-start=\"1260\" data-end=\"1263\">\nKapjon exkluz\u00edv aj\u00e1nlatokat, korai hozz\u00e1f\u00e9r\u00e9st az \u00faj term\u00e9kekhez \u00e9s k\u00fcl\u00f6nleges prom\u00f3ci\u00f3khoz.<\/p><p>\n\n\n\n\n\n\n\n\n\n\n\n\n\n\n\n\n\n\n\n<\/p><p data-start=\"1342\" data-end=\"1369\">[Csatlakozzon a VIP programhoz most!]\t\t\t\t\t\t\t\t<\/div>\n\t\t\t\t\t<\/div>\n\t\t\t\t<\/div>\n\t\t\t\t<\/div>","protected":false},"excerpt":{"rendered":"<p>Exkluz\u00edv kuponok \u00e9s aj\u00e1nlatok az FR Vape-n\u00e9l \u00dcdv\u00f6z\u00f6lj\u00fck az FR Vape-n\u00e9l - a pr\u00e9mium vaping term\u00e9kek egyablakos boltj\u00e1ban. \u00c9lvezze a csod\u00e1latos megtakar\u00edt\u00e1sokat a k\u00f6vetkez\u0151 rendel\u00e9s\u00e9n a k\u00fcl\u00f6nleges kuponjainkkal \u00e9s aj\u00e1nlatainkkal!  1. \u00dcdv\u00f6zl\u0151 aj\u00e1nlat - 10% az els\u0151 rendel\u00e9s\u00e9b\u0151l \u00daj az FR Vape-n\u00e9l? \u00c9lvezze a 10% OFF-ot az els\u0151 v\u00e1s\u00e1rl\u00e1sakor! Egyszer\u0171en [...]","protected":false},"author":1,"featured_media":0,"parent":0,"menu_order":0,"comment_status":"closed","ping_status":"closed","template":"","meta":{"footnotes":""},"class_list":["post-7125","page","type-page","status-publish","hentry"],"jetpack_sharing_enabled":true,"_links":{"self":[{"href":"https:\/\/frvape.com\/hu\/wp-json\/wp\/v2\/pages\/7125","targetHints":{"allow":["GET"]}}],"collection":[{"href":"https:\/\/frvape.com\/hu\/wp-json\/wp\/v2\/pages"}],"about":[{"href":"https:\/\/frvape.com\/hu\/wp-json\/wp\/v2\/types\/page"}],"author":[{"embeddable":true,"href":"https:\/\/frvape.com\/hu\/wp-json\/wp\/v2\/users\/1"}],"replies":[{"embeddable":true,"href":"https:\/\/frvape.com\/hu\/wp-json\/wp\/v2\/comments?post=7125"}],"version-history":[{"count":5,"href":"https:\/\/frvape.com\/hu\/wp-json\/wp\/v2\/pages\/7125\/revisions"}],"predecessor-version":[{"id":7130,"href":"https:\/\/frvape.com\/hu\/wp-json\/wp\/v2\/pages\/7125\/revisions\/7130"}],"wp:attachment":[{"href":"https:\/\/frvape.com\/hu\/wp-json\/wp\/v2\/media?parent=7125"}],"curies":[{"name":"wp","href":"https:\/\/api.w.org\/{rel}","templated":true}]}}