{"id":7145,"date":"2025-10-13T07:00:26","date_gmt":"2025-10-13T07:00:26","guid":{"rendered":"https:\/\/frvape.com\/?page_id=7145"},"modified":"2025-10-13T13:27:22","modified_gmt":"2025-10-13T13:27:22","slug":"hogyan-rendelhet","status":"publish","type":"page","link":"https:\/\/frvape.com\/hu\/hogyan-rendelhet\/","title":{"rendered":"How to Order"},"content":{"rendered":"<div data-elementor-type=\"wp-page\" data-elementor-id=\"7145\" class=\"elementor elementor-7145\">\n\t\t\t\t<div class=\"elementor-element elementor-element-1c37caa9 e-flex e-con-boxed e-con e-parent\" data-id=\"1c37caa9\" data-element_type=\"container\">\n\t\t\t\t\t<div class=\"e-con-inner\">\n\t\t\t\t<div class=\"elementor-element elementor-element-e8302cf elementor-widget elementor-widget-text-editor\" data-id=\"e8302cf\" data-element_type=\"widget\" data-widget_type=\"text-editor.default\">\n\t\t\t\t\t\t\t\t\t\t\t\t\t\t\t\t\t<\/div>\n\t\t\t\t\t<\/div>\n\t\t\t\t<\/div>\n\t\t<div class=\"elementor-element elementor-element-f511d1b e-flex e-con-boxed e-con e-parent\" data-id=\"f511d1b\" data-element_type=\"container\">\n\t\t\t\t\t<div class=\"e-con-inner\">\n\t\t\t\t<div class=\"elementor-element elementor-element-0d0df41 elementor-widget elementor-widget-text-editor\" data-id=\"0d0df41\" data-element_type=\"widget\" data-widget_type=\"text-editor.default\">\n\t\t\t\t\t\t\t\t\t<h3 data-start=\"107\" data-end=\"138\"><strong data-start=\"111\" data-end=\"138\">Hogyan rendelhet az FR Vape-n\u00e9l<\/strong><\/h3>\n<p data-start=\"140\" data-end=\"269\">Kedvenc vaping term\u00e9keinek v\u00e1s\u00e1rl\u00e1sa az FR Vape-n\u00e9l egyszer\u0171 \u00e9s biztons\u00e1gos. K\u00f6vesse az al\u00e1bbi l\u00e9p\u00e9seket, hogy k\u00f6nnyed\u00e9n leadhassa megrendel\u00e9s\u00e9t.<\/p>\n<hr data-start=\"271\" data-end=\"274\" \/>\n<h4 data-start=\"276\" data-end=\"312\"><strong data-start=\"281\" data-end=\"312\">1. l\u00e9p\u00e9s: B\u00f6ng\u00e9sszen term\u00e9keink k\u00f6z\u00f6tt<\/strong><\/h4>\n<p data-start=\"314\" data-end=\"498\">Kezdje a p\u00e1rologtat\u00f3 k\u00e9sz\u00fcl\u00e9kek, e-folyad\u00e9kok, kieg\u00e9sz\u00edt\u0151k \u00e9s egy\u00e9b kieg\u00e9sz\u00edt\u0151k sz\u00e9les v\u00e1laszt\u00e9k\u00e1nak felfedez\u00e9s\u00e9vel. B\u00f6ng\u00e9szhet kateg\u00f3ri\u00e1nk\u00e9nt, vagy haszn\u00e1lhatja a keres\u0151s\u00e1vot, hogy gyorsan megtal\u00e1lja, amit keres.<\/p>\n<hr data-start=\"500\" data-end=\"503\" \/>\n<h4 data-start=\"505\" data-end=\"544\"><strong data-start=\"510\" data-end=\"544\">2. l\u00e9p\u00e9s: T\u00e9telek hozz\u00e1ad\u00e1sa a kos\u00e1rhoz<\/strong><\/h4>\n<p data-start=\"546\" data-end=\"857\">Ha tal\u00e1lt egy \u00d6nnek tetsz\u0151 term\u00e9ket, egyszer\u0171en kattintson a term\u00e9kre a tov\u00e1bbi r\u00e9szletek megtekint\u00e9s\u00e9hez. V\u00e1lassza ki a k\u00edv\u00e1nt be\u00e1ll\u00edt\u00e1sokat (p\u00e9ld\u00e1ul \u00edz, nikotiner\u0151ss\u00e9g vagy sz\u00edn), majd kattintson a <strong data-start=\"720\" data-end=\"735\">Hozz\u00e1ad\u00e1s a kos\u00e1rhoz<\/strong>. Az oldal jobb fels\u0151 sark\u00e1ban tal\u00e1lhat\u00f3 kos\u00e1r ikonra kattintva b\u00e1rmikor folytathatja a v\u00e1s\u00e1rl\u00e1st vagy megtekintheti kosar\u00e1t.<\/p>\n<hr data-start=\"859\" data-end=\"862\" \/>\n<h4 data-start=\"864\" data-end=\"897\"><strong data-start=\"869\" data-end=\"897\">3. l\u00e9p\u00e9s: Kosar\u00e1nak \u00e1ttekint\u00e9se<\/strong><\/h4>\n<p data-start=\"899\" data-end=\"1136\">Ha k\u00e9szen \u00e1ll a kijelentkez\u00e9sre, kattintson a <strong data-start=\"941\" data-end=\"949\">Kos\u00e1r<\/strong> ikonra, \u00e9s tekintse \u00e1t az elemeket. Itt m\u00f3dos\u00edthatja a mennyis\u00e9geket, vagy sz\u00fcks\u00e9g eset\u00e9n elt\u00e1vol\u00edthatja a t\u00e9teleket. Ha van kedvezm\u00e9nyk\u00f3dja vagy kuponja, \u00edrja be a <strong data-start=\"1095\" data-end=\"1109\">Promo k\u00f3d<\/strong> mez\u0151be, hogy alkalmazza a megtakar\u00edt\u00e1st.<\/p>\n<hr data-start=\"1138\" data-end=\"1141\" \/>\n<h4 data-start=\"1143\" data-end=\"1179\"><strong data-start=\"1148\" data-end=\"1179\">4. l\u00e9p\u00e9s: Tov\u00e1bb a p\u00e9nzt\u00e1rhoz<\/strong><\/h4>\n<p data-start=\"1181\" data-end=\"1299\">Kattintson a <strong data-start=\"1191\" data-end=\"1214\">Tov\u00e1bb a p\u00e9nzt\u00e1rhoz<\/strong> gomb. Egy biztons\u00e1gos oldalra ker\u00fcl, ahol megadhatja a sz\u00e1ll\u00edt\u00e1si \u00e9s fizet\u00e9si adatait.<\/p>\n<hr data-start=\"1301\" data-end=\"1304\" \/>\n<h4 data-start=\"1306\" data-end=\"1351\"><strong data-start=\"1311\" data-end=\"1351\">5. l\u00e9p\u00e9s: Sz\u00e1ll\u00edt\u00e1si inform\u00e1ci\u00f3k megad\u00e1sa<\/strong><\/h4>\n<p data-start=\"1353\" data-end=\"1534\">Adja meg az \u00d6n <strong data-start=\"1364\" data-end=\"1384\">sz\u00e1ll\u00edt\u00e1si c\u00edm<\/strong> adatait, bele\u00e9rtve az \u00d6n nev\u00e9t, e-mail c\u00edm\u00e9t, telefonsz\u00e1m\u00e1t \u00e9s sz\u00e1ll\u00edt\u00e1si c\u00edm\u00e9t. Ellen\u0151rizze k\u00e9tszer is, hogy minden rendben van-e, hogy a sz\u00e1ll\u00edt\u00e1si folyamat z\u00f6kken\u0151mentes legyen.<\/p>\n<hr data-start=\"1536\" data-end=\"1539\" \/>\n<h4 data-start=\"1541\" data-end=\"1584\"><strong data-start=\"1546\" data-end=\"1584\">6. l\u00e9p\u00e9s: V\u00e1lassza ki a fizet\u00e9si m\u00f3dot<\/strong><\/h4>\n<p data-start=\"1586\" data-end=\"1812\">V\u00e1lassza ki az \u00d6n \u00e1ltal prefer\u00e1lt fizet\u00e9si m\u00f3dot a rendelkez\u00e9sre \u00e1ll\u00f3 lehet\u0151s\u00e9gek k\u00f6z\u00fcl (hitelk\u00e1rtya\/bet\u00e9ti k\u00e1rtya, PayPal stb.). Adja meg a fizet\u00e9si adatait biztons\u00e1gosan. Ha b\u00e1rmilyen probl\u00e9m\u00e1ja van a fizet\u00e9ssel kapcsolatban, forduljon b\u00e1tran \u00fcgyf\u00e9lszolg\u00e1latunkhoz seg\u00edts\u00e9g\u00e9rt.<\/p>\n<hr data-start=\"1814\" data-end=\"1817\" \/>\n<h4 data-start=\"1819\" data-end=\"1865\"><strong data-start=\"1824\" data-end=\"1865\">7. l\u00e9p\u00e9s: Ellen\u0151rizze \u00e9s er\u0151s\u00edtse meg a megrendel\u00e9s\u00e9t<\/strong><\/h4>\n<p data-start=\"1867\" data-end=\"2032\">Miel\u0151tt v\u00e9gleges\u00edten\u00e9 a v\u00e1s\u00e1rl\u00e1st, m\u00e9g egyszer utolj\u00e1ra n\u00e9zze \u00e1t a megrendel\u00e9s minden r\u00e9szlet\u00e9t. Ha minden rendben van, kattintson a <strong data-start=\"1981\" data-end=\"1998\">Megrendel\u00e9s meger\u0151s\u00edt\u00e9se<\/strong> gombra a v\u00e1s\u00e1rl\u00e1s befejez\u00e9s\u00e9hez.<\/p>\n<hr data-start=\"2034\" data-end=\"2037\" \/>\n<h4 data-start=\"2039\" data-end=\"2087\"><strong data-start=\"2044\" data-end=\"2087\">8. l\u00e9p\u00e9s: Megkapja a rendel\u00e9s visszaigazol\u00e1s\u00e1t<\/strong><\/h4>\n<p data-start=\"2089\" data-end=\"2279\">Miut\u00e1n a megrendel\u00e9s\u00e9t sikeresen leadta, kapni fog egy <strong data-start=\"2149\" data-end=\"2171\">Megrendel\u00e9s meger\u0151s\u00edt\u00e9se<\/strong> e-mailben a rendel\u00e9s r\u00e9szleteivel. A rendel\u00e9s felad\u00e1sakor egy sz\u00e1ll\u00edt\u00e1si visszaigazol\u00e1st is kapni fog.<\/p>\n<hr data-start=\"2281\" data-end=\"2284\" \/>\n<h4 data-start=\"2286\" data-end=\"2319\"><strong data-start=\"2291\" data-end=\"2319\">9. l\u00e9p\u00e9s: A megrendel\u00e9s nyomon k\u00f6vet\u00e9se<\/strong><\/h4>\n<p data-start=\"2321\" data-end=\"2491\">A rendel\u00e9s st\u00e1tusz\u00e1t b\u00e1rmikor nyomon k\u00f6vetheti, ha megl\u00e1togatja a <strong data-start=\"2377\" data-end=\"2397\">Rendel\u00e9s\u00e9nek nyomon k\u00f6vet\u00e9se<\/strong> oldal. Csak adja meg a <strong data-start=\"2420\" data-end=\"2432\">Megrendel\u00e9s azonos\u00edt\u00f3ja<\/strong> \u00e9s <strong data-start=\"2437\" data-end=\"2454\">E-mail c\u00edm<\/strong> a legfrissebb sz\u00e1ll\u00edt\u00e1si friss\u00edt\u00e9sek megtekint\u00e9s\u00e9hez.<\/p>\t\t\t\t\t\t\t\t<\/div>\n\t\t\t\t\t<\/div>\n\t\t\t\t<\/div>\n\t\t\t\t<\/div>","protected":false},"excerpt":{"rendered":"<p>How to Order at FR Vape Shopping for your favorite vaping products at FR Vape is simple and secure. Follow the steps below to place your order with ease. Step 1: Browse Our Products Start by exploring our wide range of vaping devices, e-liquids, accessories, and more. You can browse by category or use the [&#8230;]","protected":false},"author":1,"featured_media":0,"parent":0,"menu_order":0,"comment_status":"closed","ping_status":"closed","template":"","meta":{"footnotes":""},"class_list":["post-7145","page","type-page","status-publish","hentry"],"jetpack_sharing_enabled":true,"_links":{"self":[{"href":"https:\/\/frvape.com\/hu\/wp-json\/wp\/v2\/pages\/7145","targetHints":{"allow":["GET"]}}],"collection":[{"href":"https:\/\/frvape.com\/hu\/wp-json\/wp\/v2\/pages"}],"about":[{"href":"https:\/\/frvape.com\/hu\/wp-json\/wp\/v2\/types\/page"}],"author":[{"embeddable":true,"href":"https:\/\/frvape.com\/hu\/wp-json\/wp\/v2\/users\/1"}],"replies":[{"embeddable":true,"href":"https:\/\/frvape.com\/hu\/wp-json\/wp\/v2\/comments?post=7145"}],"version-history":[{"count":7,"href":"https:\/\/frvape.com\/hu\/wp-json\/wp\/v2\/pages\/7145\/revisions"}],"predecessor-version":[{"id":7159,"href":"https:\/\/frvape.com\/hu\/wp-json\/wp\/v2\/pages\/7145\/revisions\/7159"}],"wp:attachment":[{"href":"https:\/\/frvape.com\/hu\/wp-json\/wp\/v2\/media?parent=7145"}],"curies":[{"name":"wp","href":"https:\/\/api.w.org\/{rel}","templated":true}]}}