{"id":7220,"date":"2025-10-13T07:34:00","date_gmt":"2025-10-13T07:34:00","guid":{"rendered":"https:\/\/frvape.com\/?page_id=7220"},"modified":"2025-10-13T07:43:13","modified_gmt":"2025-10-13T07:43:13","slug":"vasarolni-vapes-a-sepa-qr-koddal","status":"publish","type":"page","link":"https:\/\/frvape.com\/hu\/vasarolni-vapes-a-sepa-qr-koddal\/","title":{"rendered":"V\u00e1s\u00e1roljon vapes SEPA QR k\u00f3ddal"},"content":{"rendered":"<div data-elementor-type=\"wp-page\" data-elementor-id=\"7220\" class=\"elementor elementor-7220\">\n\t\t\t\t<div class=\"elementor-element elementor-element-5db7690e e-flex e-con-boxed e-con e-parent\" data-id=\"5db7690e\" data-element_type=\"container\">\n\t\t\t\t\t<div class=\"e-con-inner\">\n\t\t\t\t<div class=\"elementor-element elementor-element-4b5d9876 elementor-widget elementor-widget-text-editor\" data-id=\"4b5d9876\" data-element_type=\"widget\" data-widget_type=\"text-editor.default\">\n\t\t\t\t\t\t\t\t\t\t\t\t\t\t\t\t\t<\/div>\n\t\t\t\t\t<\/div>\n\t\t\t\t<\/div>\n\t\t<div class=\"elementor-element elementor-element-1551a70 e-flex e-con-boxed e-con e-parent\" data-id=\"1551a70\" data-element_type=\"container\">\n\t\t\t\t\t<div class=\"e-con-inner\">\n\t\t\t\t<div class=\"elementor-element elementor-element-d80f4e5 elementor-widget elementor-widget-text-editor\" data-id=\"d80f4e5\" data-element_type=\"widget\" data-widget_type=\"text-editor.default\">\n\t\t\t\t\t\t\t\t\t<h3 data-start=\"296\" data-end=\"342\"><strong data-start=\"300\" data-end=\"342\">V\u00e1s\u00e1roljon Vapes a SEPA QR k\u00f3ddal az FR Vape-n\u00e9l<\/strong><\/h3>\n<p data-start=\"344\" data-end=\"619\">A  c\u00edmen. <strong data-start=\"347\" data-end=\"358\">FR Vape<\/strong>, mostant\u00f3l lehet\u0151s\u00e9get k\u00edn\u00e1lunk arra, hogy kedvenc p\u00e1rologtat\u00f3 term\u00e9keiket a k\u00e9nyelmes \u00e9s biztons\u00e1gos <strong data-start=\"459\" data-end=\"490\">SEPA QR-k\u00f3dos fizet\u00e9si m\u00f3d<\/strong>. Ez a lehet\u0151s\u00e9g az \u00fcgyfelek sz\u00e1m\u00e1ra a <strong data-start=\"541\" data-end=\"559\">Eur\u00f3pai Uni\u00f3<\/strong> a gyors \u00e9s egyszer\u0171 fizet\u00e9sekhez k\u00f6zvetlen\u00fcl a banksz\u00e1ml\u00e1j\u00e1r\u00f3l.<\/p>\n<hr data-start=\"621\" data-end=\"624\" \/>\n<h4 data-start=\"626\" data-end=\"670\"><strong data-start=\"631\" data-end=\"670\">Hogyan v\u00e1s\u00e1rolhat Vapes SEPA QR-k\u00f3ddal:<\/strong><\/h4>\n<ol data-start=\"672\" data-end=\"1699\">\n<li data-start=\"672\" data-end=\"827\">\n<p data-start=\"675\" data-end=\"827\"><strong data-start=\"675\" data-end=\"696\">B\u00f6ng\u00e9sszen a boltunkban:<\/strong><br data-start=\"696\" data-end=\"699\" \/>B\u00f6ng\u00e9sszen a vapok, e-folyad\u00e9kok, kieg\u00e9sz\u00edt\u0151k \u00e9s egy\u00e9b term\u00e9kek sz\u00e9les v\u00e1laszt\u00e9k\u00e1ban. Ha kiv\u00e1lasztotta a k\u00edv\u00e1nt term\u00e9keket, kattintson <strong data-start=\"811\" data-end=\"826\">Hozz\u00e1ad\u00e1s a kos\u00e1rhoz<\/strong>.<\/p>\n<\/li>\n<li data-start=\"829\" data-end=\"992\">\n<p data-start=\"832\" data-end=\"992\"><strong data-start=\"832\" data-end=\"851\">Menjen a p\u00e9nzt\u00e1rhoz:<\/strong><br data-start=\"851\" data-end=\"854\" \/>Miut\u00e1n hozz\u00e1adta a term\u00e9keket a kos\u00e1rhoz, kattintson a <strong data-start=\"904\" data-end=\"912\">Kos\u00e1r<\/strong> ikon \u00e9s a term\u00e9kek fel\u00fclvizsg\u00e1lata. Ha minden rendben van, l\u00e9pjen a p\u00e9nzt\u00e1rhoz.<\/p>\n<\/li>\n<li data-start=\"994\" data-end=\"1165\">\n<p data-start=\"997\" data-end=\"1165\"><strong data-start=\"997\" data-end=\"1036\">V\u00e1lassza a SEPA QR-k\u00f3dos fizet\u00e9si m\u00f3dot:<\/strong><br data-start=\"1036\" data-end=\"1039\" \/>A p\u00e9nzt\u00e1r oldalon v\u00e1lassza a <strong data-start=\"1071\" data-end=\"1087\">SEPA QR-k\u00f3d<\/strong> fizet\u00e9si m\u00f3dk\u00e9nt. Ez egy egyedi QR-k\u00f3dot fog gener\u00e1lni a fizet\u00e9shez.<\/p>\n<\/li>\n<li data-start=\"1167\" data-end=\"1356\">\n<p data-start=\"1170\" data-end=\"1356\"><strong data-start=\"1170\" data-end=\"1210\">Szkennelje be a QR-k\u00f3dot a banki alkalmaz\u00e1ssal:<\/strong><br data-start=\"1210\" data-end=\"1213\" \/>Nyissa meg a SEPA-fizet\u00e9seket t\u00e1mogat\u00f3 mobil banki alkalmaz\u00e1st. Haszn\u00e1lja az alkalmaz\u00e1s <strong data-start=\"1288\" data-end=\"1307\">QR-k\u00f3d olvas\u00f3<\/strong> a p\u00e9nzt\u00e1r oldalon megjelen\u0151 k\u00f3d beolvas\u00e1s\u00e1hoz.<\/p>\n<\/li>\n<li data-start=\"1358\" data-end=\"1531\">\n<p data-start=\"1361\" data-end=\"1531\"><strong data-start=\"1361\" data-end=\"1385\">J\u00f3v\u00e1hagyja a kifizet\u00e9st:<\/strong><br data-start=\"1385\" data-end=\"1388\" \/>A QR-k\u00f3d beolvas\u00e1sa ut\u00e1n a banki alkalmaz\u00e1s megjelen\u00edti a fizet\u00e9si r\u00e9szleteket. Er\u0151s\u00edtse meg az \u00f6sszeget, \u00e9s hagyja j\u00f3v\u00e1 az \u00e1tutal\u00e1st a banksz\u00e1ml\u00e1j\u00e1r\u00f3l.<\/p>\n<\/li>\n<li data-start=\"1533\" data-end=\"1699\">\n<p data-start=\"1536\" data-end=\"1699\"><strong data-start=\"1536\" data-end=\"1559\">Megrendel\u00e9s visszaigazol\u00e1sa:<\/strong><br data-start=\"1559\" data-end=\"1562\" \/>Amint a fizet\u00e9s meger\u0151s\u00edt\u00e9sre ker\u00fcl, kap egy \u00e9rtes\u00edt\u00e9st a <strong data-start=\"1616\" data-end=\"1638\">Megrendel\u00e9s meger\u0151s\u00edt\u00e9se<\/strong> e-mailben, \u00e9s mi megkezdj\u00fck a megrendel\u00e9s feldolgoz\u00e1s\u00e1t \u00e9s sz\u00e1ll\u00edt\u00e1s\u00e1t.<\/p>\n<\/li>\n<\/ol>\n<hr data-start=\"1701\" data-end=\"1704\" \/>\n<h4 data-start=\"1706\" data-end=\"1747\"><strong data-start=\"1711\" data-end=\"1747\">Mi\u00e9rt haszn\u00e1lja a SEPA QR-k\u00f3dot az FR Vape-n\u00e9l?<\/strong><\/h4>\n<ul data-start=\"1749\" data-end=\"2311\">\n<li data-start=\"1749\" data-end=\"1880\">\n<p data-start=\"1751\" data-end=\"1880\"><strong data-start=\"1751\" data-end=\"1777\">Biztons\u00e1gos \u00e9s k\u00e9nyelmes:<\/strong> A SEPA-\u00e1tutal\u00e1sok bankok k\u00f6z\u00f6tti fizet\u00e9sek, \u00edgy biztons\u00e1gosak \u00e9s f\u00fcggetlenek a harmadik f\u00e9l k\u00f6zvet\u00edt\u0151kt\u0151l.<\/p>\n<\/li>\n<li data-start=\"1881\" data-end=\"2010\">\n<p data-start=\"1883\" data-end=\"2010\"><strong data-start=\"1883\" data-end=\"1906\">Azonnali feldolgoz\u00e1s:<\/strong> A SEPA QR-k\u00f3dokon kereszt\u00fcl t\u00f6rt\u00e9n\u0151 fizet\u00e9sek gyorsan feldolgozhat\u00f3k, \u00edgy \u00d6n gyorsabban juthat hozz\u00e1 a p\u00e1rologtat\u00f3 term\u00e9keihez.<\/p>\n<\/li>\n<li data-start=\"2011\" data-end=\"2187\">\n<p data-start=\"2013\" data-end=\"2187\"><strong data-start=\"2013\" data-end=\"2036\">EU-szint\u0171 elfogad\u00e1s:<\/strong> Ez a fizet\u00e9si m\u00f3d minden \u00fcgyf\u00e9l sz\u00e1m\u00e1ra el\u00e9rhet\u0151 a <strong data-start=\"2094\" data-end=\"2112\">Eur\u00f3pai Uni\u00f3<\/strong> akik SEPA-kompatibilis banksz\u00e1ml\u00e1hoz \u00e9s mobil banki alkalmaz\u00e1shoz f\u00e9rnek hozz\u00e1.<\/p>\n<\/li>\n<li data-start=\"2188\" data-end=\"2311\">\n<p data-start=\"2190\" data-end=\"2311\"><strong data-start=\"2190\" data-end=\"2213\">Nincs tov\u00e1bbi d\u00edj:<\/strong> A SEPA-fizet\u00e9sek haszn\u00e1lata eset\u00e9n nem kell agg\u00f3dnia a hitelk\u00e1rtyad\u00edjak vagy egy\u00e9b rejtett k\u00f6lts\u00e9gek miatt.<\/p>\n<\/li>\n<\/ul>\n<hr data-start=\"2313\" data-end=\"2316\" \/>\n<h4 data-start=\"2318\" data-end=\"2343\"><strong data-start=\"2323\" data-end=\"2343\">Fontos megjegyz\u00e9sek:<\/strong><\/h4>\n<ul data-start=\"2345\" data-end=\"2942\">\n<li data-start=\"2345\" data-end=\"2556\">\n<p data-start=\"2347\" data-end=\"2556\"><strong data-start=\"2347\" data-end=\"2369\">SEPA el\u00e9rhet\u0151s\u00e9g:<\/strong> A SEPA QR-fizet\u00e9sek csak a k\u00f6vetkez\u0151 orsz\u00e1gokban \u00e9l\u0151 \u00fcgyfelek sz\u00e1m\u00e1ra \u00e9rhet\u0151ek el <strong data-start=\"2423\" data-end=\"2439\">EU-tag\u00e1llamok<\/strong> amelyek t\u00e1mogatj\u00e1k a SEPA-fizet\u00e9seket. Ezek k\u00f6z\u00e9 olyan orsz\u00e1gok tartoznak, mint N\u00e9metorsz\u00e1g, Franciaorsz\u00e1g, Spanyolorsz\u00e1g, Olaszorsz\u00e1g \u00e9s az eur\u00f3z\u00f3na t\u00f6bbi tagja.<\/p>\n<\/li>\n<li data-start=\"2557\" data-end=\"2753\">\n<p data-start=\"2559\" data-end=\"2753\"><strong data-start=\"2559\" data-end=\"2587\">Fizet\u00e9si feldolgoz\u00e1si id\u0151:<\/strong> A SEPA-fizet\u00e9sek bankj\u00e1t\u00f3l f\u00fcgg\u0151en val\u00f3s id\u0151ben vagy n\u00e9h\u00e1ny \u00f3r\u00e1n bel\u00fcl feldolgozhat\u00f3k. \u00dcgyeljen arra, hogy a fizet\u00e9st azonnal teljes\u00edtse, hogy elker\u00fclje a rendel\u00e9s k\u00e9sedelm\u00e9t.<\/p>\n<\/li>\n<li data-start=\"2754\" data-end=\"2942\">\n<p data-start=\"2756\" data-end=\"2942\"><strong data-start=\"2756\" data-end=\"2777\">QR-k\u00f3d \u00e9rv\u00e9nyess\u00e9ge:<\/strong> A SEPA QR-k\u00f3d korl\u00e1tozott ideig \u00e9rv\u00e9nyes. K\u00e9rj\u00fck, gondoskodjon arr\u00f3l, hogy a megadott id\u0151n bel\u00fcl beolvassa \u00e9s j\u00f3v\u00e1hagyja a fizet\u00e9st, k\u00fcl\u00f6nben a fizet\u00e9st \u00fajra kell kezdem\u00e9nyezni.<\/p>\n<\/li>\n<\/ul>\n<h4>Kapcsolatfelv\u00e9tel:<\/h4>\n<p>Ha b\u00e1rmilyen k\u00e9rd\u00e9se vagy agg\u00e1lya van a jelen Adatv\u00e9delmi ir\u00e1nyelvekkel kapcsolatban, k\u00e9rj\u00fck, l\u00e9pjen kapcsolatba vel\u00fcnk:<\/p>\n<p>Telefon: +86 133 6063 1532<\/p>\n<p>C\u00edm: 312-es szoba, 23. sz\u00e1m, Wusha Xinle Road, Chang'an v\u00e1ros, Dongguan<\/p>\t\t\t\t\t\t\t\t<\/div>\n\t\t\t\t\t<\/div>\n\t\t\t\t<\/div>\n\t\t\t\t<\/div>","protected":false},"excerpt":{"rendered":"<p>Buy Vapes with SEPA QR Code at FR Vape At FR Vape, we now offer the ability to purchase your favorite vaping products using the convenient and secure SEPA QR Code payment method. This option is available to customers within the European Union for fast and easy payments directly from your bank account. How to [&#8230;]","protected":false},"author":1,"featured_media":0,"parent":0,"menu_order":0,"comment_status":"closed","ping_status":"closed","template":"","meta":{"footnotes":""},"class_list":["post-7220","page","type-page","status-publish","hentry"],"jetpack_sharing_enabled":true,"_links":{"self":[{"href":"https:\/\/frvape.com\/hu\/wp-json\/wp\/v2\/pages\/7220","targetHints":{"allow":["GET"]}}],"collection":[{"href":"https:\/\/frvape.com\/hu\/wp-json\/wp\/v2\/pages"}],"about":[{"href":"https:\/\/frvape.com\/hu\/wp-json\/wp\/v2\/types\/page"}],"author":[{"embeddable":true,"href":"https:\/\/frvape.com\/hu\/wp-json\/wp\/v2\/users\/1"}],"replies":[{"embeddable":true,"href":"https:\/\/frvape.com\/hu\/wp-json\/wp\/v2\/comments?post=7220"}],"version-history":[{"count":4,"href":"https:\/\/frvape.com\/hu\/wp-json\/wp\/v2\/pages\/7220\/revisions"}],"predecessor-version":[{"id":7240,"href":"https:\/\/frvape.com\/hu\/wp-json\/wp\/v2\/pages\/7220\/revisions\/7240"}],"wp:attachment":[{"href":"https:\/\/frvape.com\/hu\/wp-json\/wp\/v2\/media?parent=7220"}],"curies":[{"name":"wp","href":"https:\/\/api.w.org\/{rel}","templated":true}]}}