{"id":10495,"date":"2025-11-02T03:43:17","date_gmt":"2025-11-02T03:43:17","guid":{"rendered":"https:\/\/frvape.com\/product\/uzy-crystal-100000-puffs-disposable-vape-quad-flavor-rechargeable-e-cigarette\/"},"modified":"2025-11-04T02:28:46","modified_gmt":"2025-11-04T02:28:46","slug":"uzy-crystal-100000-puffs-eldobhato-vape-quad-izu-ujratoltheto-e-cigaretta","status":"publish","type":"product","link":"https:\/\/frvape.com\/hu\/product\/uzy-crystal-100000-puffs-eldobhato-vape-quad-izu-ujratoltheto-e-cigaretta\/","title":{"rendered":"Uzy Crystal 100000 Puffs Eldobhat\u00f3 Vape - Quad Flavor, \u00fajrat\u00f6lthet\u0151 E-cigaretta"},"content":{"rendered":"<h3>Pr\u00e9mium n\u00e9gyf\u00e9le \u00edz\u00e9lm\u00e9ny<\/h3>\n<p>A <strong>Uzy Crystal 100000<\/strong> forradalmas\u00edtja a p\u00e1rologtat\u00e1st innovat\u00edv n\u00e9gy \u00edz\u0171 rendszer\u00e9vel. A v\u00e1ltozatoss\u00e1gra v\u00e1gy\u00f3 \u00ednyencek sz\u00e1m\u00e1ra tervezt\u00e9k, ez az \u00e9lvonalbeli <strong>eldobhat\u00f3 vape<\/strong> n\u00e9gy k\u00fcl\u00f6nb\u00f6z\u0151 \u00edzkamr\u00e1t tartalmaz egyetlen eszk\u00f6z\u00f6n bel\u00fcl. A fejlett <strong>n\u00e9gyh\u00e1l\u00f3s tekercs<\/strong> (1.0\u03a9) f\u0171t\u0151rendszer kiv\u00e9teles g\u0151zs\u0171r\u0171s\u00e9get biztos\u00edt, \u00e9s a p\u00e1rologtat\u00e1s sor\u00e1n v\u00e9gig fenntartja a hiteles \u00edzek konzisztenci\u00e1j\u00e1t.<\/p>\n<h3>Intelligens tervez\u00e9s \u00e9s hossz\u00fa \u00e9lettartam<\/h3>\n<p>Felszerelve egy <strong>650mAh \u00fajrat\u00f6lthet\u0151 akkumul\u00e1tor<\/strong>, ez a k\u00e9sz\u00fcl\u00e9k a k\u00e9nyelmes C-t\u00edpus\u00fa gyorst\u00f6lt\u00e9ssel t\u00e1mogatja a hosszan tart\u00f3 haszn\u00e1latot. Az integr\u00e1lt <strong>LED intelligens k\u00e9perny\u0151<\/strong> val\u00f3s idej\u0171 fel\u00fcgyeletet biztos\u00edt mind az akkumul\u00e1tor \u00e9s <strong>56ml e-folyad\u00e9k<\/strong> szintek, biztos\u00edtva, hogy \u00d6nt soha ne \u00e9rje felk\u00e9sz\u00fcletlen\u00fcl. A nagyvonal\u00fa kapacit\u00e1ssal, amelyet a k\u00f6vetkez\u0151 c\u00e9lokra terveztek <strong>100,000 puff<\/strong>, az Uzy Crystal p\u00e9ld\u00e1tlanul hossz\u00fa \u00e9lettartamot k\u00edn\u00e1l az eldobhat\u00f3 vape piacon.<\/p>\n<h3>El\u00e9rhet\u0151 \u00edzkombin\u00e1ci\u00f3k<\/h3>\n<ul>\n<li>Barack Mang\u00f3 Anan\u00e1sz &amp; \u00c1fonya M\u00e1lna &amp; Citrom Citrom Lime &amp; G\u00f6r\u00f6gdinnye BubbleGum<\/li>\n<li>Cherry Ice &amp; Grape Ice &amp; Passion Fruit Mango &amp; Love 66<\/li>\n<li>Eper mang\u00f3 &amp; MR k\u00e9k &amp; ny\u00e1ri barack j\u00e9g &amp; fekete j\u00e9g<\/li>\n<li>G\u00f6r\u00f6gdinnye Ice &amp; Blue Razz Cseresznye &amp; G\u00f6r\u00f6gdinnye Sour Barack &amp; Passion Fruit Kiwi<\/li>\n<li>Eper j\u00e9g &amp; Gumimaci &amp; G\u00f6r\u00f6gdinnye S\u00e1rk\u00e1nygy\u00fcm\u00f6lcs &amp; \u00c1fonya Kiwi<\/li>\n<li>Eper g\u00f6r\u00f6gdinnye &amp; Blue Razz j\u00e9g &amp; \u00e1fonya m\u00e1lna cseresznye &amp; sz\u00e9nsavas cseresznye j\u00e9g<\/li>\n<li>Blueberry Ice &amp; Mango Peach Apricot &amp; Kiwi Passion Fruit Guava &amp; White Peach Razz<\/li>\n<li>\u00c1fony\u00e1s j\u00e9g &amp; epres ban\u00e1n &amp; k\u00e9t alma &amp; Skittles<\/li>\n<li>Vegyes bogy\u00f3s gy\u00fcm\u00f6lcs \u00e9s maracuja Kiwi Lime \u00e9s \u00e1fonya Sz\u0151l\u0151 \u00e9s eper Kiwi<\/li>\n<li>Barack j\u00e9g &amp; \u00e1fonya cseresznye &amp; energiaital &amp; g\u00f6r\u00f6gdinnye licsi<\/li>\n<\/ul>\n<h3>Kiv\u00e1l\u00f3s\u00e1gra tervezve<\/h3>\n<p>A pr\u00e9mium min\u0151s\u00e9g\u0171 anyagokb\u00f3l k\u00e9sz\u00fclt Uzy Crystal eleg\u00e1ns, eleg\u00e1ns \u00e9s eleg\u00e1ns <strong>krist\u00e1ly design<\/strong> amely kifinomult st\u00edlust t\u00fckr\u00f6z, mik\u00f6zben k\u00e9nyelmes, 160 g-os s\u00falya megmarad. Ergonomikus kont\u00farjai term\u00e9szetesen illeszkednek a k\u00e9zbe, \u00e9s mindkett\u0151t biztos\u00edtj\u00e1k. <strong>vizu\u00e1lis elegancia<\/strong> \u00e9s praktikus k\u00e9nyelem. Testre szabhatja nikotinbevitel\u00e9t a 0%, 2%, 3% vagy 5% er\u0151ss\u00e9g\u0171 opci\u00f3kkal.<\/p>\n<h3>Optim\u00e1lis csomagol\u00e1s \u00e9s \u00e9rt\u00e9k<\/h3>\n<p>Az Uzy Crystal hat\u00e9konyan csomagolva, dobozonk\u00e9nt 10 darab, kartondobozonk\u00e9nt 120 darab (19,21 kg karton s\u00faly), a pr\u00e9mium teljes\u00edtm\u00e9nyt logisztikai k\u00e9nyelemmel \u00f6tv\u00f6zi. Szem\u00e9lyes haszn\u00e1latra tervezett <strong>p\u00e1rolg\u00e1s \u00e9lvezete<\/strong> \u00e9s a kereskedelmi forgalmaz\u00e1s hat\u00e9konys\u00e1g\u00e1nak k\u00f6sz\u00f6nhet\u0151en ez a n\u00e9gyszeres \u00edz\u0171 innov\u00e1ci\u00f3 \u00faj m\u00e9rc\u00e9t \u00e1ll\u00edt fel az eldobhat\u00f3 vape kateg\u00f3ri\u00e1ban.<\/p>","protected":false},"excerpt":{"rendered":"<p>Tapasztalja meg a 4 az 1-ben \u00edzek sokoldal\u00fas\u00e1g\u00e1t a <strong>Uzy Crystal 100000<\/strong> <strong>eldobhat\u00f3 vape<\/strong> featuring <strong>n\u00e9gy h\u00e1l\u00f3s tekercsek<\/strong> \u00e9s 56 ml e-folyad\u00e9k kapacit\u00e1ssal. \u00c9lvezze ak\u00e1r <strong>100,000 puff<\/strong> egy <strong>C t\u00edpus\u00fa \u00fajrat\u00f6lthet\u0151<\/strong> akkumul\u00e1tor \u00e9s intelligens LED kijelz\u0151.<\/p>","protected":false},"featured_media":10489,"comment_status":"open","ping_status":"closed","template":"","meta":[],"product_brand":[237],"product_cat":[1016,1017,846],"product_tag":[],"class_list":{"0":"post-10495","1":"product","2":"type-product","3":"status-publish","4":"has-post-thumbnail","6":"product_brand-uzy","7":"product_cat-big-puffs-vapes","8":"product_cat-crystal-vapes","9":"product_cat-uzy","11":"first","12":"instock","13":"sale","14":"shipping-taxable","15":"purchasable","16":"product-type-variable"},"jetpack_sharing_enabled":true,"tiered_pricing_type":"fixed","tiered_pricing_fixed_rules":[],"tiered_pricing_product_settings":{"layout":"default","base_unit_name":{"singular":null,"plural":null},"default_variation":null},"tiered_pricing_minimum_quantity":null,"tiered_pricing_roles_data":[],"tiered_pricing_percentage_rules":[],"tiered_pricing_maximum_quantity":null,"tiered_pricing_quantity_step":null,"_links":{"self":[{"href":"https:\/\/frvape.com\/hu\/wp-json\/wp\/v2\/product\/10495","targetHints":{"allow":["GET"]}}],"collection":[{"href":"https:\/\/frvape.com\/hu\/wp-json\/wp\/v2\/product"}],"about":[{"href":"https:\/\/frvape.com\/hu\/wp-json\/wp\/v2\/types\/product"}],"replies":[{"embeddable":true,"href":"https:\/\/frvape.com\/hu\/wp-json\/wp\/v2\/comments?post=10495"}],"wp:featuredmedia":[{"embeddable":true,"href":"https:\/\/frvape.com\/hu\/wp-json\/wp\/v2\/media\/10489"}],"wp:attachment":[{"href":"https:\/\/frvape.com\/hu\/wp-json\/wp\/v2\/media?parent=10495"}],"wp:term":[{"taxonomy":"product_brand","embeddable":true,"href":"https:\/\/frvape.com\/hu\/wp-json\/wp\/v2\/product_brand?post=10495"},{"taxonomy":"product_cat","embeddable":true,"href":"https:\/\/frvape.com\/hu\/wp-json\/wp\/v2\/product_cat?post=10495"},{"taxonomy":"product_tag","embeddable":true,"href":"https:\/\/frvape.com\/hu\/wp-json\/wp\/v2\/product_tag?post=10495"}],"curies":[{"name":"wp","href":"https:\/\/api.w.org\/{rel}","templated":true}]}}