{"id":10906,"date":"2025-11-02T04:20:10","date_gmt":"2025-11-02T04:20:10","guid":{"rendered":"https:\/\/frvape.com\/product\/uzy-triple-flavors-60000-60k-puffs-disposable-vape-triple-flavor-chambers\/"},"modified":"2025-11-02T04:20:23","modified_gmt":"2025-11-02T04:20:23","slug":"uzy-tripla-izek-60000-60k-puff-eldobhato-vape-tripla-iz-kamrak","status":"publish","type":"product","link":"https:\/\/frvape.com\/hu\/product\/uzy-tripla-izek-60000-60k-puff-eldobhato-vape-tripla-iz-kamrak\/","title":{"rendered":"UZY Triple Flavors 60000: 60K Puffs Eldobhat\u00f3 Vape, H\u00e1romszoros \u00edzkamr\u00e1k"},"content":{"rendered":"<h3>Forradalmi h\u00e1romkamr\u00e1s szagelsz\u00edv\u00e1si \u00e9lm\u00e9ny<\/h3>\n<p>A <strong>UZY Tripla \u00edzek 60000<\/strong> innovat\u00edv h\u00e1romkamr\u00e1s kialak\u00edt\u00e1s\u00e1val \u00fajradefini\u00e1lja az eldobhat\u00f3 p\u00e1rol\u00e1st. Minden k\u00e9sz\u00fcl\u00e9k h\u00e1rom k\u00fcl\u00f6nb\u00f6z\u0151 <strong>18ml e-folyad\u00e9k<\/strong> rekeszek (\u00f6sszesen 54ml) egy eleg\u00e1ns egys\u00e9gben, amely ak\u00e1r <strong>60,000 puff<\/strong>. Fejlett <strong>kett\u0151s h\u00e1l\u00f3s tekercs<\/strong> technol\u00f3gi\u00e1val ez a vape garant\u00e1lja az intenz\u00edv \u00edzf\u00fazi\u00f3t \u00e9s a k\u00f6vetkezetesen s\u0171r\u0171 g\u0151ztermel\u00e9st.<\/p>\n<h3>Intelligens funkci\u00f3k \u00e9s prec\u00edzi\u00f3s tervez\u00e9s<\/h3>\n<p>Felszerelve egy <strong>LED intelligens k\u00e9perny\u0151<\/strong> az akkumul\u00e1tor \u00e9s az e-folyad\u00e9k szintj\u00e9nek val\u00f3s idej\u0171 ellen\u0151rz\u00e9s\u00e9re, a k\u00e9sz\u00fcl\u00e9k biztos\u00edtja, hogy soha ne \u00e9rje \u00d6nt felk\u00e9sz\u00fcletlen\u00fcl. Az \u00fajrat\u00f6lthet\u0151 <strong>850mAh akkumul\u00e1tor<\/strong> t\u00e1mogatja a hosszabb haszn\u00e1latot a gyors USB-C t\u00f6lt\u00e9ssel. Az \u00e1ll\u00edthat\u00f3 teljes\u00edtm\u00e9nyt biztos\u00edt\u00f3 Pro \u00e9s Max v\u00e1ltozatban kaphat\u00f3 120 grammos eszk\u00f6z egyens\u00falyt teremt a teljes\u00edtm\u00e9ny \u00e9s a hordozhat\u00f3s\u00e1g k\u00f6z\u00f6tt.<\/p>\n<h3>30 ellen\u00e1llhatatlan h\u00e1rmas \u00edzkombin\u00e1ci\u00f3<\/h3>\n<p>V\u00e1lasszon ezekb\u0151l az \u00ednycsikland\u00f3 \u00edzprofilokb\u00f3l:<br \/><strong>Eper g\u00f6r\u00f6gdinnye<\/strong> \/ <strong>Cola Ice<\/strong> \/ Cherry Cola<br \/><strong>Kiwi Passi\u00f3gy\u00fcm\u00f6lcs Guava<\/strong> \/ \u00c1fony\u00e1s j\u00e9g \/ Barackos mang\u00f3<br \/>G\u00f6r\u00f6gdinnye j\u00e9g \/ <strong>Tripla dinnye j\u00e9g<\/strong> \/ Eper ban\u00e1n<br \/>Mr Blue \/ Gumimacik \/ Red Bull Ice<br \/>Barack Mang\u00f3 Anan\u00e1sz \/ K\u00e9k Razz J\u00e9g \/ M\u00e1lna G\u00f6r\u00f6gdinnye<br \/>\u00c1fonya M\u00e1lna \/ Eper Kiwi \/ Citrom Lime<br \/>Ny\u00e1ri barack j\u00e9g \/ Eper j\u00e9g \/ K\u00e9k Razz j\u00e9g<br \/>Barack j\u00e9g \/ Eper m\u00e1lna cseresznye j\u00e9g \/ K\u00e9t alma j\u00e9g<br \/>Cseresznye j\u00e9g \/ Vegyes bogy\u00f3s gy\u00fcm\u00f6lcs\u00f6k \/ Fekete s\u00e1rk\u00e1ny j\u00e9g<br \/>Grape Ice \/ Love 666 (Passion Fruit Melon) \/ Strawberry Red Bull<\/p>\n<h3>P\u00e1ratlan testreszabhat\u00f3s\u00e1g \u00e9s k\u00e9nyelem<\/h3>\n<p>Szabja testre nikotinbevitel\u00e9t a k\u00f6vetkez\u0151 opci\u00f3kkal <strong>0%-5%<\/strong> nikotin er\u0151ss\u00e9g. A h\u00e1rmas \u00edzkamr\u00e1k lehet\u0151v\u00e9 teszik az \u00edzv\u00e1lt\u00e1st eszk\u00f6zv\u00e1lt\u00e1s n\u00e9lk\u00fcl, m\u00edg az optimaliz\u00e1lt l\u00e9g\u00e1raml\u00e1si rendszer minden szinten sima h\u00faz\u00e1st biztos\u00edt. A kereskedelmi rugalmass\u00e1g \u00e9rdek\u00e9ben \u00f6mlesztett csomagol\u00e1sban (10 db\/doboz, 200\/doboz), ez a <strong>eldobhat\u00f3 vape<\/strong> megold\u00e1s megfelel mind az egy\u00e9ni, mind a kiskereskedelmi ig\u00e9nyeknek.<\/p>\n<p>Ak\u00e1r jeges frissess\u00e9gre, tr\u00f3pusi gy\u00fcm\u00f6lcskever\u00e9kekre vagy nosztalgikus sz\u00f3da jegyekre v\u00e1gyik, az UZY Triple Flavors 60000 p\u00e1ratlan v\u00e1ltozatoss\u00e1got \u00e9s kitart\u00e1st biztos\u00edt. Fedezze fel, hogy a h\u00e1rom \u00edz mi\u00e9rt haladja meg igaz\u00e1n az egyet - a v\u00e9gs\u0151 p\u00e1rologtat\u00e1si el\u00e9gedetts\u00e9g\u00e9rt.<\/p>","protected":false},"excerpt":{"rendered":"<p>Tapasztalja meg a <strong>UZY Tripla \u00edzek 60000<\/strong> eldobhat\u00f3 vape h\u00e1romkamr\u00e1s kialak\u00edt\u00e1ssal, amely biztos\u00edtja a <strong>60,000 puff<\/strong>, <strong>kett\u0151s h\u00e1l\u00f3s tekercs<\/strong>, 3x18ml kapacit\u00e1s \u00e9s intelligens LED kijelz\u0151. V\u00e1lasszon 30 \u00edzkombin\u00e1ci\u00f3 k\u00f6z\u00fcl 0%-5% nikotin er\u0151ss\u00e9ggel.<\/p>","protected":false},"featured_media":10900,"comment_status":"open","ping_status":"closed","template":"","meta":[],"product_brand":[237],"product_cat":[846],"product_tag":[809,112,244,513,115,867],"class_list":{"0":"post-10906","1":"product","2":"type-product","3":"status-publish","4":"has-post-thumbnail","6":"product_brand-uzy","7":"product_cat-uzy","8":"product_tag-60000-puffs-2","9":"product_tag-disposable-vape","10":"product_tag-dual-mesh-coil","11":"product_tag-led-screen-vape","12":"product_tag-rechargeable-vape","13":"product_tag-triple-flavors","15":"first","16":"instock","17":"sale","18":"shipping-taxable","19":"purchasable","20":"product-type-variable"},"jetpack_sharing_enabled":true,"tiered_pricing_type":"fixed","tiered_pricing_fixed_rules":[],"tiered_pricing_product_settings":{"layout":"default","base_unit_name":{"singular":null,"plural":null},"default_variation":null},"tiered_pricing_minimum_quantity":null,"tiered_pricing_roles_data":[],"tiered_pricing_percentage_rules":[],"tiered_pricing_maximum_quantity":null,"tiered_pricing_quantity_step":null,"_links":{"self":[{"href":"https:\/\/frvape.com\/hu\/wp-json\/wp\/v2\/product\/10906","targetHints":{"allow":["GET"]}}],"collection":[{"href":"https:\/\/frvape.com\/hu\/wp-json\/wp\/v2\/product"}],"about":[{"href":"https:\/\/frvape.com\/hu\/wp-json\/wp\/v2\/types\/product"}],"replies":[{"embeddable":true,"href":"https:\/\/frvape.com\/hu\/wp-json\/wp\/v2\/comments?post=10906"}],"wp:featuredmedia":[{"embeddable":true,"href":"https:\/\/frvape.com\/hu\/wp-json\/wp\/v2\/media\/10900"}],"wp:attachment":[{"href":"https:\/\/frvape.com\/hu\/wp-json\/wp\/v2\/media?parent=10906"}],"wp:term":[{"taxonomy":"product_brand","embeddable":true,"href":"https:\/\/frvape.com\/hu\/wp-json\/wp\/v2\/product_brand?post=10906"},{"taxonomy":"product_cat","embeddable":true,"href":"https:\/\/frvape.com\/hu\/wp-json\/wp\/v2\/product_cat?post=10906"},{"taxonomy":"product_tag","embeddable":true,"href":"https:\/\/frvape.com\/hu\/wp-json\/wp\/v2\/product_tag?post=10906"}],"curies":[{"name":"wp","href":"https:\/\/api.w.org\/{rel}","templated":true}]}}