{"id":11223,"date":"2025-11-02T04:37:59","date_gmt":"2025-11-02T04:37:59","guid":{"rendered":"https:\/\/frvape.com\/product\/irex-astral-80000-disposable-vape-with-80k-puffs-adjustable-nicotine\/"},"modified":"2025-11-04T02:51:25","modified_gmt":"2025-11-04T02:51:25","slug":"irex-astral-80000-eldobhato-vape-80k-puffs-allithato-nikotinnal","status":"publish","type":"product","link":"https:\/\/frvape.com\/hu\/product\/irex-astral-80000-eldobhato-vape-80k-puffs-allithato-nikotinnal\/","title":{"rendered":"IREX Astral 80000 eldobhat\u00f3 vape 80K puffokkal \u00e9s \u00e1ll\u00edthat\u00f3 nikotinnal"},"content":{"rendered":"<h3>Pr\u00e9mium hossz\u00fa \u00e9lettartam\u00fa szaggat\u00e1si \u00e9lm\u00e9ny<\/h3>\n<p>A <strong>IREX Astral 80000<\/strong> \u00fajradefini\u00e1lja az eldobhat\u00f3 p\u00e1rologtat\u00e1st rendk\u00edv\u00fcli kitart\u00e1ssal \u00e9s teljes\u00edtm\u00e9nnyel. A komoly vaperek sz\u00e1m\u00e1ra tervezett k\u00e9sz\u00fcl\u00e9k figyelemre m\u00e9lt\u00f3 <strong>80,000 puff<\/strong> a hatalmas <strong>48ml el\u0151ret\u00f6lt\u00f6tt e-folyad\u00e9k<\/strong> v\u00edzt\u00e1roz\u00f3. A  c\u00edmen <strong>\u00e1ll\u00edthat\u00f3 nikotin<\/strong> szintek (20mg vagy 50mg nikotins\u00f3) \u00e9s v\u00e1laszthat\u00f3 j\u00e9gintenzit\u00e1s, szem\u00e9lyre szabott el\u00e9gedetts\u00e9get k\u00edn\u00e1l egy eleg\u00e1ns csomagol\u00e1sban.<\/p>\n<h3>Fejlett m\u0171szaki specifik\u00e1ci\u00f3k<\/h3>\n<p>Pr\u00e9mium min\u0151s\u00e9g\u0171 <strong>polikarbon\u00e1t<\/strong> Az Astral mind\u00f6ssze 98 grammos s\u00falya r\u00e9v\u00e9n a tart\u00f3ss\u00e1g \u00e9s a hordozhat\u00f3s\u00e1g (97x59x25 mm) egyens\u00falyban van. Intelligens <strong>intelligens kijelz\u0151<\/strong> folyamatosan figyeli az e-folyad\u00e9k \u00e9s az akkumul\u00e1tor szintj\u00e9t. A be\u00e9p\u00edtett <strong>1,000mAh \u00fajrat\u00f6lthet\u0151 akkumul\u00e1tor<\/strong> t\u00e1mogatja a kiterjesztett munkameneteket, m\u00edg a <strong>USB Type-C<\/strong> port (0,5A) lehet\u0151v\u00e9 teszi a k\u00e9nyelmes t\u00f6lt\u00e9st.<br \/>A <strong>h\u00faz\u00e1s-aktiv\u00e1lt<\/strong> mechanizmusa bonyolult gombok n\u00e9lk\u00fcli, k\u00f6nnyed kezel\u00e9st biztos\u00edt, \u00edgy t\u00f6k\u00e9letes a kezd\u0151k \u00e9s a tapasztalt felhaszn\u00e1l\u00f3k sz\u00e1m\u00e1ra egyar\u00e1nt.<\/p>\n<h3>V\u00e1ltozatos \u00edzv\u00e1laszt\u00e9k<\/h3>\n<p>Fedezzen fel 15 szak\u00e9rtelemmel k\u00e9sz\u00edtett <strong>eldobhat\u00f3 vape<\/strong> \u00edzek minden \u00edzl\u00e9snek:<br \/>G\u00f6r\u00f6gdinnye j\u00e9g, savany\u00fa \u00e1fonya, l\u00e9d\u00fas barack, dupla alma, eper-kiwi,<br \/>Barackos bogy\u00f3, Cherry Bomb, Sour Strawberry, Anan\u00e1szos mang\u00f3, Narancsos bogy\u00f3,<br \/>Miami menta, \u00e1fony\u00e1s g\u00f6r\u00f6gdinnye, Berry Bliss, Blue Razz Ice, Grape Lemon.<\/p>\n<h3>Csomagol\u00e1s \u00e9s forgalmaz\u00e1s<\/h3>\n<p>Kis- \u00e9s nagykereskedelemre optimaliz\u00e1lt, minden kartondoboz 200 darabot tartalmaz, brutt\u00f3 s\u00falya 24,96 kg. M\u00e9retek: K\u00fcls\u0151 kartondoboz: 665x330x260mm.<\/p>\n<h3>Mi\u00e9rt v\u00e1lassza az Astral 80K-t?<\/h3>\n<p>Tapasztalja meg a megszak\u00edt\u00e1s n\u00e9lk\u00fcli p\u00e1rologtat\u00e1st a p\u00e9lda n\u00e9lk\u00fcli puffkapacit\u00e1ssal \u00e9s az \u00e1ll\u00edthat\u00f3 funkci\u00f3kkal kombin\u00e1lva. Ez a pr\u00e9mium <strong>\u00fajrat\u00f6lthet\u0151 vape<\/strong> mind a 80.000 slukk alatt egyenletes \u00edzmin\u0151s\u00e9get biztos\u00edt. Kereskedelmi szint\u0171 teljes\u00edtm\u00e9nyt kap egy hordozhat\u00f3 eszk\u00f6zben, amely ide\u00e1lis szem\u00e9lyes haszn\u00e1latra \u00e9s aj\u00e1nd\u00e9koz\u00e1sra egyar\u00e1nt - az <strong>eldobhat\u00f3 vape<\/strong> technol\u00f3gia.<\/p>","protected":false},"excerpt":{"rendered":"<p>Tapasztalja meg a v\u00e9gs\u0151 p\u00e1rologtat\u00e1si k\u00e9nyelmet a <strong>IREX Astral 80000<\/strong> eldobhat\u00f3 vape. K\u00edn\u00e1lat <strong>80,000 puff<\/strong> \u00e9s <strong>48ml el\u0151ret\u00f6lt\u00f6tt<\/strong> kapacit\u00e1s plusz <strong>\u00e1ll\u00edthat\u00f3 nikotin<\/strong> \u00e9s j\u00e9gszintek. \u00c9lvezze a <strong>15 pr\u00e9mium \u00edz<\/strong> C t\u00edpus\u00fa t\u00f6lt\u00e9ssel.<\/p>","protected":false},"featured_media":11217,"comment_status":"open","ping_status":"closed","template":"","meta":[],"product_brand":[736],"product_cat":[1016,896],"product_tag":[899,898,897,246,112,115],"class_list":{"0":"post-11223","1":"product","2":"type-product","3":"status-publish","4":"has-post-thumbnail","6":"product_brand-irex","7":"product_cat-big-puffs-vapes","8":"product_cat-irex","9":"product_tag-15-flavors","10":"product_tag-48ml-e-liquid","11":"product_tag-80k-puffs","12":"product_tag-adjustable-nicotine","13":"product_tag-disposable-vape","14":"product_tag-rechargeable-vape","16":"first","17":"instock","18":"sale","19":"shipping-taxable","20":"purchasable","21":"product-type-variable"},"jetpack_sharing_enabled":true,"tiered_pricing_type":"fixed","tiered_pricing_fixed_rules":[],"tiered_pricing_product_settings":{"layout":"default","base_unit_name":{"singular":null,"plural":null},"default_variation":null},"tiered_pricing_minimum_quantity":null,"tiered_pricing_roles_data":[],"tiered_pricing_percentage_rules":[],"tiered_pricing_maximum_quantity":null,"tiered_pricing_quantity_step":null,"_links":{"self":[{"href":"https:\/\/frvape.com\/hu\/wp-json\/wp\/v2\/product\/11223","targetHints":{"allow":["GET"]}}],"collection":[{"href":"https:\/\/frvape.com\/hu\/wp-json\/wp\/v2\/product"}],"about":[{"href":"https:\/\/frvape.com\/hu\/wp-json\/wp\/v2\/types\/product"}],"replies":[{"embeddable":true,"href":"https:\/\/frvape.com\/hu\/wp-json\/wp\/v2\/comments?post=11223"}],"wp:featuredmedia":[{"embeddable":true,"href":"https:\/\/frvape.com\/hu\/wp-json\/wp\/v2\/media\/11217"}],"wp:attachment":[{"href":"https:\/\/frvape.com\/hu\/wp-json\/wp\/v2\/media?parent=11223"}],"wp:term":[{"taxonomy":"product_brand","embeddable":true,"href":"https:\/\/frvape.com\/hu\/wp-json\/wp\/v2\/product_brand?post=11223"},{"taxonomy":"product_cat","embeddable":true,"href":"https:\/\/frvape.com\/hu\/wp-json\/wp\/v2\/product_cat?post=11223"},{"taxonomy":"product_tag","embeddable":true,"href":"https:\/\/frvape.com\/hu\/wp-json\/wp\/v2\/product_tag?post=11223"}],"curies":[{"name":"wp","href":"https:\/\/api.w.org\/{rel}","templated":true}]}}