{"id":11301,"date":"2025-11-02T04:43:47","date_gmt":"2025-11-02T04:43:47","guid":{"rendered":"https:\/\/frvape.com\/product\/fumot-leopard-40000-disposable-vape-with-led-screen-40000-puffs\/"},"modified":"2026-04-02T15:25:21","modified_gmt":"2026-04-02T15:25:21","slug":"fumot-leopard-40000-eldobhato-vape-led-kepernyovel-40000-puffs","status":"publish","type":"product","link":"https:\/\/frvape.com\/hu\/product\/fumot-leopard-40000-eldobhato-vape-led-kepernyovel-40000-puffs\/","title":{"rendered":"Fumot Leopard 40000 Eldobhat\u00f3 Vape LED k\u00e9perny\u0151vel | 40,000 Puffs"},"content":{"rendered":"<p>A Fumot Leopard 40000 <strong>\u00fajrat\u00f6lthet\u0151 eldobhat\u00f3 vape<\/strong> a p\u00e1rologtat\u00e1si technol\u00f3gia k\u00f6vetkez\u0151 gener\u00e1ci\u00f3j\u00e1t k\u00e9pviseli, amelyet hossz\u00fa \u00e9lettartamra \u00e9s pr\u00e9mium el\u00e9gedetts\u00e9gre terveztek. A <strong>nagy teljes\u00edtm\u00e9ny\u0171 akkumul\u00e1tor<\/strong> \u00e9s a kett\u0151s h\u00e1l\u00f3s tekercs biztos\u00edtja a sima g\u0151ztermel\u00e9st \u00e9s a kiv\u00e9teles \u00edzintenzit\u00e1st, \u00edgy ide\u00e1lis a k\u00f6vetkez\u0151kh\u00f6z <strong>nagykereskedelmi besz\u00e1ll\u00edt\u00f3k<\/strong> \u00e9s forgalmaz\u00f3k.<\/p>\n<h3>F\u0151 jellemz\u0151k<\/h3>\n<p>Ez a <strong>eldobhat\u00f3 vape<\/strong> b\u00fcszk\u00e9lkedhet egy <strong>700mAh \u00fajrat\u00f6lthet\u0151 akkumul\u00e1tor<\/strong>, t\u00e1mogatva <strong>gyors C-t\u00edpus\u00fa t\u00f6lt\u00e9s<\/strong> a minim\u00e1lis \u00e1ll\u00e1sid\u0151 \u00e9rdek\u00e9ben. A digit\u00e1lis <strong>LED k\u00e9perny\u0151<\/strong> val\u00f3s idej\u0171 nyomon k\u00f6vet\u00e9st biztos\u00edt <strong>puffan\u00e1ssz\u00e1m<\/strong>, a teljes\u00edtm\u00e9nyszintet \u00e9s az akkumul\u00e1tor \u00e1llapot\u00e1t, \u00edgy a felhaszn\u00e1l\u00f3knak p\u00e1ratlan ellen\u0151rz\u00e9st biztos\u00edt. Sokoldal\u00faan haszn\u00e1lhat\u00f3 <strong>nikotin er\u0151ss\u00e9g<\/strong> bele\u00e9rtve a 0%, 2%, 3% \u00e9s 5% t\u00edpusokat, minden preferenci\u00e1t kiel\u00e9g\u00edt, a nikotinmentes felhaszn\u00e1l\u00f3kt\u00f3l kezdve az er\u0151sebb sl\u00e1gerre v\u00e1gy\u00f3kig.<\/p>\n<h3>\u00cdzv\u00e1laszt\u00e1si lehet\u0151s\u00e9gek<\/h3>\n<p>V\u00e1lasszon a 25 mer\u00e9sz \u00e9s <strong>friss\u00edt\u0151 \u00edzek<\/strong>, t\u00f6k\u00e9letes a <strong>eldobhat\u00f3 vape<\/strong> rajong\u00f3k:<br \/>\n<strong>\u00c1fonya j\u00e9g<\/strong><br \/>\n<strong>\u00c1fonya m\u00e1lna<\/strong><br \/>\n<strong>G\u00f6r\u00f6gdinnye Bubblegum<\/strong><br \/>\n<strong>G\u00f6r\u00f6gdinnye j\u00e9g<\/strong><br \/>\n<strong>Cherry g\u00f6r\u00f6gdinnye fagyaszt\u00e1s<\/strong><br \/>\n<strong>Z\u00f6ld alma barack<\/strong><br \/>\n<strong>Eper ban\u00e1n<\/strong><br \/>\n<strong>Dr. Blue<\/strong><br \/>\n<strong>Golgotavir\u00e1g Kiwi<\/strong><br \/>\n<strong>Eper j\u00e9g<\/strong><br \/>\n<strong>Eper g\u00f6r\u00f6gdinnye<\/strong><br \/>\n<strong>Szeder V\u00f6r\u00f6s m\u00e1lna<\/strong><br \/>\n<strong>R\u00f3zsasz\u00edn limon\u00e1d\u00e9<\/strong><br \/>\n<strong>Fekete s\u00e1rk\u00e1ny j\u00e9g<\/strong><br \/>\n<strong>K\u00e9k Razz cseresznye<\/strong><br \/>\n<strong>Barack bogy\u00f3<\/strong><br \/>\n<strong>\u00daj k\u00e9k cseresznye \u00e1fonya<\/strong><br \/>\n<strong>Barackos mang\u00f3 anan\u00e1sz<\/strong><br \/>\n<strong>\u00c1fonya Cseresznye \u00c1fonya<\/strong><br \/>\n<strong>Cherry Ice<\/strong><br \/>\n<strong>Kiwi Passi\u00f3gy\u00fcm\u00f6lcs Guava<\/strong><br \/>\n<strong>K\u00e9k Razz gumimacik<\/strong><br \/>\n<strong>Mango passi\u00f3gy\u00fcm\u00f6lcs<\/strong><br \/>\n<strong>\u00c1fonya gr\u00e1n\u00e1talma j\u00e9g<\/strong><br \/>\n<strong>Vegyes bogy\u00f3s gy\u00fcm\u00f6lcs\u00f6k<\/strong><\/p>\n<h3>M\u0171szaki specifik\u00e1ci\u00f3k<\/h3>\n<p>Sz\u00e1ll\u00edt\u00e1s <strong>40,000 puff<\/strong>, a Fumot Leopard 40000 a k\u00f6vetkez\u0151 jellemz\u0151kkel rendelkezik <strong>tart\u00f3s kett\u0151s h\u00e1l\u00f3s tekercs<\/strong> az egyenletes teljes\u00edtm\u00e9ny \u00e9rdek\u00e9ben. A csomagol\u00e1s a k\u00f6vetkez\u0151ket tartalmazza <strong>160 eszk\u00f6z kartondobozonk\u00e9nt<\/strong> ~20,1 kg t\u00f6meg\u0171 \u00e9s <strong>kompakt kialak\u00edt\u00e1s<\/strong> a z\u00f6kken\u0151mentes sz\u00e1ll\u00edt\u00e1s \u00e9s t\u00e1rol\u00e1s \u00e9rdek\u00e9ben. Ez a <strong>k\u00f6rnyezetbar\u00e1t<\/strong> megold\u00e1s k\u00edn\u00e1l <strong>nagy volumen\u0171 hat\u00e9konys\u00e1g<\/strong>.<\/p>\n<h3>El\u0151ny\u00f6k a kiskeresked\u0151k sz\u00e1m\u00e1ra<\/h3>\n<p>Mint egy <strong>nagykereskedelmi vape sz\u00e1ll\u00edt\u00f3<\/strong>-f\u00f3kusz\u00fa term\u00e9k, a <strong>Fumot Leop\u00e1rd<\/strong> kiemelkedik a versenyk\u00e9pes gy\u00e1ri k\u00f6zvetlen \u00e1rk\u00e9pz\u00e9ssel \u00e9s a <strong>hossz\u00fa \u00e9lettartam<\/strong>. A kombin\u00e1ci\u00f3ja <strong>kiv\u00e9teles \u00edzv\u00e1laszt\u00e9k<\/strong>, <strong>\u00fajrat\u00f6lthet\u0151s\u00e9g<\/strong>, \u00e9s <strong>val\u00f3s idej\u0171 kijelz\u0151<\/strong> megemeli azt a <strong>Eur\u00f3pai kiskeresked\u0151k<\/strong> megb\u00edzhat\u00f3 k\u00e9szletet keres. Rendelje meg a <strong>fejlett 40K puff k\u00e9sz\u00fcl\u00e9k<\/strong> hogy fellend\u00edtse \u00fczlet\u00e9t pr\u00e9mium, nagy kereslet\u0171 p\u00e1rologtat\u00f3kkal.<\/p>","protected":false},"excerpt":{"rendered":"<p>Fedezze fel a Fumot Leopard 40000, egy <strong>\u00fajrat\u00f6lthet\u0151 eldobhat\u00f3 vape<\/strong> a  c\u00edmre. <strong>40,000 puff<\/strong> egy er\u0151teljes <strong>kett\u0151s h\u00e1l\u00f3s tekercs<\/strong> \u00e9s <strong>digit\u00e1lis LED k\u00e9perny\u0151<\/strong>.<br \/>\n\u00c9lvezze a t\u00f6bb mint 25 <strong>jeges \u00e9s gy\u00fcm\u00f6lcs\u00f6s \u00edzek<\/strong>, <strong>gyors C-t\u00edpus\u00fa t\u00f6lt\u00e9s<\/strong>, \u00e9s testre szabhat\u00f3 <strong>nikotin er\u0151ss\u00e9g<\/strong><\/p>","protected":false},"featured_media":11295,"comment_status":"open","ping_status":"closed","template":"","meta":[],"product_brand":[186],"product_cat":[885],"product_tag":[1022,1020,904,903,513,75,155],"class_list":{"0":"post-11301","1":"product","2":"type-product","3":"status-publish","4":"has-post-thumbnail","6":"product_brand-fumot","7":"product_cat-fumot","8":"product_tag-000-puffs-vape","9":"product_tag-1020","10":"product_tag-disposable-vape-wholsale","11":"product_tag-fumot-leopard-40000","12":"product_tag-led-screen-vape","13":"product_tag-rechargeable-disposable-vape","14":"product_tag-vape-flavors","16":"first","17":"instock","18":"sale","19":"shipping-taxable","20":"purchasable","21":"product-type-variable"},"jetpack_sharing_enabled":true,"tiered_pricing_type":"fixed","tiered_pricing_fixed_rules":[],"tiered_pricing_product_settings":{"layout":"default","base_unit_name":{"singular":null,"plural":null},"default_variation":null},"tiered_pricing_minimum_quantity":null,"tiered_pricing_roles_data":[],"tiered_pricing_percentage_rules":[],"tiered_pricing_maximum_quantity":null,"tiered_pricing_quantity_step":null,"_links":{"self":[{"href":"https:\/\/frvape.com\/hu\/wp-json\/wp\/v2\/product\/11301","targetHints":{"allow":["GET"]}}],"collection":[{"href":"https:\/\/frvape.com\/hu\/wp-json\/wp\/v2\/product"}],"about":[{"href":"https:\/\/frvape.com\/hu\/wp-json\/wp\/v2\/types\/product"}],"replies":[{"embeddable":true,"href":"https:\/\/frvape.com\/hu\/wp-json\/wp\/v2\/comments?post=11301"}],"wp:featuredmedia":[{"embeddable":true,"href":"https:\/\/frvape.com\/hu\/wp-json\/wp\/v2\/media\/11295"}],"wp:attachment":[{"href":"https:\/\/frvape.com\/hu\/wp-json\/wp\/v2\/media?parent=11301"}],"wp:term":[{"taxonomy":"product_brand","embeddable":true,"href":"https:\/\/frvape.com\/hu\/wp-json\/wp\/v2\/product_brand?post=11301"},{"taxonomy":"product_cat","embeddable":true,"href":"https:\/\/frvape.com\/hu\/wp-json\/wp\/v2\/product_cat?post=11301"},{"taxonomy":"product_tag","embeddable":true,"href":"https:\/\/frvape.com\/hu\/wp-json\/wp\/v2\/product_tag?post=11301"}],"curies":[{"name":"wp","href":"https:\/\/api.w.org\/{rel}","templated":true}]}}