{"id":11902,"date":"2025-11-02T09:17:12","date_gmt":"2025-11-02T09:17:12","guid":{"rendered":"https:\/\/frvape.com\/product\/zooy-twins-35000-disposable-vape-dual-flavor-35k-puffs-rechargeable\/"},"modified":"2025-11-02T09:17:22","modified_gmt":"2025-11-02T09:17:22","slug":"zooy-twins-35000-eldobhato-vape-dual-iz-35k-puffs-ujratoltheto","status":"publish","type":"product","link":"https:\/\/frvape.com\/hu\/product\/zooy-twins-35000-eldobhato-vape-dual-iz-35k-puffs-ujratoltheto\/","title":{"rendered":"Zooy Twins 35000 Eldobhat\u00f3 Vape - Kett\u0151s \u00edz, 35K Puffs, \u00fajrat\u00f6lthet\u0151"},"content":{"rendered":"<h3>Forradalmi kett\u0151s \u00edz\u00e9lm\u00e9ny<\/h3>\n<p>A <strong>Zooy Twins 35000<\/strong> \u00fajradefini\u00e1lja az eldobhat\u00f3 p\u00e1rologtat\u00e1st, amely innovat\u00edv <strong>2 az 1-ben aroma technol\u00f3gia<\/strong> egyetlen eszk\u00f6zben. \u00c9lvezze egyszerre k\u00e9t k\u00fcl\u00f6nb\u00f6z\u0151 \u00edzprofilt a p\u00e9lda n\u00e9lk\u00fcli p\u00e1rologtat\u00e1si sokoldal\u00fas\u00e1g \u00e9s az \u00edzek felfedez\u00e9se \u00e9rdek\u00e9ben.<\/p>\n<h3>Nagy teljes\u00edtm\u00e9ny\u0171 specifik\u00e1ci\u00f3k<\/h3>\n<p>Egy <strong>650mAh \u00fajrat\u00f6lthet\u0151 akkumul\u00e1tor<\/strong> gyors <strong>C-t\u00edpus\u00fa t\u00f6lt\u00e9s<\/strong>, ez az \u00e9lvonalbeli vape egyenletes teljes\u00edtm\u00e9nyt ny\u00fajt. A <strong>dupla h\u00e1l\u00f3s tekercs<\/strong> biztos\u00edtja a gazdag g\u0151ztermel\u00e9st \u00e9s a tiszta \u00edzintegrit\u00e1st mind a 35 000 sz\u00edv\u00e1s sor\u00e1n. A haszn\u00e1lat nyomon k\u00f6vet\u00e9se a be\u00e9p\u00edtett <strong>intelligens k\u00e9perny\u0151<\/strong> val\u00f3s idej\u0171 akkumul\u00e1tor- \u00e9s e-folyad\u00e9kszintek kijelz\u00e9se.<\/p>\n<h3>Kiv\u00e1l\u00f3s\u00e1gra tervezve<\/h3>\n<p>A mind\u00f6ssze 99,6 \u00d7 25 \u00d7 47 mm-es \u00e9s 87 g t\u00f6meg\u0171, ergonomikus kialak\u00edt\u00e1s\u00fa k\u00e9sz\u00fcl\u00e9k k\u00e9nyelmesen illeszkedik a k\u00e9zbe. A pr\u00e9mium konstrukci\u00f3 a 2%\/5% nikotins\u00f3-formul\u00e1k r\u00e9v\u00e9n sima torokcsap\u00e1st garant\u00e1l, kompromisszumok n\u00e9lk\u00fcli, kiel\u00e9g\u00edt\u0151 nikotinsz\u00e1ll\u00edt\u00e1st biztos\u00edtva.<\/p>\n<h3>Al\u00e1\u00edrt \u00edzp\u00e1ros\u00edt\u00e1sok<\/h3>\n<p>Fedezze fel szak\u00e9rtelemmel kevert \u00edzkombin\u00e1ci\u00f3inkat:<br \/>\u0150szibarack mang\u00f3 g\u00f6r\u00f6gdinnye \u00e9s fekete s\u00e1rk\u00e1ny jege<br \/>Love 66 &amp; Red Bull Strawberry<br \/>Eper Kiwi \u00e9s vegyes bogy\u00f3s gy\u00fcm\u00f6lcs<br \/>Blue Razz citrom \u00e9s eper ban\u00e1n<br \/>G\u00f6r\u00f6gdinnye j\u00e9g \u00e9s k\u00f3la j\u00e9g<br \/>Eper j\u00e9g \u00e9s r\u00f3zsasz\u00edn limon\u00e1d\u00e9<br \/>\u00c1fony\u00e1s j\u00e9g \u00e9s grapefruit<br \/>Eper g\u00f6r\u00f6gdinnye \u00e9s citromos lime<br \/>Mr Blue &amp; Mango Ice<br \/>Barack j\u00e9g \u00e9s m\u00e1lna g\u00f6r\u00f6gdinnye<\/p>\n<h3>Premium Vaping leegyszer\u0171s\u00edtve<\/h3>\n<p>Ez az \u00fatt\u00f6r\u0151 <strong>eldobhat\u00f3 vape<\/strong> egyes\u00edti a k\u00e9nyelmet a kifinomults\u00e1ggal - nincs sz\u00fcks\u00e9g \u00fajrat\u00f6lt\u00e9sre vagy karbantart\u00e1sra. Minden kartondoboz 200 darabot tartalmaz, 17 kg \u00f6sszt\u00f6meggel a hat\u00e9kony eloszt\u00e1s \u00e9rdek\u00e9ben. Emelje meg a vaping utaz\u00e1s\u00e1t a v\u00e9gs\u0151 \u00edzf\u00fazi\u00f3s k\u00e9sz\u00fcl\u00e9kkel, amely a tart\u00f3s el\u00e9gedetts\u00e9gre \u00e9p\u00fclt.<\/p>","protected":false},"excerpt":{"rendered":"<p>Tapasztalja meg a kett\u0151s \u00edzes\u00edt\u00e9s\u0171 p\u00e1rologtat\u00e1st a <strong>Zooy Twins 35000<\/strong> eldobhat\u00f3 eszk\u00f6z. \u00c9lvezze ak\u00e1r <strong>35,000 puff<\/strong>, intelligens kijelz\u0151, \u00e9s <strong>C t\u00edpus\u00fa \u00fajrat\u00f6lthet\u0151<\/strong> k\u00e9nyelem egy kompakt, 87 g-os kivitelben.<\/p>","protected":false},"featured_media":11896,"comment_status":"open","ping_status":"closed","template":"","meta":[],"product_brand":[97],"product_cat":[860],"product_tag":[936,112,381,115,190,935],"class_list":{"0":"post-11902","1":"product","2":"type-product","3":"status-publish","4":"has-post-thumbnail","6":"product_brand-zooy","7":"product_cat-zooy","8":"product_tag-35k-puffs","9":"product_tag-disposable-vape","10":"product_tag-dual-flavor-vape","11":"product_tag-rechargeable-vape","12":"product_tag-type-c-charging","13":"product_tag-zooy-twins-35000","15":"first","16":"instock","17":"sale","18":"shipping-taxable","19":"purchasable","20":"product-type-variable"},"jetpack_sharing_enabled":true,"tiered_pricing_type":"fixed","tiered_pricing_fixed_rules":[],"tiered_pricing_product_settings":{"layout":"default","base_unit_name":{"singular":null,"plural":null},"default_variation":null},"tiered_pricing_minimum_quantity":null,"tiered_pricing_roles_data":[],"tiered_pricing_percentage_rules":[],"tiered_pricing_maximum_quantity":null,"tiered_pricing_quantity_step":null,"_links":{"self":[{"href":"https:\/\/frvape.com\/hu\/wp-json\/wp\/v2\/product\/11902","targetHints":{"allow":["GET"]}}],"collection":[{"href":"https:\/\/frvape.com\/hu\/wp-json\/wp\/v2\/product"}],"about":[{"href":"https:\/\/frvape.com\/hu\/wp-json\/wp\/v2\/types\/product"}],"replies":[{"embeddable":true,"href":"https:\/\/frvape.com\/hu\/wp-json\/wp\/v2\/comments?post=11902"}],"wp:featuredmedia":[{"embeddable":true,"href":"https:\/\/frvape.com\/hu\/wp-json\/wp\/v2\/media\/11896"}],"wp:attachment":[{"href":"https:\/\/frvape.com\/hu\/wp-json\/wp\/v2\/media?parent=11902"}],"wp:term":[{"taxonomy":"product_brand","embeddable":true,"href":"https:\/\/frvape.com\/hu\/wp-json\/wp\/v2\/product_brand?post=11902"},{"taxonomy":"product_cat","embeddable":true,"href":"https:\/\/frvape.com\/hu\/wp-json\/wp\/v2\/product_cat?post=11902"},{"taxonomy":"product_tag","embeddable":true,"href":"https:\/\/frvape.com\/hu\/wp-json\/wp\/v2\/product_tag?post=11902"}],"curies":[{"name":"wp","href":"https:\/\/api.w.org\/{rel}","templated":true}]}}