{"id":12315,"date":"2025-11-02T11:21:08","date_gmt":"2025-11-02T11:21:08","guid":{"rendered":"https:\/\/frvape.com\/product\/razz-bar-60k-disposable-vape-60000-puffs-16-flavors-rechargeable\/"},"modified":"2025-12-16T09:21:48","modified_gmt":"2025-12-16T09:21:48","slug":"razz-bar-60k-eldobhato-vape-60000-puffs-16-izek-ujratoltheto","status":"publish","type":"product","link":"https:\/\/frvape.com\/hu\/product\/razz-bar-60k-eldobhato-vape-60000-puffs-16-izek-ujratoltheto\/","title":{"rendered":"Razz Bar 60K Eldobhat\u00f3 Vape - 60000 puff, 16 \u00edz, \u00fajrat\u00f6lthet\u0151"},"content":{"rendered":"<h3>V\u00e9gs\u0151, hossz\u00fa \u00e9lettartam\u00fa eldobhat\u00f3 Vape<\/h3>\n<p>Bemutatjuk az \u00fatt\u00f6r\u0151 <strong>Razz Bar 60K Puffs<\/strong> - extr\u00e9m tart\u00f3ss\u00e1gra \u00e9s kiv\u00e1l\u00f3 \u00edzvil\u00e1gra tervezve. Ez a j\u00e1t\u00e9kot megv\u00e1ltoztat\u00f3 k\u00e9sz\u00fcl\u00e9k p\u00e9ld\u00e1tlan <strong>60,000 kiel\u00e9g\u00edt\u0151 puffan\u00e1s<\/strong>, egy robosztus <strong>650mAh \u00fajrat\u00f6lthet\u0151 akkumul\u00e1tor<\/strong> ultragyors <strong>C-t\u00edpus\u00fa t\u00f6lt\u00e9s<\/strong> k\u00e9pess\u00e9g. El\u0151re felt\u00f6ltve massz\u00edv <strong>56ml e-folyad\u00e9k kapacit\u00e1s<\/strong>, kik\u00fcsz\u00f6b\u00f6li az \u00e1lland\u00f3 cser\u00e9ket, mik\u00f6zben a g\u0151zmin\u0151s\u00e9g egyenletes marad.<\/p>\n<h3>Testreszabott vaping \u00e9lm\u00e9ny<\/h3>\n<p>A Razz Bar 60K minden ig\u00e9nyt kiel\u00e9g\u00edt, \u00e9s rugalmasan alkalmazkodik a k\u00f6vetkez\u0151kh\u00f6z <strong>nikotin er\u0151ss\u00e9gek (2% \u00e9s 5%)<\/strong> \u00e9s bemutat\u00f3k <strong>16 al\u00e1\u00edrt \u00edz<\/strong> a p\u00e1ratlan v\u00e1ltozatoss\u00e1g\u00e9rt. Tapasztalja meg a m\u00e9ly torkolattal\u00e1latot \u00e9s a robban\u00e1sszer\u0171 \u00edzprofilt, ak\u00e1r alkalmi felhaszn\u00e1l\u00f3, ak\u00e1r nikotinrajong\u00f3. Az \u00e1ramvonalas kialak\u00edt\u00e1s zsebbar\u00e1t hordozhat\u00f3s\u00e1got biztos\u00edt a teljes\u00edtm\u00e9ny cs\u00f6kkent\u00e9se n\u00e9lk\u00fcl.<\/p>\n<h3>Pr\u00e9mium \u00edzv\u00e1laszt\u00e9k<\/h3>\n<ul>\n<li>Tr\u00f3pusi gy\u00fcm\u00f6lcs\u00f6k<\/li>\n<li>Vegyes bogy\u00f3s gy\u00fcm\u00f6lcs\u00f6k<\/li>\n<li>Citrom Lime<\/li>\n<li>Citrom barack maracuja gy\u00fcm\u00f6lcs<\/li>\n<li>Ny\u00e1ri \u00e1lom<\/li>\n<li>Gumimaci<\/li>\n<li>L\u00e9d\u00fas barack j\u00e9g<\/li>\n<li>\u00c1fonya g\u00f6r\u00f6gdinnye<\/li>\n<li>Coco Loco<\/li>\n<li>Vattacukor<\/li>\n<li>Eper ban\u00e1n<\/li>\n<li>Epres van\u00edli\u00e1s k\u00f3la<\/li>\n<li>Eper Kiwi<\/li>\n<li>Fekete j\u00e9g s\u00e1rk\u00e1nygy\u00fcm\u00f6lcs eper<\/li>\n<li>Szerelem 66<\/li>\n<li>\u00c1fonya savany\u00fa m\u00e1lna<\/li>\n<\/ul>\n<h3>Kereskedelmi c\u00e9l\u00fa csomagol\u00e1s<\/h3>\n<p>Optim\u00e1lisan csomagolva nagy hat\u00e9konys\u00e1g\u00fa kartondobozokba, amelyek tartalmazz\u00e1k a k\u00f6vetkez\u0151ket <strong>200 darab per doboz<\/strong>, a Razz Bar 60K ide\u00e1lis mind a nagykereskedelmi forgalmaz\u00e1shoz, mind a kiskereskedelmi m\u0171veletekhez. Ez a nagy teherb\u00edr\u00e1s\u00fa eldobhat\u00f3 vape \u00faj m\u00e9rc\u00e9t \u00e1ll\u00edt fel a k\u00e9nyelem, az \u00e9rt\u00e9k \u00e9s a felhaszn\u00e1l\u00f3i el\u00e9gedetts\u00e9g ter\u00e9n - hetekig tart\u00f3 k\u00f6vetkezetes vapingot biztos\u00edt egyetlen eszk\u00f6zzel.<\/p>","protected":false},"excerpt":{"rendered":"<p><strong>Razz Bar 60K<\/strong> eldobhat\u00f3 vape sz\u00e1ll\u00edt <strong>60000 puff<\/strong> hatalmas <strong>56ml e-folyad\u00e9k<\/strong> kapacit\u00e1s. Jellemz\u0151k <strong>C t\u00edpus\u00fa \u00fajrat\u00f6lthet\u0151 akkumul\u00e1tor<\/strong> \u00e9s <strong>16 pr\u00e9mium \u00edz<\/strong> 2-5% nikotin er\u0151ss\u00e9gben. T\u00f6k\u00e9letes a hosszabb vaping session\u00f6kh\u00f6z!<\/p>","protected":false},"featured_media":12309,"comment_status":"open","ping_status":"closed","template":"","meta":[],"product_brand":[70],"product_cat":[893],"product_tag":[961,960,852,959,115,402],"class_list":{"0":"post-12315","1":"product","2":"type-product","3":"status-publish","4":"has-post-thumbnail","6":"product_brand-razzbar","7":"product_cat-razzbar","8":"product_tag-16-vape-flavors","9":"product_tag-56ml-e-liquid-capacity","10":"product_tag-60000-puff-disposable-vape","11":"product_tag-razz-bar-60k","12":"product_tag-rechargeable-vape","13":"product_tag-type-c-vaping-device","15":"first","16":"instock","17":"sale","18":"shipping-taxable","19":"purchasable","20":"product-type-variable"},"jetpack_sharing_enabled":true,"tiered_pricing_type":"fixed","tiered_pricing_fixed_rules":[],"tiered_pricing_product_settings":{"layout":"default","base_unit_name":{"singular":null,"plural":null},"default_variation":null},"tiered_pricing_minimum_quantity":null,"tiered_pricing_roles_data":[],"tiered_pricing_percentage_rules":[],"tiered_pricing_maximum_quantity":null,"tiered_pricing_quantity_step":null,"_links":{"self":[{"href":"https:\/\/frvape.com\/hu\/wp-json\/wp\/v2\/product\/12315","targetHints":{"allow":["GET"]}}],"collection":[{"href":"https:\/\/frvape.com\/hu\/wp-json\/wp\/v2\/product"}],"about":[{"href":"https:\/\/frvape.com\/hu\/wp-json\/wp\/v2\/types\/product"}],"replies":[{"embeddable":true,"href":"https:\/\/frvape.com\/hu\/wp-json\/wp\/v2\/comments?post=12315"}],"wp:featuredmedia":[{"embeddable":true,"href":"https:\/\/frvape.com\/hu\/wp-json\/wp\/v2\/media\/12309"}],"wp:attachment":[{"href":"https:\/\/frvape.com\/hu\/wp-json\/wp\/v2\/media?parent=12315"}],"wp:term":[{"taxonomy":"product_brand","embeddable":true,"href":"https:\/\/frvape.com\/hu\/wp-json\/wp\/v2\/product_brand?post=12315"},{"taxonomy":"product_cat","embeddable":true,"href":"https:\/\/frvape.com\/hu\/wp-json\/wp\/v2\/product_cat?post=12315"},{"taxonomy":"product_tag","embeddable":true,"href":"https:\/\/frvape.com\/hu\/wp-json\/wp\/v2\/product_tag?post=12315"}],"curies":[{"name":"wp","href":"https:\/\/api.w.org\/{rel}","templated":true}]}}