{"id":12357,"date":"2025-11-02T11:29:09","date_gmt":"2025-11-02T11:29:09","guid":{"rendered":"https:\/\/frvape.com\/product\/fizzy-50000-puffs-2-in-1-disposable-vape-with-dual-flavors\/"},"modified":"2025-12-16T09:23:40","modified_gmt":"2025-12-16T09:23:40","slug":"fizzy-50000-puffs-2-az-1-ben-eldobhato-vape-kettos-izekkel","status":"publish","type":"product","link":"https:\/\/frvape.com\/hu\/product\/fizzy-50000-puffs-2-az-1-ben-eldobhato-vape-kettos-izekkel\/","title":{"rendered":"Fizzy 50,000 Puffs 2 az 1-ben eldobhat\u00f3 Vape kett\u0151s \u00edzekkel"},"content":{"rendered":"<p>A <strong>Fizzy 50,000 Puffs<\/strong> Az eldobhat\u00f3 vape p\u00e1ratlan hossz\u00fa \u00e9lettartamot \u00e9s \u00edzbeli rugalmass\u00e1got k\u00edn\u00e1l a <strong>eldobhat\u00f3 vape<\/strong> rajong\u00f3k. Hatalmas puffkapacit\u00e1ssal \u00e9s kett\u0151s \u00edzrendszerrel \u00fagy tervezt\u00e9k, hogy minden egyes h\u00faz\u00e1sn\u00e1l pr\u00e9mium min\u0151s\u00e9g\u0171 el\u00e9gedetts\u00e9get ny\u00fajtson.<\/p>\n<h3>F\u0151 jellemz\u0151k<\/h3>\n<p>Felszerelve egy <strong>h\u00e1l\u00f3s tekercs<\/strong> a sima, egyenletes g\u0151z\u00e9rt, ez a k\u00e9sz\u00fcl\u00e9k k\u00e9t \u00e1ll\u00edthat\u00f3 \u00fczemm\u00f3dot \u00e9s l\u00e9g\u00e1raml\u00e1si be\u00e1ll\u00edt\u00e1st tartalmaz a szem\u00e9lyre szabott \u00e9lm\u00e9nyek\u00e9rt. A <strong>\u00fajrat\u00f6lthet\u0151 akkumul\u00e1tor<\/strong> (850mAh, Type-C) t\u00e1mogatja a hosszan tart\u00f3 haszn\u00e1latot, m\u00edg a LED-kijelz\u0151 az akkumul\u00e1tor \u00e9lettartam\u00e1t \u00e9s az e-folyad\u00e9k szintj\u00e9t figyeli. Az 50 ml-es, el\u0151re felt\u00f6lt\u00f6tt tart\u00e1ly kiv\u00e9teles \u00e9rt\u00e9ket biztos\u00edt a 2% vagy 5% nikotinv\u00e1laszt\u00e9kkal, amely ide\u00e1lis minden vaper sz\u00e1m\u00e1ra.<\/p>\n<h3>\u00cdzek v\u00e1ltozatoss\u00e1ga<\/h3>\n<p>\u00c9lvezze ezeket az izgalmas kombin\u00e1ci\u00f3kat <strong>2 az 1-ben \u00edz<\/strong> lehet\u0151s\u00e9gek:<br \/>\nEper g\u00f6r\u00f6gdinnye \u00e9s \u00e1fonya j\u00e9g<br \/>\nG\u00f6r\u00f6gdinnye j\u00e9g \u00e9s citromos lime<br \/>\nEper-kiwi gr\u00e1n\u00e1talma &amp; Red Bull<br \/>\nEper j\u00e9g \u00e9s pezsg\u0151 cseresznye<br \/>\n\u0150szibarack Mang\u00f3 g\u00f6r\u00f6gdinnye \u00e9s eper ban\u00e1n<br \/>\nG\u00f6r\u00f6gdinnye j\u00e9g \u00e9s eper kiwi<br \/>\n\u00c1fonya k\u00f3kusz \u00e9s sz\u0151l\u0151 j\u00e9g<br \/>\nAnan\u00e1sz \u0150szibarack Maracuja &amp; \u00c1fonya M\u00e1lna<br \/>\nVegyes bogy\u00f3s gy\u00fcm\u00f6lcs \u00e9s barack j\u00e9g<br \/>\nK\u00e9k Razz limon\u00e1d\u00e9 \u00e9s tripla dinnye<br \/>\nM\u00e1lna limon\u00e1d\u00e9 \u00e9s eper j\u00e9g<br \/>\nM\u00e1lna G\u00f6r\u00f6gdinnye \u00e9s Kiwi Golgotavir\u00e1g Guava<\/p>\n<h3>M\u0171szaki adatok<\/h3>\n<p>Puff: 50,000 puffan\u00e1sig<br \/>\n\u00cdzek: 2 az 1-ben kett\u0151s \u00edzek<br \/>\nTekercs: <strong>H\u00e1l\u00f3s tekercs<\/strong><br \/>\nM\u00f3dok: 2 \u00e1ll\u00edthat\u00f3 m\u00f3d<br \/>\nL\u00e9g\u00e1raml\u00e1s: 2 \u00e1ll\u00edthat\u00f3 be\u00e1ll\u00edt\u00e1s<br \/>\nE-folyad\u00e9k Kapacit\u00e1s: 50ml<br \/>\nAkkumul\u00e1tor: 850mAh <strong>\u00fajrat\u00f6lthet\u0151 akkumul\u00e1tor<\/strong> (C-t\u00edpus\u00fa)<br \/>\nNikotin er\u0151ss\u00e9g: 2%\/5%<br \/>\nMegjelen\u00edt\u00e9s: LED k\u00e9perny\u0151<br \/>\nLej\u00e1rat: 2 \u00e9v<br \/>\nTerm\u00e9k m\u00e9rete: 65 x 30 x 135 mm; S\u00faly: 150g\/db<br \/>\nCsomagol\u00e1s: 10db\/doboz, 120db\/ctn; Karton s\u00falya: 18kg\/ctn<\/p>\n<h3>Mi\u00e9rt v\u00e1lassza a Fizzy 50K-t?<\/h3>\n<p>Ide\u00e1lis utaz\u00e1shoz, bulikhoz vagy napi haszn\u00e1latra, ez a vape a nagy teljes\u00edtm\u00e9nyt \u00e9s a k\u00e9nyelmet \u00f6tv\u00f6zi. A meghosszabb\u00edtott puff \u00e9lettartam \u00e9s a kett\u0151s \u00edzk\u00e9pess\u00e9g dinamikus \u00e9lm\u00e9nyt biztos\u00edt, \u00edgy t\u00f6k\u00e9letes a szem\u00e9lyes \u00e9lvezethez vagy a nagykereskedelmi forgalmaz\u00e1shoz. \u00c9rjen el kiv\u00e1l\u00f3 g\u0151zt \u00e9s gazdag \u00edzt a <strong>Fizzy 50,000 Puffs<\/strong> 2 az 1-ben eldobhat\u00f3 vape.<\/p>","protected":false},"excerpt":{"rendered":"<p>Tapasztalja meg a hosszan tart\u00f3 p\u00e1rologtat\u00e1st a <strong>Fizzy 50,000 Puffs<\/strong> eldobhat\u00f3 vape.<br \/>\nKett\u0151s \u00edzvil\u00e1ggal rendelkezik, <strong>h\u00e1l\u00f3s tekercs<\/strong> technol\u00f3gia, \u00e9s egy <strong>\u00fajrat\u00f6lthet\u0151 akkumul\u00e1tor<\/strong> hosszabb haszn\u00e1latra.<br \/>\nT\u00f6k\u00e9letes a sokoldal\u00fas\u00e1ghoz \u00e9s a gazdag \u00edzvil\u00e1ghoz \u00fatk\u00f6zben.<\/p>","protected":false},"featured_media":12351,"comment_status":"open","ping_status":"closed","template":"","meta":[],"product_brand":[124],"product_cat":[868],"product_tag":[1019,963,1021,112,962,372,342],"class_list":{"0":"post-12357","1":"product","2":"type-product","3":"status-publish","4":"has-post-thumbnail","6":"product_brand-fizzy","7":"product_cat-fizzy","8":"product_tag-000-puffs","9":"product_tag-2-in-1-flavor","10":"product_tag-1021","11":"product_tag-disposable-vape","12":"product_tag-fizzy-50000","13":"product_tag-mesh-coil","14":"product_tag-rechargeable-battery","16":"first","17":"instock","18":"sale","19":"shipping-taxable","20":"purchasable","21":"product-type-variable"},"jetpack_sharing_enabled":true,"tiered_pricing_type":"fixed","tiered_pricing_fixed_rules":[],"tiered_pricing_product_settings":{"layout":"default","base_unit_name":{"singular":null,"plural":null},"default_variation":null},"tiered_pricing_minimum_quantity":null,"tiered_pricing_roles_data":[],"tiered_pricing_percentage_rules":[],"tiered_pricing_maximum_quantity":null,"tiered_pricing_quantity_step":null,"_links":{"self":[{"href":"https:\/\/frvape.com\/hu\/wp-json\/wp\/v2\/product\/12357","targetHints":{"allow":["GET"]}}],"collection":[{"href":"https:\/\/frvape.com\/hu\/wp-json\/wp\/v2\/product"}],"about":[{"href":"https:\/\/frvape.com\/hu\/wp-json\/wp\/v2\/types\/product"}],"replies":[{"embeddable":true,"href":"https:\/\/frvape.com\/hu\/wp-json\/wp\/v2\/comments?post=12357"}],"wp:featuredmedia":[{"embeddable":true,"href":"https:\/\/frvape.com\/hu\/wp-json\/wp\/v2\/media\/12351"}],"wp:attachment":[{"href":"https:\/\/frvape.com\/hu\/wp-json\/wp\/v2\/media?parent=12357"}],"wp:term":[{"taxonomy":"product_brand","embeddable":true,"href":"https:\/\/frvape.com\/hu\/wp-json\/wp\/v2\/product_brand?post=12357"},{"taxonomy":"product_cat","embeddable":true,"href":"https:\/\/frvape.com\/hu\/wp-json\/wp\/v2\/product_cat?post=12357"},{"taxonomy":"product_tag","embeddable":true,"href":"https:\/\/frvape.com\/hu\/wp-json\/wp\/v2\/product_tag?post=12357"}],"curies":[{"name":"wp","href":"https:\/\/api.w.org\/{rel}","templated":true}]}}