{"id":12388,"date":"2025-11-02T11:33:34","date_gmt":"2025-11-02T11:33:34","guid":{"rendered":"https:\/\/frvape.com\/product\/zooy-king-triple-70000-disposable-vape-with-3-in-1-flavors-70000-puffs\/"},"modified":"2025-11-04T02:50:42","modified_gmt":"2025-11-04T02:50:42","slug":"zooy-king-triple-70000-eldobhato-vape-3-az-1-ben-izekkel-70000-puffolassal","status":"publish","type":"product","link":"https:\/\/frvape.com\/hu\/product\/zooy-king-triple-70000-eldobhato-vape-3-az-1-ben-izekkel-70000-puffolassal\/","title":{"rendered":"ZOOY King TRIPLE 70000 Eldobhat\u00f3 Vape 3 az 1-ben \u00edzekkel | 70000 Puffs"},"content":{"rendered":"<p>Bemutatkozik a <strong>ZOOY King TRIPLE 70000<\/strong>, egy nagy kapacit\u00e1s\u00fa eldobhat\u00f3 vape, amelyet a hosszan tart\u00f3 \u00e9lvezethez \u00e9s a v\u00e1ltozatos \u00edz\u00e9lm\u00e9nyekhez terveztek. Ez a k\u00e9sz\u00fcl\u00e9k ak\u00e1r 70 000 er\u0151teljes sz\u00edv\u00e1sra is k\u00e9pes, \u00e9s a 3 az 1-ben \u00edzinnov\u00e1ci\u00f3t pr\u00e9mium technol\u00f3gi\u00e1val \u00f6tv\u00f6zi, sima, gazdag g\u0151z\u00f6l\u00e9si utaz\u00e1st k\u00edn\u00e1lva a sokoldal\u00fas\u00e1gra \u00e9s megb\u00edzhat\u00f3s\u00e1gra v\u00e1gy\u00f3 rajong\u00f3knak.<\/p>\n<h3>Tov\u00e1bbfejlesztett funkci\u00f3k \u00e9s kialak\u00edt\u00e1s<\/h3>\n<p>A <strong>ZOOY King TRIPLE 70000<\/strong> integr\u00e1l egy h\u00e1rmas <strong>0,90 + 0,90 + 0,90 + 0,90 szemes tekercs<\/strong> rendszer a k\u00f6vetkezetes g\u0151z \u00e9s a mer\u00e9sz \u00edzek minden bel\u00e9gz\u00e9sn\u00e9l. Kompakt m\u00e9rete <strong>48 \u00d7 48 \u00d7 117mm<\/strong> biztos\u00edtja a hordozhat\u00f3s\u00e1got, m\u00edg az ergonomikus kialak\u00edt\u00e1s k\u00e9nyelmesen illeszkedik a k\u00e9zbe. Gyors felt\u00f6lt\u00e9s a <strong>C-t\u00edpus\u00fa<\/strong> porton kereszt\u00fcl, \u00e9s a haszn\u00e1latot k\u00f6nnyed\u00e9n nyomon k\u00f6vetheti a be\u00e9p\u00edtett <strong>intelligens LED k\u00e9perny\u0151<\/strong>, amely nyomon k\u00f6veti a puffok sz\u00e1m\u00e1t \u00e9s az akkumul\u00e1tor t\u00f6lt\u00f6tts\u00e9gi szintj\u00e9t. Minden egys\u00e9g s\u00falya <strong>150g<\/strong>, kiegyens\u00falyozott \u00e9rzetet biztos\u00edt, \u00e9s a csomagol\u00e1s r\u00e9szletei a k\u00f6vetkez\u0151k <strong>200db\/karton<\/strong> brutt\u00f3 s\u00falya <strong>29.7kg<\/strong> az \u00f6mlesztett hat\u00e9konys\u00e1g \u00e9rdek\u00e9ben.<\/p>\n<h3>Legfontosabb el\u0151ny\u00f6k<\/h3>\n<p><strong>Hatalmas puff kapacit\u00e1s<\/strong>: T\u00f6bb mint 70 000 puffan\u00e1s biztos\u00edtja a hosszan tart\u00f3 munkameneteket \u00e1lland\u00f3 cser\u00e9k n\u00e9lk\u00fcl.<br \/><strong>3 az 1-ben \u00edzf\u00fazi\u00f3<\/strong>: Z\u00f6kken\u0151mentes v\u00e1lt\u00e1s az \u00f6sszetett \u00edzkombin\u00e1ci\u00f3k k\u00f6z\u00f6tt egyetlen eszk\u00f6zzel a folyamatosan v\u00e1ltoz\u00f3 \u00e9lm\u00e9ny \u00e9rdek\u00e9ben.<br \/><strong>Intelligens k\u00e9nyelem<\/strong>: A be\u00e9p\u00edtett k\u00e9perny\u0151 val\u00f3s idej\u0171 friss\u00edt\u00e9seket biztos\u00edt a legfontosabb m\u00e9r\u0151sz\u00e1mokr\u00f3l, optimaliz\u00e1lva az ellen\u0151rz\u00e9st \u00e9s a k\u00e9nyelmet.<\/p>\n<h3>El\u00e9rhet\u0151 \u00edzv\u00e1laszt\u00e9k<\/h3>\n<p>V\u00e1lasszon az apr\u00f3l\u00e9kosan kidolgozott 3 az 1-ben \u00edzkombin\u00e1ci\u00f3k k\u00f6z\u00fcl a kellemes v\u00e1ltozatoss\u00e1g \u00e9rdek\u00e9ben:<br \/>G\u00f6r\u00f6gdinnye &amp; citromos lime &amp; Cherry Cola<br \/>Cseresznye \u00e9s \u00e1fonya j\u00e9g<br \/>Mang\u00f3 j\u00e9g &amp; Aloe Sz\u0151l\u0151 &amp; Kiwi maracuja<br \/>Eper-kiwi &amp; g\u00f6r\u00f6gdinnye j\u00e9g &amp; Red Bull<br \/>Mr. Blue &amp; Strawberry ban\u00e1n &amp; Lemon lime Vegyes bogy\u00f3s gy\u00fcm\u00f6lcs\u00f6k &amp; Strawberry Van\u00edlia cola &amp; Lemoncola<br \/>R\u00f3zsasz\u00edn limon\u00e1d\u00e9 \u00e9s eper m\u00e1lna<br \/>Eper j\u00e9g &amp; citrom menta &amp; passi\u00f3gy\u00fcm\u00f6lcs citrom<br \/>Tripla dinnye &amp; eper g\u00f6r\u00f6gdinnye &amp; citromos \u0151szibarack<br \/>Eper g\u00f6r\u00f6gdinnye &amp; \u00e1fonya j\u00e9g &amp; Love 666<br \/>Blueberry Bubblegum &amp; Love 666 &amp; Strawberry kiwi<\/p>","protected":false},"excerpt":{"rendered":"<p>Emelje a p\u00e1rologtat\u00e1si \u00e9lm\u00e9ny\u00e9t a <strong>ZOOY King TRIPLE 70000<\/strong>.<br \/>Az innovat\u00edv <strong>3 az 1-ben aroma technol\u00f3gia<\/strong> \u00e9s ak\u00e1r 70 000 f\u00faj\u00e1s.<br \/>C-t\u00edpuson kereszt\u00fcl \u00fajrat\u00f6lthet\u0151, be\u00e9p\u00edtett <strong>intelligens LED k\u00e9perny\u0151<\/strong><br \/>A p\u00e1ratlan hossz\u00fa \u00e9lettartam \u00e9s az \u00edzek v\u00e1ltozatoss\u00e1ga \u00e9rdek\u00e9ben.<\/p>","protected":false},"featured_media":12384,"comment_status":"open","ping_status":"closed","template":"","meta":[],"product_brand":[97],"product_cat":[1016,860],"product_tag":[965,966,968,967,159,964],"class_list":{"0":"post-12388","1":"product","2":"type-product","3":"status-publish","4":"has-post-thumbnail","6":"product_brand-zooy","7":"product_cat-big-puffs-vapes","8":"product_cat-zooy","9":"product_tag-3-in-1-flavors-vape","10":"product_tag-70000-puffs-disposable","11":"product_tag-smart-screen-e-cigarette","12":"product_tag-triple-mesh-coil","13":"product_tag-type-c-rechargeable-vape","14":"product_tag-zooy-king-triple-70000","16":"first","17":"instock","18":"sale","19":"shipping-taxable","20":"purchasable","21":"product-type-variable"},"jetpack_sharing_enabled":true,"tiered_pricing_type":"fixed","tiered_pricing_fixed_rules":[],"tiered_pricing_product_settings":{"layout":"default","base_unit_name":{"singular":null,"plural":null},"default_variation":null},"tiered_pricing_minimum_quantity":null,"tiered_pricing_roles_data":[],"tiered_pricing_percentage_rules":[],"tiered_pricing_maximum_quantity":null,"tiered_pricing_quantity_step":null,"_links":{"self":[{"href":"https:\/\/frvape.com\/hu\/wp-json\/wp\/v2\/product\/12388","targetHints":{"allow":["GET"]}}],"collection":[{"href":"https:\/\/frvape.com\/hu\/wp-json\/wp\/v2\/product"}],"about":[{"href":"https:\/\/frvape.com\/hu\/wp-json\/wp\/v2\/types\/product"}],"replies":[{"embeddable":true,"href":"https:\/\/frvape.com\/hu\/wp-json\/wp\/v2\/comments?post=12388"}],"wp:featuredmedia":[{"embeddable":true,"href":"https:\/\/frvape.com\/hu\/wp-json\/wp\/v2\/media\/12384"}],"wp:attachment":[{"href":"https:\/\/frvape.com\/hu\/wp-json\/wp\/v2\/media?parent=12388"}],"wp:term":[{"taxonomy":"product_brand","embeddable":true,"href":"https:\/\/frvape.com\/hu\/wp-json\/wp\/v2\/product_brand?post=12388"},{"taxonomy":"product_cat","embeddable":true,"href":"https:\/\/frvape.com\/hu\/wp-json\/wp\/v2\/product_cat?post=12388"},{"taxonomy":"product_tag","embeddable":true,"href":"https:\/\/frvape.com\/hu\/wp-json\/wp\/v2\/product_tag?post=12388"}],"curies":[{"name":"wp","href":"https:\/\/api.w.org\/{rel}","templated":true}]}}