{"id":1360,"date":"2025-10-12T01:08:41","date_gmt":"2025-10-12T01:08:41","guid":{"rendered":"https:\/\/frvape.com\/product\/elfbox-pulse-x-25000-disposable-vape-25k-puffs-rechargeable-design\/"},"modified":"2025-11-26T09:17:37","modified_gmt":"2025-11-26T09:17:37","slug":"elfbox-pulse-x-25000-eldobhato-vape-25k-puffs-ujratoltheto-design","status":"publish","type":"product","link":"https:\/\/frvape.com\/hu\/product\/elfbox-pulse-x-25000-eldobhato-vape-25k-puffs-ujratoltheto-design\/","title":{"rendered":"ElfBox Pulse-x 25000 Eldobhat\u00f3 Vape | 25K Puffs | \u00dajrat\u00f6lthet\u0151 design"},"content":{"rendered":"<h3>Bemutatkozik az ElfBox Pulse-x 25000: forradalmas\u00edtja a szaggat\u00e1s \u00e9lm\u00e9ny\u00e9t<\/h3>\n<p>A <strong>ElfBox Pulse-x 25000<\/strong> \u00fajrat\u00f6lthet\u0151 eldobhat\u00f3 vape pen \u00fagy lett tervezve, hogy p\u00e1ratlan teljes\u00edtm\u00e9ny\u00e9vel, leny\u0171g\u00f6z\u0151 hossz\u00fa \u00e9lettartam\u00e1val \u00e9s innovat\u00edv funkci\u00f3ival \u00e1talak\u00edtsa a p\u00e1rologtat\u00f3 utaz\u00e1s\u00e1t. Az alkalmi felhaszn\u00e1l\u00f3k \u00e9s a nagykereskedelmi v\u00e1s\u00e1rl\u00f3k sz\u00e1m\u00e1ra egyar\u00e1nt tervezett k\u00e9sz\u00fcl\u00e9k elk\u00e9peszt\u0151 <strong>25,000 puff<\/strong> kapacit\u00e1s \u00e9s <strong>\u00fajrat\u00f6lthet\u0151<\/strong> Type-C funkcionalit\u00e1ssal, \u00edgy k\u00f6rnyezetbar\u00e1t \u00e9s k\u00f6lts\u00e9ghat\u00e9kony v\u00e1laszt\u00e1s a p\u00e1rologtat\u00e1si piacon. A <strong>kett\u0151s h\u00e1l\u00f3s tekercs<\/strong> technol\u00f3gia \u00e9s t\u00f6bbsz\u00f6r\u00f6s <strong>nikotin er\u0151ss\u00e9g<\/strong>, ez a vape pen k\u00f6vetkezetes, gazdag \u00edzt biztos\u00edt az elej\u00e9t\u0151l a v\u00e9g\u00e9ig, t\u00f6k\u00e9letes a v\u00e1gyak kiel\u00e9g\u00edt\u00e9s\u00e9re.<\/p>\n<h3>Mi\u00e9rt v\u00e1lassza az ElfBox Pulse-x 25000-t?<\/h3>\n<p>V\u00e1lassza a <strong>ElfBox Pulse-x<\/strong> a cs\u00facstechnol\u00f3gia \u00e9s a felhaszn\u00e1l\u00f3bar\u00e1t k\u00e9nyelem kever\u00e9ke. A <strong>tart\u00f3s<\/strong> kialak\u00edt\u00e1s\u00e1val \u00e9s sokoldal\u00fa specifik\u00e1ci\u00f3ival kiemelked\u0151 v\u00e1laszt\u00e1snak sz\u00e1m\u00edt:<\/p>\n<p><strong>Meghosszabb\u00edtott vaping \u00e9lettartam:<\/strong> Tapasztalat ak\u00e1r <strong>25,000 puff<\/strong> norm\u00e1l \u00fczemm\u00f3dban, \u00edgy biztos\u00edtva a folyamatos p\u00e1rologtat\u00e1st gyakori cser\u00e9k n\u00e9lk\u00fcl. A <strong>18ml e-folyad\u00e9k<\/strong> a kapacit\u00e1s maximaliz\u00e1lja a felhaszn\u00e1l\u00e1st \u00e9s cs\u00f6kkenti a pazarl\u00e1st.<\/p>\n<p><strong>Fejlett f\u0171t\u00e9si rendszer:<\/strong> Tervezett egy <strong>kett\u0151s h\u00e1l\u00f3s tekercs<\/strong> setup (<strong>0,8ohm+0,8ohm<\/strong>), a k\u00e9sz\u00fcl\u00e9k sima, s\u0171r\u0171 g\u0151zt biztos\u00edt, \u00e9s minden egyes slukkn\u00e1l fokozza az \u00edzkibocs\u00e1t\u00e1st. P\u00e1ros\u00edtva <strong>AI teljes\u00edtm\u00e9nybe\u00e1ll\u00edt\u00e1s<\/strong>, ez a technol\u00f3gia alkalmazkodik az \u00d6n p\u00e1rol\u00e1si szok\u00e1saihoz az optim\u00e1lis teljes\u00edtm\u00e9ny \u00e9rdek\u00e9ben.<\/p>\n<p><strong>Rugalmas nikotinopci\u00f3k:<\/strong> Testre szabott p\u00e1rologtat\u00e1s prec\u00edz <strong>nikotin<\/strong> v\u00e1laszt\u00e1si lehet\u0151s\u00e9gek-v\u00e1lasszon a <strong>0%, 2%, 3% \u00e9s 5%<\/strong>. Ak\u00e1r a k\u00f6nny\u0171 nikotinmentes \u00e9lm\u00e9nyt, ak\u00e1r az er\u0151sebb r\u00fag\u00e1st kedveli, a <strong>ElfBox Pulse-x<\/strong> minden preferenci\u00e1nak megfelel.<\/p>\n<p><strong>Intelligens \u00e9s k\u00f6rnyezetbar\u00e1t funkci\u00f3k:<\/strong> Felszerelve egy <strong>3D \u00edvelt k\u00e9perny\u0151<\/strong> \u00e9s <strong>VPU bel\u00fclr\u0151l<\/strong> \u00e9rz\u00e9kel\u0151k, a panel alapvet\u0151 inform\u00e1ci\u00f3kat jelen\u00edt meg, m\u00edg a <strong>\u00fajrat\u00f6lthet\u0151<\/strong> A 750mAh-s akkumul\u00e1tor garant\u00e1lja a fenntarthat\u00f3s\u00e1got Type-C t\u00f6lt\u00e9sen kereszt\u00fcl. <strong>Impulzus teljes\u00edtm\u00e9ny<\/strong> \u00e9s <strong>Super Boost<\/strong> \u00fczemm\u00f3dok testreszabhat\u00f3 p\u00e1rologtat\u00e1st k\u00edn\u00e1lnak, ig\u00e9ny szerint n\u00f6velve a g\u0151z mennyis\u00e9g\u00e9t.<\/p>\n<h3>Soksz\u00edn\u0171 \u00edzv\u00e1laszt\u00e9k<\/h3>\n<p>K\u00e9nyeztesse mag\u00e1t sz\u00e9lesk\u00f6r\u0171 e-levek gy\u0171jtem\u00e9ny\u00fcnkkel, amelyet gondosan \u00f6ssze\u00e1ll\u00edtottunk, hogy \u00edzlel\u0151bimb\u00f3it gy\u00f6ny\u00f6rk\u00f6dtess\u00fck. Minden egyes <strong>ElfBox Pulse-x<\/strong> az \u00edz gazdag, egyenletes \u00edzt biztos\u00edt, amelyet jeges alaphangok vagy gy\u00fcm\u00f6lcs\u00f6s frissess\u00e9g eg\u00e9sz\u00edt ki:<\/p>\n<p><strong>Eper j\u00e9g<\/strong><br \/><strong>buja j\u00e9g<\/strong><br \/><strong>Eper g\u00f6r\u00f6gdinnye<\/strong><br \/><strong>Cherry Soda<\/strong><br \/><strong>Eper ban\u00e1n<\/strong><br \/><strong>K\u00e9k Razz j\u00e9g<\/strong><br \/><strong>Kiwi golgotavir\u00e1g<\/strong><br \/><strong>Sz\u0151l\u0151 j\u00e9g<\/strong><br \/><strong>Red Bull<\/strong><br \/><strong>Barack j\u00e9g<\/strong><\/p>\n<p>A  c\u00edmen <strong>10 k\u00fcl\u00f6nb\u00f6z\u0151 \u00edz<\/strong>, a friss\u00edt\u0151 h\u0171s\u00edt\u0151k \u00e9s egzotikus gy\u00fcm\u00f6lcskever\u00e9kek k\u00f6z\u00f6tt v\u00e1logathat a szem\u00e9lyre szabott kaland \u00e9rdek\u00e9ben.<\/p>\n<h3>R\u00e9szletes term\u00e9kle\u00edr\u00e1sok<\/h3>\n<p>A <strong>ElfBox Pulse-x 25000<\/strong> a robusztus \u00e9p\u00edt\u00e9si min\u0151s\u00e9get \u00e9s a m\u0171szaki kiv\u00e1l\u00f3s\u00e1got helyezi el\u0151t\u00e9rbe. N\u00e9zze meg, hogy specifik\u00e1ci\u00f3i mi\u00e9rt sz\u00e1m\u00edtanak ipar\u00e1gvezet\u0151nek:<\/p>\n<p><strong>Puff kapacit\u00e1s<\/strong>: Norm\u00e1l \u00fczemm\u00f3d (25,000 puff), Impulzus \u00fczemm\u00f3d (15,000 puff)<br \/><strong>Tekercs be\u00e1ll\u00edt\u00e1sa<\/strong>: <strong>Kett\u0151s h\u00e1l\u00f3s tekercs<\/strong>, 0,8ohm+0,8ohm konfigur\u00e1ci\u00f3<br \/><strong>E-folyad\u00e9k t\u00e9rfogata<\/strong>: Nagyvonal\u00fa 18ml kapacit\u00e1s<br \/><strong>Nikotin er\u0151ss\u00e9gek<\/strong>: Opci\u00f3k a <strong>0%, 2%, 3%, 5%<\/strong><br \/><strong>Akkumul\u00e1tor<\/strong>: Er\u0151teljes 750mAh <strong>\u00fajrat\u00f6lthet\u0151<\/strong> akkumul\u00e1tor (becs\u00fclt 13500mAh egyen\u00e9rt\u00e9k\u0171), Type-C t\u00f6lt\u0151csatlakoz\u00f3<br \/><strong>Megjelen\u00edt\u00e9s<\/strong>: Innovat\u00edv <strong>3D \u00edvelt k\u00e9perny\u0151<\/strong> a val\u00f3s idej\u0171 megfigyel\u00e9shez<br \/><strong>Technikai jellemz\u0151k<\/strong>: Tartalmazza a  c\u00edmet. <strong>AI teljes\u00edtm\u00e9nybe\u00e1ll\u00edt\u00e1s<\/strong>, <strong>Impulzus teljes\u00edtm\u00e9ny<\/strong>, <strong>Super Boost<\/strong>, \u00e9s VPU Inside a fokozott vez\u00e9rl\u00e9shez<br \/><strong>M\u00e9retek \u00e9s s\u00faly<\/strong>: Kompakt m\u00e9ret 91.5*56.5*28.5mm \u00e9s k\u00f6nny\u0171 s\u00faly 100g egys\u00e9genk\u00e9nt<br \/><strong>Csomagol\u00e1s r\u00e9szletei<\/strong>: Egyedi eszk\u00f6z\u00f6k gy\u0171jt\u0151dobozokban (dobozonk\u00e9nt 5db); kartondobozonk\u00e9nt 100db, a doboz m\u00e9rete 375*370*226mm, brutt\u00f3 s\u00falya 12,55kg.<\/p>\n<h3>Ide\u00e1lis a Vapers \u00e9s a nagykeresked\u0151k sz\u00e1m\u00e1ra<\/h3>\n<p>A <strong>magas puffan\u00e1ssz\u00e1m<\/strong> \u00e9s <strong>\u00fajrat\u00f6lthet\u0151<\/strong> funkcionalit\u00e1s, a <strong>ElfBox Pulse-x<\/strong> minimaliz\u00e1lja a cserek\u00f6lts\u00e9geket \u00e9s a k\u00f6rnyezetre gyakorolt hat\u00e1st, \u00edgy t\u00f6k\u00e9letes szem\u00e9lyes haszn\u00e1latra vagy t\u00f6meges megrendel\u00e9sre. A <strong>kett\u0151s h\u00e1l\u00f3s tekercs<\/strong> biztos\u00edtja a k\u00f6vetkezetes \u00edzkibocs\u00e1t\u00e1st, m\u00edg a <strong>nikotin rugalmass\u00e1g<\/strong> megfelel a k\u00fcl\u00f6nb\u00f6z\u0151 felhaszn\u00e1l\u00f3i ig\u00e9nyeknek. Fektessen be ebbe a pr\u00e9mium vape penbe m\u00e9g ma - ak\u00e1r szem\u00e9lyes k\u00e9nyeztet\u00e9sk\u00e9nt, ak\u00e1r kiskereskedelmi c\u00e9llal, kiv\u00e1l\u00f3 el\u00e9gedetts\u00e9get \u00edg\u00e9r, amelyet a legmodernebb technol\u00f3gia t\u00e1mogat.<\/p>","protected":false},"excerpt":{"rendered":"<p>Szerezd meg a <strong>ElfBox Pulse-x 25000<\/strong> \u00fajrat\u00f6lthet\u0151, eldobhat\u00f3 vape pen, amely ak\u00e1r <strong>25,000 puff<\/strong> eszk\u00f6z\u00f6nk\u00e9nt <strong>kett\u0151s h\u00e1l\u00f3s tekercs<\/strong> technol\u00f3gia. El\u00e9rhet\u0151 <strong>0%\/2%\/3%\/5% nicotine<\/strong> er\u0151ss\u00e9gek \u00e9s v\u00e1ltozatos \u00edzek.<\/p>","protected":false},"featured_media":1354,"comment_status":"open","ping_status":"closed","template":"","meta":[],"product_brand":[206],"product_cat":[207],"product_tag":[245,246,112,244,243,115],"class_list":{"0":"post-1360","1":"product","2":"type-product","3":"status-publish","4":"has-post-thumbnail","6":"product_brand-elfbox","7":"product_cat-elfbox-vape","8":"product_tag-25k-puffs","9":"product_tag-adjustable-nicotine","10":"product_tag-disposable-vape","11":"product_tag-dual-mesh-coil","12":"product_tag-elfbox-pulse-x-25000","13":"product_tag-rechargeable-vape","15":"first","16":"instock","17":"sale","18":"shipping-taxable","19":"purchasable","20":"product-type-variable"},"jetpack_sharing_enabled":true,"tiered_pricing_type":"fixed","tiered_pricing_fixed_rules":[],"tiered_pricing_product_settings":{"layout":"default","base_unit_name":{"singular":null,"plural":null},"default_variation":null},"tiered_pricing_minimum_quantity":null,"tiered_pricing_roles_data":[],"tiered_pricing_percentage_rules":[],"tiered_pricing_maximum_quantity":null,"tiered_pricing_quantity_step":null,"_links":{"self":[{"href":"https:\/\/frvape.com\/hu\/wp-json\/wp\/v2\/product\/1360","targetHints":{"allow":["GET"]}}],"collection":[{"href":"https:\/\/frvape.com\/hu\/wp-json\/wp\/v2\/product"}],"about":[{"href":"https:\/\/frvape.com\/hu\/wp-json\/wp\/v2\/types\/product"}],"replies":[{"embeddable":true,"href":"https:\/\/frvape.com\/hu\/wp-json\/wp\/v2\/comments?post=1360"}],"wp:featuredmedia":[{"embeddable":true,"href":"https:\/\/frvape.com\/hu\/wp-json\/wp\/v2\/media\/1354"}],"wp:attachment":[{"href":"https:\/\/frvape.com\/hu\/wp-json\/wp\/v2\/media?parent=1360"}],"wp:term":[{"taxonomy":"product_brand","embeddable":true,"href":"https:\/\/frvape.com\/hu\/wp-json\/wp\/v2\/product_brand?post=1360"},{"taxonomy":"product_cat","embeddable":true,"href":"https:\/\/frvape.com\/hu\/wp-json\/wp\/v2\/product_cat?post=1360"},{"taxonomy":"product_tag","embeddable":true,"href":"https:\/\/frvape.com\/hu\/wp-json\/wp\/v2\/product_tag?post=1360"}],"curies":[{"name":"wp","href":"https:\/\/api.w.org\/{rel}","templated":true}]}}