{"id":1411,"date":"2025-10-12T01:15:08","date_gmt":"2025-10-12T01:15:08","guid":{"rendered":"https:\/\/frvape.com\/product\/mrvi-arting-18000-disposable-vape-with-dual-mesh-coil-and-4-heating-modes\/"},"modified":"2026-02-06T03:27:03","modified_gmt":"2026-02-06T03:27:03","slug":"mrvi-arting-18000-eldobhato-vape-kettos-halos-tekerccsel-es-4-futesi-moddal","status":"publish","type":"product","link":"https:\/\/frvape.com\/hu\/product\/mrvi-arting-18000-eldobhato-vape-kettos-halos-tekerccsel-es-4-futesi-moddal\/","title":{"rendered":"Mrvi Arting 18000 Eldobhat\u00f3 Vape kett\u0151s h\u00e1l\u00f3s tekerccsel \u00e9s 4 f\u0171t\u00e9si m\u00f3ddal"},"content":{"rendered":"<h3>Forradalmas\u00edtsa a vaping \u00e9lm\u00e9ny\u00e9t a Mrvi Arting 18000-zel<\/h3>\n<p>Bemutatjuk a legmodernebb <strong>Mrvi Arting 18000<\/strong>, egy pr\u00e9mium eldobhat\u00f3 vape, amelyet a v\u00e9gs\u0151 k\u00e9nyelem \u00e9s el\u00e9gedetts\u00e9g \u00e9rdek\u00e9ben terveztek. Ez a legmodernebb eszk\u00f6z egyes\u00edti <strong>fejlett technol\u00f3gia<\/strong> kifinomult diz\u00e1jnnal, a kezd\u0151 doh\u00e1nyosok \u00e9s a tapasztalt rajong\u00f3k sz\u00e1m\u00e1ra egyar\u00e1nt. A <strong>nagy 26ml folyad\u00e9kkapacit\u00e1s<\/strong> biztos\u00edtja a hosszan tart\u00f3 haszn\u00e1latot gyakori cser\u00e9k n\u00e9lk\u00fcl, m\u00edg a rendk\u00edv\u00fcl eleg\u00e1ns m\u00e9ret\u0171 <strong>43*23.7*99mm<\/strong> t\u00f6k\u00e9letesen hordozhat\u00f3v\u00e1 teszi a mindennapi visel\u00e9shez. Er\u0151s t\u00e1pegys\u00e9ggel m\u0171k\u00f6dik <strong>600mAh akkumul\u00e1tor<\/strong> \u00e9s felszerelve egy <strong>teljes k\u00e9perny\u0151s kijelz\u0151<\/strong>, vizu\u00e1lisan vil\u00e1gosan vezeti a p\u00e1rologtat\u00f3 utaz\u00e1s\u00e1t. R\u00e1ad\u00e1sul a <strong>gyermekz\u00e1r funkci\u00f3<\/strong> az als\u00f3 gomb egyszer\u0171, 5 m\u00e1sodperces nyomva tart\u00e1s\u00e1val aktiv\u00e1l\u00f3dik, n\u00f6velve a biztons\u00e1got.<br \/>Minden doboz egyetlen vape-t tartalmaz, hat\u00e9konyan csomagolva, 10 darabos display dobozokban, 200 darabos \u00f6mlesztett kartondobozos opci\u00f3val. Tapasztalja meg a forradalmat m\u00e9g ma!<\/p>\n<h3>P\u00e1ratlan teljes\u00edtm\u00e9ny \u00e9s innov\u00e1ci\u00f3<\/h3>\n<p>A kiv\u00e1l\u00f3s\u00e1gra tervezett <strong>Mrvi Arting 18000<\/strong> jellemz\u0151i egy <strong>kett\u0151s h\u00e1l\u00f3s tekercs<\/strong> rendszer a <strong>1.0\u03a9 + 1.0\u03a9 ellen\u00e1ll\u00e1s<\/strong>, garant\u00e1lva az egyenletes g\u0151ztermel\u00e9st \u00e9s a p\u00e1ratlan <strong>\u00edzintenzit\u00e1s<\/strong>. Ellent\u00e9tben a standard vapes, annak <strong>n\u00e9gy f\u0171t\u00e9si m\u00f3d<\/strong> k\u00f6nnyed\u00e9n alkalmazkodik a preferenci\u00e1ihoz: az als\u00f3 gomb egyszeri megnyom\u00e1s\u00e1val v\u00e1lthat az \u00fczemm\u00f3dok k\u00f6z\u00f6tt az ECO, PLUS, PRO \u00e9s MAX be\u00e1ll\u00edt\u00e1sok k\u00f6z\u00f6tt. Az ECO \u00e9s a PLUS \u00fczemm\u00f3dok egyetlen h\u00e1l\u00f3s tekercset haszn\u00e1lnak a <strong>l\u00e1gyabb \u00edzprofil<\/strong>, ide\u00e1lis kezd\u0151knek, akik gyeng\u00e9debb \u00e1tmenetet keresnek.<br \/>A PRO \u00e9s MAX \u00fczemm\u00f3dok aktiv\u00e1lj\u00e1k a kett\u0151s h\u00e1l\u00f3s tekercset - a PRO alacsony teljes\u00edtm\u00e9ny\u0171 f\u0171t\u00e9st k\u00edn\u00e1l kb. <strong>10W kimenet<\/strong> a sima, finom \u00edzek\u00e9rt, m\u00edg a MAX nagy teljes\u00edtm\u00e9nyt ny\u00fajt, kb. <strong>20W kimenet<\/strong>, intenz\u00edv \u00edz\u0171 <strong>torok\u00fct\u00e9s<\/strong> a veter\u00e1n doh\u00e1nyosok \u00e1ltal kedvelt. Ez a dinamikus sokoldal\u00fas\u00e1g minden egyes slukkot feldob, \u00edgy az eldobhat\u00f3 vape-piacon a j\u00e1t\u00e9kot megv\u00e1ltoztatja.<\/p>\n<h3>\u00cdzletes fajt\u00e1k, amelyek elk\u00e1pr\u00e1ztatj\u00e1k az \u00edzlel\u0151bimb\u00f3kat<\/h3>\n<p>Mer\u00fclj\u00f6n el az izgalmak vil\u00e1g\u00e1ban a v\u00e1ltozatos <strong>elektronikus g\u0151z \u00edzek<\/strong>, pr\u00e9mium e-nedveket tartalmaz, amelyekben a <strong>2% vagy 5% nikotiner\u0151ss\u00e9g<\/strong> hogy megfeleljen a v\u00e1gyaidnak. Minden egyes \u00edzt apr\u00f3l\u00e9kosan kidolgozott, hogy hiteles legyen, <strong>hosszan tart\u00f3 \u00edz\u00e9rzet<\/strong>, a jeges friss\u00edt\u0151kt\u0151l a gy\u00fcm\u00f6lcs\u00f6s boldogs\u00e1gig terjed\u0151 v\u00e1laszt\u00e9kkal.<br \/>Fedezze fel a v\u00e1laszt\u00e1si lehet\u0151s\u00e9gek teljes spektrum\u00e1t:<br \/><strong>Anan\u00e1sz Eper Ban\u00e1n<\/strong> - Tr\u00f3pusi f\u00fazi\u00f3s kever\u00e9k<br \/><strong>Fuji Ice<\/strong> - H\u0171s\u00edt\u0151 alma\u00e9rzet jeges befejez\u00e9ssel<br \/><strong>G\u00f6r\u00f6gdinnye j\u00e9g<\/strong> - L\u00e9d\u00fas g\u00f6r\u00f6gdinnye fagyos hideggel<br \/><strong>Barack mang\u00f3<\/strong> - Egzotikus \u00e9des p\u00e1ros\u00edt\u00e1s<br \/><strong>K\u00e9k Razz j\u00e9g<\/strong> - Bogy\u00f3sgy\u00fcm\u00f6lcs-robban\u00e1s \u00e9l\u00e9nk j\u00e9ghat\u00e1ssal<br \/><strong>Cherry g\u00f6r\u00f6gdinnye<\/strong> - \u00c9des cseresznye friss\u00edt\u0151 dinny\u00e9vel keverve<br \/><strong>Eper-kiwi j\u00e9g<\/strong> - Bogy\u00f3s-z\u00f6ldes \u00edz \u00e9s jeges r\u00fag\u00e1s<br \/><strong>Sz\u0151l\u0151 j\u00e9g<\/strong> - Gazdag sz\u0151l\u0151 esszencia h\u0171v\u00f6s alapt\u00f3nussal<br \/><strong>Citrom Lime<\/strong> - F\u0171szeres citrusf\u00e9l\u00e9k<br \/><strong>Szeder \u00c1fonya<\/strong> - Mer\u00e9sz savany\u00fas\u00e1g bogy\u00f3s gy\u00fcm\u00f6lcs\u00f6kkel<\/p>\n<h3>\u00c1tfog\u00f3 specifik\u00e1ci\u00f3k \u00e9s felhaszn\u00e1l\u00f3i k\u00e9nyelem<\/h3>\n<p><strong>Mrvi Arting 18000<\/strong> cs\u00facsmin\u0151s\u00e9g\u0171 specifik\u00e1ci\u00f3kkal b\u00fcszk\u00e9lkedhet, amelyeket a k\u00f6vetkez\u0151kre terveztek <strong>probl\u00e9mamentes p\u00e1rologtat\u00e1s<\/strong>: 18000 megb\u00edzhat\u00f3 puff, egy hatalmas <strong>26ml folyad\u00e9kkapacit\u00e1s<\/strong>, \u00e9s <strong>C-t\u00edpus\u00fa t\u00f6lt\u00e9s<\/strong> a gyors, univerz\u00e1lis kompatibilit\u00e1s \u00e9rdek\u00e9ben. Az akkumul\u00e1tor robusztus <strong>600mAh kapacit\u00e1s<\/strong> hosszabb munkameneteken kereszt\u00fcl tart, m\u00edg a dual-mesh <strong>1.0\u03a9 ellen\u00e1ll\u00e1s<\/strong> meg\u0151rzi az \u00edz integrit\u00e1s\u00e1t.<br \/>Ez a k\u00e9sz\u00fcl\u00e9k a felhaszn\u00e1l\u00f3i k\u00e9nyelmet helyezi el\u0151t\u00e9rbe a <strong>gyermekz\u00e1r<\/strong>, megakad\u00e1lyozva a v\u00e9letlen aktiv\u00e1l\u00e1st, \u00e9s az intuit\u00edv <strong>n\u00e9gykapcsol\u00f3s f\u0171t\u00e9si rendszer<\/strong> amely azonnal testre szabja a h\u0151t. Ide\u00e1lis \u00faj felhaszn\u00e1l\u00f3k \u00e9s profik sz\u00e1m\u00e1ra egyar\u00e1nt, a be\u00e1ll\u00edt\u00e1s plug-and-play, \u00e9s eldobhat\u00f3 jelleg\u00e9nek k\u00f6sz\u00f6nhet\u0151en nincs sz\u00fcks\u00e9g ut\u00e1nt\u00f6lt\u00e9sre.<\/p>\n<h3>Csomagol\u00e1s \u00e9s tart\u00f3ss\u00e1gbiztos\u00edt\u00e1s<\/h3>\n<p>Minden <strong>Mrvi Arting 18000<\/strong> a frissess\u00e9g \u00e9s higi\u00e9nia \u00e9rdek\u00e9ben egyenk\u00e9nt csomagolva, 10 darabos vitrines dobozokban, t\u00f6meges forgalmaz\u00e1s eset\u00e9n pedig 200 darabot tartalmaz\u00f3 teljes kartondobozban sz\u00e1ll\u00edtj\u00e1k. A mindennapi ig\u00e9nybev\u00e9telre tervezett, kompakt, m\u00e9gis rugalmas szerkezete biztos\u00edtja, hogy \u00e9lvezze a teljes <strong>18000 puff<\/strong> \u00e9lettartama agg\u00e1lyok n\u00e9lk\u00fcl.<\/p>\n<h3>Mi\u00e9rt a Mrvi Arting 18000 a t\u00f6k\u00e9letes v\u00e1laszt\u00e1s \u00d6nnek<\/h3>\n<p>V\u00e1lassza ki a  c\u00edmet. <strong>Mrvi Arting 18000<\/strong> egy p\u00e1ratlan, innov\u00e1ci\u00f3val teli p\u00e1rologtat\u00e1si kalandhoz. Ak\u00e1r kezd\u0151 vagy, akit a kezd\u0151bar\u00e1t <strong>ECO \u00e9s PLUS \u00fczemm\u00f3dok<\/strong> vagy egy szak\u00e9rt\u0151, aki v\u00e1gyik az intenz\u00edv <strong>PRO \u00e9s MAX<\/strong> tapasztalatok, ez a vape k\u00f6vetkezetes, testreszabhat\u00f3 el\u00e9gedetts\u00e9get ny\u00fajt. Minden \u00edz a legfinomabb alapanyagokb\u00f3l \u00e9s kiegyens\u00falyozottan k\u00e9sz\u00fcl. <strong>nikotin er\u0151ss\u00e9g<\/strong>, biztos\u00edtva a min\u0151s\u00e9get \u00e9s a biztons\u00e1got. Fogadja el a pr\u00e9mium teljes\u00edtm\u00e9nyt minden egyes h\u00faz\u00e1ssal.<\/p>","protected":false},"excerpt":{"rendered":"<p>Fedezze fel a fels\u0151 kateg\u00f3ri\u00e1s <strong>Mrvi Arting 18000<\/strong> eldobhat\u00f3 vape, amely hihetetlen <strong>18000 puff<\/strong> egy <strong>26mL e-folyad\u00e9k<\/strong> kapacit\u00e1s kompakt form\u00e1ban.<br \/>A  oldalon. <strong>kett\u0151s h\u00e1l\u00f3s tekercs<\/strong> technol\u00f3gia, <strong>n\u00e9gy f\u0171t\u00e9si m\u00f3d<\/strong> egy\u00e9ni \u00e9lm\u00e9nyekhez, gyermekbiztons\u00e1gi z\u00e1r \u00e9s gyorsz\u00e1r <strong>C-t\u00edpus\u00fa t\u00f6lt\u00e9s<\/strong> t\u00e1mogat\u00e1s.<\/p>","protected":false},"featured_media":1405,"comment_status":"open","ping_status":"closed","template":"","meta":[],"product_brand":[174],"product_cat":[175],"product_tag":[248,112,244,247,190,249],"class_list":{"0":"post-1411","1":"product","2":"type-product","3":"status-publish","4":"has-post-thumbnail","6":"product_brand-mrvi","7":"product_cat-mrvi-vape","8":"product_tag-18000-puff","9":"product_tag-disposable-vape","10":"product_tag-dual-mesh-coil","11":"product_tag-mrvi-arting-18000","12":"product_tag-type-c-charging","13":"product_tag-vaping-flavors","15":"first","16":"outofstock","17":"sale","18":"shipping-taxable","19":"purchasable","20":"product-type-variable"},"jetpack_sharing_enabled":true,"tiered_pricing_type":"fixed","tiered_pricing_fixed_rules":[],"tiered_pricing_product_settings":{"layout":"default","base_unit_name":{"singular":null,"plural":null},"default_variation":null},"tiered_pricing_minimum_quantity":null,"tiered_pricing_roles_data":[],"tiered_pricing_percentage_rules":[],"tiered_pricing_maximum_quantity":null,"tiered_pricing_quantity_step":null,"_links":{"self":[{"href":"https:\/\/frvape.com\/hu\/wp-json\/wp\/v2\/product\/1411","targetHints":{"allow":["GET"]}}],"collection":[{"href":"https:\/\/frvape.com\/hu\/wp-json\/wp\/v2\/product"}],"about":[{"href":"https:\/\/frvape.com\/hu\/wp-json\/wp\/v2\/types\/product"}],"replies":[{"embeddable":true,"href":"https:\/\/frvape.com\/hu\/wp-json\/wp\/v2\/comments?post=1411"}],"wp:featuredmedia":[{"embeddable":true,"href":"https:\/\/frvape.com\/hu\/wp-json\/wp\/v2\/media\/1405"}],"wp:attachment":[{"href":"https:\/\/frvape.com\/hu\/wp-json\/wp\/v2\/media?parent=1411"}],"wp:term":[{"taxonomy":"product_brand","embeddable":true,"href":"https:\/\/frvape.com\/hu\/wp-json\/wp\/v2\/product_brand?post=1411"},{"taxonomy":"product_cat","embeddable":true,"href":"https:\/\/frvape.com\/hu\/wp-json\/wp\/v2\/product_cat?post=1411"},{"taxonomy":"product_tag","embeddable":true,"href":"https:\/\/frvape.com\/hu\/wp-json\/wp\/v2\/product_tag?post=1411"}],"curies":[{"name":"wp","href":"https:\/\/api.w.org\/{rel}","templated":true}]}}