{"id":1440,"date":"2025-10-12T01:22:31","date_gmt":"2025-10-12T01:22:31","guid":{"rendered":"https:\/\/frvape.com\/product\/bang-36000-large-screen-vape-36000-puffs-adjustable-power-modes-full-display\/"},"modified":"2025-12-16T09:49:15","modified_gmt":"2025-12-16T09:49:15","slug":"bang-36000-nagy-kepernyo-vape-36000-puff-allithato-teljesitmeny-uzemmodok-teljes-kijelzon","status":"publish","type":"product","link":"https:\/\/frvape.com\/hu\/product\/bang-36000-nagy-kepernyo-vape-36000-puff-allithato-teljesitmeny-uzemmodok-teljes-kijelzon\/","title":{"rendered":"Bang 36000 Nagy k\u00e9perny\u0151s Vape: 36,000 puff, \u00e1ll\u00edthat\u00f3 teljes\u00edtm\u00e9nym\u00f3dok, teljes kijelz\u0151"},"content":{"rendered":"<h3>Mi\u00e9rt \u00e9rn\u00e9 be kevesebbel? Ismerje meg az \u00faj kedvenc Vape-j\u00e9t<\/h3>\n<p>T\u00fal gyorsan fogy a jelenlegi k\u00e9sz\u00fcl\u00e9ked? A legrosszabb pillanatban hal meg? Jobb \u00edzre v\u00e1gyik? K\u00f6sz\u00f6ntse a <strong>Bang 36000 nagy k\u00e9perny\u0151<\/strong> - ahol az er\u0151 \u00e9s a teljes\u00edtm\u00e9ny tal\u00e1lkozik, hogy megsz\u00fcntesse az \u00f6sszes p\u00e1rol\u00e1si frusztr\u00e1ci\u00f3t.<\/p>\n<h3>J\u00e1t\u00e9kv\u00e1ltoztat\u00f3 funkci\u00f3k<\/h3>\n<p>Ez nem csak egy \u00fajabb eldobhat\u00f3 vape. Az ipar\u00e1g vezet\u0151 technol\u00f3gi\u00e1j\u00e1val \u00e9s \u00e1tgondolt tervez\u00e9s\u00e9vel a <strong>Bang 36000 nagy k\u00e9perny\u0151<\/strong> sz\u00e1ll\u00edt:<\/p>\n<ul>\n<li><strong>Massz\u00edv 36,000 puff<\/strong> - T\u00fal\u00e9lni minden versenyt\u00e1rsat<\/li>\n<li><strong>36ml pr\u00e9mium e-folyad\u00e9k kapacit\u00e1s<\/strong> - Kevesebb cser\u00e9re van sz\u00fcks\u00e9g<\/li>\n<li>3 testreszabhat\u00f3 energiaell\u00e1t\u00e1si m\u00f3d: P1 (enyhe), P2 (k\u00f6zepes), P3 (intenz\u00edv).<\/li>\n<li>Teljes k\u00e9perny\u0151s kijelz\u0151 val\u00f3s idej\u0171 statisztikak\u00f6vet\u00e9ssel<\/li>\n<li>Fejlett \u00e9rint\u00e9svez\u00e9rl\u0151 rendszer<\/li>\n<li>H\u00e1romr\u00e9teg\u0171 biztons\u00e1gi v\u00e9delem<\/li>\n<\/ul>\n<h3>Unbox pr\u00e9mium teljes\u00edtm\u00e9ny<\/h3>\n<p>A <strong>Bang 36000 nagy k\u00e9perny\u0151<\/strong> robusztus, 850mAh kapacit\u00e1s\u00fa akkumul\u00e1torral rendelkezik, amely a k\u00f6vetkez\u0151 m\u00f3don t\u00f6lt\u0151dik <strong>USB Type-C<\/strong>, k\u00f6vetkezetesen optim\u00e1lis fesz\u00fclts\u00e9get biztos\u00edtva a <strong>1.0 ohm h\u00e1l\u00f3s tekercs<\/strong>. A kiemelked\u0151 funkci\u00f3? A vibr\u00e1l\u00f3, teljes k\u00e9perny\u0151s kijelz\u0151, amely mutatja az akkumul\u00e1tor \u00e9lettartam\u00e1t, az e-dzs\u00fasz szintj\u00e9t \u00e9s az aktu\u00e1lis teljes\u00edtm\u00e9nybe\u00e1ll\u00edt\u00e1st - nincs t\u00f6bb\u00e9 tal\u00e1lgat\u00e1s.<\/p>\n<h3>Biztons\u00e1gi tervez\u00e9s a nyugalom\u00e9rt<\/h3>\n<p>Sz\u00edvjon magabiztosan a be\u00e9p\u00edtett biztons\u00e1gi int\u00e9zked\u00e9sekkel:<br \/>\n<strong>Automatikus kikapcsol\u00e1s<\/strong> 10 m\u00e1sodperces folyamatos h\u00faz\u00e1s ut\u00e1n<br \/>\n<strong>R\u00f6vidz\u00e1rlat elleni v\u00e9delem<\/strong> elektromos biztons\u00e1g<br \/>\n<strong>Kisfesz\u00fclts\u00e9g\u0171 kikapcsol\u00e1s<\/strong> (3,3V k\u00fcsz\u00f6b\u00e9rt\u00e9k)<br \/>\nT\u00falmeleged\u00e9st megakad\u00e1lyoz\u00f3 rendszer<\/p>\n<h3>Pontos teljes\u00edtm\u00e9nyszab\u00e1lyoz\u00e1s<\/h3>\n<p>Szem\u00e9lyre szabhatja \u00e9lm\u00e9ny\u00e9t az intuit\u00edv \u00e9rint\u00e9svez\u00e9rl\u0151k\u00f6n kereszt\u00fcl kezelt h\u00e1romszoros teljes\u00edtm\u00e9nybe\u00e1ll\u00edt\u00e1sokkal:<br \/>\n<strong>P1 (alacsony teljes\u00edtm\u00e9ny)<\/strong>: Sima \u00e9s finom - ide\u00e1lis kezd\u0151knek<br \/>\n<strong>P2 (k\u00f6zepes)<\/strong>: Kiegyens\u00falyozott felh\u0151k \u00e9s \u00edz - t\u00f6k\u00e9letes napi be\u00e1ll\u00edt\u00e1s<br \/>\n<strong>P3 (magas)<\/strong>: Intenz\u00edv \u00edzlel\u00e9s - maxim\u00e1lis kiel\u00e9g\u00fcl\u00e9s<\/p>\n<h3>M\u0171szaki specifik\u00e1ci\u00f3k<\/h3>\n<ul>\n<li><strong>Puff sz\u00e1m<\/strong>: 36,000<\/li>\n<li><strong>E-folyad\u00e9k t\u00e9rfogata<\/strong>: 36ml<\/li>\n<li><strong>Nikotin er\u0151ss\u00e9gek<\/strong>: 0%\/2%\/3%\/5%<\/li>\n<li><strong>Akkumul\u00e1tor<\/strong>: \u00dajrat\u00f6lthet\u0151 850mAh<\/li>\n<li><strong>Tekercs ellen\u00e1ll\u00e1s<\/strong>: 1.0 ohm h\u00e1l\u00f3s tekercs<\/li>\n<li><strong>T\u00f6lt\u0151port<\/strong>: USB Type-C<\/li>\n<\/ul>\n<h3>Pr\u00e9mium \u00edzkollekci\u00f3nk<\/h3>\n<p>K\u00f3stolja meg az al\u00e1\u00edr\u00e1sunkat <strong>eldobhat\u00f3 vape \u00edzek<\/strong> a maxim\u00e1lis \u00e9lvezet \u00e9rdek\u00e9ben:<br \/>\n<strong>Fruit Ice sorozat<\/strong>: Sz\u0151l\u0151 j\u00e9g | G\u00f6r\u00f6gdinnye j\u00e9g | \u00c1fonya j\u00e9g | Fekete S\u00e1rk\u00e1ny j\u00e9g<br \/>\n<strong>Bogy\u00f3s gy\u00fcm\u00f6lcs\u00f6k kever\u00e9kei<\/strong>: TRIPLE BERRY | \u00c1fonya M\u00e1lna<br \/>\n<strong>Tr\u00f3pusi kever\u00e9kek<\/strong>: Barack Mang\u00f3 G\u00f6r\u00f6gdinnye | Eper Kiwi | Eper Mang\u00f3<br \/>\n<strong>Kreat\u00edv kombin\u00e1ci\u00f3k<\/strong>: MIX Fruit | Eper BANANA | Eper g\u00f6r\u00f6gdinnye<br \/>\nMinden \u00edz prec\u00edzi\u00f3s m\u00e9rn\u00f6ki munka r\u00e9v\u00e9n fejl\u0151dik ki - a <strong>Bang 36000 nagy k\u00e9perny\u0151<\/strong> a fejlett tekercs kialak\u00edt\u00e1snak \u00e9s a h\u0151m\u00e9rs\u00e9klet-szab\u00e1lyozott elp\u00e1rologtat\u00e1si folyamatnak k\u00f6sz\u00f6nhet\u0151en.<\/p>\n<h3>A v\u00e9gs\u0151 felhaszn\u00e1l\u00f3i \u00e9lm\u00e9ny<\/h3>\n<p>Mi\u00e9rt v\u00e1lassza a <strong>Bang 36000 nagy k\u00e9perny\u0151<\/strong>? P\u00e1ratlan hossz\u00fa \u00e9lettartama mellett, \u00d6n kap:<br \/>\n<strong>K\u00f6nnyed m\u0171k\u00f6d\u00e9s<\/strong> \u00e9rint\u00e9s\u00e9rz\u00e9keny vez\u00e9rl\u0151k\u00f6n kereszt\u00fcl<br \/>\n<strong>Krist\u00e1lytiszta kijelz\u0151<\/strong> a l\u00e9tfontoss\u00e1g\u00fa vape m\u00e9r\u0151sz\u00e1mok bemutat\u00e1sa<br \/>\n<strong>Optimaliz\u00e1lt l\u00e9g\u00e1raml\u00e1s<\/strong> a sima h\u00faz\u00e1s\u00e9rt minden alkalommal<br \/>\n<strong>K\u00f6vetkezetes \u00edzprofil<\/strong> az utols\u00f3 slukkig fenntartva<\/p>\n<h3>M\u00e9rn\u00f6ki kiv\u00e1l\u00f3s\u00e1g<\/h3>\n<p>A <strong>Bang 36000 nagy k\u00e9perny\u0151<\/strong> fejlett h\u00e1l\u00f3s tekercs technol\u00f3gi\u00e1val rendelkezik, amely egyenletesen meleg\u00edti az e-folyad\u00e9kot, mik\u00f6zben megakad\u00e1lyozza a sz\u00e1raz tal\u00e1latokat. Sziv\u00e1rg\u00e1smentes szerkezete m\u00e9g \u00fcresen hagyva is meg\u0151rzi integrit\u00e1s\u00e1t. A matt fel\u00fclet\u0171 test k\u00e9nyelmes fog\u00e1st biztos\u00edt, m\u00edg a ferde sz\u00e1jr\u00e9sz ergonomikus k\u00e9nyelmet biztos\u00edt a hosszabb \u00fcl\u00e9sek sor\u00e1n.<\/p>\n<h3>\u00cdzprofil r\u00e9szletek<\/h3>\n<ul>\n<li><strong>Sz\u0151l\u0151 j\u00e9g<\/strong>: Fanyar lila sz\u0151l\u0151, jeges lecseng\u00e9ssel<\/li>\n<li><strong>TRIPLE BERRY<\/strong>: M\u00e1lna, szeder \u00e9s \u00e1fonya f\u00fazi\u00f3<\/li>\n<li><strong>Eper g\u00f6r\u00f6gdinnye<\/strong>: L\u00e9d\u00fas g\u00f6r\u00f6gdinnye \u00e9s \u00e9rett eper tal\u00e1lkoz\u00e1sa<\/li>\n<li><strong>Fekete s\u00e1rk\u00e1ny j\u00e9g<\/strong>: Egzotikus s\u00e1rk\u00e1nygy\u00fcm\u00f6lcs mentolos felhangokkal<\/li>\n<li><strong>Barack mang\u00f3 g\u00f6r\u00f6gdinnye<\/strong>: Tr\u00f3pusi tri\u00f3 t\u00f6k\u00e9letesen kiegyens\u00falyozott<\/li>\n<li><strong>\u00c1fonya m\u00e1lna<\/strong>: M\u00e9ly bogy\u00f3s gy\u00fcm\u00f6lcs\u00f6k kever\u00e9ke \u00e9des savany\u00fas\u00e1ggal<\/li>\n<li><strong>Eper BAN\u00c1NA<\/strong>: Kr\u00e9mes ban\u00e1n \u00e9s friss eper du\u00f3<\/li>\n<\/ul>\n<h3>Mi\u00e9rt v\u00e1lasztj\u00e1k a Vapers a Bang 36000-et<\/h3>\n<p>Ez az eszk\u00f6z kik\u00fcsz\u00f6b\u00f6li a k\u00f6lts\u00e9gvet\u00e9si vapes f\u0151 f\u00e1jdalmas pontjait: a gyenge akkumul\u00e1tor-\u00e9lettartamot, a k\u00f6vetkezetlen \u00edzkiszolg\u00e1l\u00e1st \u00e9s a gyakori cser\u00e9ket. A nagy, 36 ml-es e-l\u00e9 kapacit\u00e1sunk kevesebb k\u00e9sz\u00fcl\u00e9kcser\u00e9t jelent, mik\u00f6zben cs\u00f6kkenti a hullad\u00e9k mennyis\u00e9g\u00e9t. A jelent\u0151s 850mAh-s akkumul\u00e1tor t\u00e1mogatja az eg\u00e9sz napos g\u0151z\u00f6l\u00e9st, \u00e9s a gyors USB-C \u00fajrat\u00f6lt\u00e9s kevesebb mint 45 percet vesz ig\u00e9nybe a teljes helyre\u00e1ll\u00edt\u00e1shoz.<\/p>\n<p>N\u00e9gy nikotiner\u0151ss\u00e9gben (0%\/2%\/3%\/5%) kaphat\u00f3 a <strong>Bang 36000 nagy k\u00e9perny\u0151<\/strong> mind a nikotinf\u00fcgg\u0151 felhaszn\u00e1l\u00f3knak, mind az \u00edzekre \u00f6sszpontos\u00edt\u00f3 felh\u0151vad\u00e1szoknak megfelel. Tapasztalja meg az innov\u00e1ci\u00f3s k\u00fcl\u00f6nbs\u00e9get, ahol a nagy teljes\u00edtm\u00e9ny tal\u00e1lkozik a p\u00e9ld\u00e1tlan k\u00e9nyelemmel - a t\u00f6k\u00e9letes eldobhat\u00f3 vape keres\u00e9se itt v\u00e9get \u00e9r.<\/p>","protected":false},"excerpt":{"rendered":"<p>Tapasztalja meg a v\u00e9gs\u0151 p\u00e1rologtat\u00e1st a <strong>Bang 36000 nagy k\u00e9perny\u0151<\/strong> - a nagy kapacit\u00e1s\u00fa eldobhat\u00f3 vape a <strong>36,000 puff<\/strong>, <strong>36ml e-folyad\u00e9k kapacit\u00e1s<\/strong>, \u00e9s <strong>\u00e1ll\u00edthat\u00f3 teljes\u00edtm\u00e9ny \u00fczemm\u00f3dok<\/strong>. Teljes k\u00e9perny\u0151s kijelz\u0151vel, USB-C t\u00f6lt\u00e9ssel \u00e9s <strong>12 pr\u00e9mium \u00edz<\/strong> a v\u00e9gtelen el\u00e9gedetts\u00e9g\u00e9rt.<\/p>","protected":false},"featured_media":1434,"comment_status":"open","ping_status":"closed","template":"","meta":[],"product_brand":[107],"product_cat":[1072,1017],"product_tag":[1125,1124,252,250,104,253,115],"class_list":{"0":"post-1440","1":"product","2":"type-product","3":"status-publish","4":"has-post-thumbnail","6":"product_brand-bang","7":"product_cat-bang","8":"product_cat-crystal-vapes","9":"product_tag-000-puff-vape","10":"product_tag-1124","11":"product_tag-adjustable-power-vape","12":"product_tag-bang-36000-large-screen","13":"product_tag-disposable-vape-flavors","14":"product_tag-large-screen-vape","15":"product_tag-rechargeable-vape","17":"first","18":"instock","19":"sale","20":"shipping-taxable","21":"purchasable","22":"product-type-variable"},"jetpack_sharing_enabled":true,"tiered_pricing_type":"fixed","tiered_pricing_fixed_rules":[],"tiered_pricing_product_settings":{"layout":"default","base_unit_name":{"singular":null,"plural":null},"default_variation":null},"tiered_pricing_minimum_quantity":null,"tiered_pricing_roles_data":[],"tiered_pricing_percentage_rules":[],"tiered_pricing_maximum_quantity":null,"tiered_pricing_quantity_step":null,"_links":{"self":[{"href":"https:\/\/frvape.com\/hu\/wp-json\/wp\/v2\/product\/1440","targetHints":{"allow":["GET"]}}],"collection":[{"href":"https:\/\/frvape.com\/hu\/wp-json\/wp\/v2\/product"}],"about":[{"href":"https:\/\/frvape.com\/hu\/wp-json\/wp\/v2\/types\/product"}],"replies":[{"embeddable":true,"href":"https:\/\/frvape.com\/hu\/wp-json\/wp\/v2\/comments?post=1440"}],"wp:featuredmedia":[{"embeddable":true,"href":"https:\/\/frvape.com\/hu\/wp-json\/wp\/v2\/media\/1434"}],"wp:attachment":[{"href":"https:\/\/frvape.com\/hu\/wp-json\/wp\/v2\/media?parent=1440"}],"wp:term":[{"taxonomy":"product_brand","embeddable":true,"href":"https:\/\/frvape.com\/hu\/wp-json\/wp\/v2\/product_brand?post=1440"},{"taxonomy":"product_cat","embeddable":true,"href":"https:\/\/frvape.com\/hu\/wp-json\/wp\/v2\/product_cat?post=1440"},{"taxonomy":"product_tag","embeddable":true,"href":"https:\/\/frvape.com\/hu\/wp-json\/wp\/v2\/product_tag?post=1440"}],"curies":[{"name":"wp","href":"https:\/\/api.w.org\/{rel}","templated":true}]}}