{"id":1499,"date":"2025-10-12T01:28:38","date_gmt":"2025-10-12T01:28:38","guid":{"rendered":"https:\/\/frvape.com\/product\/aivono-aim-magic-15000-puffs-rechargeable-disposable-vape-with-multiple-flavors\/"},"modified":"2025-12-16T09:46:54","modified_gmt":"2025-12-16T09:46:54","slug":"aivono-aim-magic-15000-puffs-ujratoltheto-eldobhato-vape-tobb-izzel","status":"publish","type":"product","link":"https:\/\/frvape.com\/hu\/product\/aivono-aim-magic-15000-puffs-ujratoltheto-eldobhato-vape-tobb-izzel\/","title":{"rendered":"Aivono Aim Magic 15000 Puffs \u00fajrat\u00f6lthet\u0151 eldobhat\u00f3 Vape t\u00f6bbf\u00e9le \u00edzes\u00edt\u00e9ssel"},"content":{"rendered":"<h3>\u00dcdv\u00f6z\u00f6lj\u00fck az eldobhat\u00f3 vaping j\u00f6v\u0151j\u00e9ben<\/h3>\n<p>A <strong>Aivono Aim Magic 15000<\/strong> forradalmas\u00edtja a p\u00e1rologtat\u00e1st kiv\u00e9teles teljes\u00edtm\u00e9ny\u00e9vel \u00e9s felhaszn\u00e1l\u00f3-k\u00f6zpont\u00fa kialak\u00edt\u00e1s\u00e1val. Ide\u00e1lis mind a kezd\u0151k, mind a tapasztalt felhaszn\u00e1l\u00f3k sz\u00e1m\u00e1ra, ez a <strong>eldobhat\u00f3 vape<\/strong> kombin\u00e1lja a tart\u00f3ss\u00e1got a k\u00e9nyelemmel, \u00e9s ak\u00e1r 15 000 f\u00faj\u00e1sig meghosszabb\u00edtott \u00e9lettartamot k\u00edn\u00e1l a folyamatos \u00e9lvezet \u00e9rdek\u00e9ben. A mind\u00f6ssze 43*102 mm-es, karcs\u00fa profillal \u00e9s mind\u00f6ssze 86 g-os t\u00f6meggel tervezett k\u00e9sz\u00fcl\u00e9k hordozhat\u00f3, \u00e9s t\u00f6k\u00e9letesen illeszkedik b\u00e1rmilyen \u00e9letst\u00edlushoz. Fejlett technol\u00f3gi\u00e1val t\u00e1mogatva, t\u00e1mogatja a k\u00f6vetkez\u0151ket <strong>OEM\/ODM<\/strong> lehet\u0151s\u00e9gek, lehet\u0151v\u00e9 t\u00e9ve a v\u00e1llalkoz\u00e1sok sz\u00e1m\u00e1ra, hogy egyedi m\u00e1rka\u00e9p\u00edt\u00e9st alak\u00edtsanak ki a piac sz\u00e1m\u00e1ra.<\/p>\n<h3>Kiv\u00e9teles teljes\u00edtm\u00e9nyk\u00e9pess\u00e9g<\/h3>\n<p>Az Aim Magic 15000 sz\u00edv\u00e9ben egy nagy teljes\u00edtm\u00e9ny\u0171 13350-es tiszta kobalt akkumul\u00e1tor tal\u00e1lhat\u00f3, amely egy <strong>600mAh kapacit\u00e1s<\/strong>, biztos\u00edtva ezzel az egyenletes teljes\u00edtm\u00e9nyt az id\u0151 m\u00fal\u00e1s\u00e1val. Ez a <strong>\u00fajrat\u00f6lthet\u0151 akkumul\u00e1tor<\/strong> k\u00f6nnyen felt\u00f6lthet\u0151 egy <strong>Type-C interf\u00e9sz<\/strong>, amely gyors \u00e9s hat\u00e9kony t\u00f6lt\u00e9st biztos\u00edt, hogy b\u00e1rhol g\u0151z\u00f6lhessen. Az innovat\u00edv <strong>kett\u0151s h\u00e1l\u00f3s mag<\/strong> f\u0171t\u00e9si rendszer, egy <strong>1.0\u03a9 ellen\u00e1ll\u00e1s<\/strong>, sima, er\u0151teljes g\u0151ztermel\u00e9st biztos\u00edt a nagyvonal\u00fa, b\u0151s\u00e9ges <strong>24ml e-folyad\u00e9k tart\u00e1ly<\/strong>. V\u00e1lassza ki a k\u00edv\u00e1nt <strong>nikotin er\u0151ss\u00e9g<\/strong>-0%, 2%, 3% vagy 5% -, hogy az \u00e9lm\u00e9nyt az \u00d6n megel\u00e9ged\u00e9s\u00e9re szabhassa, ak\u00e1r intenz\u00edv sl\u00e1gerekre, ak\u00e1r nikotinmentes \u00e9lvezetre v\u00e1gyik.<\/p>\n<h3>Kiterjedt \u00edzv\u00e1laszt\u00e9k<\/h3>\n<p>Az Aivono Aim Magic 15000 az \u00edzek soksz\u00edn\u0171s\u00e9g\u00e9ben t\u00fcnd\u00f6k\u00f6l, 16 pr\u00e9mium v\u00e1laszt\u00e9kot k\u00edn\u00e1lva minden \u00edzl\u00e9snek. Minden \u00edzben kiv\u00e1l\u00f3 min\u0151s\u00e9g\u0171 \u00f6sszetev\u0151ket haszn\u00e1lnak fel, hogy biztos\u00edts\u00e1k a ropog\u00f3s, kiel\u00e9g\u00edt\u0151 \u00edzt, a jeges \u00e9s fanyar, valamint az \u00e9des \u00e9s gy\u00fcm\u00f6lcs\u00f6s lehet\u0151s\u00e9gek k\u00f6z\u00f6tt. Fedezze fel a teljes v\u00e1laszt\u00e9kot:<\/p>\n<ul>\n<li><strong>Anan\u00e1szos k\u00f3kuszos j\u00e9g<\/strong><\/li>\n<li><strong>Eper j\u00e9g<\/strong><\/li>\n<li><strong>K\u00e9k Razz j\u00e9g<\/strong><\/li>\n<li><strong>Lush r\u00e1g\u00f3gumi<\/strong><\/li>\n<li><strong>G\u00f6r\u00f6gdinnye j\u00e9g<\/strong><\/li>\n<li><strong>Cool Mint<\/strong><\/li>\n<li><strong>AIM MAGIC : Barack j\u00e9g<\/strong><\/li>\n<li><strong>\u00c1fonya j\u00e9g<\/strong><\/li>\n<li><strong>Sz\u0151l\u0151 j\u00e9g<\/strong><\/li>\n<li><strong>Anan\u00e1sz mang\u00f3<\/strong><\/li>\n<li><strong>R\u00f3zsasz\u00edn limon\u00e1d\u00e9<\/strong><\/li>\n<li><strong>G\u00f6r\u00f6gdinnye r\u00e1g\u00f3gumi<\/strong><\/li>\n<li><strong>Eper g\u00f6r\u00f6gdinnye<\/strong><\/li>\n<li><strong>Eper-kiwi j\u00e9g<\/strong><\/li>\n<li><strong>Vegyes bogy\u00f3s gy\u00fcm\u00f6lcs\u00f6k<\/strong><\/li>\n<\/ul>\n<p>Ez a sz\u00e9les v\u00e1laszt\u00e9k biztos\u00edtja, hogy megtal\u00e1lja a t\u00f6k\u00e9letes illeszked\u00e9st, \u00e9s minden egyes h\u00faz\u00e1ssal fokozza a g\u0151z\u00f6l\u00e9st.<\/p>\n<h3>Fejlett felhaszn\u00e1l\u00f3i funkci\u00f3k \u00e9s testreszab\u00e1s<\/h3>\n<p>Ez a k\u00e9sz\u00fcl\u00e9k kiemelkedik intelligens, intuit\u00edv funkci\u00f3ival, amelyek felemelik a p\u00e1rol\u00e1si \u00e9lm\u00e9nyt. P\u00e9ld\u00e1ul a be\u00e9p\u00edtett <strong>e-folyad\u00e9k kijelz\u0151<\/strong> lehet\u0151v\u00e9 teszi a l\u00e9 szintj\u00e9nek val\u00f3s idej\u0171 nyomon k\u00f6vet\u00e9s\u00e9t, megel\u0151zve a sz\u00e1raz tal\u00e1latokat. Ek\u00f6zben a <strong>akkumul\u00e1tor t\u00f6lt\u00f6tts\u00e9gi szint kijelz\u0151<\/strong> az optim\u00e1lis tervez\u00e9s \u00e9rdek\u00e9ben folyamatosan t\u00e1j\u00e9koztatja \u00d6nt az energiaell\u00e1t\u00e1s \u00e1llapot\u00e1r\u00f3l. Programozhat\u00f3 <strong>megvil\u00e1g\u00edtott log\u00f3<\/strong> hozz\u00e1 egy kis szem\u00e9lyes hangulatot ad - ez testre szabhat\u00f3 a <strong>OEM\/ODM<\/strong> szolg\u00e1ltat\u00e1sok, t\u00f6k\u00e9letes \u00fczleti m\u00e1rka\u00e9p\u00edt\u00e9shez. R\u00e1ad\u00e1sul a <strong>kett\u0151s h\u00e1l\u00f3s kapcsol\u00f3<\/strong> lehet\u0151v\u00e9 teszi a g\u0151z intenzit\u00e1s\u00e1nak z\u00f6kken\u0151mentes szab\u00e1lyoz\u00e1s\u00e1t, m\u00edg a k\u00e9nyelmes <strong>fels\u0151 t\u00f6ltel\u00e9k<\/strong> rendszer megk\u00f6nny\u00edti az olajok ut\u00e1nt\u00f6lt\u00e9s\u00e9t rendetlens\u00e9g n\u00e9lk\u00fcl. Ne feledje, hogy az egys\u00e9gek felt\u00f6ltetlen\u00fcl is sz\u00e1ll\u00edthat\u00f3ak, lehet\u0151v\u00e9 t\u00e9ve az \u00fcgyfelek sz\u00e1m\u00e1ra az \u00f6nt\u00f6lt\u00e9st a sz\u00e1ll\u00edt\u00e1si k\u00f6lts\u00e9gek cs\u00f6kkent\u00e9se \u00e9s a testreszab\u00e1s \u00e9rdek\u00e9ben.<\/p>\n<h3>\u00c1tfog\u00f3 specifik\u00e1ci\u00f3k a z\u00f6kken\u0151mentes integr\u00e1ci\u00f3hoz<\/h3>\n<p>A prec\u00edzen tervezett Aivono Aim Magic 15000 megfelel a szigor\u00fa min\u0151s\u00e9gi k\u00f6vetelm\u00e9nyeknek. A legfontosabb jellemz\u0151k k\u00f6z\u00e9 tartozik a kompakt, 43*102 mm-es m\u00e9ret \u00e9s a 86 g-os nett\u00f3 s\u00faly, amely biztos\u00edtja a k\u00f6nny\u0171 hordozhat\u00f3s\u00e1got. A forgalmaz\u00e1shoz az egyes csomagok m\u00e9rete 6cm*5cm*10cm, brutt\u00f3 s\u00falya 0,086kg, m\u00edg az \u00f6mlesztett sz\u00e1ll\u00edt\u00e1si lehet\u0151s\u00e9gek 200 darabot tesznek lehet\u0151v\u00e9 nagy dobozonk\u00e9nt (m\u00e9ret: 113*103*155mm, s\u00faly: 18kg), kis dobozokat haszn\u00e1lva bels\u0151 csomagk\u00e9nt (55*100*30mm). Ez az optimaliz\u00e1lt csomagol\u00e1s t\u00e1mogatja a hat\u00e9kony <strong>OEM\/ODM<\/strong> a glob\u00e1lis piacokon t\u00f6rt\u00e9n\u0151 m\u0171k\u00f6d\u00e9s. A k\u00e9sz\u00fcl\u00e9k \"minden az egyben\" funkci\u00f3ja minimaliz\u00e1lja a karbantart\u00e1st, a tart\u00f3s alkatr\u00e9szek pedig megb\u00edzhat\u00f3 teljes\u00edtm\u00e9nyt ny\u00fajtanak munkamenetr\u0151l munkamenetre.<\/p>\n<h3>Mi\u00e9rt v\u00e1lassza az Aim Magic 15000-et?<\/h3>\n<p>Az innov\u00e1ci\u00f3, a sokoldal\u00fas\u00e1g \u00e9s a k\u00f6rnyezetbar\u00e1ts\u00e1g kever\u00e9k\u00e9vel - k\u00f6sz\u00f6nhet\u0151en a <strong>\u00fajrat\u00f6lthet\u0151 akkumul\u00e1tor<\/strong> \u00e9s az opcion\u00e1lis, kit\u00f6ltetlen sz\u00e1ll\u00edt\u00e1s - az Aivono Aim Magic 15000 a kateg\u00f3ria legjobbja. Kiterjedt v\u00e1laszt\u00e9k\u00e1val a legk\u00fcl\u00f6nf\u00e9l\u00e9bb preferenci\u00e1kat szolg\u00e1lja ki. <strong>nikotin er\u0151ss\u00e9g<\/strong> \u00e9s \u00edzletes opci\u00f3kat, amelyek kiemelked\u0151v\u00e9 teszik az eldobhat\u00f3 vape kateg\u00f3ri\u00e1ban. Ak\u00e1r saj\u00e1t m\u00e1rk\u00e1ja alatt forgalmazza, ak\u00e1r szem\u00e9lyesen \u00e9lvezi, ez a k\u00e9sz\u00fcl\u00e9k k\u00f6vetkezetes el\u00e9gedetts\u00e9get \u00edg\u00e9r, amelyet \u00e1tgondolt m\u00e9rn\u00f6ki munka t\u00e1mogat. Pr\u00f3b\u00e1lja ki m\u00e9g ma, \u00e9s fedezze fel a pr\u00e9mium g\u0151z\u00f6l\u00e9si \u00e9lm\u00e9nyt, amely a felhaszn\u00e1l\u00f3kat a min\u0151s\u00e9gr\u0151l \u00e1radozik.<\/p>","protected":false},"excerpt":{"rendered":"<p>Tapasztalja meg a nagy kapacit\u00e1s\u00fa <strong>Aivono Aim Magic 15000<\/strong> ak\u00e1r <strong>15,000 puff<\/strong> \u00e9s <strong>24ml<\/strong> e-folyad\u00e9k. A k\u00f6vetkez\u0151kkel <strong>\u00fajrat\u00f6lthet\u0151 akkumul\u00e1tor<\/strong> \u00e9s testreszabhat\u00f3 <strong>nikotin er\u0151ss\u00e9g<\/strong> (0%-5%).<br \/>16 friss\u00edt\u0151 \u00edzben kaphat\u00f3 a szem\u00e9lyre szabott p\u00e1rologtat\u00e1si utaz\u00e1s \u00e9rdek\u00e9ben.<\/p>","protected":false},"featured_media":1493,"comment_status":"open","ping_status":"closed","template":"","meta":[],"product_brand":[165],"product_cat":[951],"product_tag":[255,254,223,256,75,155],"class_list":{"0":"post-1499","1":"product","2":"type-product","3":"status-publish","4":"has-post-thumbnail","6":"product_brand-aivono","7":"product_cat-aivono","8":"product_tag-15000-puffs-vape","9":"product_tag-aivono-aim-magic","10":"product_tag-nicotine-vape","11":"product_tag-oem-vape","12":"product_tag-rechargeable-disposable-vape","13":"product_tag-vape-flavors","15":"first","16":"instock","17":"sale","18":"shipping-taxable","19":"purchasable","20":"product-type-variable"},"jetpack_sharing_enabled":true,"tiered_pricing_type":"fixed","tiered_pricing_fixed_rules":[],"tiered_pricing_product_settings":{"layout":"default","base_unit_name":{"singular":null,"plural":null},"default_variation":null},"tiered_pricing_minimum_quantity":null,"tiered_pricing_roles_data":[],"tiered_pricing_percentage_rules":[],"tiered_pricing_maximum_quantity":null,"tiered_pricing_quantity_step":null,"_links":{"self":[{"href":"https:\/\/frvape.com\/hu\/wp-json\/wp\/v2\/product\/1499","targetHints":{"allow":["GET"]}}],"collection":[{"href":"https:\/\/frvape.com\/hu\/wp-json\/wp\/v2\/product"}],"about":[{"href":"https:\/\/frvape.com\/hu\/wp-json\/wp\/v2\/types\/product"}],"replies":[{"embeddable":true,"href":"https:\/\/frvape.com\/hu\/wp-json\/wp\/v2\/comments?post=1499"}],"wp:featuredmedia":[{"embeddable":true,"href":"https:\/\/frvape.com\/hu\/wp-json\/wp\/v2\/media\/1493"}],"wp:attachment":[{"href":"https:\/\/frvape.com\/hu\/wp-json\/wp\/v2\/media?parent=1499"}],"wp:term":[{"taxonomy":"product_brand","embeddable":true,"href":"https:\/\/frvape.com\/hu\/wp-json\/wp\/v2\/product_brand?post=1499"},{"taxonomy":"product_cat","embeddable":true,"href":"https:\/\/frvape.com\/hu\/wp-json\/wp\/v2\/product_cat?post=1499"},{"taxonomy":"product_tag","embeddable":true,"href":"https:\/\/frvape.com\/hu\/wp-json\/wp\/v2\/product_tag?post=1499"}],"curies":[{"name":"wp","href":"https:\/\/api.w.org\/{rel}","templated":true}]}}