{"id":1577,"date":"2025-10-12T01:36:57","date_gmt":"2025-10-12T01:36:57","guid":{"rendered":"https:\/\/frvape.com\/product\/razz-bar-30000-puff-refillable-vape-16-flavors-650mah-usb-c\/"},"modified":"2025-12-16T09:41:17","modified_gmt":"2025-12-16T09:41:17","slug":"razz-bar-30000-puff-ujratoltheto-vape-16-iz-650mah-usb-c","status":"publish","type":"product","link":"https:\/\/frvape.com\/hu\/product\/razz-bar-30000-puff-ujratoltheto-vape-16-iz-650mah-usb-c\/","title":{"rendered":"Razz Bar 30000 Puff \u00fajrat\u00f6lthet\u0151 Vape | 16 \u00edz | 650mAh USB-C"},"content":{"rendered":"<h3>Forradalmas\u00edtsa a vaping \u00e9lm\u00e9ny\u00e9t a Razz Bar 30000-zal<\/h3>\n<p>Fedezze fel az eldobhat\u00f3 p\u00e1rologtat\u00e1si technol\u00f3gia cs\u00facs\u00e1t. A <strong>Razz Bar 30000 Puff<\/strong> \u00faj m\u00e9rc\u00e9t \u00e1ll\u00edt fel a hossz\u00fa \u00e9lettartam \u00e9s az \u00edzek \u00e1tad\u00e1sa ter\u00e9n. A kiv\u00e9teles, k\u00f6lts\u00e9ghat\u00e9kony megold\u00e1st keres\u0151 vapereknek tervezt\u00e9k, \u00e1lland\u00f3 \u00fajrav\u00e1s\u00e1rl\u00e1s n\u00e9lk\u00fcl, ez a fejlett <strong>eldobhat\u00f3 vape<\/strong> \u00fajradefini\u00e1lja a k\u00e9nyelmet. Kiemelked\u0151 jellemz\u0151je? Egy innovat\u00edv <strong>olajjal \u00fajrat\u00f6lthet\u0151<\/strong> kialak\u00edt\u00e1s, kombin\u00e1lva egy elk\u00e9peszt\u0151 kapacit\u00e1ssal, amely ak\u00e1r <strong>30000 puff<\/strong>, ami val\u00f3di v\u00e1ltoz\u00e1st hoz az elektronikus cigaretta piac\u00e1n.<\/p>\n<h3>Er\u0151teljes specifik\u00e1ci\u00f3k a p\u00e1ratlan teljes\u00edtm\u00e9ny\u00e9rt<\/h3>\n<p>A Razz Bar 30000 a leny\u0171g\u00f6z\u00e9sre \u00e9p\u00fclt, kiv\u00e1l\u00f3 specifik\u00e1ci\u00f3kkal b\u00fcszk\u00e9lkedhet, amelyeket olyan feln\u0151tt vaperek sz\u00e1m\u00e1ra terveztek, akik t\u00f6bbet k\u00f6vetelnek:<\/p>\n<p>\n<strong>30000 Puff<\/strong>: Az ipar\u00e1gban vezet\u0151 puffsz\u00e1m, amely hosszabb haszn\u00e1latot biztos\u00edt.<br \/>\n<strong>Olaj \u00fajrat\u00f6lthet\u0151 kapacit\u00e1s<\/strong>: T\u00f6ltse fel a nagy e-folyad\u00e9k tart\u00e1ly\u00e1t saj\u00e1t maga a maxim\u00e1lis \u00e9rt\u00e9k \u00e9s az \u00edzek ellen\u0151rz\u00e9se \u00e9rdek\u00e9ben.<br \/>\n<strong>650mAh \u00fajrat\u00f6lthet\u0151 akkumul\u00e1tor<\/strong>: A be\u00e9p\u00edtett nagy kapacit\u00e1s\u00fa akkumul\u00e1tor biztos\u00edtja, hogy a k\u00e9sz\u00fcl\u00e9k mind a 30.000 slukkot kib\u00edrja - gyorsan felt\u00f6lthet\u0151 a <strong>USB-C<\/strong>.<br \/>\n<strong>Nagy h\u0171s\u00e9g\u0171 h\u00e1l\u00f3s tekercs<\/strong>: Advanced <strong>h\u00e1l\u00f3s tekercs<\/strong> technol\u00f3gia garant\u00e1lja a gazdag, egyenletes g\u0151ztermel\u00e9st \u00e9s a kiv\u00e1l\u00f3 \u00edzkiemel\u00e9st az els\u0151 slukkol\u00e1st\u00f3l az utols\u00f3ig.<br \/>\n<strong>16 pr\u00e9mium \u00edz el\u00e9rhet\u0151<\/strong>: A szak\u00e9rtelemmel k\u00e9sz\u00edtett e-folyad\u00e9kok v\u00e1ltozatos spektruma minden \u00edzl\u00e9snek.<br \/>\n<strong>Ultra hordozhat\u00f3 \u00e9s felhaszn\u00e1l\u00f3bar\u00e1t<\/strong>: Eleg\u00e1ns kialak\u00edt\u00e1s t\u00f6k\u00e9letesen illeszkedik a zseb\u00e9be, k\u00e9szen \u00e1ll a teljes\u00edt\u00e9sre.<br \/>\n<strong>Karton opci\u00f3k<\/strong>: 200 eldobhat\u00f3 vape eszk\u00f6z kartondobozonk\u00e9nt a t\u00f6meges v\u00e1s\u00e1rl\u00e1s k\u00e9nyelm\u00e9\u00e9rt.\n<\/p>\n<h3>Fedezze fel a Szenz\u00e1ci\u00f3s \u00edzv\u00e1laszt\u00e9kot<\/h3>\n<p>Mer\u00fclj\u00f6n el a rendk\u00edv\u00fcli \u00edzek vil\u00e1g\u00e1ban a Razz Bar 30000 sz\u00e1m\u00e1ra apr\u00f3l\u00e9kosan kidolgozott \u00edzportf\u00f3li\u00f3nkkal:<\/p>\n<p>\nNy\u00e1ri \u00e1lom<br \/>\nEper ban\u00e1n<br \/>\nCola Ice<br \/>\nTripla dinnye<br \/>\nSavany\u00fa alma<br \/>\nG\u00f6r\u00f6gdinnye j\u00e9g<br \/>\nEper Kiwi<br \/>\n\u00c1fonya j\u00e9g<br \/>\nCitrom Lime<br \/>\nMang\u00f3 barack g\u00f6r\u00f6gdinnye<br \/>\nK\u00e9k Razz j\u00e9g<br \/>\nL\u00e9d\u00fas barack j\u00e9g<br \/>\nVegyes bogy\u00f3s gy\u00fcm\u00f6lcs\u00f6k<br \/>\nSzeder j\u00e9g<br \/>\nEper g\u00f6r\u00f6gdinnye<br \/>\nEper j\u00e9g\n<\/p>\n<h3>\u00c9lvonalbeli \u00fajrat\u00f6lthet\u0151 technol\u00f3gia<\/h3>\n<p>Mi\u00e9rt el\u00e9gedjen meg a korl\u00e1tozottan felhaszn\u00e1lhat\u00f3 eldobhat\u00f3 term\u00e9kekkel? A Razz Bar 30000 \u00fatt\u00f6r\u0151 <strong>\u00fajrat\u00f6lthet\u0151<\/strong> rendszer k\u00e9pess\u00e9 teszi \u00d6nt. \u00c9lvezze az eldobhat\u00f3 vape pen gondtalan k\u00e9nyelm\u00e9t az \u00fajrafelhaszn\u00e1lhat\u00f3s\u00e1g gazdas\u00e1gi \u00e9s k\u00f6rnyezeti el\u0151nyeivel kombin\u00e1lva. Szabadalmaztatott nagy kapacit\u00e1s\u00fa \u00fajrat\u00f6lthet\u0151 tart\u00e1lyunk lehet\u0151v\u00e9 teszi, hogy k\u00f6nnyed\u00e9n kezelje e-folyad\u00e9k fogyaszt\u00e1s\u00e1t, drasztikusan cs\u00f6kkentve a hullad\u00e9kot \u00e9s a puffonk\u00e9nti k\u00f6lts\u00e9get a hagyom\u00e1nyos <strong>eldobhat\u00f3 vape podok<\/strong>. Ez az okosabb v\u00e1laszt\u00e1s az ig\u00e9nyes doh\u00e1nyosok sz\u00e1m\u00e1ra.<\/p>\n<h3>Az \u00d6n \u00e9letst\u00edlus\u00e1hoz tervezve: Hossz\u00fa \u00e9lettartam \u00e9s k\u00e9nyelem<\/h3>\n<p>A Razz Bar 30000 a modern, akt\u00edv feln\u0151tt doh\u00e1nyosok sz\u00e1m\u00e1ra k\u00e9sz\u00fclt. A hihetetlen <strong>30,000 puff<\/strong> \u00e9lettartama t\u00f6k\u00e9letesen megfelel a k\u00f6vetkez\u0151knek:<\/p>\n<p>* A felhaszn\u00e1l\u00f3k frusztr\u00e1ltak az alacsony puffsz\u00e1m\u00fa eldobhat\u00f3 term\u00e9kek folyamatos cser\u00e9je miatt.<br \/>* Vapers keres jelent\u0151s k\u00f6lts\u00e9gmegtakar\u00edt\u00e1st an\u00e9lk\u00fcl, hogy fel\u00e1ldozn\u00e1 a min\u0151s\u00e9get vagy az \u00edzt.<br \/>* B\u00e1rki, aki a k\u00e9nyelmet helyezi el\u0151t\u00e9rbe - a nagy <strong>650mAh<\/strong> akkumul\u00e1tor minimaliz\u00e1lja a t\u00f6lt\u00e9si megszak\u00edt\u00e1sokat, az USB-C pedig gyors felt\u00f6lt\u00e9st biztos\u00edt.<br \/>* Az \u00edzek szerelmesei, akik a kifinomult, kifinomult \u00edzek hosszan tart\u00f3 \u00e9lvezet\u00e9re v\u00e1gynak. <strong>e-cigaretta<\/strong> kever\u00e9kek an\u00e9lk\u00fcl, hogy a k\u00e9sz\u00fcl\u00e9k kimer\u00fclne a kedvenc \u00edzl\u00e9sed fel\u00e9n\u00e9l.<\/p>\n<h3>Razz Bar: A Superior Vaping ir\u00e1nti elk\u00f6telezetts\u00e9g 2017 \u00f3ta<\/h3>\n<p>Vezet\u0151 szerepet t\u00f6lt be a <strong>elektronikus cigaretta<\/strong> 2017 \u00f3ta a Razz Bar az innov\u00e1ci\u00f3 \u00e9s a kiv\u00e1l\u00f3s\u00e1g elk\u00f6telezett h\u00edve. Meg\u00e9rtj\u00fck, mire v\u00e1gynak a feln\u0151tt vaperek: kiv\u00e9teles \u00edzprofilokra, megingathatatlan eszk\u00f6zmegb\u00edzhat\u00f3s\u00e1gra \u00e9s p\u00e1ratlan k\u00e9nyelemre. A <strong>Razz Bar 30000 Puff<\/strong> megtestes\u00edti ezt az elk\u00f6telezetts\u00e9get. A technol\u00f3giailag fejlett, felhaszn\u00e1l\u00f3-k\u00f6zpont\u00fa, felhaszn\u00e1l\u00f3-k\u00f6zpont\u00fa term\u00e9kek l\u00e9trehoz\u00e1s\u00e1ra \u00f6sszpontos\u00edt\u00f3 t\u00f6bb\u00e9ves kutat\u00e1s \u00e9s fejleszt\u00e9s eredm\u00e9nye. <strong>vaping term\u00e9kek<\/strong> amelyek val\u00f3ban fokozz\u00e1k az \u00e9lm\u00e9nyt - intenz\u00edv \u00edz tel\u00edtetts\u00e9get ny\u00fajtanak a <strong>h\u00e1l\u00f3s tekercs<\/strong>, tart\u00f3s teljes\u00edtm\u00e9nyt az \u00fajrat\u00f6lthet\u0151 akkumul\u00e1toron kereszt\u00fcl, \u00e9s v\u00e9gs\u0151 szabads\u00e1got az egyed\u00fcl\u00e1ll\u00f3 \u00fajrat\u00f6lthet\u0151 kialak\u00edt\u00e1snak k\u00f6sz\u00f6nhet\u0151en.<\/p>\n<p>Tapasztalja meg az eldobhat\u00f3 p\u00e1rologtat\u00e1s j\u00f6v\u0151j\u00e9t. V\u00e1lassza a Razz Bar 30000-at - ahol a rendk\u00edv\u00fcli \u00edzvil\u00e1g tal\u00e1lkozik a p\u00e9ld\u00e1tlan \u00e9lettartammal \u00e9s az \u00fatt\u00f6r\u0151 \u00fajrat\u00f6lthet\u0151 k\u00e9nyelemmel. T\u00f6k\u00e9letes minden napra, mindenhol. \u00c9lvezze a pr\u00e9mium <strong>vape pod<\/strong> technol\u00f3gia, amely val\u00f3ban n\u00f6veli az \u00d6n el\u00e9gedetts\u00e9g\u00e9t. Tal\u00e1lja meg a t\u00f6k\u00e9letes \u00edzt a <strong>16 v\u00e1ltozatos lehet\u0151s\u00e9g<\/strong> ma.<\/p>","protected":false},"excerpt":{"rendered":"<p>Ismerje meg a <strong>Razz b\u00e1r 30000<\/strong> Puff eldobhat\u00f3 vape <strong>olajjal \u00fajrat\u00f6lthet\u0151<\/strong> technol\u00f3gia &amp; massz\u00edv <strong>30000 puff<\/strong>!<br \/> Fedezze fel a 16 pr\u00e9mium \u00edzvil\u00e1got, amelyet egy <strong>650mAh \u00fajrat\u00f6lthet\u0151 akkumul\u00e1tor<\/strong> &amp; sim\u00e1n <strong>H\u00e1l\u00f3 tekercs<\/strong>.<br \/> V\u00e9gs\u0151 k\u00e9nyelem a <strong>USB-C t\u00f6lt\u00e9s<\/strong> - Tapasztalja meg a hosszan tart\u00f3, nagy teljes\u00edtm\u00e9ny\u0171 p\u00e1rologtat\u00e1st.<\/p>","protected":false},"featured_media":1571,"comment_status":"open","ping_status":"closed","template":"","meta":[],"product_brand":[70],"product_cat":[893],"product_tag":[113,262,260,263,264,261],"class_list":{"0":"post-1577","1":"product","2":"type-product","3":"status-publish","4":"has-post-thumbnail","6":"product_brand-razzbar","7":"product_cat-razzbar","8":"product_tag-30000-puff-vape","9":"product_tag-disposable-vape-pods","10":"product_tag-razz-bar-30000","11":"product_tag-razz-bar-electronic-cigarette","12":"product_tag-rechargeable-vape-device","13":"product_tag-refillable-vape-pen","15":"first","16":"instock","17":"sale","18":"shipping-taxable","19":"purchasable","20":"product-type-variable"},"jetpack_sharing_enabled":true,"tiered_pricing_type":"fixed","tiered_pricing_fixed_rules":[],"tiered_pricing_product_settings":{"layout":"default","base_unit_name":{"singular":null,"plural":null},"default_variation":null},"tiered_pricing_minimum_quantity":null,"tiered_pricing_roles_data":[],"tiered_pricing_percentage_rules":[],"tiered_pricing_maximum_quantity":null,"tiered_pricing_quantity_step":null,"_links":{"self":[{"href":"https:\/\/frvape.com\/hu\/wp-json\/wp\/v2\/product\/1577","targetHints":{"allow":["GET"]}}],"collection":[{"href":"https:\/\/frvape.com\/hu\/wp-json\/wp\/v2\/product"}],"about":[{"href":"https:\/\/frvape.com\/hu\/wp-json\/wp\/v2\/types\/product"}],"replies":[{"embeddable":true,"href":"https:\/\/frvape.com\/hu\/wp-json\/wp\/v2\/comments?post=1577"}],"wp:featuredmedia":[{"embeddable":true,"href":"https:\/\/frvape.com\/hu\/wp-json\/wp\/v2\/media\/1571"}],"wp:attachment":[{"href":"https:\/\/frvape.com\/hu\/wp-json\/wp\/v2\/media?parent=1577"}],"wp:term":[{"taxonomy":"product_brand","embeddable":true,"href":"https:\/\/frvape.com\/hu\/wp-json\/wp\/v2\/product_brand?post=1577"},{"taxonomy":"product_cat","embeddable":true,"href":"https:\/\/frvape.com\/hu\/wp-json\/wp\/v2\/product_cat?post=1577"},{"taxonomy":"product_tag","embeddable":true,"href":"https:\/\/frvape.com\/hu\/wp-json\/wp\/v2\/product_tag?post=1577"}],"curies":[{"name":"wp","href":"https:\/\/api.w.org\/{rel}","templated":true}]}}