{"id":1641,"date":"2025-10-12T02:08:58","date_gmt":"2025-10-12T02:08:58","guid":{"rendered":"https:\/\/frvape.com\/product\/doloda-mini-bar-800-puffs-rechargeable-disposable-vape\/"},"modified":"2025-10-12T02:09:04","modified_gmt":"2025-10-12T02:09:04","slug":"doloda-mini-bar-800-puffs-ujratoltheto-eldobhato-vape","status":"publish","type":"product","link":"https:\/\/frvape.com\/hu\/product\/doloda-mini-bar-800-puffs-ujratoltheto-eldobhato-vape\/","title":{"rendered":"Doloda Mini Bar 800 Puffs \u00fajrat\u00f6lthet\u0151 eldobhat\u00f3 Vape"},"content":{"rendered":"<h3>A Doloda Mini Bar 800 bemutat\u00e1sa<\/h3>\n<p>Ismerje meg a DOLODA Mini Bar 800 Puffs eldobhat\u00f3 vape-t, egy kompakt \u00e9s hat\u00e9kony vaping megold\u00e1st, amelyet a k\u00e9nyelmet \u00e9s nagy teljes\u00edtm\u00e9nyt keres\u0151 egy\u00e9nek sz\u00e1m\u00e1ra terveztek a mindennapi rutinjukban. Ez a k\u00e9sz\u00fcl\u00e9k leny\u0171g\u00f6z\u0151, 800 puff kapacit\u00e1ssal b\u00fcszk\u00e9lkedhet, ami hosszabb p\u00e1rol\u00e1si \u00fcl\u00e9seket biztos\u00edt folyamatos \u00fajrat\u00f6lt\u00e9s n\u00e9lk\u00fcl. Ide\u00e1lis az elfoglalt \u00e9letm\u00f3dhoz, mivel \u00f6tv\u00f6zi <strong>kiv\u00e1l\u00f3 g\u0151ztermel\u00e9s<\/strong> a  c\u00edmen <strong>robusztus akkumul\u00e1tor-\u00fczemid\u0151<\/strong> hogy sima \u00e9s \u00edzletes \u00e9lm\u00e9nyt ny\u00fajtson. A pr\u00e9mium min\u0151s\u00e9g\u0171 anyagokb\u00f3l k\u00e9sz\u00fclt k\u00e9sz\u00fcl\u00e9k k\u00f6nny\u0171 a hordozhat\u00f3s\u00e1g \u00e9rdek\u00e9ben, ugyanakkor a megb\u00edzhat\u00f3 haszn\u00e1lathoz sz\u00fcks\u00e9ges tart\u00f3ss\u00e1got is meg\u0151rzi. Eleg\u00e1ns, modern kialak\u00edt\u00e1sa k\u00e9nyelmesen elf\u00e9r a k\u00e9zben vagy a zsebben, \u00edgy t\u00f6k\u00e9letes t\u00e1rs utaz\u00e1shoz, munk\u00e1hoz vagy szabadid\u0151h\u00f6z. A <strong>\u00fajrat\u00f6lthet\u0151 funkci\u00f3<\/strong> k\u00f6rnyezetbar\u00e1t m\u00f3don cs\u00f6kkenti a hullad\u00e9k mennyis\u00e9g\u00e9t a nem \u00fajrat\u00f6lthet\u0151 alternat\u00edv\u00e1khoz k\u00e9pest.<\/p>\n<h3>Term\u00e9kle\u00edr\u00e1sok<\/h3>\n<p>Fedezze fel a DOLODA Mini Bar 800 m\u00f6g\u00f6tt \u00e1ll\u00f3 prec\u00edz m\u00e9rn\u00f6ki munk\u00e1t, hogy meg\u00e9rtse, mi\u00e9rt emelkedik ki az eldobhat\u00f3 vape-piacon.<br \/>Puff: <strong>800 puff<\/strong><br \/>Mag ellen\u00e1ll\u00e1s: <strong>1.6ohm<\/strong><br \/>E-folyad\u00e9k kapacit\u00e1s: <strong>2.5ml<\/strong><br \/>Nikotin er\u0151ss\u00e9g\u0171 opci\u00f3k: <strong>2%<\/strong> \u00e9s <strong>5%<\/strong> (0% v\u00e1ltozatban is kaphat\u00f3)<br \/>Akkumul\u00e1tor: <strong>801640-480mah<\/strong> \u00fajrat\u00f6lthet\u0151<br \/>Term\u00e9k s\u00falya: <strong>35,5g darabonk\u00e9nt<\/strong><br \/>Term\u00e9k m\u00e9rete: <strong>121.5*24.5*24.5 mm<\/strong><br \/>Karton m\u00e9retek: <strong>546*265*270 mm<\/strong><br \/>Mennyis\u00e9g dobozonk\u00e9nt: <strong>10db\/doboz<\/strong><br \/>Mennyis\u00e9g dobozonk\u00e9nt: <strong>400db\/ctn<\/strong><br \/>Brutt\u00f3 s\u00faly: <strong>15.5KG<\/strong><br \/>Ezek a specifik\u00e1ci\u00f3k kiemelik a k\u00e9sz\u00fcl\u00e9k <strong>hat\u00e9kony tekercs technol\u00f3gia<\/strong> \u00e9s <strong>optimaliz\u00e1lt e-l\u00e9 felhaszn\u00e1l\u00e1s<\/strong>, \u00edgy biztos\u00edtva, hogy minden puff k\u00f6vetkezetes \u00e9s gazdag legyen.<\/p>\n<h3>\u00cdzek v\u00e1ltozatoss\u00e1ga<\/h3>\n<p>V\u00e1lasszon a k\u00f6vetkez\u0151 term\u00e9kek sz\u00e9les v\u00e1laszt\u00e9k\u00e1b\u00f3l <strong>10 kiv\u00e1l\u00f3 \u00edzek<\/strong> az \u00d6n szem\u00e9lyes \u00edzl\u00e9s\u00e9nek megfelel\u0151en.<br \/>\u00cdzek: <strong>K\u00e9k Razz j\u00e9g<\/strong>, <strong>Eper joghurt<\/strong>, <strong>Pina Colada<\/strong>, <strong>Aloe sz\u0151l\u0151<\/strong>, <strong>buja j\u00e9g<\/strong>, <strong>Ment\u00e1s j\u00e9g<\/strong>, <strong>Barack j\u00e9g<\/strong>, <strong>Savany\u00fa alma<\/strong>, <strong>Ban\u00e1n j\u00e9g<\/strong>, <strong>Mang\u00f3 dinnye j\u00e9g<\/strong><br \/>Minden egyes \u00edzt a <strong>pr\u00e9mium \u00f6sszetev\u0151k<\/strong> hogy friss\u00edt\u0151 \u00e9rz\u00e9seket keltsen - p\u00e9ld\u00e1ul, <strong>Ment\u00e1s j\u00e9g<\/strong> a h\u0171v\u00f6ss\u00e9get nyugtat\u00f3 jegyekkel kombin\u00e1lja, m\u00edg <strong>Aloe sz\u0151l\u0151<\/strong> l\u00e9d\u00fas, tr\u00f3pusi menek\u00fcl\u00e9st biztos\u00edt. Ez a kiterjedt portf\u00f3li\u00f3 biztos\u00edtja, hogy minden felhaszn\u00e1l\u00f3 megtal\u00e1lja az ide\u00e1lis p\u00e1rj\u00e1t egy <strong>\u00e9lvezetes vaping utaz\u00e1s<\/strong>.<\/p>\n<h3>Teljes\u00edtm\u00e9ny \u00e9s jellemz\u0151k<\/h3>\n<p>Egy <strong>megb\u00edzhat\u00f3 500mAh akkumul\u00e1tor<\/strong> \u00e9s egy pontos <strong>1.6ohm tekercs ellen\u00e1ll\u00e1s<\/strong>, a DOLODA Mini Bar garant\u00e1lja <strong>egyenletes g\u0151ztermel\u00e9s<\/strong> \u00e9s <strong>intenz\u00edv \u00edzad\u00e1s<\/strong>. A versenyt\u00e1rsakkal ellent\u00e9tben a h\u00e1l\u00f3s tekercs technol\u00f3gi\u00e1ja optimaliz\u00e1lja az e-folyad\u00e9k p\u00e1rolg\u00e1s\u00e1t a sim\u00e1bb bel\u00e9gz\u00e9s \u00e9s a teltebb felh\u0151k \u00e9rdek\u00e9ben. A <strong>nagyvonal\u00fa 2.5ml kapacit\u00e1s<\/strong> minimaliz\u00e1lja az \u00fajrat\u00f6lt\u00e9s gyakoris\u00e1g\u00e1t, m\u00edg a 0%-t\u0151l 5%-ig terjed\u0151 nikotinszintek mind az alkalmi, mind a <strong>elk\u00f6telezett vaperek<\/strong>. Az innovat\u00edv l\u00e9g\u00e1raml\u00e1si kialak\u00edt\u00e1s fokozza a h\u00faz\u00e1s \u00e9lm\u00e9ny\u00e9t, \u00edgy minden egyes sz\u00edv\u00e1s k\u00f6nnyed \u00e9s \u00e9lvezetes. A k\u00e9sz\u00fcl\u00e9k szabv\u00e1nyos USB-C-n kereszt\u00fcl \u00fajrat\u00f6lthet\u0151, hozz\u00e1adva a <strong>k\u00f6lts\u00e9ghat\u00e9konys\u00e1g<\/strong> mivel az elemek id\u0151 el\u0151tti cser\u00e9je n\u00e9lk\u00fcl meghosszabb\u00edtja a haszn\u00e1lhat\u00f3s\u00e1got.<\/p>\n<h3>Testreszab\u00e1s \u00e9s el\u00e9rhet\u0151s\u00e9g<\/h3>\n<p>A DOLODA Mini Bar 800 kiemelkedik a testreszabhat\u00f3s\u00e1g ter\u00e9n a k\u00f6vetkez\u0151k r\u00e9v\u00e9n <strong>OEM projekt kompatibilit\u00e1s<\/strong>, lehet\u0151v\u00e9 t\u00e9ve a v\u00e1llalkoz\u00e1sok sz\u00e1m\u00e1ra, hogy egy\u00e9ni log\u00f3kkal vagy m\u00e1rkajelz\u00e9ssel szem\u00e9lyre szabj\u00e1k az eszk\u00f6z\u00f6ket egy <strong>egyedi g\u0151z\u00f6lg\u0151 identit\u00e1s<\/strong>. A nagy t\u00e9telben v\u00e1s\u00e1rl\u00f3k sz\u00e1m\u00e1ra el\u0151ny\u00f6s az egyszer\u0171s\u00edtett csomagol\u00e1s: az egys\u00e9gek 10 darabos dobozokban \u00e9rkeznek, minden karton 400 k\u00e9sz\u00fcl\u00e9ket tartalmaz, ami leegyszer\u0171s\u00edti a csomagol\u00e1st. <strong>kiskereskedelmi forgalmaz\u00e1s<\/strong>. Ez\u00e1ltal kiv\u00e1l\u00f3 v\u00e1laszt\u00e1s a m\u00e1rk\u00e1s megold\u00e1sokat keres\u0151 \u00fczletek, nagykeresked\u0151k vagy rendezv\u00e9nyek sz\u00e1m\u00e1ra. \u00d6sszess\u00e9g\u00e9ben a k\u00e9sz\u00fcl\u00e9k egyes\u00edti <strong>teljes\u00edtm\u00e9ny<\/strong> \u00e9s <strong>k\u00e9nyelem<\/strong>, gondtalan \u00e9lm\u00e9nyt ny\u00fajtva.<\/p>\n<h3>Mi\u00e9rt v\u00e1lassza a Doloda Mini Bar 800 k\u00e9sz\u00fcl\u00e9ket?<\/h3>\n<p>Az eldobhat\u00f3 p\u00e1rologtat\u00e1s vezet\u0151jek\u00e9nt a DOLODA Mini Bar egyes\u00edti a k\u00f6vetkez\u0151ket <strong>hosszan tart\u00f3 puffan\u00e1s<\/strong> \u00e9s <strong>\u00edzbeli sokoldal\u00fas\u00e1g<\/strong> egyetlen karcs\u00fa egys\u00e9gg\u00e9. T\u00e1mogatja a <strong>\u00fajrat\u00f6lthet\u0151 mechanizmus<\/strong> a fenntarthat\u00f3s\u00e1g el\u0151mozd\u00edt\u00e1sa \u00e9rdek\u00e9ben, m\u00edg a <strong>sz\u00e9les nikotin tartom\u00e1ny<\/strong> biztos\u00edtja a rugalmass\u00e1got minden felhaszn\u00e1l\u00f3i preferenci\u00e1hoz. Robusztus akkumul\u00e1tor\u00e1val \u00e9s tekercsrendszer\u00e9vel p\u00e1ratlan megb\u00edzhat\u00f3s\u00e1got \u00e9s \u00e9lvezetet \u00edg\u00e9r minden haszn\u00e1lat sor\u00e1n. Legyen sz\u00f3 ak\u00e1r \u00fajoncr\u00f3l, ak\u00e1r a g\u0151z\u00f6l\u00e9s szerelmes\u00e9r\u0151l, ez a term\u00e9k egy <strong>v\u00e9gs\u0151 megold\u00e1s<\/strong> a mindennapi ig\u00e9nyekhez, glob\u00e1lis el\u00e9rhet\u0151s\u00e9ggel \u00e9s OEM-lehet\u0151s\u00e9gekkel t\u00e1mogatva. Fogadja el ezt az innovat\u00edv eszk\u00f6zt, hogy m\u00e9g ma \u00fajradefini\u00e1lja a p\u00e1rol\u00e1si \u00e9lm\u00e9nyt!<\/p>","protected":false},"excerpt":{"rendered":"<p>Fedezze fel a <strong>DOLODA Mini Bar 800 puffancs<\/strong> eldobhat\u00f3 vape egy <strong>hossz\u00fa \u00e9lettartam\u00fa 800 f\u00faj\u00e1s<\/strong> sz\u00e1mol\u00e1s \u00e9s <strong>\u00fajrat\u00f6lthet\u0151 kivitel<\/strong>.<br \/>Leny\u0171g\u00f6z\u0151 <strong>2.5ml e-liquid kapacit\u00e1s<\/strong> \u00e9s a nikotinos lehet\u0151s\u00e9gek a <strong>0%-5%<\/strong> a kiel\u00e9g\u00edt\u0151 \u00e9lm\u00e9ny\u00e9rt.<br \/>\u00c9lvezze a v\u00e1ltozatos <strong>10 finom \u00edz<\/strong> mint a Ment\u00e1s j\u00e9g \u00e9s a Ban\u00e1nos j\u00e9g.<\/p>","protected":false},"featured_media":1635,"comment_status":"open","ping_status":"closed","template":"","meta":[],"product_brand":[224],"product_cat":[225],"product_tag":[274,184,273,272,75,275],"class_list":{"0":"post-1641","1":"product","2":"type-product","3":"status-publish","4":"has-post-thumbnail","6":"product_brand-doloda","7":"product_cat-doloda-vape","8":"product_tag-2-nicotine-e-cig","9":"product_tag-5-nicotine-vape","10":"product_tag-800-puffs-vape","11":"product_tag-doloda-mini-bar-800","12":"product_tag-rechargeable-disposable-vape","13":"product_tag-vape-flavor-variety","15":"first","16":"instock","17":"sale","18":"shipping-taxable","19":"purchasable","20":"product-type-variable"},"jetpack_sharing_enabled":true,"tiered_pricing_type":"fixed","tiered_pricing_fixed_rules":[],"tiered_pricing_product_settings":{"layout":"default","base_unit_name":{"singular":null,"plural":null},"default_variation":null},"tiered_pricing_minimum_quantity":null,"tiered_pricing_roles_data":[],"tiered_pricing_percentage_rules":[],"tiered_pricing_maximum_quantity":null,"tiered_pricing_quantity_step":null,"_links":{"self":[{"href":"https:\/\/frvape.com\/hu\/wp-json\/wp\/v2\/product\/1641","targetHints":{"allow":["GET"]}}],"collection":[{"href":"https:\/\/frvape.com\/hu\/wp-json\/wp\/v2\/product"}],"about":[{"href":"https:\/\/frvape.com\/hu\/wp-json\/wp\/v2\/types\/product"}],"replies":[{"embeddable":true,"href":"https:\/\/frvape.com\/hu\/wp-json\/wp\/v2\/comments?post=1641"}],"wp:featuredmedia":[{"embeddable":true,"href":"https:\/\/frvape.com\/hu\/wp-json\/wp\/v2\/media\/1635"}],"wp:attachment":[{"href":"https:\/\/frvape.com\/hu\/wp-json\/wp\/v2\/media?parent=1641"}],"wp:term":[{"taxonomy":"product_brand","embeddable":true,"href":"https:\/\/frvape.com\/hu\/wp-json\/wp\/v2\/product_brand?post=1641"},{"taxonomy":"product_cat","embeddable":true,"href":"https:\/\/frvape.com\/hu\/wp-json\/wp\/v2\/product_cat?post=1641"},{"taxonomy":"product_tag","embeddable":true,"href":"https:\/\/frvape.com\/hu\/wp-json\/wp\/v2\/product_tag?post=1641"}],"curies":[{"name":"wp","href":"https:\/\/api.w.org\/{rel}","templated":true}]}}