{"id":2199,"date":"2025-10-12T03:04:37","date_gmt":"2025-10-12T03:04:37","guid":{"rendered":"https:\/\/frvape.com\/product\/aivono-aim-fatpro-22000-disposable-vape-up-to-22000-puffs-with-direct-lung-design\/"},"modified":"2025-12-16T09:37:01","modified_gmt":"2025-12-16T09:37:01","slug":"aivono-aim-fatpro-22000-eldobhato-vape-akar-22000-puffs-kozvetlen-tudo-kialakitassal","status":"publish","type":"product","link":"https:\/\/frvape.com\/hu\/product\/aivono-aim-fatpro-22000-eldobhato-vape-akar-22000-puffs-kozvetlen-tudo-kialakitassal\/","title":{"rendered":"Aivono Aim Fatpro 22000 Eldobhat\u00f3 Vape - Ak\u00e1r 22.000 puffs k\u00f6zvetlen t\u00fcd\u0151 kialak\u00edt\u00e1ssal"},"content":{"rendered":"<h3>Term\u00e9k \u00e1ttekint\u00e9s<\/h3>\n<p>Fedezze fel a v\u00e9gs\u0151 k\u00e9nyelmet \u00e9s \u00e9lvezetet a <strong>Aivono Aim Fatpro 22000 eldobhat\u00f3 vape<\/strong>. A k\u00e9sz\u00fcl\u00e9ket teljes\u00edtm\u00e9nyre \u00e9s kitart\u00e1sra tervezt\u00e9k, \u00edgy ak\u00e1r <strong>22,000 puff<\/strong> a megszak\u00edt\u00e1s n\u00e9lk\u00fcli p\u00e1rologtat\u00e1shoz, \u00edgy a felh\u0151rajong\u00f3k \u00e9s a v\u00edzipipa szerelmesei sz\u00e1m\u00e1ra a legjobb v\u00e1laszt\u00e1s.<br \/>Egy <strong>robusztus 600mAh tiszta kobalt akkumul\u00e1tor<\/strong> \u00e9s <strong>gyors C-t\u00edpus\u00fa t\u00f6lt\u00e9s<\/strong>, megb\u00edzhat\u00f3 \u00fajrafelhaszn\u00e1lhat\u00f3s\u00e1got biztos\u00edt, m\u00edg a <strong>DTL (k\u00f6zvetlen t\u00fcd\u0151)<\/strong> A kialak\u00edt\u00e1s terjedelmes g\u0151zfelh\u0151ket termel a v\u00edzipipa-szer\u0171 elmer\u00fcl\u00e9shez.<\/p>\n<h3>F\u0151 jellemz\u0151k<\/h3>\n<p><strong>Magas puffsz\u00e1m:<\/strong> Ez a vape p\u00e1ratlan <strong>22,000 f\u00faj\u00e1s k\u00e9sz\u00fcl\u00e9kenk\u00e9nt<\/strong>, t\u00falsz\u00e1rnyalva a szok\u00e1sos eldobhat\u00f3 opci\u00f3kat.<br \/>A <strong>kiv\u00e9teles \u00e1ll\u00f3k\u00e9pess\u00e9g<\/strong> a gyakori \u00fajrat\u00f6lt\u00e9sek vagy t\u00f6lt\u00e9sek kik\u00fcsz\u00f6b\u00f6l\u00e9s\u00e9vel a nagy felhaszn\u00e1l\u00f3k ig\u00e9nyeit el\u00e9g\u00edti ki.<br \/><strong>K\u00f6zvetlen t\u00fcd\u0151tervez\u00e9s (DTL):<\/strong> Optimaliz\u00e1lva <strong>t\u00fcd\u0151bel\u00e9gz\u00e9s<\/strong> hatalmas g\u0151zfelh\u0151k l\u00e9trehoz\u00e1s\u00e1hoz, ez a funkci\u00f3 ide\u00e1lis a m\u00e9ly, v\u00edzipipa-szer\u0171 el\u00e9gedetts\u00e9get keres\u0151 felhaszn\u00e1l\u00f3k sz\u00e1m\u00e1ra.<br \/><strong>V\u00edzipipa ihlette \u00edzek:<\/strong> Tapasztalja meg a gazdag, arom\u00e1s \u00edzeket, amelyek a hagyom\u00e1nyos v\u00edzipipa-\u00e9rzetet id\u00e9zik.<br \/>A fejlett \u00edztechnol\u00f3gia biztos\u00edtja, hogy minden egyes slukk egyenletes, sima g\u0151zzel szolg\u00e1ljon, amely a k\u00f6vetkez\u0151kh\u00f6z igazodik <strong>v\u00edzipipa rajong\u00f3k<\/strong>.<br \/><strong>Nulla olajos m\u0171k\u00f6d\u00e9s:<\/strong> M\u00e9g kimer\u00fclt <strong>e-folyad\u00e9k szintek<\/strong>, a k\u00e9sz\u00fcl\u00e9k tov\u00e1bbra is zavartalanul m\u0171k\u00f6dik.<br \/>Ez az \u00faj\u00edt\u00e1s megakad\u00e1lyozza a v\u00e1ratlan megszak\u00edt\u00e1sokat, b\u00e1r az id\u0151ben t\u00f6rt\u00e9n\u0151 \u00fajrat\u00f6lt\u00e9s aj\u00e1nlott a <strong>porlaszt\u00f3mag<\/strong> \u00e9s meghosszabb\u00edtja a k\u00e9sz\u00fcl\u00e9k \u00e9lettartam\u00e1t.<br \/><strong>Jelent\u0151s E-folyad\u00e9k kapacit\u00e1s:<\/strong> Egy nagyvonal\u00fa <strong>28ml e-folyad\u00e9k kapacit\u00e1s<\/strong>, minimaliz\u00e1lja az \u00fajrat\u00f6lt\u00e9s gyakoris\u00e1g\u00e1t.<br \/>Ez a nagy t\u00e9rfogat t\u00f6bb ezer puffot t\u00e1mogat an\u00e9lk\u00fcl, hogy kompromisszumot k\u00f6tne a <strong>g\u0151zmin\u0151s\u00e9g<\/strong>.<br \/><strong>Robusztus akkumul\u00e1tor teljes\u00edtm\u00e9ny:<\/strong> \u00c9lvezze az integr\u00e1lt teljes\u00edtm\u00e9nyt <strong>tiszta kobalt mag akkumul\u00e1tor<\/strong>.<br \/>A <strong>600mAh kapacit\u00e1s<\/strong> lehet\u0151v\u00e9 teszi a hat\u00e9kony felt\u00f6lt\u00e9st a modern <strong>Type-C port<\/strong> a gyors felt\u00f6lt\u00e9shez b\u00e1rmilyen k\u00f6rnyezetben.<br \/><strong>Mesh Coil technol\u00f3gia:<\/strong> A <strong>0,6\u03a9 ellen\u00e1ll\u00e1s\u00fa h\u00e1l\u00f3s tekercs<\/strong> garant\u00e1lja a kiv\u00e1l\u00f3 g\u0151ztermel\u00e9st, fokozott \u00edzvil\u00e1ggal.<br \/>Hat\u00e9konyan m\u0171k\u00f6dik, hogy fenntartsa <strong>gazdag \u00edz konzisztencia<\/strong> m\u00e9g magas puffsz\u00e1m mellett is.<\/p>\n<h3>Fejlett funkcionalit\u00e1s<\/h3>\n<p>Tapasztalja meg a felhaszn\u00e1l\u00f3bar\u00e1t innov\u00e1ci\u00f3kat egy integr\u00e1lt <strong>digit\u00e1lis kijelz\u0151<\/strong> amely vil\u00e1gosan mutatja <strong>az akkumul\u00e1tor fennmarad\u00f3 teljes\u00edtm\u00e9nye<\/strong> \u00e9s <strong>e-folyad\u00e9k szintek<\/strong>.<br \/><strong>K\u00f6nny\u0171 hordozhat\u00f3s\u00e1g<\/strong> alapvet\u0151 el\u0151nye, hogy csak <strong>96g nett\u00f3 s\u00faly<\/strong>, lehet\u0151v\u00e9 t\u00e9ve az egyszer\u0171, menet k\u00f6zbeni p\u00e1rologtat\u00e1st.<br \/>Ezenk\u00edv\u00fcl a testreszabhat\u00f3 nikotinok a szem\u00e9lyes preferenci\u00e1knak is megfelelnek, a k\u00f6vetkez\u0151 lehet\u0151s\u00e9gekkel <strong>0%, 2%, 3% vagy 5% nikotins\u00f3tartalom<\/strong> hogy megfeleljen a t\u0171r\u00e9shat\u00e1r\u00e1nak.<\/p>\n<h3>Kaphat\u00f3 \u00edzek<\/h3>\n<p><strong>\u00cdzek list\u00e1ja:<\/strong> Fedezze fel a  oldalt. <strong>v\u00edzipipa-szer\u0171 \u00edzek<\/strong> gazdag v\u00e1laszt\u00e9kkal, amely minden \u00edzl\u00e9st kiel\u00e9g\u00edt:<br \/><strong>buja j\u00e9g<\/strong><br \/><strong>Vil\u00e1gos \u00e1lom<\/strong><br \/><strong>K\u00e9t alma<\/strong><br \/><strong>Sz\u0151l\u0151 Min<\/strong><br \/><strong>Cseresznye m\u00e1lna<\/strong><br \/><strong>Berry Ice<\/strong><br \/><strong>Barack j\u00e9g<\/strong><br \/><strong>Szerelem 66<\/strong><br \/><strong>Eper puncs<\/strong><br \/><strong>\u00c1fonya r\u00e1g\u00f3gumi<\/strong><br \/>Minden <strong>\u00edzv\u00e1laszt\u00e1s<\/strong> a hagyom\u00e1nyos v\u00edzipipa m\u00e9lys\u00e9g\u00e9t ut\u00e1nozza, mik\u00f6zben sima, intenz\u00edv g\u0151zt biztos\u00edt.<\/p>\n<h3>Term\u00e9kle\u00edr\u00e1sok<\/h3>\n<p><strong>Alapvet\u0151 specifik\u00e1ci\u00f3k:<\/strong> Puff sz\u00e1m: <strong>22,000 puff DTL<\/strong><br \/>E-folyad\u00e9k kapacit\u00e1s: <strong>28ml<\/strong><br \/>Akkumul\u00e1tor-technol\u00f3gia: <strong>18250 tiszta kobalt akkumul\u00e1tor<\/strong> a  c\u00edmen <strong>600mAh kapacit\u00e1s<\/strong> (\u00fajrat\u00f6lthet\u0151)<br \/>T\u00f6lt\u00e9s: <strong>Type-C port<\/strong> t\u00e1mogatott<br \/>F\u0171t\u0151huzal: <strong>0,6\u03a9-os h\u00e1l\u00f3s tekercs<\/strong> az optim\u00e1lis g\u0151z\u00e9rt<br \/>K\u00e9sz\u00fcl\u00e9k m\u00e9retei: <strong>32\u00d7126mm<\/strong><br \/>Egyetlen s\u00faly: <strong>96g<\/strong><br \/>Nikotins\u00f3 lehet\u0151s\u00e9gek: <strong>0%, 2%, 3%, 5%<\/strong><br \/>Alapvet\u0151 funkci\u00f3k: <strong>T\u00fcd\u0151bel\u00e9gz\u00e9s<\/strong>, digit\u00e1lis akkumul\u00e1tor- \u00e9s olajkijelz\u0151, <strong>v\u00edzipipa \u00edz szimul\u00e1ci\u00f3<\/strong><br \/>Csomagol\u00e1si r\u00e9szletek: dobozos kiszerel\u00e9s: kis dobozm\u00e9ret (<strong>40\u00d740\u00d7140mm<\/strong>), Nagy dobozm\u00e9ret (<strong>83\u00d7140\u00d7120mm<\/strong>), a standard dobozban <strong>200 darab dobozonk\u00e9nt<\/strong>, a doboz teljes m\u00e9reteivel (<strong>68.5\u00d738\u00d724cm<\/strong>) \u00e9s s\u00falya (<strong>20kg<\/strong>) a t\u00f6megkezel\u00e9shez.<br \/>OEM\/ODM t\u00e1mogat\u00e1s: A nagykereskedelmi \u00fcgyfelek sz\u00e1m\u00e1ra teljes k\u00f6r\u0171 testreszab\u00e1si lehet\u0151s\u00e9gek.<\/p>\n<h3>\u00c9rt\u00e9k \u00e9s min\u0151s\u00e9g<\/h3>\n<p>A <strong>Aivono Aim Fatpro 22000<\/strong> sz\u00e1ll\u00edt <strong>kiv\u00e9teles \u00e9rt\u00e9k<\/strong> a pr\u00e9mium funkci\u00f3k \u00e9s a megfizethet\u0151s\u00e9g egyens\u00faly\u00e1nak megteremt\u00e9s\u00e9vel.<br \/>Versenyk\u00e9pes \u00e1raz\u00e1sa megfelel a hossz\u00fa t\u00e1v\u00fa megtakar\u00edt\u00e1sokra t\u00f6rekv\u0151, k\u00f6lts\u00e9gvet\u00e9s-tudatos vapereknek.<br \/>T\u00e1mogatja <strong>magas sz\u00ednvonal\u00fa min\u0151s\u00e9gbiztos\u00edt\u00e1s<\/strong>, minden egyes eszk\u00f6z szigor\u00fa gy\u00e1rt\u00e1si szabv\u00e1nyoknak felel meg a megb\u00edzhat\u00f3s\u00e1g \u00e9rdek\u00e9ben.<br \/>A <strong>elk\u00f6telezett \u00fcgyf\u00e9lszolg\u00e1lat<\/strong> z\u00f6kken\u0151mentes v\u00e1s\u00e1rl\u00e1si \u00e9lm\u00e9nyt biztos\u00edt, \u00e9s <strong>gyors sz\u00e1ll\u00edt\u00e1s<\/strong> opci\u00f3k garant\u00e1lj\u00e1k a v\u00e1llalkoz\u00e1sok sz\u00e1m\u00e1ra az id\u0151ben t\u00f6rt\u00e9n\u0151 felt\u00f6lt\u00e9st.<br \/>T\u00f6k\u00e9letes a nagykereskedelmi partners\u00e9gekhez, t\u00e1mogatja a sk\u00e1l\u00e1zhat\u00f3 <strong>OEM\/ODM testreszab\u00e1s<\/strong>.<\/p>","protected":false},"excerpt":{"rendered":"<p>A <strong>Aivono Aim Fatpro 22000<\/strong> leny\u0171g\u00f6z\u0151 <strong>22,000 puff<\/strong> egy k\u00e9nyelmes <strong>eldobhat\u00f3 vape<\/strong>, a k\u00f6vetkez\u0151vel <strong>DTL tervez\u00e9s<\/strong> \u00e9s hiteles <strong>v\u00edzipipa \u00edzek<\/strong> a tov\u00e1bbfejlesztett g\u0151z\u00f6l\u00e9s\u00e9rt.<br \/>\u00c9lvezze a hosszan tart\u00f3 teljes\u00edtm\u00e9nyt a <strong>28ml e-folyad\u00e9k kapacit\u00e1s<\/strong> \u00e9s \u00fajrafelhaszn\u00e1lhat\u00f3 <strong>C-t\u00edpus\u00fa t\u00f6lt\u00e9s<\/strong> t\u00f6bbf\u00e9le nikotiner\u0151ss\u00e9gben.<\/p>","protected":false},"featured_media":2193,"comment_status":"open","ping_status":"closed","template":"","meta":[],"product_brand":[165],"product_cat":[951],"product_tag":[1022,1121,321,112,319,320,84],"class_list":{"0":"post-2199","1":"product","2":"type-product","3":"status-publish","4":"has-post-thumbnail","6":"product_brand-aivono","7":"product_cat-aivono","8":"product_tag-000-puffs-vape","9":"product_tag-1121","10":"product_tag-aivono-fatpro-22000","11":"product_tag-disposable-vape","12":"product_tag-dtl-electronic-cigarette","13":"product_tag-hookah-flavor-vape","14":"product_tag-rechargeable-vape-pen","16":"first","17":"instock","18":"sale","19":"shipping-taxable","20":"purchasable","21":"product-type-variable"},"jetpack_sharing_enabled":true,"tiered_pricing_type":"fixed","tiered_pricing_fixed_rules":[],"tiered_pricing_product_settings":{"layout":"default","base_unit_name":{"singular":null,"plural":null},"default_variation":null},"tiered_pricing_minimum_quantity":null,"tiered_pricing_roles_data":[],"tiered_pricing_percentage_rules":[],"tiered_pricing_maximum_quantity":null,"tiered_pricing_quantity_step":null,"_links":{"self":[{"href":"https:\/\/frvape.com\/hu\/wp-json\/wp\/v2\/product\/2199","targetHints":{"allow":["GET"]}}],"collection":[{"href":"https:\/\/frvape.com\/hu\/wp-json\/wp\/v2\/product"}],"about":[{"href":"https:\/\/frvape.com\/hu\/wp-json\/wp\/v2\/types\/product"}],"replies":[{"embeddable":true,"href":"https:\/\/frvape.com\/hu\/wp-json\/wp\/v2\/comments?post=2199"}],"wp:featuredmedia":[{"embeddable":true,"href":"https:\/\/frvape.com\/hu\/wp-json\/wp\/v2\/media\/2193"}],"wp:attachment":[{"href":"https:\/\/frvape.com\/hu\/wp-json\/wp\/v2\/media?parent=2199"}],"wp:term":[{"taxonomy":"product_brand","embeddable":true,"href":"https:\/\/frvape.com\/hu\/wp-json\/wp\/v2\/product_brand?post=2199"},{"taxonomy":"product_cat","embeddable":true,"href":"https:\/\/frvape.com\/hu\/wp-json\/wp\/v2\/product_cat?post=2199"},{"taxonomy":"product_tag","embeddable":true,"href":"https:\/\/frvape.com\/hu\/wp-json\/wp\/v2\/product_tag?post=2199"}],"curies":[{"name":"wp","href":"https:\/\/api.w.org\/{rel}","templated":true}]}}