{"id":2623,"date":"2025-10-12T03:50:38","date_gmt":"2025-10-12T03:50:38","guid":{"rendered":"https:\/\/frvape.com\/product\/bang-king-13000-disposable-vape-13000-puffs-mesh-coil-16-flavors\/"},"modified":"2025-11-04T01:45:07","modified_gmt":"2025-11-04T01:45:07","slug":"bang-king-13000-eldobhato-vape-13000-puff-halos-tekercs-16-izek","status":"publish","type":"product","link":"https:\/\/frvape.com\/hu\/product\/bang-king-13000-eldobhato-vape-13000-puff-halos-tekercs-16-izek\/","title":{"rendered":"Bang King 13000 Eldobhat\u00f3 Vape - 13,000 puff, Mesh Coil &amp; 16 \u00edzek"},"content":{"rendered":"<p>A <strong>Bang King 13000<\/strong> \u00faj magass\u00e1gokba emeli az eldobhat\u00f3 p\u00e1rologtat\u00e1st, egyes\u00edtve az al\u00e1bbiakat <strong>exkluz\u00edv funkci\u00f3k<\/strong> egy <strong>tart\u00f3s kialak\u00edt\u00e1s<\/strong> t\u00f6k\u00e9letes a hosszabb munkamenetekhez \u00e9s a menet k\u00f6zbeni \u00e9lvezetekhez. Er\u0151teljes <strong>650mAh<\/strong> akkumul\u00e1tor \u00e9s <strong>C-t\u00edpus\u00fa<\/strong> t\u00f6lt\u00e9s, \u00e1lland\u00f3 \u00fajrat\u00f6lt\u00e9s n\u00e9lk\u00fcl is egyenletes teljes\u00edtm\u00e9nyt ny\u00fajt. A  weboldalon tal\u00e1lhat\u00f3. <strong>23ml<\/strong> e-folyad\u00e9k kapacit\u00e1s \u00e9s <strong>0,6\u03a9 ellen\u00e1ll\u00e1s<\/strong>, ez a k\u00e9sz\u00fcl\u00e9k a legmodernebb <strong>h\u00e1l\u00f3s tekercs<\/strong> <strong>technol\u00f3gia<\/strong> az \u00edzek intenz\u00edvebb\u00e9 t\u00e9tele \u00e9rdek\u00e9ben minden egyes slukkban. V\u00e1lasszon t\u00f6bbf\u00e9le nikotin er\u0151ss\u00e9g k\u00f6z\u00fcl.<strong>0%<\/strong>, <strong>2%<\/strong>, <strong>3%<\/strong>, vagy <strong>5%<\/strong>-az \u00d6n preferenci\u00e1inak megfelel\u0151en.<\/p>\n<h3>Pen-st\u00edlus\u00fa ergon\u00f3mia<\/h3>\n<p>\u00c9lvezze a k\u00e9nyelmet a karcs\u00fa, <strong>toll inspir\u00e1lta<\/strong> szerkezete, amelyet apr\u00f3l\u00e9kosan kidolgoztak a biztons\u00e1gos fog\u00e1s \u00e9rdek\u00e9ben a hosszabb haszn\u00e1lat sor\u00e1n. M\u00e9rete mind\u00f6ssze <strong>113mm x 32mm<\/strong> \u00e9s s\u00falya mind\u00f6ssze <strong>85g<\/strong>, k\u00f6nnyed\u00e9n elf\u00e9r a zsebekben vagy t\u00e1sk\u00e1kban, elegy\u00edtve a <strong>hordozhat\u00f3s\u00e1g<\/strong> kifinomult eszt\u00e9tik\u00e1val a diszkr\u00e9t p\u00e1rologtat\u00e1shoz.<\/p>\n<h3>Fejlett h\u00e1l\u00f3s tekercs teljes\u00edtm\u00e9ny<\/h3>\n<p>Fokozza a p\u00e1rologtat\u00e1s\u00e1t az integr\u00e1lt <strong>h\u00e1l\u00f3s tekercs<\/strong>, ami minden slukkot sim\u00e1bb, gazdagabb \u00e9lm\u00e9nny\u00e9 var\u00e1zsol. Ez az innovat\u00edv technol\u00f3gia fokozza az \u00edzintenzit\u00e1st \u00e9s a g\u0151ztermel\u00e9st, biztos\u00edtva a k\u00f6vetkezetesen kiel\u00e9g\u00edt\u0151 tal\u00e1latokat mind a <strong>\u00faj vaperek<\/strong> \u00e9s \u00ednyenceknek egyar\u00e1nt.<\/p>\n<h3>Hatalmas puff kapacit\u00e1s<\/h3>\n<p>\u00c9lvezze a p\u00e9ld\u00e1tlan \u00e9rt\u00e9ket a <strong>13,000 puff<\/strong> amelyek cs\u00f6kkentik a csere gyakoris\u00e1g\u00e1t. Tart\u00f3ss\u00e1gra tervezt\u00e9k, \u00edgy k\u00f6lts\u00e9ghat\u00e9kony megold\u00e1st ny\u00fajt, hogy kevesebb eldob\u00e1ssal hosszabb ideig p\u00e1rolhasson, ide\u00e1lis a hossz\u00fa \u00e9lettartamot el\u0151t\u00e9rbe helyez\u0151 neh\u00e9z felhaszn\u00e1l\u00f3k sz\u00e1m\u00e1ra.<\/p>\n<h3>Kiterjedt \u00edzv\u00e1laszt\u00e9k<\/h3>\n<p>K\u00e9nyeztesse mag\u00e1t 16 curated <strong>vape \u00edzek<\/strong>, bele\u00e9rtve a gy\u00fcm\u00f6lcs\u00f6s, jeges \u00e9s desszert profilok izgalmas lehet\u0151s\u00e9geit:<\/p>\n<ul>\n<li>\u0150szibarack \u00c1fonya<\/li>\n<li>Barack j\u00e9g<\/li>\n<li>Vegyes bogy\u00f3s gy\u00fcm\u00f6lcs\u00f6k<\/li>\n<li>V\u00cdZMELON J\u00c9G<\/li>\n<li>Eper kiwi<\/li>\n<li>Eper ban\u00e1n<\/li>\n<li>Mazsol\u00e1s g\u00f6r\u00f6gdinnye<\/li>\n<li>eperj\u00e9g<\/li>\n<li>Kiwi maracuja guava<\/li>\n<li>EPER G\u00d6R\u00d6GDINNYE<\/li>\n<li>Aloe sz\u0151l\u0151<\/li>\n<li>Mango barack<\/li>\n<li>PASSION KISS<\/li>\n<li>k\u00e9k j\u00e9g<\/li>\n<li>CSERESZNYE COLA<\/li>\n<li>Vattacukor<\/li>\n<\/ul>\n<p>Ez a v\u00e1ltozatos k\u00edn\u00e1lat minden \u00edzl\u00e9st kiel\u00e9g\u00edt, a mer\u00e9sz kever\u00e9kekt\u0151l a friss\u00edt\u0151 klasszikusokig.<\/p>\n<h3>V\u00e9gs\u0151 hordozhat\u00f3s\u00e1g<\/h3>\n<p>Tapasztalja meg a z\u00f6kken\u0151mentes mobilit\u00e1st egy <strong>kompakt<\/strong> forma, amely er\u0151teljes teljes\u00edtm\u00e9nyt \u00e9s egyszer\u0171 kezelhet\u0151s\u00e9get p\u00e1ros\u00edt. T\u00f6k\u00e9letes utaz\u00e1shoz vagy gyors munkamenetekhez, pr\u00e9mium min\u0151s\u00e9g\u0171 \u00e9lm\u00e9nyt biztos\u00edt \u00fatk\u00f6zben, an\u00e9lk\u00fcl, hogy kompromisszumot k\u00f6tne a g\u0151z min\u0151s\u00e9g\u00e9ben vagy az \u00edz m\u00e9lys\u00e9g\u00e9ben.<\/p>","protected":false},"excerpt":{"rendered":"<p>Fedezze fel a <strong>Bang King 13000<\/strong>, egy nagy kapacit\u00e1s\u00fa, eldobhat\u00f3 vape, fejlett <strong>h\u00e1l\u00f3s tekercs<\/strong> \u00e9s ak\u00e1r <strong>13,000 puff<\/strong>, 16 k\u00fcl\u00f6nb\u00f6z\u0151 \u00edzben kaphat\u00f3 a fokozott p\u00e1rologtat\u00e1si \u00e9lm\u00e9ny \u00e9rdek\u00e9ben. Eleg\u00e1ns, hordozhat\u00f3 \u00e9s k\u00f6lts\u00e9ghat\u00e9kony a mindennapi haszn\u00e1lathoz.<\/p>","protected":false},"featured_media":2617,"comment_status":"open","ping_status":"closed","template":"","meta":[],"product_brand":[133],"product_cat":[856],"product_tag":[361,360,112,77,115,155],"class_list":{"0":"post-2623","1":"product","2":"type-product","3":"status-publish","4":"has-post-thumbnail","6":"product_brand-bangking","7":"product_cat-bangking","8":"product_tag-13000-puff-vape","9":"product_tag-bang-king-13000","10":"product_tag-disposable-vape","11":"product_tag-mesh-coil-vape","12":"product_tag-rechargeable-vape","13":"product_tag-vape-flavors","15":"first","16":"instock","17":"sale","18":"shipping-taxable","19":"purchasable","20":"product-type-variable"},"jetpack_sharing_enabled":true,"tiered_pricing_type":"fixed","tiered_pricing_fixed_rules":[],"tiered_pricing_product_settings":{"layout":"default","base_unit_name":{"singular":null,"plural":null},"default_variation":null},"tiered_pricing_minimum_quantity":null,"tiered_pricing_roles_data":[],"tiered_pricing_percentage_rules":[],"tiered_pricing_maximum_quantity":null,"tiered_pricing_quantity_step":null,"_links":{"self":[{"href":"https:\/\/frvape.com\/hu\/wp-json\/wp\/v2\/product\/2623","targetHints":{"allow":["GET"]}}],"collection":[{"href":"https:\/\/frvape.com\/hu\/wp-json\/wp\/v2\/product"}],"about":[{"href":"https:\/\/frvape.com\/hu\/wp-json\/wp\/v2\/types\/product"}],"replies":[{"embeddable":true,"href":"https:\/\/frvape.com\/hu\/wp-json\/wp\/v2\/comments?post=2623"}],"wp:featuredmedia":[{"embeddable":true,"href":"https:\/\/frvape.com\/hu\/wp-json\/wp\/v2\/media\/2617"}],"wp:attachment":[{"href":"https:\/\/frvape.com\/hu\/wp-json\/wp\/v2\/media?parent=2623"}],"wp:term":[{"taxonomy":"product_brand","embeddable":true,"href":"https:\/\/frvape.com\/hu\/wp-json\/wp\/v2\/product_brand?post=2623"},{"taxonomy":"product_cat","embeddable":true,"href":"https:\/\/frvape.com\/hu\/wp-json\/wp\/v2\/product_cat?post=2623"},{"taxonomy":"product_tag","embeddable":true,"href":"https:\/\/frvape.com\/hu\/wp-json\/wp\/v2\/product_tag?post=2623"}],"curies":[{"name":"wp","href":"https:\/\/api.w.org\/{rel}","templated":true}]}}