{"id":2813,"date":"2025-10-12T04:03:18","date_gmt":"2025-10-12T04:03:18","guid":{"rendered":"https:\/\/frvape.com\/product\/mrvi-winning-30000-puffs-disposable-vape-touch-screen-dual-coil-technology\/"},"modified":"2026-02-06T03:27:03","modified_gmt":"2026-02-06T03:27:03","slug":"mrvi-nyero-30000-puffs-eldobhato-vape-erintokepernyo-kettos-tekercs-technologia","status":"publish","type":"product","link":"https:\/\/frvape.com\/hu\/product\/mrvi-nyero-30000-puffs-eldobhato-vape-erintokepernyo-kettos-tekercs-technologia\/","title":{"rendered":"Mrvi Winning 30000 Puffs Eldobhat\u00f3 Vape - \u00c9rint\u0151k\u00e9perny\u0151 \u00e9s kett\u0151s tekercs technol\u00f3gia"},"content":{"rendered":"<h3>Forradalmi Vaping Experience<\/h3>\n<p>Bemutatjuk az \u00fatt\u00f6r\u0151 <strong>Mrvi Winning 30000<\/strong> - az eldobhat\u00f3 vape technol\u00f3gia cs\u00facsa. Ez az \u00e9lvonalbeli k\u00e9sz\u00fcl\u00e9k megd\u00f6nti az elv\u00e1r\u00e1sokat az ipar\u00e1gvezet\u0151 <strong>30000 puff<\/strong> kapacit\u00e1s \u00e9s massz\u00edv <strong>35ml e-folyad\u00e9k<\/strong> tart\u00e1ly, amely gyakori cser\u00e9k n\u00e9lk\u00fcl biztos\u00edtja a hosszan tart\u00f3 el\u00e9gedetts\u00e9get. A feln\u0151tt fogyaszt\u00f3k ig\u00e9nyeinek figyelembev\u00e9tel\u00e9vel k\u00e9sz\u00fclt, \u00e9s olyan pr\u00e9mium funkci\u00f3kat tartalmaz, mint a kifinomult <strong>\u00e9rint\u0151k\u00e9perny\u0151s kijelz\u0151<\/strong> \u00e9s robusztus <strong>gyermekbiztos z\u00e1r<\/strong> technol\u00f3gia.<\/p>\n<h3>Fejlett m\u0171szaki specifik\u00e1ci\u00f3k<\/h3>\n<p>Tapasztalja meg a p\u00e9ld\u00e1tlan teljes\u00edtm\u00e9nyt a Winning 30000 nagy teljes\u00edtm\u00e9ny\u0171 <strong>800mAh \u00fajrat\u00f6lthet\u0151 akkumul\u00e1tor<\/strong> kombin\u00e1lva ultra-hat\u00e9kony <strong>USB-C gyors t\u00f6lt\u00e9s<\/strong> k\u00e9pess\u00e9g. Az innovat\u00edv <strong>kett\u0151s h\u00e1l\u00f3s tekercs<\/strong> rendszer fokozza az \u00edzek tisztas\u00e1g\u00e1t, mik\u00f6zben sokoldal\u00faan haszn\u00e1lhat\u00f3 <strong>n\u00e9gy f\u0171t\u00e9si m\u00f3d<\/strong> - Egyszer\u0171 \u00e9rint\u00e9ssel testre szabhatja a g\u0151z s\u0171r\u0171s\u00e9g\u00e9t \u00e9s h\u0151m\u00e9rs\u00e9klet\u00e9t.<\/p>\n<h3>Intelligens vez\u00e9rl\u0151rendszer<\/h3>\n<p>Mestere a p\u00e1rologtat\u00e1si \u00e9lm\u00e9nynek a reszponz\u00edv \u00e9rint\u0151k\u00e9perny\u0151 seg\u00edts\u00e9g\u00e9vel: Aktiv\u00e1lja a gomb 5 m\u00e1sodpercig t\u00f6rt\u00e9n\u0151 megnyom\u00e1s\u00e1val, v\u00e1ltogasson a k\u00f6vetkez\u0151k k\u00f6z\u00f6tt <strong>ECO\/PRO\/PLUS\/MAX<\/strong> \u00fczemm\u00f3dok egyetlen \u00e9rint\u00e9ssel, vagy h\u00e1romszori \u00e9rint\u00e9ssel a kulcsfontoss\u00e1g\u00fa <strong>gyermekbiztos z\u00e1r<\/strong>. A panor\u00e1ma <strong>teljes k\u00e9perny\u0151s megjelen\u00edt\u00e9s<\/strong> vil\u00e1gosan jelzi az akkumul\u00e1tor \u00e9lettartam\u00e1t \u00e9s az e-folyad\u00e9k szintj\u00e9t, m\u00edg a <strong>l\u00e9g\u00e1raml\u00e1s \u00e1ll\u00edthat\u00f3<\/strong> rendszer lehet\u0151v\u00e9 teszi a t\u00f6k\u00e9letes h\u00faz\u00e1si ellen\u00e1ll\u00e1s testreszab\u00e1s\u00e1t.<\/p>\n<h3>Pr\u00e9mium biztons\u00e1gi \u00e9s k\u00e9nyelmi funkci\u00f3k<\/h3>\n<p>A biztons\u00e1g \u00e9s az innov\u00e1ci\u00f3 tal\u00e1lkozik az \u00e1tfog\u00f3 v\u00e9delmi rendszerekkel: Az intelligens akkumul\u00e1torkezel\u00e9s figyelmeztet\u00e9st villogtat alacsony energiaell\u00e1t\u00e1s eset\u00e9n, m\u00edg az e-l\u00e9 monitor figyelmeztet, ha a folyad\u00e9k fogy\u00f3ban van. Az energiahat\u00e9kony <strong>energiatakar\u00e9kos \u00fczemm\u00f3d<\/strong> (5 k\u00e9perny\u0151 megnyom\u00e1s\u00e1val aktiv\u00e1lhat\u00f3) meghosszabb\u00edtja a haszn\u00e1latot, t\u00f6k\u00e9letes utaz\u00e1shoz. Minden k\u00e9sz\u00fcl\u00e9ket k\u00fcl\u00f6n-k\u00fcl\u00f6n csomagolva sz\u00e1ll\u00edtunk, egy\u00e9rtelm\u0171en felc\u00edmk\u00e9zett nikotiner\u0151ss\u00e9ggel, a k\u00f6vetkez\u0151 v\u00e1laszt\u00e9kkal <strong>2%<\/strong> vagy <strong>5%<\/strong> az ellen\u0151rz\u00f6tt el\u00e9gedetts\u00e9g \u00e9rdek\u00e9ben.<\/p>\n<h3>Kiv\u00e1l\u00f3 \u00edzv\u00e1laszt\u00e9k<\/h3>\n<p>K\u00e9nyeztesse mag\u00e1t az ig\u00e9nyes \u00edzek sz\u00e1m\u00e1ra \u00f6ssze\u00e1ll\u00edtott pr\u00e9mium \u00edzk\u00edn\u00e1latunkkal:<\/p>\n<ul>\n<li>G\u00f6r\u00f6gdinnye j\u00e9g - h\u0171t\u00f6tt ny\u00e1ri friss\u00edt\u0151<\/li>\n<li>Blue Razz Ice - Fanyar bogy\u00f3s gy\u00fcm\u00f6lcs\u00f6s robban\u00e1s<\/li>\n<li>Cherry Lemon - \u00c9des-fanyar f\u00fazi\u00f3<\/li>\n<li>Grape Ice - fagyasztott lila sz\u00edn\u0171 sz\u00e1jpadl\u00e1s<\/li>\n<li>\u00c1fony\u00e1s g\u00f6r\u00f6gdinnye - Dupla gy\u00fcm\u00f6lcs\u00f6s \u00f6r\u00f6m<\/li>\n<li>Juicy Peach - gy\u00fcm\u00f6lcs\u00f6s-\u00e9rett \u00e9dess\u00e9g<\/li>\n<li>Strawberry Ice - Klasszikus bogy\u00f3s gy\u00fcm\u00f6lcs\u00f6s h\u0171s\u00edt\u0151<\/li>\n<li>Vegyes bogy\u00f3s gy\u00fcm\u00f6lcs\u00f6k - Komplex bogy\u00f3s gy\u00fcm\u00f6lcs\u00f6k kever\u00e9ke<\/li>\n<li>Savany\u00fa alma - ropog\u00f3s savanyk\u00e1s-z\u00f6ld harap\u00e1s<\/li>\n<li>Anan\u00e1sz mang\u00f3 - Tr\u00f3pusi naplemente inf\u00fazi\u00f3<\/li>\n<\/ul>\n<h3>Teljes\u00edtm\u00e9nyre tervezve<\/h3>\n<p>A Winning 30000 kifinomult hardvere p\u00e1ratlan konzisztenci\u00e1t biztos\u00edt: A kett\u0151s tekercs konfigur\u00e1ci\u00f3 fenntartja az \u00edz integrit\u00e1s\u00e1t a 35 ml-es kapacit\u00e1son kereszt\u00fcl, m\u00edg a prec\u00edzen megtervezett g\u0151zcsatorn\u00e1k biztos\u00edtj\u00e1k a z\u00f6kken\u0151mentes adagol\u00e1st. A <strong>gyorst\u00f6lt\u00e9s<\/strong> USB-C-n kereszt\u00fcl t\u00f6bb id\u0151t t\u00f6lthet a p\u00e1rologtat\u00e1ssal \u00e9s kevesebbet a v\u00e1rakoz\u00e1ssal. Az optimaliz\u00e1lt energiagazd\u00e1lkod\u00e1si rendszer intelligens m\u00f3don k\u00edm\u00e9li az akkumul\u00e1tort k\u00e9szenl\u00e9ti \u00e1llapotban, maximaliz\u00e1lva a 800mAh kapacit\u00e1s hat\u00e9konys\u00e1g\u00e1t.<\/p>\n<h3>Felhaszn\u00e1l\u00f3bar\u00e1t kezel\u00e9si \u00fatmutat\u00f3<\/h3>\n<p>Navig\u00e1ljon k\u00f6nnyed\u00e9n minden funkci\u00f3ban:<\/p>\n<p><strong>1.<\/strong> Be-\/kikapcsol\u00e1s a gomb hossz\u00fa megnyom\u00e1s\u00e1val<br \/><strong>2.<\/strong> V\u00e1lt\u00e1s a p\u00e1rologtat\u00e1si m\u00f3dok k\u00f6z\u00f6tt (ECO\/PRO\/PLUS\/MAX) egyetlen \u00e9rint\u00e9ssel<br \/><strong>3.<\/strong> Z\u00e1rol\u00e1s\/felold\u00e1s h\u00e1rmas k\u00e9perny\u0151\u00e9rint\u00e9ssel<br \/><strong>4.<\/strong> \u00c1ll\u00edtsa be a l\u00e9g\u00e1raml\u00e1st a testreszabott h\u00faz\u00e1shoz<br \/><strong>5.<\/strong> Mark\u00edroz\u00e1si m\u00f3d v\u00e1lt\u00e1sa \u00f6t nyom\u00e1ssal<br \/><strong>6.<\/strong> A villog\u00f3 akkumul\u00e1torjelz\u0151k jelzik a felt\u00f6lt\u00e9si id\u0151t<br \/><strong>7.<\/strong> Az E-folyad\u00e9k l\u00e1mpa figyelmeztet, ha a l\u00e9 k\u00f6zeledik a kimer\u00fcl\u00e9shez<br \/><strong>8.<\/strong> A t\u00f6lt\u00e9s aktiv\u00e1lja a villog\u00f3 teljes\u00edtm\u00e9nyjelz\u0151t<\/p>\n<h3>Csomagol\u00e1s \u00e9s specifik\u00e1ci\u00f3k<\/h3>\n<p>Display-ready csomagol\u00e1si konfigur\u00e1ci\u00f3: <br \/><strong>Egy\u00e9ni egys\u00e9g:<\/strong> 1 k\u00e9sz\u00fcl\u00e9k kiskereskedelmi dobozonk\u00e9nt<br \/><strong>Kijelz\u0151 csomag:<\/strong> 10 darab pultos dobozonk\u00e9nt<br \/><strong>Sz\u00e1ll\u00edt\u00f3 doboz:<\/strong> 150 darab gy\u0171jt\u0151dobozonk\u00e9nt<\/p>\n<p>Teljes m\u0171szaki le\u00edr\u00e1s:<br \/>- Puff: <strong>30,000<\/strong><br \/>- E-folyad\u00e9k kapacit\u00e1s: <strong>35ml<\/strong><br \/>- Akkumul\u00e1tor: <strong>800mAh \u00fajrat\u00f6lthet\u0151<\/strong><br \/>- Nikotin: <strong>2% vagy 5%<\/strong><br \/>- T\u00f6lt\u00e9s: <strong>USB-C gyors t\u00f6lt\u00e9s<\/strong><br \/>- Tekercs technol\u00f3gia: <strong>Kett\u0151s h\u00e1l\u00f3s tekercs<\/strong><br \/>- Biztons\u00e1gi z\u00e1r: <strong>Gyermekbiztos v\u00e9delmi rendszer<\/strong><br \/>- Megjelen\u00edt\u00e9s: <strong>Teljes k\u00e9perny\u0151s \u00e9rint\u0151k\u00e9perny\u0151s fel\u00fclet<\/strong><\/p>","protected":false},"excerpt":{"rendered":"<p>Tapasztalja meg a forradalmi <strong>Mrvi Winning 30000<\/strong> eldobhat\u00f3 vape fejlett <strong>\u00e9rint\u0151k\u00e9perny\u0151s vez\u00e9rl\u00e9s<\/strong> \u00e9s <strong>30000 puff<\/strong> kapacit\u00e1s. A  weboldalon tal\u00e1lhat\u00f3. <strong>n\u00e9gy f\u0171t\u00e9si m\u00f3d<\/strong>, <strong>800mAh akkumul\u00e1tor<\/strong>, <strong>USB-C gyors t\u00f6lt\u00e9s<\/strong>, \u00e9s <strong>gyermekbiztos z\u00e1r<\/strong> a v\u00e9gs\u0151 biztons\u00e1g \u00e9rdek\u00e9ben.<\/p>","protected":false},"featured_media":2807,"comment_status":"open","ping_status":"closed","template":"","meta":[],"product_brand":[174],"product_cat":[175],"product_tag":[374,112,244,373,375,376],"class_list":{"0":"post-2813","1":"product","2":"type-product","3":"status-publish","4":"has-post-thumbnail","6":"product_brand-mrvi","7":"product_cat-mrvi-vape","8":"product_tag-30000-puffs-vape","9":"product_tag-disposable-vape","10":"product_tag-dual-mesh-coil","11":"product_tag-mrvi-winning-30000","12":"product_tag-touch-screen-e-cigarette","13":"product_tag-usb-c-vape","15":"first","16":"outofstock","17":"sale","18":"shipping-taxable","19":"purchasable","20":"product-type-variable"},"jetpack_sharing_enabled":true,"tiered_pricing_type":"fixed","tiered_pricing_fixed_rules":[],"tiered_pricing_product_settings":{"layout":"default","base_unit_name":{"singular":null,"plural":null},"default_variation":null},"tiered_pricing_minimum_quantity":null,"tiered_pricing_roles_data":[],"tiered_pricing_percentage_rules":[],"tiered_pricing_maximum_quantity":null,"tiered_pricing_quantity_step":null,"_links":{"self":[{"href":"https:\/\/frvape.com\/hu\/wp-json\/wp\/v2\/product\/2813","targetHints":{"allow":["GET"]}}],"collection":[{"href":"https:\/\/frvape.com\/hu\/wp-json\/wp\/v2\/product"}],"about":[{"href":"https:\/\/frvape.com\/hu\/wp-json\/wp\/v2\/types\/product"}],"replies":[{"embeddable":true,"href":"https:\/\/frvape.com\/hu\/wp-json\/wp\/v2\/comments?post=2813"}],"wp:featuredmedia":[{"embeddable":true,"href":"https:\/\/frvape.com\/hu\/wp-json\/wp\/v2\/media\/2807"}],"wp:attachment":[{"href":"https:\/\/frvape.com\/hu\/wp-json\/wp\/v2\/media?parent=2813"}],"wp:term":[{"taxonomy":"product_brand","embeddable":true,"href":"https:\/\/frvape.com\/hu\/wp-json\/wp\/v2\/product_brand?post=2813"},{"taxonomy":"product_cat","embeddable":true,"href":"https:\/\/frvape.com\/hu\/wp-json\/wp\/v2\/product_cat?post=2813"},{"taxonomy":"product_tag","embeddable":true,"href":"https:\/\/frvape.com\/hu\/wp-json\/wp\/v2\/product_tag?post=2813"}],"curies":[{"name":"wp","href":"https:\/\/api.w.org\/{rel}","templated":true}]}}