{"id":3082,"date":"2025-10-12T04:30:40","date_gmt":"2025-10-12T04:30:40","guid":{"rendered":"https:\/\/frvape.com\/product\/uwin-crystal-twins-40000-disposable-vape-long-lasting-rechargeable\/"},"modified":"2025-11-04T01:53:24","modified_gmt":"2025-11-04T01:53:24","slug":"uwin-crystal-twins-40000-eldobhato-vape-hosszu-elettartamu-ujratoltheto","status":"publish","type":"product","link":"https:\/\/frvape.com\/hu\/product\/uwin-crystal-twins-40000-eldobhato-vape-hosszu-elettartamu-ujratoltheto\/","title":{"rendered":"Uwin Crystal Twins 40000 Eldobhat\u00f3 Vape | Hossz\u00fa \u00e9lettartam\u00fa \u00e9s \u00fajrat\u00f6lthet\u0151"},"content":{"rendered":"<h3>Bemutatjuk az Uwin Crystal Twins 40000 eldobhat\u00f3 Vape-t<\/h3>\n<p>L\u00e9pjen be a pr\u00e9mium g\u0151z\u00f6l\u00e9s vil\u00e1g\u00e1ba a <strong>Uwin krist\u00e1ly ikrek 40000<\/strong>, amelynek c\u00e9lja, hogy <strong>40,000 puff<\/strong> a tiszta \u00e9lvezet. Ez az innovat\u00edv eszk\u00f6z minden egyes bel\u00e9gz\u00e9sn\u00e9l hosszabb, gazdag \u00edz\u00e9lm\u00e9nyt biztos\u00edt, vizu\u00e1lisan felt\u0171n\u0151 f\u00e9mes csillog\u00e1st \u00e9s sima akril fel\u00fcletet kombin\u00e1lva egy igaz\u00e1n kifinomult \u00e9rz\u00e9ki utaz\u00e1shoz. A <strong>\u00fajrat\u00f6lthet\u0151<\/strong> rendszer egy Type-C porton kereszt\u00fcl hossz\u00fa t\u00e1v\u00fa teljes\u00edtm\u00e9nyt biztos\u00edt, \u00edgy t\u00f6k\u00e9letes a mindennapos p\u00e1rologtat\u00e1st kedvel\u0151, el\u00e9gedetts\u00e9gre v\u00e1gy\u00f3 rajong\u00f3k sz\u00e1m\u00e1ra.<\/p>\n<h3>P\u00e1ratlan teljes\u00edtm\u00e9ny \u00e9s specifik\u00e1ci\u00f3k<\/h3>\n<p>A <strong>Uwin krist\u00e1ly ikrek 40000<\/strong> a legmodernebb technol\u00f3gi\u00e1val k\u00e9sz\u00fclt, hogy n\u00f6velje a p\u00e1rol\u00e1s \u00e9lvezet\u00e9t. A legfontosabb specifik\u00e1ci\u00f3k k\u00f6z\u00e9 tartozik a massz\u00edv puffsz\u00e1m <strong>40,000<\/strong>, ami hetekig tart\u00f3 \u00e9lvezetet biztos\u00edt folyamatos cser\u00e9k n\u00e9lk\u00fcl. A k\u00e9sz\u00fcl\u00e9k jelent\u0151s <strong>32ml<\/strong> e-folyad\u00e9k kapacit\u00e1ssal \u00e9s er\u0151teljes <strong>850mAh akkumul\u00e1tor<\/strong> kobalt-optimaliz\u00e1l\u00e1ssal a hat\u00e9kony, gyors t\u00f6lt\u00e9s \u00e9rdek\u00e9ben. Fejlett <strong>h\u00e1l\u00f3s tekercs<\/strong> rendszerrel intenz\u00edv \u00edzkonzisztenci\u00e1t biztos\u00edt minden egyes puffan\u00e1sn\u00e1l, valamint k\u00e9nyelmes <strong>olajteljes\u00edtm\u00e9nyjelz\u0151<\/strong> a kifut\u00e1sok megel\u0151z\u00e9se \u00e9rdek\u00e9ben. Ide\u00e1lis mind az \u00faj felhaszn\u00e1l\u00f3k, mind a p\u00e1rol\u00f3k sz\u00e1m\u00e1ra, mivel t\u00f6bbf\u00e9le nikotiner\u0151ss\u00e9get t\u00e1mogat a szem\u00e9lyre szabott \u00e9lm\u00e9nyek \u00e9rdek\u00e9ben.<\/p>\n<h3>Sokoldal\u00fa \u00edzek minden szipuz\u00e1si alkalomra<\/h3>\n<p><p>Emelje fel a p\u00e1rologtat\u00e1si pillanatait v\u00e1ltozatos v\u00e1laszt\u00e9kunkkal. <strong>20 cs\u00e1b\u00edt\u00f3 \u00edz<\/strong>, kett\u0151s \u00edzvil\u00e1g\u00fa kivitelben, hogy k\u00f6nnyed\u00e9n illeszkedjen a hangulat\u00e1hoz. Mindegyik \u00edz a gazdags\u00e1g \u00e9s a l\u00e1gys\u00e1g egyedi kever\u00e9k\u00e9t k\u00edn\u00e1lja, ak\u00e1r gy\u00fcm\u00f6lcs\u00f6s \u00e9lvezetekre, ak\u00e1r jeges \u00e9rz\u00e9sekre v\u00e1gyik. Fedezze fel \u00e1tfog\u00f3 <strong>\u00edzk\u00edn\u00e1lat<\/strong>:<\/p>\n<p><strong>\u00c1fonya j\u00e9gen<\/strong><br \/><strong>Kiwi Passi\u00f3gy\u00fcm\u00f6lcs Guava<\/strong><br \/><strong>Sz\u0151l\u0151 j\u00e9g<\/strong><br \/><strong>Eper m\u00e1lna cseresznye<\/strong><br \/><strong>Eper Kiwi<\/strong><br \/><strong>Mr Blue<\/strong><br \/><strong>Barack Mang\u00f3 Anan\u00e1sz<\/strong><br \/><strong>Cherry Ice<\/strong><br \/><strong>Citrom Lime<\/strong><br \/><strong>Love 66 (Maracuja dinnye j\u00e9g)<\/strong><br \/><strong>Eper ban\u00e1n<\/strong><br \/><strong>K\u00e9t alma<\/strong><br \/><strong>Kiwi Passi\u00f3gy\u00fcm\u00f6lcs Guava<\/strong><br \/><strong>G\u00f6r\u00f6gdinnye j\u00e9g<\/strong><br \/><strong>\u00c1fonya m\u00e1lna<\/strong><br \/><strong>Red Bull<\/strong><br \/><strong>Eper g\u00f6r\u00f6gdinnye<\/strong><br \/><strong>Vegyes bogy\u00f3s gy\u00fcm\u00f6lcs\u00f6k<\/strong><br \/><strong>\u00c1fonya m\u00e1lna<\/strong><br \/><strong>Ny\u00e1ri barack j\u00e9g<\/strong><\/p>\n<p>Ezekkel a <strong>exkluz\u00edv lehet\u0151s\u00e9gek<\/strong>, a friss gy\u00fcm\u00f6lcsinf\u00fazi\u00f3, a fanyar jegyek \u00e9s a h\u0171s\u00edt\u0151 j\u00e9ghat\u00e1sok k\u00f6z\u00f6tt v\u00e1lthat a v\u00e9gtelen \u00e9lvezet \u00e9rdek\u00e9ben.<\/p>\n<\/p>\n<h3>K\u00e9nyelmes csomagol\u00e1s \u00e9s \u00e9letm\u00f3d-integr\u00e1ci\u00f3<\/h3>\n<p>A praktikuss\u00e1g \u00e9s a k\u00f6nny\u0171 haszn\u00e1lat \u00e9rdek\u00e9ben tervezett <strong>Uwin krist\u00e1ly ikrek 40000<\/strong> sokoldal\u00fa csomagol\u00e1si lehet\u0151s\u00e9ggel rendelkezik: minden doboz 10 eszk\u00f6zt tartalmaz, \u00e9s minden karton 200 db-ot. Ez a <strong>eldobhat\u00f3 vape<\/strong> s\u00falya kartondobozonk\u00e9nt 22,5 kg, a hat\u00e9kony t\u00e1rol\u00e1s \u00e9s sz\u00e1ll\u00edt\u00e1s \u00e9rdek\u00e9ben optimaliz\u00e1lt kartonm\u00e9retekkel CM-ben. A <strong>\u00fajrat\u00f6lthet\u0151<\/strong> funkci\u00f3 k\u00fcl\u00f6nb\u00f6zteti meg, amely lehet\u0151v\u00e9 teszi, hogy fenntartsa a <strong>40,000 puff<\/strong> potenci\u00e1l k\u00f6vetkezetes C-t\u00edpus\u00fa t\u00f6lt\u00e9s r\u00e9v\u00e9n. \u00c9lvezze a gondtalan p\u00e1rologtat\u00e1s \u00e9lm\u00e9ny\u00e9t, amely z\u00f6kken\u0151mentesen illeszkedik b\u00e1rmilyen \u00e9letst\u00edlushoz, a csendes est\u00e9kt\u0151l az akt\u00edv kalandokig.<\/p>\n<h3>Mi\u00e9rt v\u00e1lassza az Uwin Crystal Twins-t?<\/h3>\n<p>Ez a kiv\u00e9teles k\u00e9sz\u00fcl\u00e9k \u00f6tv\u00f6zi a st\u00edlust \u00e9s az anyagot, tart\u00f3s, <strong>h\u00e1l\u00f3s tekercs<\/strong>-fokozott teljes\u00edtm\u00e9ny a kifog\u00e1stalan g\u0151zmin\u0151s\u00e9g\u00e9rt. A felhaszn\u00e1l\u00f3k fokozott el\u00e9gedetts\u00e9gr\u0151l sz\u00e1molnak be a <strong>nikotin v\u00e1laszt\u00e1si lehet\u0151s\u00e9gek<\/strong> 0%-t\u0151l 5%-ig terjed, mind a nikotinmentes, mind az er\u0151s sl\u00e1gereket kedvel\u0151k sz\u00e1m\u00e1ra. A <strong>olajteljes\u00edtm\u00e9nyjelz\u0151<\/strong> funkci\u00f3 biztos\u00edtja, hogy soha ne tal\u00e1lja ki, mikor van itt az ideje a cser\u00e9nek. R\u00e1ad\u00e1sul a sz\u00e9les \u00edzv\u00e1laszt\u00e9k \u00e9s a hossz\u00fa <strong>puff \u00e9let<\/strong> garant\u00e1lja az \u00e9rt\u00e9ket \u00e9s az izgalmat minden haszn\u00e1lat sor\u00e1n.<\/p>\n<p>Alak\u00edtsa \u00e1t a p\u00e1rol\u00e1si rutinj\u00e1t a <strong>Uwin krist\u00e1ly ikrek 40000<\/strong> - ahol a fejlett technol\u00f3gia tal\u00e1lkozik az eleganci\u00e1val. Fedezze fel, mi\u00e9rt a legjobb v\u00e1laszt\u00e1s a <strong>eldobhat\u00f3 vape<\/strong> rajong\u00f3k ma.<\/p>","protected":false},"excerpt":{"rendered":"<p>Tapasztalat <strong>40,000 puff<\/strong> a tiszta \u00e9lvezet <strong>Uwin krist\u00e1ly ikrek 40000<\/strong>, eleg\u00e1ns f\u00e9mf\u00e9ny\u0171 \u00e9s sima akril tapint\u00e1s\u00fa.<\/p>\n<p>\u00c9lvezze a sokoldal\u00fa kett\u0151s <strong>\u00edzek<\/strong> minden hangulathoz, 0%\/2%\/3%\/5% nikotinv\u00e1laszt\u00e9k, \u00e9s egy <strong>\u00fajrat\u00f6lthet\u0151<\/strong> tervez\u00e9s.<\/p>","protected":false},"featured_media":3076,"comment_status":"open","ping_status":"closed","template":"","meta":[],"product_brand":[404],"product_cat":[1017,850],"product_tag":[389,112,372,229,407,155],"class_list":{"0":"post-3082","1":"product","2":"type-product","3":"status-publish","4":"has-post-thumbnail","6":"product_brand-uwin","7":"product_cat-crystal-vapes","8":"product_cat-uwin","9":"product_tag-40000-puffs-vape","10":"product_tag-disposable-vape","11":"product_tag-mesh-coil","12":"product_tag-rechargeable-electronic-cigarette","13":"product_tag-uwin-crystal-twins","14":"product_tag-vape-flavors","16":"first","17":"instock","18":"sale","19":"shipping-taxable","20":"purchasable","21":"product-type-variable"},"jetpack_sharing_enabled":true,"tiered_pricing_type":"fixed","tiered_pricing_fixed_rules":[],"tiered_pricing_product_settings":{"layout":"default","base_unit_name":{"singular":null,"plural":null},"default_variation":null},"tiered_pricing_minimum_quantity":null,"tiered_pricing_roles_data":[],"tiered_pricing_percentage_rules":[],"tiered_pricing_maximum_quantity":null,"tiered_pricing_quantity_step":null,"_links":{"self":[{"href":"https:\/\/frvape.com\/hu\/wp-json\/wp\/v2\/product\/3082","targetHints":{"allow":["GET"]}}],"collection":[{"href":"https:\/\/frvape.com\/hu\/wp-json\/wp\/v2\/product"}],"about":[{"href":"https:\/\/frvape.com\/hu\/wp-json\/wp\/v2\/types\/product"}],"replies":[{"embeddable":true,"href":"https:\/\/frvape.com\/hu\/wp-json\/wp\/v2\/comments?post=3082"}],"wp:featuredmedia":[{"embeddable":true,"href":"https:\/\/frvape.com\/hu\/wp-json\/wp\/v2\/media\/3076"}],"wp:attachment":[{"href":"https:\/\/frvape.com\/hu\/wp-json\/wp\/v2\/media?parent=3082"}],"wp:term":[{"taxonomy":"product_brand","embeddable":true,"href":"https:\/\/frvape.com\/hu\/wp-json\/wp\/v2\/product_brand?post=3082"},{"taxonomy":"product_cat","embeddable":true,"href":"https:\/\/frvape.com\/hu\/wp-json\/wp\/v2\/product_cat?post=3082"},{"taxonomy":"product_tag","embeddable":true,"href":"https:\/\/frvape.com\/hu\/wp-json\/wp\/v2\/product_tag?post=3082"}],"curies":[{"name":"wp","href":"https:\/\/api.w.org\/{rel}","templated":true}]}}