{"id":3688,"date":"2025-10-12T05:08:56","date_gmt":"2025-10-12T05:08:56","guid":{"rendered":"https:\/\/frvape.com\/product\/razz-bar-16000-puff-disposable-vape-refillable-rechargeable-e-cig\/"},"modified":"2025-11-24T09:15:56","modified_gmt":"2025-11-24T09:15:56","slug":"razz-bar-16000-puff-eldobhato-vape-ujratoltheto-ujratoltheto-e-cig","status":"publish","type":"product","link":"https:\/\/frvape.com\/hu\/product\/razz-bar-16000-puff-eldobhato-vape-ujratoltheto-ujratoltheto-e-cig\/","title":{"rendered":"Razz Bar 16000 Puff Eldobhat\u00f3 Vape - \u00dajrat\u00f6lthet\u0151 \u00e9s \u00fajrat\u00f6lthet\u0151 E-Cig"},"content":{"rendered":"<h3>P\u00e1ratlan teljes\u00edtm\u00e9ny \u00e9s innov\u00e1ci\u00f3<\/h3>\n<p>A <strong>Razz b\u00e1r 16000<\/strong> \u00fajradefini\u00e1lja az eldobhat\u00f3 p\u00e1rologtat\u00e1st p\u00e9ld\u00e1tlan kapacit\u00e1ssal \u00e9s cs\u00facstechnol\u00f3gi\u00e1val. A kezd\u0151 \u00e9s tapasztalt vaperek sz\u00e1m\u00e1ra egyar\u00e1nt tervezett k\u00e9sz\u00fcl\u00e9k massz\u00edv, 16 000 puffot biztos\u00edt egys\u00e9genk\u00e9nt - kik\u00fcsz\u00f6b\u00f6lve az \u00e1lland\u00f3 cser\u00e9ket, mik\u00f6zben t\u00f6k\u00e9letes k\u00e9nyelmet biztos\u00edt.<\/p>\n<h3>Pr\u00e9mium specifik\u00e1ci\u00f3k<\/h3>\n<p><strong>Olaj \u00dajrat\u00f6lthet\u0151 30ml kapacit\u00e1s<\/strong>: Minimaliz\u00e1lja a hullad\u00e9kot az e-folyad\u00e9k kamra \u00fajrat\u00f6lt\u00e9s\u00e9vel<br \/><strong>650mAh be\u00e9p\u00edtett akkumul\u00e1tor<\/strong>: Gyorst\u00f6lt\u00e9s USB Type-C porton kereszt\u00fcl folyamatos haszn\u00e1lathoz<br \/><strong>Mesh Coil technol\u00f3gia<\/strong>: Kiv\u00e1l\u00f3 \u00edzvil\u00e1g \u00e9s s\u0171r\u0171 g\u0151ztermel\u00e9s<br \/><strong>Cser\u00e9lhet\u0151 patron<\/strong>: Hosszabb\u00edtsa meg a k\u00e9sz\u00fcl\u00e9k \u00e9lettartam\u00e1t modul\u00e1ris alkatr\u00e9szekkel<br \/>Gy\u00e1ri kartondoboz: <strong>200 egys\u00e9g gy\u0171jt\u0151dobozonk\u00e9nt<\/strong><\/p>\n<h3>Robban\u00e1sszer\u0171 \u00edzv\u00e1laszt\u00e9k<\/h3>\n<p>V\u00e1lasszon 12 szak\u00e9rtelemmel \u00f6ssze\u00e1ll\u00edtott \u00edz k\u00f6z\u00fcl:<br \/>- <strong>Kiwi Passi\u00f3gy\u00fcm\u00f6lcs Guava<\/strong><br \/>- <strong>Red Bull sz\u0151l\u0151<\/strong><br \/>- <strong>Eper Kiwi<\/strong><br \/>- <strong>Vegyes bogy\u00f3s gy\u00fcm\u00f6lcs\u00f6k<\/strong><br \/>- <strong>Gumimaci<\/strong><br \/>- <strong>Eper g\u00f6r\u00f6gdinnye r\u00e1g\u00f3gumi<\/strong><br \/>- <strong>Eper j\u00e9g<\/strong><br \/>- <strong>Barack mang\u00f3 g\u00f6r\u00f6gdinnye<\/strong><br \/>- <strong>Dupla alma<\/strong><br \/>- <strong>Barack j\u00e9g<\/strong><br \/>- <strong>\u00c1fonya j\u00e9g<\/strong><br \/>- <strong>G\u00f6r\u00f6gdinnye j\u00e9g<\/strong><\/p>\n<h3>Megb\u00edzhat\u00f3 megb\u00edzhat\u00f3s\u00e1g<\/h3>\n<p><strong>Razz b\u00e1r<\/strong> 2017 \u00f3ta szigor\u00fa min\u0151s\u00e9gbiztos\u00edt\u00e1ssal vezeti a p\u00e1rologtat\u00f3ipart. Minden egys\u00e9g IQC, IPQC \u00e9s FQC tesztel\u00e9si protokollokon megy kereszt\u00fcl, amelyek glob\u00e1lis tan\u00fas\u00edtv\u00e1nyokkal rendelkeznek, t\u00f6bbek k\u00f6z\u00f6tt a k\u00f6vetkez\u0151kkel <strong>CE<\/strong> \u00e9s <strong>RoHS<\/strong>. Fejlett gy\u00e1runk pr\u00e9mium eldobhat\u00f3 vape gy\u00e1rt\u00e1s\u00e1ra specializ\u00e1l\u00f3dott, mik\u00f6zben \u00e1tfog\u00f3an k\u00edn\u00e1lja <strong>OEM &amp; ODM szolg\u00e1ltat\u00e1sok<\/strong>.<\/p>\n<h3>Mi\u00e9rt v\u00e1lasztj\u00e1k a szakemberek a Razz Bar-t<\/h3>\n<p>A k\u00f6vetkezetess\u00e9get ig\u00e9nyl\u0151 feln\u0151tt vaperek sz\u00e1m\u00e1ra tervezt\u00e9k: <br \/>- <strong>2%\/5%<\/strong> opcion\u00e1lis nikotin el\u00e9gedetts\u00e9g <br \/>- Ergonomikus, zsebbar\u00e1t kialak\u00edt\u00e1s<br \/>- H\u00e1roml\u00e9pcs\u0151s tekercs optimaliz\u00e1l\u00e1s maximaliz\u00e1lja az \u00edzek hossz\u00fa \u00e9lettartam\u00e1t<br \/>- K\u00f6vetkezetes teljes\u00edtm\u00e9ny a v\u00e9gs\u0151 puffan\u00e1sig<br \/>- Gyermekbiztos csomagol\u00e1s megfelel\u0151s\u00e9ge<\/p>\n<p>A p\u00e1rologtat\u00e1si technol\u00f3gia \u00fatt\u00f6r\u0151jek\u00e9nt a Razz Bar \u00f6tv\u00f6zi az innov\u00e1ci\u00f3t a praktikummal. Az 16000-es modell az \u00fajrat\u00f6lthet\u0151 mechanik\u00e1val \u00e9s a kiterjesztett haszn\u00e1lat\u00fa architekt\u00far\u00e1val p\u00e9ld\u00e1zza a k\u00f6rnyezettudatos p\u00e1rol\u00e1s ir\u00e1nti elk\u00f6telezetts\u00e9g\u00fcnket. Tapasztalja meg az intenz\u00edv \u00edz tisztas\u00e1g\u00e1t a jeges mentolos v\u00e1ltozatokkal vagy a l\u00e9d\u00fas tr\u00f3pusi kever\u00e9kekkel - minden egyes slukk kompromisszumok n\u00e9lk\u00fcli kiv\u00e1l\u00f3s\u00e1got ny\u00fajt.<\/p>\n<p>Glob\u00e1lis forgalmaz\u00e1si h\u00e1l\u00f3zatunk t\u00e1mogatja a nagykereskedelmi \u00e1rel\u0151ny\u00f6kkel j\u00e1r\u00f3 nagy t\u00e9telben t\u00f6rt\u00e9n\u0151 megrendel\u00e9seket. Egyedi \u00edzfejleszt\u00e9s el\u00e9rhet\u0151 a m\u00e1rk\u00e1s p\u00e1rologtat\u00e1si megold\u00e1sokat keres\u0151 v\u00e1llalati partnerek sz\u00e1m\u00e1ra.<\/p>","protected":false},"excerpt":{"rendered":"<p>Tapasztalja meg a forradalmi <strong>Razz b\u00e1r 16000<\/strong> eldobhat\u00f3 vape <strong>16000 puff<\/strong> \u00e9s <strong>30ml \u00fajrat\u00f6lthet\u0151<\/strong> kapacit\u00e1s. Jellemz\u0151k <strong>650mAh \u00fajrat\u00f6lthet\u0151<\/strong> akkumul\u00e1tor, <strong>h\u00e1l\u00f3s tekercs<\/strong> technol\u00f3gia \u00e9s 12 robban\u00e9kony \u00edz. T\u00f6k\u00e9letes a tart\u00f3s el\u00e9gedetts\u00e9ghez!<\/p>","protected":false},"featured_media":3683,"comment_status":"open","ping_status":"closed","template":"","meta":[],"product_brand":[70],"product_cat":[893],"product_tag":[353,112,77,444,156,76],"class_list":{"0":"post-3688","1":"product","2":"type-product","3":"status-publish","4":"has-post-thumbnail","6":"product_brand-razzbar","7":"product_cat-razzbar","8":"product_tag-16000-puffs","9":"product_tag-disposable-vape","10":"product_tag-mesh-coil-vape","11":"product_tag-razz-bar-16000","12":"product_tag-rechargeable-e-cig","13":"product_tag-refillable-vape","15":"first","16":"instock","17":"sale","18":"shipping-taxable","19":"purchasable","20":"product-type-variable"},"jetpack_sharing_enabled":true,"tiered_pricing_type":"fixed","tiered_pricing_fixed_rules":[],"tiered_pricing_product_settings":{"layout":"default","base_unit_name":{"singular":null,"plural":null},"default_variation":null},"tiered_pricing_minimum_quantity":null,"tiered_pricing_roles_data":[],"tiered_pricing_percentage_rules":[],"tiered_pricing_maximum_quantity":null,"tiered_pricing_quantity_step":null,"_links":{"self":[{"href":"https:\/\/frvape.com\/hu\/wp-json\/wp\/v2\/product\/3688","targetHints":{"allow":["GET"]}}],"collection":[{"href":"https:\/\/frvape.com\/hu\/wp-json\/wp\/v2\/product"}],"about":[{"href":"https:\/\/frvape.com\/hu\/wp-json\/wp\/v2\/types\/product"}],"replies":[{"embeddable":true,"href":"https:\/\/frvape.com\/hu\/wp-json\/wp\/v2\/comments?post=3688"}],"wp:featuredmedia":[{"embeddable":true,"href":"https:\/\/frvape.com\/hu\/wp-json\/wp\/v2\/media\/3683"}],"wp:attachment":[{"href":"https:\/\/frvape.com\/hu\/wp-json\/wp\/v2\/media?parent=3688"}],"wp:term":[{"taxonomy":"product_brand","embeddable":true,"href":"https:\/\/frvape.com\/hu\/wp-json\/wp\/v2\/product_brand?post=3688"},{"taxonomy":"product_cat","embeddable":true,"href":"https:\/\/frvape.com\/hu\/wp-json\/wp\/v2\/product_cat?post=3688"},{"taxonomy":"product_tag","embeddable":true,"href":"https:\/\/frvape.com\/hu\/wp-json\/wp\/v2\/product_tag?post=3688"}],"curies":[{"name":"wp","href":"https:\/\/api.w.org\/{rel}","templated":true}]}}