{"id":3720,"date":"2025-10-12T05:11:31","date_gmt":"2025-10-12T05:11:31","guid":{"rendered":"https:\/\/frvape.com\/product\/bang-smart-screen-15000-disposable-vape-with-15000-puffs-rechargeable\/"},"modified":"2025-11-25T03:17:11","modified_gmt":"2025-11-25T03:17:11","slug":"bang-smart-screen-15000-eldobhato-vape-15000-puffs-ujratoltheto","status":"publish","type":"product","link":"https:\/\/frvape.com\/hu\/product\/bang-smart-screen-15000-eldobhato-vape-15000-puffs-ujratoltheto\/","title":{"rendered":"Bang Smart Screen 15000 Eldobhat\u00f3 Vape 15000 Puffs \u00dajrat\u00f6lthet\u0151"},"content":{"rendered":"<h3>Bemutatkozik a Bang Smart Screen 15000 eldobhat\u00f3 Vape<\/h3>\n<p>Fedezze fel a p\u00e1rologtat\u00e1s innov\u00e1ci\u00f3j\u00e1nak j\u00f6v\u0151j\u00e9t a legmodernebb <strong>Bang Smart Screen 15000<\/strong> eldobhat\u00f3 vape. A v\u00e9gs\u0151 k\u00e9nyelemre \u00e9s teljes\u00edtm\u00e9nyre tervezett k\u00e9sz\u00fcl\u00e9k a kiv\u00e1l\u00f3 min\u0151s\u00e9g\u0171 m\u00e9rn\u00f6ki munk\u00e1t felhaszn\u00e1l\u00f3bar\u00e1t funkci\u00f3kkal \u00f6tv\u00f6zi, hogy rendk\u00edv\u00fcli \u00e9lm\u00e9nyt ny\u00fajtson. A vil\u00e1g egyik vezet\u0151jek\u00e9nt a <strong>elektronikus cigaretta ipar<\/strong>, b\u00fcszk\u00e9k vagyunk arra, hogy olyan term\u00e9keket hozunk l\u00e9tre, amelyek \u00fajradefini\u00e1lj\u00e1k a szabv\u00e1nyokat, \u00e9s lehet\u0151v\u00e9 teszik a fogyaszt\u00f3k sz\u00e1m\u00e1ra, hogy a hagyom\u00e1nyos doh\u00e1nyterm\u00e9kek eg\u00e9szs\u00e9gesebb alternat\u00edv\u00e1j\u00e1t \u00e9lvezhess\u00e9k. Az innov\u00e1ci\u00f3ra \u00f6sszpontos\u00edt\u00f3 k\u00fcldet\u00e9s\u00fcnkkel c\u00e9lunk, hogy z\u00f6kken\u0151mentes, \u00e9lvezetes p\u00e1rol\u00e1st biztos\u00edtsunk, amely megfelel a felhaszn\u00e1l\u00f3k ig\u00e9nyeinek vil\u00e1gszerte, \u00e9s amelyet els\u0151rang\u00fa \u00fcgyf\u00e9lszolg\u00e1lat \u00e9s fenntarthat\u00f3 gy\u00e1rt\u00e1si gyakorlatok t\u00e1mogatnak.<\/p>\n<h3>F\u0151bb jellemz\u0151k \u00e9s specifik\u00e1ci\u00f3k<\/h3>\n<p>A Bang Smart Screen 15000 kiemelkedik leny\u0171g\u00f6z\u0151 specifik\u00e1ci\u00f3ival, amelyek pr\u00e9mium teljes\u00edtm\u00e9nyt garant\u00e1lnak. Nagy teljes\u00edtm\u00e9ny\u0171 <strong>650mAh akkumul\u00e1tor<\/strong>, biztos\u00edtva a hosszabb haszn\u00e1latot folyamatos \u00fajrat\u00f6lt\u00e9s n\u00e9lk\u00fcl. A k\u00e9sz\u00fcl\u00e9k nagyvonal\u00fa <strong>25.0mL e-liquid kapacit\u00e1s<\/strong>, lehet\u0151v\u00e9 t\u00e9ve a megd\u00f6bbent\u0151 <strong>15000 puff<\/strong> egys\u00e9genk\u00e9nt a p\u00e1ratlan hossz\u00fa \u00e9lettartam \u00e9rdek\u00e9ben. Nagy hat\u00e9konys\u00e1g\u00fa <strong>1.2\u03a9 h\u00e1l\u00f3s tekercs<\/strong>, gazdag, egyenletes g\u0151ztermel\u00e9st biztos\u00edt \u00e9s fokozza az \u00edz intenzit\u00e1s\u00e1t. Ez a <strong>eldobhat\u00f3 vape<\/strong> 90*47 mm-es kompakt m\u00e9ret\u00e9vel k\u00f6nny\u0171 hordozhat\u00f3s\u00e1got biztos\u00edt, ide\u00e1lis az \u00fatk\u00f6zbeni p\u00e1rolg\u00e1s szerelmeseinek. Az \u00fajrat\u00f6lt\u00e9s k\u00f6nnyed\u00e9n \u00e9s gyorsan elv\u00e9gezhet\u0151 a be\u00e9p\u00edtett <strong>C-t\u00edpus\u00fa t\u00f6lt\u00e9s<\/strong> port, kik\u00fcsz\u00f6b\u00f6lve az \u00e1ll\u00e1sid\u0151t. Plusz, m\u00e9rs\u00e9kelt <strong>5% nikotinkoncentr\u00e1ci\u00f3<\/strong>, kiel\u00e9g\u00edt\u0151 torok\u00fct\u00e9st k\u00edn\u00e1l, amely a hagyom\u00e1nyos cigarett\u00e1t ut\u00e1nozza, mik\u00f6zben cs\u00f6kkenti a k\u00e1ros hat\u00e1sokat.<\/p>\n<h3>Fedezze fel 12 \u00edzv\u00e1laszt\u00e9kunkat<\/h3>\n<p>Mer\u00fclj\u00f6n el az \u00ednycsikland\u00f3 \u00edzek vil\u00e1g\u00e1ban a 12 k\u00fcl\u00f6nb\u00f6z\u0151 e-folyad\u00e9k \u00edzb\u0151l \u00e1ll\u00f3 gy\u0171jtem\u00e9ny\u00fcnkkel, amelyek mindegyike a k\u00f6vetkez\u0151 \u00f6sszetev\u0151kkel van \u00e1titatva <strong>5% nikotin er\u0151ss\u00e9g<\/strong> a kiegyens\u00falyozott g\u0151z\u00f6l\u00e9si \u00e9lm\u00e9ny \u00e9rdek\u00e9ben. Minden \u00edz pr\u00e9mium \u00f6sszetev\u0151k felhaszn\u00e1l\u00e1s\u00e1val k\u00e9sz\u00fclt a sima, friss\u00edt\u0151 \u00e9rz\u00e9s \u00e9rdek\u00e9ben:<\/p>\n<p><strong>Berry BLAST, barack Berry, barack freeze, eper g\u00f6r\u00f6gdinnye, tr\u00f3pusi gy\u00fcm\u00f6lcs, buja j\u00e9g, sz\u0151l\u0151 freeze, k\u00e9k freeze, eper licsi, h\u0171v\u00f6s menta, k\u00e9k cseresznye citrom, savany\u00fa alma \u00e1fonya.<\/strong><\/p>\n<p>Ez a sz\u00e9les v\u00e1laszt\u00e9k biztos\u00edtja, hogy minden \u00edzl\u00e9st kiel\u00e9g\u00edt, az \u00e9des, gy\u00fcm\u00f6lcs\u00f6s kever\u00e9kekt\u0151l a jeges, friss\u00edt\u0151 jegyekig, \u00edgy a Bang Smart Screen 15000 sokoldal\u00fa v\u00e1laszt\u00e1s a mindennapi \u00e9lvezethez.<\/p>\n<h3>Elk\u00f6telezetts\u00e9g az innov\u00e1ci\u00f3 \u00e9s az \u00fcgyf\u00e9lt\u00e1mogat\u00e1s ir\u00e1nt<\/h3>\n<p>Alapvet\u0151en a k\u00f6vetkez\u0151 term\u00e9kek kutat\u00e1s\u00e1ra, fejleszt\u00e9s\u00e9re \u00e9s glob\u00e1lis forgalmaz\u00e1s\u00e1ra specializ\u00e1l\u00f3dtunk <strong>eldobhat\u00f3 vape<\/strong> term\u00e9kek, amelyek c\u00e9lja a p\u00e1rologtat\u00e1s forradalmas\u00edt\u00e1sa. A folyamatos innov\u00e1ci\u00f3 ir\u00e1nti elk\u00f6telezetts\u00e9g\u00fcnk els\u0151 oszt\u00e1ly\u00fa gy\u00e1rt\u00f3v\u00e1 tett minket, hatalmas fogyaszt\u00f3i h\u0171s\u00e9get vonzva a megb\u00edzhat\u00f3, kiv\u00e1l\u00f3 min\u0151s\u00e9g\u0171 k\u00edn\u00e1latunkkal, amely a bel\u00e9p\u0151szint\u0171t\u0151l a v\u00e9gs\u0151 vaping megold\u00e1sokig terjed. Azzal, hogy a k\u00f6vetkez\u0151kre \u00f6sszpontos\u00edtunk <strong>OEM \u00e9s ODM<\/strong> k\u00e9pess\u00e9gek, sz\u00edvesen fogadunk egyedi megrendel\u00e9seket \u00e9s egy\u00fcttm\u0171k\u00f6d\u00e9seket - l\u00e1togasson el b\u00e1rmikor gy\u00e1runkba, hogy els\u0151 k\u00e9zb\u0151l l\u00e1thassa gy\u00e1rt\u00e1si folyamatunkat. Teljes \u00fcgyf\u00e9lszolg\u00e1lati rendszert tartunk fenn a z\u00f6kken\u0151mentes, hat\u00e9kony partners\u00e9gek biztos\u00edt\u00e1sa \u00e9rdek\u00e9ben, \u00e9s nemcsak a kiv\u00e9teles tervez\u00e9st \u00e9s min\u0151s\u00e9get helyezz\u00fck el\u0151t\u00e9rbe, hanem els\u0151 oszt\u00e1ly\u00fa t\u00e1mogat\u00e1st is ny\u00fajtunk, hogy vil\u00e1gszerte minden \u00e9rdekelt f\u00e9l sz\u00e1m\u00e1ra el\u0151ny\u00f6s eredm\u00e9nyeket \u00e9rj\u00fcnk el. Csatlakozzon hozz\u00e1nk, hogy felfedezz\u00fck a doh\u00e1ny eg\u00e9szs\u00e9gesebb, boldogabb alternat\u00edv\u00e1it a folyamatosan fejl\u0151d\u0151 <strong>p\u00e1rologtat\u00e1si technol\u00f3gia<\/strong>.<\/p>","protected":false},"excerpt":{"rendered":"<p>Tapasztalja meg a pr\u00e9mium g\u0151z\u00f6l\u00e9st a <strong>Bang Smart Screen 15000<\/strong> eldobhat\u00f3 vape, jellemz\u0151 <strong>15000 puff<\/strong> \u00e9s <strong>\u00fajrat\u00f6lthet\u0151<\/strong> C-t\u00edpus\u00fa k\u00e9pess\u00e9g.<br \/>\u00c9lvezze a <strong>v\u00e1ltozatos 12 \u00edz<\/strong> a  c\u00edmen <strong>5% nikotin er\u0151ss\u00e9g<\/strong> a hossz\u00fa t\u00e1v\u00fa el\u00e9gedetts\u00e9g\u00e9rt.<\/p>","protected":false},"featured_media":3715,"comment_status":"open","ping_status":"closed","template":"","meta":[],"product_brand":[107],"product_cat":[1072],"product_tag":[280,446,445,112,372,229],"class_list":{"0":"post-3720","1":"product","2":"type-product","3":"status-publish","4":"has-post-thumbnail","6":"product_brand-bang","7":"product_cat-bang","8":"product_tag-15000-puffs","9":"product_tag-5-nicotine","10":"product_tag-bang-smart-screen-15000","11":"product_tag-disposable-vape","12":"product_tag-mesh-coil","13":"product_tag-rechargeable-electronic-cigarette","15":"first","16":"instock","17":"sale","18":"shipping-taxable","19":"purchasable","20":"product-type-variable"},"jetpack_sharing_enabled":true,"tiered_pricing_type":"fixed","tiered_pricing_fixed_rules":[],"tiered_pricing_product_settings":{"layout":"default","base_unit_name":{"singular":null,"plural":null},"default_variation":null},"tiered_pricing_minimum_quantity":null,"tiered_pricing_roles_data":[],"tiered_pricing_percentage_rules":[],"tiered_pricing_maximum_quantity":null,"tiered_pricing_quantity_step":null,"_links":{"self":[{"href":"https:\/\/frvape.com\/hu\/wp-json\/wp\/v2\/product\/3720","targetHints":{"allow":["GET"]}}],"collection":[{"href":"https:\/\/frvape.com\/hu\/wp-json\/wp\/v2\/product"}],"about":[{"href":"https:\/\/frvape.com\/hu\/wp-json\/wp\/v2\/types\/product"}],"replies":[{"embeddable":true,"href":"https:\/\/frvape.com\/hu\/wp-json\/wp\/v2\/comments?post=3720"}],"wp:featuredmedia":[{"embeddable":true,"href":"https:\/\/frvape.com\/hu\/wp-json\/wp\/v2\/media\/3715"}],"wp:attachment":[{"href":"https:\/\/frvape.com\/hu\/wp-json\/wp\/v2\/media?parent=3720"}],"wp:term":[{"taxonomy":"product_brand","embeddable":true,"href":"https:\/\/frvape.com\/hu\/wp-json\/wp\/v2\/product_brand?post=3720"},{"taxonomy":"product_cat","embeddable":true,"href":"https:\/\/frvape.com\/hu\/wp-json\/wp\/v2\/product_cat?post=3720"},{"taxonomy":"product_tag","embeddable":true,"href":"https:\/\/frvape.com\/hu\/wp-json\/wp\/v2\/product_tag?post=3720"}],"curies":[{"name":"wp","href":"https:\/\/api.w.org\/{rel}","templated":true}]}}