{"id":4912,"date":"2025-10-12T06:45:54","date_gmt":"2025-10-12T06:45:54","guid":{"rendered":"https:\/\/frvape.com\/product\/bang-double-flavor-30000-disposable-vape-dual-flavor-system-30k-puffs\/"},"modified":"2025-12-16T08:37:12","modified_gmt":"2025-12-16T08:37:12","slug":"bang-dupla-iz-30000-eldobhato-vape-kettos-izu-rendszer-30k-puffs","status":"publish","type":"product","link":"https:\/\/frvape.com\/hu\/product\/bang-dupla-iz-30000-eldobhato-vape-kettos-izu-rendszer-30k-puffs\/","title":{"rendered":"Bang Double Flavor 30000 Eldobhat\u00f3 Vape - Kett\u0151s \u00edz\u0171 rendszer, 30K Puffs"},"content":{"rendered":"<h3>Tapasztalja meg a Dual Flavor innov\u00e1ci\u00f3t<\/h3>\n<p>Bemutatkozik a j\u00e1t\u00e9kv\u00e1ltoztat\u00f3 <strong>Bang Double Flavor 30000 Pro<\/strong>, pr\u00e9mium <strong>eldobhat\u00f3 vape<\/strong> p\u00e9lda n\u00e9lk\u00fcli sokoldal\u00fas\u00e1gra tervezve. Az \u00fatt\u00f6r\u0151 kett\u0151s \u00edzrendszerrel k\u00e9t k\u00fcl\u00f6nb\u00f6z\u0151 \u00edzprofilt \u00e9lvezhet egyetlen eleg\u00e1ns eszk\u00f6zben - nincs sz\u00fcks\u00e9g cser\u00e9re vagy bonyolult be\u00e1ll\u00edt\u00e1sokra. T\u00f6k\u00e9letes a kompromisszumok n\u00e9lk\u00fcli v\u00e1ltozatoss\u00e1got keres\u0151 \u00edzek \u00ednyenceinek.<\/p>\n<h3>P\u00e1ratlan teljes\u00edtm\u00e9nyjellemz\u0151k<\/h3>\n<p>Egy er\u0151s <strong>550mAh \u00fajrat\u00f6lthet\u0151 akkumul\u00e1tor<\/strong> \u00e9s hatalmas <strong>36ml e-folyad\u00e9k kapacit\u00e1s<\/strong>, ez a k\u00e9sz\u00fcl\u00e9k ipar\u00e1gvezet\u0151 <strong>30,000 puff<\/strong> k\u00f6vetkezetes g\u0151ztermel\u00e9s. A <strong>C-t\u00edpus\u00fa t\u00f6lt\u00e9s<\/strong> biztos\u00edtja a gyors energia ut\u00e1np\u00f3tl\u00e1st, m\u00edg a <strong>1,2 ohm ellen\u00e1ll\u00e1s<\/strong> optimaliz\u00e1lja az \u00edzintenzit\u00e1st mind a 16 egyedi \u00edzkombin\u00e1ci\u00f3ban.<\/p>\n<h3>Testreszabott nikotinszab\u00e1lyoz\u00e1s<\/h3>\n<p>Szem\u00e9lyre szabhatja a p\u00e1rologtat\u00f3 utaz\u00e1s\u00e1t n\u00e9gy nikotiner\u0151ss\u00e9ggel: <strong>0%<\/strong> (nikotinmentes el\u00e9gedetts\u00e9g), <strong>2%<\/strong> (sima torok\u00fct\u00e9s), <strong>3%<\/strong> (kiegyens\u00falyozott intenzit\u00e1s), \u00e9s <strong>5%<\/strong> (er\u0151s nikotinsz\u00e1ll\u00edt\u00e1s). Minden v\u00e1ltozat meg\u0151rzi az \u00edzintegrit\u00e1st, mik\u00f6zben minden preferenciaszintnek megfelel.<\/p>\n<h3>Pr\u00e9mium design \u00e9s funkcionalit\u00e1s<\/h3>\n<p>Az ergonomikus precizit\u00e1ssal k\u00e9sz\u00fclt Bang Double Flavor 30000 Pro zsebbar\u00e1t sziluettel \u00e9s intuit\u00edv, h\u00faz\u00e1ssal aktiv\u00e1lhat\u00f3 t\u00fczel\u00e9ssel rendelkezik. Az \u00e9l\u00e9nk, sziv\u00e1rg\u00e1smentes konstrukci\u00f3 \u00e9s a kifinomult l\u00e9g\u00e1raml\u00e1si dinamika k\u00e9nyelmes, eg\u00e9sz napos p\u00e1rologtat\u00e1st biztos\u00edt, minden egyes slukk gazdag \u00edzt \u00e9s s\u0171r\u0171 g\u0151zfelh\u0151ket biztos\u00edt.<\/p>\n<h3>Exkluz\u00edv \u00edzkombin\u00e1ci\u00f3k<\/h3>\n<p>Fedezze fel ezeket az ellen\u00e1llhatatlan kett\u0151s \u00edzprofilokat:<br \/>1. \u00c1fonya Cherry Cranberry \u00e9s g\u00f6r\u00f6gdinnye Berry Boom<br \/>2. Fekete s\u00e1rk\u00e1ny j\u00e9g &amp; mang\u00f3-anan\u00e1sz-barack<br \/>3. Red Bull &amp; eper mang\u00f3<br \/>4. Love 66 &amp; Strawberry Kiwi<br \/>5. G\u00f6r\u00f6gdinnye \u00e9s \u00e1fonya menta<br \/>6. Borsmenta Ice &amp; Triple Berry<br \/>7. Barack j\u00e9g \u00e9s eper g\u00f6r\u00f6gdinnye<br \/>8. Anan\u00e1sz j\u00e9g \u00e9s k\u00e9k f\u00fazi\u00f3<br \/>9. Dupla Appl &amp; Ekiwipassionfruit gr\u00e1n\u00e1talma<br \/>10. Fekete s\u00e1rk\u00e1nyf\u0171szer \u00e9s eper ban\u00e1n<br \/>11. Sakura sz\u0151l\u0151 &amp; eper licsi<br \/>12. B\u00edbor es\u0151 eper \u00e9s m\u00e1lna cseresznye j\u00e9g<br \/>13. Grape Icec &amp; Herry Cola<br \/>14. Mang\u00f3 barack \u00e9s ban\u00e1n j\u00e9g<br \/>15. Vegyes gy\u00fcm\u00f6lcs \u00e9s \u00e1fonya j\u00e9g<br \/>16. Savany\u00fa alma \u00e9s \u00e1fonya m\u00e1lna<\/p>\n<h3>Mi\u00e9rt v\u00e1lassza a Bang Double Flavor 30000 Pro-t?<\/h3>\n<p>Ez a forradalmi <strong>eldobhat\u00f3 vape<\/strong> egyes\u00edti az extr\u00e9m hossz\u00fa \u00e9lettartamot a legmodernebb \u00edzv\u00e1lt\u00f3 technol\u00f3gi\u00e1val. A hagyom\u00e1nyos eldobhat\u00f3 term\u00e9kekkel ellent\u00e9tben <strong>OEM\/ODM szolg\u00e1ltat\u00e1s kompatibilit\u00e1s<\/strong> alkalmass\u00e1 teszi a kereskedelmi ig\u00e9nyek kiel\u00e9g\u00edt\u00e9s\u00e9re. Ak\u00e1r a v\u00e1ltozatos \u00edzl\u00e9seket fedezi fel, ak\u00e1r a k\u00e9nyelmet helyezi el\u0151t\u00e9rbe utaz\u00e1s k\u00f6zben, egyetlen k\u00e9sz\u00fcl\u00e9k minden ig\u00e9nyt kiel\u00e9g\u00edt, mik\u00f6zben kik\u00fcsz\u00f6b\u00f6li a f\u00e1raszt\u00f3 \u00fajrat\u00f6lt\u00e9si \u00e9s \u00fajrat\u00f6lt\u00e9si rutinokat.<\/p>\n<h3>M\u0171szaki specifik\u00e1ci\u00f3k<\/h3>\n<p><strong>Puff sz\u00e1m<\/strong>: 30,000+<br \/><strong>E-folyad\u00e9k t\u00e9rfogata<\/strong>: 36ml<br \/><strong>Az akkumul\u00e1tor kapacit\u00e1sa<\/strong>: 550mAh (\u00fajrat\u00f6lthet\u0151)<br \/><strong>Tekercs ellen\u00e1ll\u00e1s<\/strong>: 1.2 ohm optimaliz\u00e1lt h\u00e1l\u00f3<br \/><strong>T\u00f6lt\u0151port<\/strong>: C-t\u00edpus\u00fa gyors t\u00f6lt\u00e9s<br \/><strong>Nikotin lehet\u0151s\u00e9gek<\/strong>: 0%\/2%\/3%\/5%<\/p>\n<h3>V\u00e9gs\u0151 Vaping szabads\u00e1g<\/h3>\n<p>Alak\u00edtsa \u00e1t \u00e9lm\u00e9nyeit az egyetlen <strong>eldobhat\u00f3 vape<\/strong> autentikus \u00edzp\u00e1ros\u00edt\u00e1si technol\u00f3gi\u00e1t k\u00edn\u00e1l. A Bang Double Flavor 30000 Pro nem csak a mennyis\u00e9gr\u0151l sz\u00f3l a rekordot d\u00f6nt\u00f6get\u0151 <strong>30,000 puff<\/strong> - az \u00edzek \u00edzl\u00e9s\u00e9nek forradalmas\u00edt\u00e1s\u00e1r\u00f3l sz\u00f3l. Vigy\u00e9l magaddal egyetlen k\u00e9sz\u00fcl\u00e9ket, nyisd meg sz\u00e1mtalan \u00edz\u00e9lm\u00e9nyt, \u00e9s emeld fel a mindennapjaidat k\u00f6nnyed kifinomults\u00e1ggal.<\/p>","protected":false},"excerpt":{"rendered":"<p>Ismerje meg a <strong>Bang Double Flavor 30000 Pro<\/strong> <strong>eldobhat\u00f3 vape<\/strong> - forradalmi kett\u0151s \u00edzes\u00edt\u00e9s\u0171 technol\u00f3gi\u00e1val, amely 30 000 slukkot biztos\u00edt eszk\u00f6z\u00f6nk\u00e9nt. <br \/>V\u00e1ltson z\u00f6kken\u0151mentesen az \u00edzek k\u00f6z\u00f6tt az er\u0151teljes <strong>550mAh \u00fajrat\u00f6lthet\u0151 akkumul\u00e1tor<\/strong> \u00e9s v\u00e1lasszon 16 \u00edzkombin\u00e1ci\u00f3 k\u00f6z\u00fcl a <strong>0%-5% nikotinszintek<\/strong>.<\/p>","protected":false},"featured_media":4906,"comment_status":"open","ping_status":"closed","template":"","meta":[],"product_brand":[107],"product_cat":[1072],"product_tag":[270,538,112,381,153,115],"class_list":{"0":"post-4912","1":"product","2":"type-product","3":"status-publish","4":"has-post-thumbnail","6":"product_brand-bang","7":"product_cat-bang","8":"product_tag-30000-puffs","9":"product_tag-bang-double-flavor-30000","10":"product_tag-disposable-vape","11":"product_tag-dual-flavor-vape","12":"product_tag-e-cigarette","13":"product_tag-rechargeable-vape","15":"first","16":"instock","17":"sale","18":"shipping-taxable","19":"purchasable","20":"product-type-variable"},"jetpack_sharing_enabled":true,"tiered_pricing_type":"fixed","tiered_pricing_fixed_rules":[],"tiered_pricing_product_settings":{"layout":"default","base_unit_name":{"singular":null,"plural":null},"default_variation":null},"tiered_pricing_minimum_quantity":null,"tiered_pricing_roles_data":[],"tiered_pricing_percentage_rules":[],"tiered_pricing_maximum_quantity":null,"tiered_pricing_quantity_step":null,"_links":{"self":[{"href":"https:\/\/frvape.com\/hu\/wp-json\/wp\/v2\/product\/4912","targetHints":{"allow":["GET"]}}],"collection":[{"href":"https:\/\/frvape.com\/hu\/wp-json\/wp\/v2\/product"}],"about":[{"href":"https:\/\/frvape.com\/hu\/wp-json\/wp\/v2\/types\/product"}],"replies":[{"embeddable":true,"href":"https:\/\/frvape.com\/hu\/wp-json\/wp\/v2\/comments?post=4912"}],"wp:featuredmedia":[{"embeddable":true,"href":"https:\/\/frvape.com\/hu\/wp-json\/wp\/v2\/media\/4906"}],"wp:attachment":[{"href":"https:\/\/frvape.com\/hu\/wp-json\/wp\/v2\/media?parent=4912"}],"wp:term":[{"taxonomy":"product_brand","embeddable":true,"href":"https:\/\/frvape.com\/hu\/wp-json\/wp\/v2\/product_brand?post=4912"},{"taxonomy":"product_cat","embeddable":true,"href":"https:\/\/frvape.com\/hu\/wp-json\/wp\/v2\/product_cat?post=4912"},{"taxonomy":"product_tag","embeddable":true,"href":"https:\/\/frvape.com\/hu\/wp-json\/wp\/v2\/product_tag?post=4912"}],"curies":[{"name":"wp","href":"https:\/\/api.w.org\/{rel}","templated":true}]}}