{"id":5423,"date":"2025-10-12T07:34:55","date_gmt":"2025-10-12T07:34:55","guid":{"rendered":"https:\/\/frvape.com\/product\/uzy-bang-digital-15000-puffs-disposable-vape-high-performance-long-lasting\/"},"modified":"2025-11-04T01:54:06","modified_gmt":"2025-11-04T01:54:06","slug":"uzy-bang-digitalis-15000-puffs-eldobhato-vape-nagy-teljesitmenyu-hosszu-elettartamu","status":"publish","type":"product","link":"https:\/\/frvape.com\/hu\/product\/uzy-bang-digitalis-15000-puffs-eldobhato-vape-nagy-teljesitmenyu-hosszu-elettartamu\/","title":{"rendered":"UZY Bang Digital 15000 Puffs Eldobhat\u00f3 Vape - Nagy teljes\u00edtm\u00e9ny \u00e9s hossz\u00fa \u00e9lettartam"},"content":{"rendered":"<h3>Bemutatjuk az UZY Bang Digital 15000 Puffs Vape-t<\/h3>\n<p>Tapasztalja meg a v\u00e9gs\u0151 <strong>k\u00e9nyelem \u00e9s teljes\u00edtm\u00e9ny<\/strong> a <strong>UZY Bang Digital 15000 puffs Vape<\/strong>, egy pr\u00e9mium k\u00e9sz\u00fcl\u00e9k, amelyet olyan ig\u00e9nyes felhaszn\u00e1l\u00f3k sz\u00e1m\u00e1ra terveztek, akik a legjobb p\u00e1rologtat\u00e1si technol\u00f3gi\u00e1t k\u00f6vetelik meg. K\u00e9sz\u00fclt, hogy <strong>k\u00f6nny\u0171<\/strong>, <strong>er\u0151s<\/strong>, \u00e9s <strong>advanced<\/strong>, ez a vape p\u00e1ratlan \u00e9lm\u00e9nyt k\u00edn\u00e1l az \u00d6n preferenci\u00e1ihoz igaz\u00edtva.<\/p>\n<h3>Fejlett akkumul\u00e1tor \u00e9s magtechnol\u00f3gia<\/h3>\n<p>Be\u00e9p\u00edtett <strong>850mAh \u00fajrat\u00f6lthet\u0151 akkumul\u00e1tor<\/strong> \u00e9s egy <strong>Type-C bemeneti port<\/strong>, ez a k\u00e9sz\u00fcl\u00e9k biztos\u00edtja <strong>hossz\u00fa t\u00e1v\u00fa haszn\u00e1lat<\/strong>, amely ak\u00e1r <strong>15000 puff<\/strong> a felt\u00f6lt\u00e9s el\u0151tt. Mondjon b\u00facs\u00fat a gyakori \u00e1ramsz\u00fcneteknek, \u00e9s \u00e9lvezze a z\u00f6kken\u0151mentes g\u0151z\u00f6l\u00e9st \u00fatk\u00f6zben.<\/p>\n<h3>Hat\u00e9kony \u00e9s egyenletes t\u00e1pell\u00e1t\u00e1s<\/h3>\n<p>A  c\u00edmen <strong>hat\u00e9kony \u00e9s egyenletes energiaell\u00e1t\u00e1s<\/strong>, az UZY Bang Digital megb\u00edzhat\u00f3 g\u0151ztermel\u00e9st \u00e9s gazdag \u00edzt garant\u00e1l minden egyes slukkn\u00e1l. Ez kiel\u00e9g\u00edt\u0151 \u00e9s \u00e9lvezetes \u00e9lm\u00e9nyt biztos\u00edt, amely t\u00f6k\u00e9letes mind az \u00faj, mind a tapasztalt vaperek sz\u00e1m\u00e1ra.<\/p>\n<h3>Nagy E-folyad\u00e9k kapacit\u00e1s<\/h3>\n<p>Nagyvonal\u00fa, b\u0151s\u00e9ges <strong>20ml el\u0151ret\u00f6lt\u00f6tt e-juice kapacit\u00e1s<\/strong>, ez a vape <strong>kik\u00fcsz\u00f6b\u00f6li a<\/strong> a gyakori ut\u00e1nt\u00f6lt\u00e9shez. \u00c9lvezze kedvenc \u00edzeit hosszabb ideig, \u00edgy kompromisszumok n\u00e9lk\u00fcl ide\u00e1lis mindennapi haszn\u00e1latra.<\/p>\n<h3>Testreszabhat\u00f3 nikotinszintek<\/h3>\n<p>A szem\u00e9lyre szabhat\u00f3s\u00e1gra tervezett <strong>Az UZY Bang Digital \u00e1ll\u00edthat\u00f3 nikotiner\u0151ss\u00e9get k\u00edn\u00e1l<\/strong> bele\u00e9rtve a  honlapot is. <strong>0%<\/strong>, <strong>2%<\/strong>, <strong>3%<\/strong>, \u00e9s <strong>5% s\u00f3 nikotin opci\u00f3k<\/strong>. Ak\u00e1r a sima, nikotinmentes \u00e9lm\u00e9nyt, ak\u00e1r az er\u0151sebb hat\u00e1st kedveli, ez a k\u00e9sz\u00fcl\u00e9k alkalmazkodik az \u00d6n egyedi ig\u00e9nyeihez.<\/p>\n<h3>LED kijelz\u0151 funkci\u00f3<\/h3>\n<p>Az integr\u00e1lt <strong>LED kijelz\u0151<\/strong> t\u00e1j\u00e9koztatja \u00d6nt az olyan alapvet\u0151 m\u00e9r\u0151sz\u00e1mokr\u00f3l, mint <strong>az akkumul\u00e1tor \u00e9lettartama<\/strong> \u00e9s <strong>e-juice szintek<\/strong>, \u00edgy biztos\u00edtva, hogy a p\u00e1rologtat\u00e1si utaz\u00e1sodat te ir\u00e1ny\u00edthatod.<\/p>\n<h3>Izgalmas \u00edzv\u00e1laszt\u00e9k<\/h3>\n<p>Mer\u00fclj\u00f6n el az \u00edzek vil\u00e1g\u00e1ban a v\u00e1ltozatos k\u00edn\u00e1latunkkal. <strong>e-juice \u00edzek<\/strong>, a kiv\u00e9teles el\u00e9gedetts\u00e9g \u00e9rdek\u00e9ben:<br \/>MR Blue<br \/>\u00c1fonya m\u00e1lna<br \/>\u00c1fonya j\u00e9gen<br \/>Sz\u0151l\u0151 j\u00e9g<br \/>Red Energy Ice<br \/>Barack j\u00e9g<br \/>Kiwi golgotavir\u00e1g<br \/>Tripla mang\u00f3 j\u00e9g<br \/>Barack Mang\u00f3 Anan\u00e1sz<br \/>Eper g\u00f6r\u00f6gdinnye<br \/>Eper Kiwi<br \/>G\u00f6r\u00f6gdinnye j\u00e9g<br \/>Minden \u00edz \u00fcd\u00edt\u0151en sima \u00e9s \u00e9lvezetes g\u0151z\u00f6l\u00e9si \u00e9lm\u00e9nyt ny\u00fajt.<\/p>\n<h3>K\u00f6vetkeztet\u00e9s<\/h3>\n<p>Emelje fel a p\u00e1rologtat\u00f3 utaz\u00e1s\u00e1t a <strong>UZY Bang Digital 15000 puffs Vape<\/strong>. Ez a k\u00e9sz\u00fcl\u00e9k egyes\u00edti <strong>a legmodernebb technol\u00f3gia<\/strong>, <strong>felhaszn\u00e1l\u00f3bar\u00e1t testreszab\u00e1s<\/strong>, \u00e9s kiv\u00e1l\u00f3 teljes\u00edtm\u00e9ny a pr\u00e9mium \u00e9lm\u00e9ny\u00e9rt. Mer\u00fclj\u00f6n el minden egyes slukkban, tudva, hogy \u00fagy tervezt\u00e9k, hogy fel\u00fclm\u00falja az elv\u00e1r\u00e1sokat, \u00e9s gondtalan legyen az \u00fcl\u00e9s.<\/p>","protected":false},"excerpt":{"rendered":"<p>Tapasztalat <strong>nagy teljes\u00edtm\u00e9ny\u0171 p\u00e1rologtat\u00e1s<\/strong> az UZY Bang Digital 15000 k\u00e9sz\u00fcl\u00e9kkel. Jellemz\u0151k <strong>hossz\u00fa \u00e9lettartam\u00fa 850mAh akkumul\u00e1tor<\/strong>, <strong>15000 puff<\/strong>, \u00e9s <strong>20ml el\u0151re t\u00f6lt\u00f6tt folyad\u00e9kkapacit\u00e1s<\/strong>.<br \/>\u00c9lvezze a <strong>t\u00f6bb nikotinszint<\/strong> bele\u00e9rtve a 0%, 2%, 3%, 5%, \u00e9s sz\u00e1mos friss e-nedv \u00edzes\u00edt\u00e9ssel.<\/p>","protected":false},"featured_media":5417,"comment_status":"open","ping_status":"closed","template":"","meta":[],"product_brand":[237],"product_cat":[846],"product_tag":[564,112,350,562,563,561],"class_list":{"0":"post-5423","1":"product","2":"type-product","3":"status-publish","4":"has-post-thumbnail","6":"product_brand-uzy","7":"product_cat-uzy","8":"product_tag-custom-nicotine","9":"product_tag-disposable-vape","10":"product_tag-electronic-cigarette","11":"product_tag-long-lasting-battery","12":"product_tag-pre-filled-pod","13":"product_tag-uzy-bang-digital-15000-puffs","15":"first","16":"instock","17":"sale","18":"shipping-taxable","19":"purchasable","20":"product-type-variable"},"jetpack_sharing_enabled":true,"tiered_pricing_type":"fixed","tiered_pricing_fixed_rules":[],"tiered_pricing_product_settings":{"layout":"default","base_unit_name":{"singular":null,"plural":null},"default_variation":null},"tiered_pricing_minimum_quantity":null,"tiered_pricing_roles_data":[],"tiered_pricing_percentage_rules":[],"tiered_pricing_maximum_quantity":null,"tiered_pricing_quantity_step":null,"_links":{"self":[{"href":"https:\/\/frvape.com\/hu\/wp-json\/wp\/v2\/product\/5423","targetHints":{"allow":["GET"]}}],"collection":[{"href":"https:\/\/frvape.com\/hu\/wp-json\/wp\/v2\/product"}],"about":[{"href":"https:\/\/frvape.com\/hu\/wp-json\/wp\/v2\/types\/product"}],"replies":[{"embeddable":true,"href":"https:\/\/frvape.com\/hu\/wp-json\/wp\/v2\/comments?post=5423"}],"wp:featuredmedia":[{"embeddable":true,"href":"https:\/\/frvape.com\/hu\/wp-json\/wp\/v2\/media\/5417"}],"wp:attachment":[{"href":"https:\/\/frvape.com\/hu\/wp-json\/wp\/v2\/media?parent=5423"}],"wp:term":[{"taxonomy":"product_brand","embeddable":true,"href":"https:\/\/frvape.com\/hu\/wp-json\/wp\/v2\/product_brand?post=5423"},{"taxonomy":"product_cat","embeddable":true,"href":"https:\/\/frvape.com\/hu\/wp-json\/wp\/v2\/product_cat?post=5423"},{"taxonomy":"product_tag","embeddable":true,"href":"https:\/\/frvape.com\/hu\/wp-json\/wp\/v2\/product_tag?post=5423"}],"curies":[{"name":"wp","href":"https:\/\/api.w.org\/{rel}","templated":true}]}}