{"id":5695,"date":"2025-10-12T08:10:21","date_gmt":"2025-10-12T08:10:21","guid":{"rendered":"https:\/\/frvape.com\/product\/bang-king-30000-double-flavor-disposable-vape-pen-36ml-rechargeable-e-cig\/"},"modified":"2025-11-04T01:45:06","modified_gmt":"2025-11-04T01:45:06","slug":"bang-king-30000-dupla-izu-eldobhato-vape-toll-36ml-ujratoltheto-e-cig","status":"publish","type":"product","link":"https:\/\/frvape.com\/hu\/product\/bang-king-30000-dupla-izu-eldobhato-vape-toll-36ml-ujratoltheto-e-cig\/","title":{"rendered":"Bang King 30000 Dupla \u00edz\u0171 eldobhat\u00f3 Vape Pen - 36ml \u00fajrat\u00f6lthet\u0151 E-Cig"},"content":{"rendered":"<h3>Forradalmi Dual-Flavor Vaping Experience<\/h3>\n<p>A <strong>Bang King 30000 dupla \u00edz<\/strong> Az eldobhat\u00f3 vape pen \u00fajradefini\u00e1lja a k\u00e9nyelmet \u00e9s a teljes\u00edtm\u00e9nyt az eldobhat\u00f3 vape piacon. A k\u00f6vetkez\u0151 \u00f6sszetev\u0151kkel tervezve <strong>innovat\u00edv forg\u00f3 \u00edztechnol\u00f3gia<\/strong>, ez a cs\u00facstechnol\u00f3gi\u00e1s eszk\u00f6z lehet\u0151v\u00e9 teszi a z\u00f6kken\u0151mentes v\u00e1lt\u00e1st k\u00e9t k\u00fcl\u00f6nb\u00f6z\u0151 \u00edz k\u00f6z\u00f6tt egyetlen egys\u00e9gben - t\u00f6k\u00e9letes a v\u00e1ltozatoss\u00e1got keres\u0151 vaperek sz\u00e1m\u00e1ra, akik t\u00f6bb k\u00e9sz\u00fcl\u00e9k hordoz\u00e1sa n\u00e9lk\u00fcl keresik a v\u00e1ltozatoss\u00e1got.<\/p>\n<h3>P\u00e1ratlan teljes\u00edtm\u00e9ny \u00e9s funkci\u00f3k<\/h3>\n<p>Egy <strong>550mAh \u00fajrat\u00f6lthet\u0151 akkumul\u00e1tor<\/strong> C t\u00edpus\u00fa gyorst\u00f6lt\u00e9ssel ez az eldobhat\u00f3 vape biztos\u00edtja a megszak\u00edt\u00e1s n\u00e9lk\u00fcli munkameneteket. Rendk\u00edv\u00fcli <strong>36ml e-folyad\u00e9k kapacit\u00e1s<\/strong> ipar\u00e1gvezet\u0151 <strong>30,000 kiel\u00e9g\u00edt\u0151 puffan\u00e1s<\/strong>. A <strong>1.0\u03a9 h\u00e1l\u00f3s tekercs<\/strong> garant\u00e1lja a k\u00f6vetkezetes \u00edz tisztas\u00e1got \u00e9s a s\u0171r\u0171 g\u0151ztermel\u00e9st. Az intelligens funkci\u00f3k k\u00f6z\u00e9 tartozik a val\u00f3s idej\u0171 <strong>olajkijelz\u0151<\/strong> \u00e9s <strong>teljes\u00edtm\u00e9nyjelz\u0151<\/strong> a k\u00f6nnyed fel\u00fcgyelet \u00e9rdek\u00e9ben.<\/p>\n<h3>Testreszabhat\u00f3 nikotin \u00e9lm\u00e9ny<\/h3>\n<p>Minden ig\u00e9nyt kiel\u00e9g\u00edtve k\u00edn\u00e1lunk <strong>n\u00e9gy nikotin er\u0151ss\u00e9g<\/strong>: <strong>0%<\/strong> (nic-free), <strong>2%<\/strong> (sim\u00e1n), <strong>3%<\/strong> (m\u00e9rs\u00e9kelt), \u00e9s <strong>5%<\/strong> (mer\u00e9sz torok\u00fct\u00e9s). V\u00e1lassza ki a t\u00f6k\u00e9letes intenzit\u00e1si szintet a szem\u00e9lyre szabott el\u00e9gedetts\u00e9g \u00e9rdek\u00e9ben.<\/p>\n<h3>12 pr\u00e9mium dupla \u00edzkombin\u00e1ci\u00f3<\/h3>\n<p>Fedezze fel pr\u00e9mium \u00edzv\u00e1laszt\u00e9kunkat ezekkel az exkluz\u00edv p\u00e1ros\u00edt\u00e1sokkal:<br \/><strong>1. \u00c1fonya m\u00e1lna \u00e9s \u0151szibarack mang\u00f3 g\u00f6r\u00f6gdinnye<\/strong><br \/><strong>2. Eper-kiwi \u00e9s barack j\u00e9g<\/strong><br \/><strong>3. Red Bull \u00e9s \u00e1fony\u00e1s g\u00f6r\u00f6gdinnye<\/strong><br \/><strong>4. \u00c1fonya m\u00e1lna \u00e9s vegyes pen\u00e9szes gy\u00fcm\u00f6lcs<\/strong><br \/><strong>5. Eper g\u00f6r\u00f6gdinnye \u00e9s sz\u0151l\u0151 j\u00e9g<\/strong><br \/><strong>6. G\u00f6r\u00f6gdinnye j\u00e9g \u00e9s eper mang\u00f3<\/strong><br \/><strong>7. G\u00f6r\u00f6gdinnye j\u00e9g \u00e9s \u00e1fonya menta<\/strong><br \/><strong>8. \u00c1fony\u00e1s j\u00e9g \u00e9s epres ban\u00e1n<\/strong><br \/><strong>9. Eper g\u00f6r\u00f6gdinnye \u00e9s kiwi golgotavir\u00e1g guava<\/strong><br \/><strong>10. Eper-kiwi \u00e9s savany\u00fa alma m\u00e1lna<\/strong><br \/><strong>11. Red Bull &amp; g\u00f6r\u00f6gdinnye bubor\u00e9kos cukorka<\/strong><br \/><strong>12. \u00c1fonya j\u00e9g \u00e9s fekete s\u00e1rk\u00e1ny j\u00e9g<\/strong><\/p>\n<h3>Pr\u00e9mium specifik\u00e1ci\u00f3k<\/h3>\n<p>- Nikotin: 0%\/2%\/3%\/5% options<br \/>- Puff sz\u00e1m: <strong>30,000 puff<\/strong><br \/>- E-folyad\u00e9k kapacit\u00e1s: <strong>36ml<\/strong><br \/>- \u00cdzek: <strong>12 dupla \u00edz\u0171 v\u00e1ltozat<\/strong><br \/>- Akkumul\u00e1tor: <strong>550mAh \u00fajrat\u00f6lthet\u0151<\/strong><br \/>- Technol\u00f3gia: E-liquid\/Power kijelz\u0151<br \/>- Tekercs: <strong>1.0\u03a9 h\u00e1l\u00f3s tekercs<\/strong><br \/>- Csomagol\u00e1s: 200 darab\/karton<\/p>","protected":false},"excerpt":{"rendered":"<p>Tapasztalja meg a v\u00e9gs\u0151 p\u00e1rologtat\u00e1st a <strong>Bang King 30000 dupla \u00edz<\/strong> eldobhat\u00f3 vape! Jellemz\u0151k forg\u00f3 <strong>kett\u0151s \u00edzek<\/strong>, robusztus <strong>550mAh \u00fajrat\u00f6lthet\u0151 akkumul\u00e1tor<\/strong>, \u00e9s massz\u00edv <strong>36ml e-folyad\u00e9k kapacit\u00e1s<\/strong> 30,000 f\u00faj\u00e1st biztos\u00edt. Kaphat\u00f3 <strong>0%<\/strong>\/<strong>2%<\/strong>\/<strong>3%<\/strong>\/<strong>5% nic er\u0151ss\u00e9gek<\/strong>.<\/p>","protected":false},"featured_media":5689,"comment_status":"open","ping_status":"closed","template":"","meta":[],"product_brand":[133],"product_cat":[856],"product_tag":[580,582,578,579,75,581],"class_list":{"0":"post-5695","1":"product","2":"type-product","3":"status-publish","4":"has-post-thumbnail","6":"product_brand-bangking","7":"product_cat-bangking","8":"product_tag-30000-puffs-vape-pen","9":"product_tag-36ml-capacity-e-cig","10":"product_tag-bang-king-30000-double-flavor","11":"product_tag-double-flavor-e-cigarette","12":"product_tag-rechargeable-disposable-vape","13":"product_tag-wholesale-disposable-vapes","15":"first","16":"instock","17":"sale","18":"shipping-taxable","19":"purchasable","20":"product-type-variable"},"jetpack_sharing_enabled":true,"tiered_pricing_type":"fixed","tiered_pricing_fixed_rules":[],"tiered_pricing_product_settings":{"layout":"default","base_unit_name":{"singular":null,"plural":null},"default_variation":null},"tiered_pricing_minimum_quantity":null,"tiered_pricing_roles_data":[],"tiered_pricing_percentage_rules":[],"tiered_pricing_maximum_quantity":null,"tiered_pricing_quantity_step":null,"_links":{"self":[{"href":"https:\/\/frvape.com\/hu\/wp-json\/wp\/v2\/product\/5695","targetHints":{"allow":["GET"]}}],"collection":[{"href":"https:\/\/frvape.com\/hu\/wp-json\/wp\/v2\/product"}],"about":[{"href":"https:\/\/frvape.com\/hu\/wp-json\/wp\/v2\/types\/product"}],"replies":[{"embeddable":true,"href":"https:\/\/frvape.com\/hu\/wp-json\/wp\/v2\/comments?post=5695"}],"wp:featuredmedia":[{"embeddable":true,"href":"https:\/\/frvape.com\/hu\/wp-json\/wp\/v2\/media\/5689"}],"wp:attachment":[{"href":"https:\/\/frvape.com\/hu\/wp-json\/wp\/v2\/media?parent=5695"}],"wp:term":[{"taxonomy":"product_brand","embeddable":true,"href":"https:\/\/frvape.com\/hu\/wp-json\/wp\/v2\/product_brand?post=5695"},{"taxonomy":"product_cat","embeddable":true,"href":"https:\/\/frvape.com\/hu\/wp-json\/wp\/v2\/product_cat?post=5695"},{"taxonomy":"product_tag","embeddable":true,"href":"https:\/\/frvape.com\/hu\/wp-json\/wp\/v2\/product_tag?post=5695"}],"curies":[{"name":"wp","href":"https:\/\/api.w.org\/{rel}","templated":true}]}}