{"id":5850,"date":"2025-10-12T08:30:00","date_gmt":"2025-10-12T08:30:00","guid":{"rendered":"https:\/\/frvape.com\/product\/jnr-media-max-40000-disposable-vape-5-nic-40000-puffs-hd-screen-smart-features\/"},"modified":"2025-12-16T08:45:25","modified_gmt":"2025-12-16T08:45:25","slug":"jnr-media-max-40000-eldobhato-vape-5-nic-40000-puffs-hd-kepernyo-intelligens-funkciok","status":"publish","type":"product","link":"https:\/\/frvape.com\/hu\/product\/jnr-media-max-40000-eldobhato-vape-5-nic-40000-puffs-hd-kepernyo-intelligens-funkciok\/","title":{"rendered":"Jnr Media Max 40000 Eldobhat\u00f3 Vape - 5% Nic, 40000 Puffs, HD k\u00e9perny\u0151 \u00e9s intelligens funkci\u00f3k"},"content":{"rendered":"<h3>Forradalmi Vaping Experience<\/h3>\n<p>A JNR\u00ae MediaMax \u00fajradefini\u00e1lja az eldobhat\u00f3 p\u00e1rologtat\u00e1st az \u00e1tt\u00f6r\u0151 technol\u00f3gi\u00e1val, amely kitolja az \u00edzhat\u00e1rokat \u00e9s fel\u00e9breszti az \u00e9rz\u00e9keket. A t\u00falm\u00e9retezett <strong>2,4 h\u00fcvelykes HD kijelz\u0151<\/strong> leny\u0171g\u00f6z\u0151 l\u00e1tv\u00e1nyt ny\u00fajt, mik\u00f6zben<strong> Bluetooth-kapcsolat<\/strong> lehet\u0151v\u00e9 teszi az okostelefonos alkalmaz\u00e1svez\u00e9rl\u00e9st a val\u00f3ban interakt\u00edv \u00e9lm\u00e9ny \u00e9rdek\u00e9ben. \u00c9lvezze a testreszabhat\u00f3 foglalkoz\u00e1sokat <strong>kett\u0151s kimeneti teljes\u00edtm\u00e9ny \u00fczemm\u00f3dok<\/strong>: Pulse Mode (Impulzus \u00fczemm\u00f3d) intenz\u00edv 20000 puffol\u00e1shoz.<\/p>\n<h3>Intelligens technol\u00f3giai jellemz\u0151k<\/h3>\n<p>Ez nem csak egy vape - ez egy multifunkcion\u00e1lis okos eszk\u00f6z! Telefon\u00e1lhat \u00e9s fogadhat h\u00edv\u00e1sokat k\u00f6zvetlen\u00fcl a k\u00e9sz\u00fcl\u00e9kr\u0151l, k\u00fcldhet sz\u00f6veges \u00fczeneteket, s\u0151t, aktiv\u00e1lhatja telefonja <strong>t\u00e1voli kamera<\/strong> a k\u00e9z n\u00e9lk\u00fcli f\u00e9nyk\u00e9pez\u00e9shez. Soha t\u00f6bb\u00e9 ne vesz\u00edtse el felszerel\u00e9s\u00e9t az innovat\u00edv <strong>Keresse meg a telefonj\u00e1t\/tap\u00e9t\u00e1j\u00e1t<\/strong> funkci\u00f3, amely azonnal megtal\u00e1lja a p\u00e1ros\u00edtott eszk\u00f6z\u00f6ket.<\/p>\n<h3>P\u00e1ratlan teljes\u00edtm\u00e9ny specifik\u00e1ci\u00f3k<\/h3>\n<p>Az er\u0151m\u0171 <strong>1000mAh akkumul\u00e1tor<\/strong> biztos\u00edtja a hosszan tart\u00f3 haszn\u00e1latot, m\u00edg a massz\u00edv <strong>21mL e-liquid kapacit\u00e1s<\/strong> egyenletes \u00edzt biztos\u00edt. A <strong>kett\u0151s h\u00e1l\u00f3s tekercs<\/strong> rendszer a hagyom\u00e1nyos kett\u0151s porlaszt\u00f3 technol\u00f3gi\u00e1t haszn\u00e1lja a g\u0151ztermel\u00e9s megdupl\u00e1z\u00e1s\u00e1hoz \u00e9s az \u00edzkivon\u00e1s fokoz\u00e1s\u00e1hoz. Testre szabhatja a h\u00faz\u00e1si ellen\u00e1ll\u00e1st a <strong>\u00e1ll\u00edthat\u00f3 l\u00e9g\u00e1raml\u00e1s<\/strong> a t\u00f6k\u00e9letes felh\u0151s\u0171r\u0171s\u00e9g l\u00e9trehoz\u00e1s\u00e1hoz.<\/p>\n<h3>10 robban\u00e1svesz\u00e9lyes \u00edzv\u00e1laszt\u00e9k<\/h3>\n<p>V\u00e1lasszon pr\u00e9mium nikotinsavas e-folyad\u00e9k \u00edzeink k\u00f6z\u00fcl, amelyeket a maxim\u00e1lis el\u00e9gedetts\u00e9g \u00e9rdek\u00e9ben \u00e1ll\u00edtottunk \u00f6ssze:<br \/>G\u00f6r\u00f6gdinnye j\u00e9g<br \/>Eper j\u00e9g<br \/>Savany\u00fa alma j\u00e9g<br \/>K\u00e9k Razz j\u00e9g<br \/>Eper ban\u00e1n<br \/>cseresznye eper m\u00e1lna<br \/>\u00c1fonya g\u00f6r\u00f6gdinnye<br \/>Miami Mint<br \/>Fcuking Fab<br \/>Barack mang\u00f3 g\u00f6r\u00f6gdinnye<\/p>\n<h3>Pr\u00e9mium design \u00e9s funkcionalit\u00e1s<\/h3>\n<p>A 69\u00d732\u00d7116 mm-es, kifinomult, homokf\u00favott oxid\u00e1ci\u00f3s fel\u00fclet\u0171 k\u00e9sz\u00fcl\u00e9k az ergonomikus kialak\u00edt\u00e1st \u00e9s a pr\u00e9mium eszt\u00e9tik\u00e1t \u00f6tv\u00f6zi. A <strong>dual-coil technol\u00f3gia<\/strong> Kiv\u00e1l\u00f3an megtartja az \u00edzeket, gazdagabb g\u0151zfelh\u0151ket hoz l\u00e9tre \u00e1rnyalt \u00edzprofilokkal a kiv\u00e1l\u00f3 \u00e9rz\u00e9kszervi \u00e9lm\u00e9nyek\u00e9rt. Minden r\u00e9szletet a kiv\u00e1l\u00f3s\u00e1gra terveztek - a h\u00faz\u00e1ssal aktiv\u00e1lhat\u00f3 gy\u00fajt\u00f3mechanizmust\u00f3l a pr\u00e9mium sz\u00e1j\u00e9rzetig.<\/p>\n<h3>M\u0171szaki specifik\u00e1ci\u00f3k \u00e1ttekint\u00e9se<\/h3>\n<p><strong>Megjelen\u00edt\u00e9s<\/strong>: 2.4\u2033 HD k\u00e9perny\u0151<br \/><strong>Csatlakoz\u00e1s<\/strong>: Bluetooth alkalmaz\u00e1svez\u00e9rl\u00e9s<br \/><strong>Puff m\u00f3dok<\/strong>: Norm\u00e1l (40000 puff), Pulse (20000 puff)<br \/><strong>Tekercs rendszer<\/strong>: Dual Mesh technol\u00f3gia<br \/><strong>Tart\u00e1ly kapacit\u00e1sa<\/strong>: 21mL 5% nikotinnal<br \/><strong>Akkumul\u00e1tor<\/strong>: Integr\u00e1lt 1000mAh<br \/><strong>M\u00e9retek<\/strong>: 69\u00d732\u00d7116mm<br \/><strong>Jellemz\u0151k<\/strong>: H\u00edv\u00e1s funkci\u00f3, sz\u00f6veges \u00fczenetk\u00fcld\u00e9s, kamerat\u00e1voli, k\u00e9sz\u00fcl\u00e9kkeres\u0151<\/p>","protected":false},"excerpt":{"rendered":"<p>Tapasztalja meg a forradalmi <strong>Jnr Media Max 40000<\/strong> eldobhat\u00f3 vape massz\u00edv <strong>2,4 h\u00fcvelykes HD kijelz\u0151<\/strong> \u00e9s intelligens csatlakoztathat\u00f3s\u00e1g.<br \/>\u00c9lvezze az ak\u00e1r <strong>40000 puff<\/strong> a  c\u00edmen <strong>5% nikotin<\/strong>, <strong>\u00e1ll\u00edthat\u00f3 l\u00e9g\u00e1raml\u00e1s<\/strong>, \u00e9s v\u00e1lasszon 10 robban\u00e1svesz\u00e9lyes \u00edz k\u00f6z\u00fcl a v\u00e9gs\u0151 kiel\u00e9g\u00fcl\u00e9s \u00e9rdek\u00e9ben.<\/p>","protected":false},"featured_media":5844,"comment_status":"open","ping_status":"closed","template":"","meta":[],"product_brand":[88],"product_cat":[1016,1089],"product_tag":[389,112,595,426,593,594],"class_list":{"0":"post-5850","1":"product","2":"type-product","3":"status-publish","4":"has-post-thumbnail","6":"product_brand-jnr","7":"product_cat-big-puffs-vapes","8":"product_cat-jnr","9":"product_tag-40000-puffs-vape","10":"product_tag-disposable-vape","11":"product_tag-dual-coil-vape","12":"product_tag-hd-screen-vape","13":"product_tag-jnr-media-max-40000","14":"product_tag-smart-vape","16":"first","17":"instock","18":"sale","19":"shipping-taxable","20":"purchasable","21":"product-type-variable"},"jetpack_sharing_enabled":true,"tiered_pricing_type":"fixed","tiered_pricing_fixed_rules":[],"tiered_pricing_product_settings":{"layout":"default","base_unit_name":{"singular":null,"plural":null},"default_variation":null},"tiered_pricing_minimum_quantity":null,"tiered_pricing_roles_data":[],"tiered_pricing_percentage_rules":[],"tiered_pricing_maximum_quantity":null,"tiered_pricing_quantity_step":null,"_links":{"self":[{"href":"https:\/\/frvape.com\/hu\/wp-json\/wp\/v2\/product\/5850","targetHints":{"allow":["GET"]}}],"collection":[{"href":"https:\/\/frvape.com\/hu\/wp-json\/wp\/v2\/product"}],"about":[{"href":"https:\/\/frvape.com\/hu\/wp-json\/wp\/v2\/types\/product"}],"replies":[{"embeddable":true,"href":"https:\/\/frvape.com\/hu\/wp-json\/wp\/v2\/comments?post=5850"}],"wp:featuredmedia":[{"embeddable":true,"href":"https:\/\/frvape.com\/hu\/wp-json\/wp\/v2\/media\/5844"}],"wp:attachment":[{"href":"https:\/\/frvape.com\/hu\/wp-json\/wp\/v2\/media?parent=5850"}],"wp:term":[{"taxonomy":"product_brand","embeddable":true,"href":"https:\/\/frvape.com\/hu\/wp-json\/wp\/v2\/product_brand?post=5850"},{"taxonomy":"product_cat","embeddable":true,"href":"https:\/\/frvape.com\/hu\/wp-json\/wp\/v2\/product_cat?post=5850"},{"taxonomy":"product_tag","embeddable":true,"href":"https:\/\/frvape.com\/hu\/wp-json\/wp\/v2\/product_tag?post=5850"}],"curies":[{"name":"wp","href":"https:\/\/api.w.org\/{rel}","templated":true}]}}