{"id":6029,"date":"2025-10-12T08:54:14","date_gmt":"2025-10-12T08:54:14","guid":{"rendered":"https:\/\/frvape.com\/product\/fizzy-boom-13000-rechargeable-disposable-vape-pen-with-lcd-screen\/"},"modified":"2025-11-26T03:56:01","modified_gmt":"2025-11-26T03:56:01","slug":"fizzy-boom-13000-ujratoltheto-eldobhato-vape-pen-lcd-kepernyovel","status":"publish","type":"product","link":"https:\/\/frvape.com\/hu\/product\/fizzy-boom-13000-ujratoltheto-eldobhato-vape-pen-lcd-kepernyovel\/","title":{"rendered":"Fizzy Boom 13000 \u00fajrat\u00f6lthet\u0151 eldobhat\u00f3 vape Pen LCD k\u00e9perny\u0151vel"},"content":{"rendered":"<h3>FIZZY Boom 13000 Puffs Term\u00e9k \u00e1ttekint\u00e9s<\/h3>\n<p>A <strong>FIZZY Boom 13000<\/strong> A Puffs \u00fajrat\u00f6lthet\u0151 eldobhat\u00f3 vape Pen fejlett funkci\u00f3ival \u00e9s pr\u00e9mium fel\u00e9p\u00edt\u00e9s\u00e9vel felemeli a p\u00e1rologtat\u00f3 utaz\u00e1st. Az alkalmi felhaszn\u00e1l\u00f3k \u00e9s a p\u00e1rolg\u00e1s szerelmesei sz\u00e1m\u00e1ra egyar\u00e1nt tervezett eszk\u00f6z sima, kiel\u00e9g\u00edt\u0151 \u00e9lm\u00e9nyt ny\u00fajt a testreszabhat\u00f3 <strong>nikotin er\u0151ss\u00e9g<\/strong> 2% \u00e9s 5%. Tart\u00f3s f\u00e9mburkolata eleg\u00e1ns megjelen\u00e9st biztos\u00edt, mik\u00f6zben hosszabb \u00e9lettartamot biztos\u00edt. A leny\u0171g\u00f6z\u0151 <strong>e-folyad\u00e9k kapacit\u00e1s<\/strong> 21 ml-es kiszerel\u00e9s\u00e9vel ez a toll kik\u00fcsz\u00f6b\u00f6li a gyakori \u00fajrat\u00f6lt\u00e9st, \u00edgy gondtalan v\u00e1laszt\u00e1s a mindennapi haszn\u00e1latra.<\/p>\n<h3>F\u0151 jellemz\u0151k<\/h3>\n<p><strong>B\u0151v\u00edtett puff sz\u00e1m<\/strong>: Ak\u00e1r 13 000 f\u00faj\u00e1st biztos\u00edt a hosszan tart\u00f3 munkamenetekhez.<br \/>\n<strong>Testreszabhat\u00f3 nikotinszintek<\/strong>: 2% \u00e9s 5% er\u0151ss\u00e9gben kaphat\u00f3, hogy megfeleljen az \u00d6n preferenci\u00e1inak.<br \/>\n<strong>Nagy E-folyad\u00e9k kapacit\u00e1s<\/strong>: 21 ml s\u00f3s nikotinos e-folyad\u00e9kot tartalmaz, ami cs\u00f6kkenti az \u00fajrat\u00f6lt\u00e9s gyakoris\u00e1g\u00e1t.<br \/>\n<strong>Mesh Coil technol\u00f3gia<\/strong>: Advanced <strong>h\u00e1l\u00f3s tekercs<\/strong> gazdag, sima g\u0151ztermel\u00e9st biztos\u00edt a tov\u00e1bbfejlesztett \u00edzprofil \u00e9rdek\u00e9ben.<br \/>\n<strong>LCD kijelz\u0151<\/strong>: A be\u00e9p\u00edtett k\u00e9perny\u0151 val\u00f3s idej\u0171 ellen\u0151rz\u00e9st biztos\u00edt az e-folyad\u00e9k szintj\u00e9r\u0151l \u00e9s az akkumul\u00e1tor \u00e1llapot\u00e1r\u00f3l.<br \/>\n<strong>\u00dajrat\u00f6lthet\u0151 akkumul\u00e1tor<\/strong>: Jellemz\u0151k <strong>650mAh<\/strong> akkumul\u00e1torral <strong>C-t\u00edpus\u00fa<\/strong> t\u00f6lt\u00e9s a gyors \u00e9s hat\u00e9kony felt\u00f6lt\u00e9s \u00e9rdek\u00e9ben.<br \/>\n<strong>Kompakt \u00e9s hordozhat\u00f3<\/strong>: Eleg\u00e1ns, k\u00f6nny\u0171 kialak\u00edt\u00e1s a k\u00f6nny\u0171 hordozhat\u00f3s\u00e1g \u00e9rdek\u00e9ben.<br \/>\n<strong>High-End f\u00e9mes kivitel<\/strong>: Luxus f\u00e9nyez\u00e9ssel b\u00fcszk\u00e9lkedhet a pr\u00e9mium \u00e9rz\u00e9s \u00e9s megjelen\u00e9s \u00e9rdek\u00e9ben.<\/p>\n<h3>Kaphat\u00f3 \u00edzek<\/h3>\n<p>A <strong>FIZZY Boom 13000<\/strong> 12 izgalmas \u00edz sz\u00e9les v\u00e1laszt\u00e9k\u00e1ban kaphat\u00f3, hogy minden \u00edzl\u00e9st kiel\u00e9g\u00edtsen. Minden v\u00e1ltozatot a kiv\u00e9teles \u00edz \u00e9s simas\u00e1g \u00e9rdek\u00e9ben k\u00e9sz\u00edtettek:<br \/>\nSavany\u00fa alma<br \/>\nG\u00f6r\u00f6gdinnye j\u00e9g<br \/>\nKiwi bogy\u00f3 j\u00e9g<br \/>\nEper<br \/>\ng\u00f6r\u00f6gdinnye cseresznye<br \/>\nEper g\u00f6r\u00f6gdinnye gr\u00e1n\u00e1talma<br \/>\nSz\u0151l\u0151 j\u00e9g<br \/>\n\u00c1fonya j\u00e9g<br \/>\n\u00c1fonya g\u00f6r\u00f6gdinnye r\u00e1g\u00f3gumi<br \/>\n\u00c1fonya m\u00e1lna citrom<br \/>\n\u00c1fonya dinnye<br \/>\nBarack<\/p>\n<h3>Tov\u00e1bbi specifik\u00e1ci\u00f3k<\/h3>\n<p>Ez a <strong>\u00fajrat\u00f6lthet\u0151 eldobhat\u00f3 vape<\/strong> tartalmazza a  c\u00edmet. <strong>C-t\u00edpus\u00fa<\/strong> csatlakoztathat\u00f3s\u00e1g az univerz\u00e1lis t\u00f6lt\u00e9shez, \u00edgy \u00fatk\u00f6zben sem fogyhatsz ki az \u00e1ramb\u00f3l. A toll t\u00f6k\u00e9letes a k\u00f6zvetlen p\u00e1rol\u00e1shoz, \u00e9s t\u00e1mogatja a nagybev\u00e1s\u00e1rl\u00e1st, kartononk\u00e9nt 200 darabot tartalmaz, ide\u00e1lis kiskeresked\u0151k vagy csoportos megoszt\u00e1sok sz\u00e1m\u00e1ra. A <strong>olajjal \u00fajrat\u00f6lthet\u0151<\/strong> kapacit\u00e1sa n\u00f6veli az \u00e9lettartam\u00e1t, m\u00edg a <strong>h\u00e1l\u00f3s tekercs<\/strong> garant\u00e1lja a minim\u00e1lis karbantart\u00e1st \u00e9s az egyenletes teljes\u00edtm\u00e9nyt.<\/p>\n<p>Ide\u00e1lis eg\u00e9sz napos haszn\u00e1latra, a <strong>FIZZY Boom 13000<\/strong> \u00f6tv\u00f6zi az innov\u00e1ci\u00f3t a k\u00e9nyelemmel. Ergonomikus kialak\u00edt\u00e1sa \u00e9s felhaszn\u00e1l\u00f3bar\u00e1t funkci\u00f3i a kezd\u0151k \u00e9s a tapasztalt vaperek sz\u00e1m\u00e1ra egyar\u00e1nt a legjobb v\u00e1laszt\u00e1ss\u00e1 teszik, a st\u00edlus, a funkcionalit\u00e1s \u00e9s a megfizethet\u0151s\u00e9g p\u00e1ratlan kever\u00e9k\u00e9t k\u00edn\u00e1lva.<\/p>","protected":false},"excerpt":{"rendered":"<p>Tapasztalja meg a pr\u00e9mium g\u0151z\u00f6l\u00e9st a <strong>Fizzy Boom 13000<\/strong>, a <strong>\u00fajrat\u00f6lthet\u0151 eldobhat\u00f3 vape<\/strong> ak\u00e1r 13 000 f\u00faj\u00e1st is k\u00edn\u00e1l, <strong>h\u00e1l\u00f3s tekercs technol\u00f3gia<\/strong>, \u00e9s egy <strong>LCD k\u00e9perny\u0151<\/strong> a val\u00f3s idej\u0171 megfigyel\u00e9shez, eleg\u00e1ns f\u00e9m kivitelben.<\/p>","protected":false},"featured_media":6023,"comment_status":"open","ping_status":"closed","template":"","meta":[],"product_brand":[124],"product_cat":[868],"product_tag":[609,610,608,611,487,75],"class_list":{"0":"post-6029","1":"product","2":"type-product","3":"status-publish","4":"has-post-thumbnail","6":"product_brand-fizzy","7":"product_cat-fizzy","8":"product_tag-13000-puffs-disposable","9":"product_tag-2-5-nicotine-vape","10":"product_tag-fizzy-boom-13000","11":"product_tag-lcd-screen-vape-pen","12":"product_tag-mesh-coil-e-cig","13":"product_tag-rechargeable-disposable-vape","15":"first","16":"instock","17":"sale","18":"shipping-taxable","19":"purchasable","20":"product-type-variable"},"jetpack_sharing_enabled":true,"tiered_pricing_type":"fixed","tiered_pricing_fixed_rules":[],"tiered_pricing_product_settings":{"layout":"default","base_unit_name":{"singular":null,"plural":null},"default_variation":null},"tiered_pricing_minimum_quantity":null,"tiered_pricing_roles_data":[],"tiered_pricing_percentage_rules":[],"tiered_pricing_maximum_quantity":null,"tiered_pricing_quantity_step":null,"_links":{"self":[{"href":"https:\/\/frvape.com\/hu\/wp-json\/wp\/v2\/product\/6029","targetHints":{"allow":["GET"]}}],"collection":[{"href":"https:\/\/frvape.com\/hu\/wp-json\/wp\/v2\/product"}],"about":[{"href":"https:\/\/frvape.com\/hu\/wp-json\/wp\/v2\/types\/product"}],"replies":[{"embeddable":true,"href":"https:\/\/frvape.com\/hu\/wp-json\/wp\/v2\/comments?post=6029"}],"wp:featuredmedia":[{"embeddable":true,"href":"https:\/\/frvape.com\/hu\/wp-json\/wp\/v2\/media\/6023"}],"wp:attachment":[{"href":"https:\/\/frvape.com\/hu\/wp-json\/wp\/v2\/media?parent=6029"}],"wp:term":[{"taxonomy":"product_brand","embeddable":true,"href":"https:\/\/frvape.com\/hu\/wp-json\/wp\/v2\/product_brand?post=6029"},{"taxonomy":"product_cat","embeddable":true,"href":"https:\/\/frvape.com\/hu\/wp-json\/wp\/v2\/product_cat?post=6029"},{"taxonomy":"product_tag","embeddable":true,"href":"https:\/\/frvape.com\/hu\/wp-json\/wp\/v2\/product_tag?post=6029"}],"curies":[{"name":"wp","href":"https:\/\/api.w.org\/{rel}","templated":true}]}}