{"id":620,"date":"2025-10-11T15:33:07","date_gmt":"2025-10-11T15:33:07","guid":{"rendered":"https:\/\/frvape.com\/product\/bang-king-15000-disposable-vape-15k-puffs-multiple-nicotine-strengths\/"},"modified":"2025-11-04T01:45:08","modified_gmt":"2025-11-04T01:45:08","slug":"bang-king-15000-eldobhato-vape-15k-puff-tobb-nikotin-erossegu","status":"publish","type":"product","link":"https:\/\/frvape.com\/hu\/product\/bang-king-15000-eldobhato-vape-15k-puff-tobb-nikotin-erossegu\/","title":{"rendered":"Bang King 15000 Eldobhat\u00f3 Vape | 15K Puffs, t\u00f6bbf\u00e9le nikotin er\u0151ss\u00e9g\u0171"},"content":{"rendered":"<h3>Forradalmi Vaping Experience<\/h3>\n<p>Bemutatkozik a <strong>Bang King 15000 Eldobhat\u00f3 Vape<\/strong> - a v\u00e9gs\u0151 megold\u00e1s mind az alkalmi vaperek, mind a nagykereskedelmi forgalmaz\u00f3k sz\u00e1m\u00e1ra Hollandi\u00e1ban, N\u00e9metorsz\u00e1gban, Belgiumban \u00e9s Spanyolorsz\u00e1gban. Ez a pr\u00e9mium k\u00e9sz\u00fcl\u00e9k p\u00e9ld\u00e1tlan kapacit\u00e1st \u00e9s innovat\u00edv technol\u00f3gi\u00e1t \u00f6tv\u00f6z, kiv\u00e9teles <strong>15,000 puff<\/strong> \u00e9lettartam\u00e1t a hatalmas <strong>25ml integr\u00e1lt e-folyad\u00e9k<\/strong> v\u00edzt\u00e1roz\u00f3.<\/p>\n<h3>Fejlett m\u0171szaki specifik\u00e1ci\u00f3k<\/h3>\n<p>A legmodernebb alkatr\u00e9szekkel tervezve:<\/p>\n<p>&#8211; <strong>15,000 Puff<\/strong> k\u00e9sz\u00fcl\u00e9kenk\u00e9nt<br \/>&#8211; <strong>25ml E-folyad\u00e9k kapacit\u00e1s<\/strong> (ipar\u00e1gvezet\u0151 mennyis\u00e9g)<br \/>&#8211; <strong>650mAh tiszta kobalt akkumul\u00e1tor<\/strong> 5A kis\u00fcl\u00e9ssel<br \/>- Halad\u00f3 <strong>1.0ohm ellen\u00e1ll\u00e1s<\/strong> h\u00e1l\u00f3s tekercsrendszer<br \/>- Gyors <strong>C-t\u00edpus\u00fa \u00fajrat\u00f6lt\u00e9s<\/strong> port<br \/>&#8211; <strong>N\u00e9gy nikotin opci\u00f3<\/strong>: 0%, 2%, 3%, 5%<\/p>\n<h3>\u00cdzspektrum<\/h3>\n<p>Fedezze fel v\u00e1ltozatos <strong>elektronikus vape \u00edzek<\/strong> gy\u0171jtem\u00e9ny:<\/p>\n<p>R\u00f3zsasz\u00edn limon\u00e1d\u00e9<br \/>Aloe sz\u0151l\u0151<br \/>Tr\u00f3pusi gy\u00fcm\u00f6lcs\u00f6k<br \/>Barack mang\u00f3<br \/>Vattacukor<br \/>Savany\u00fa alma m\u00e1lna<br \/>Eper joghurt<br \/>g\u00f6r\u00f6gdinnye r\u00e1g\u00f3gumi<br \/>K\u00e9k Razzice<br \/>Kiwi maracuja guava<br \/>eperdinnye<br \/>H\u00e1romszoros bogy\u00f3s j\u00e9g<br \/>Peachice<br \/>cseresznye pop<br \/>Eper Kiwi<br \/>fekete s\u00e1rk\u00e1ny j\u00e9g<br \/>LUSHICE<br \/>DLUBLE APPLE<br \/>Eper ban\u00e1n<br \/>Cool Mint<\/p>\n<h3>Teljes\u00edtm\u00e9ny kiv\u00e1l\u00f3s\u00e1g<\/h3>\n<p>A <strong>Bang King 15000<\/strong> \u00faj m\u00e9rc\u00e9t \u00e1ll\u00edt fel az eldobhat\u00f3 vapes sz\u00e1m\u00e1ra a fejlett <strong>h\u00e1l\u00f3s tekercs technol\u00f3gia<\/strong>. Ez a forradalmi rendszer p\u00e1ratlan \u00edz tisztas\u00e1got \u00e9s egyenletes g\u0151ztermel\u00e9st biztos\u00edt az els\u0151t\u0151l az utols\u00f3 slukkig. A hagyom\u00e1nyos eldobhat\u00f3 k\u00e9sz\u00fcl\u00e9kekkel ellent\u00e9tben a szabadalmaztatott tekercs kialak\u00edt\u00e1sunk megakad\u00e1lyozza a sz\u00e1raz tal\u00e1latokat, mik\u00f6zben maximaliz\u00e1lja az e-folyad\u00e9k hat\u00e9konys\u00e1g\u00e1t.<\/p>\n<h3>\u00dajrat\u00f6lthet\u0151 el\u0151ny<\/h3>\n<p>Soha t\u00f6bb\u00e9 ne pazaroljon e-folyad\u00e9kot! A be\u00e9p\u00edtett <strong>\u00fajrat\u00f6lthet\u0151 rendszer<\/strong> \u00e1talak\u00edtja az eldobhat\u00f3 p\u00e1rologtat\u00e1s \u00e9lm\u00e9ny\u00e9t. A pr\u00e9mium <strong>650mAh akkumul\u00e1tor<\/strong> t\u00e1mogatja a <strong>gyors Type-C t\u00f6lt\u00e9s<\/strong> - mind\u00f6ssze 30 perc alatt 80% kapacit\u00e1st biztos\u00edt. Ez az innovat\u00edv megk\u00f6zel\u00edt\u00e9s teszi a Bang Kinget a leg <strong>k\u00f6lts\u00e9ghat\u00e9kony eldobhat\u00f3 vape<\/strong> megold\u00e1s a piacon, k\u00fcl\u00f6n\u00f6sen a t\u00f6meges v\u00e1s\u00e1rl\u00f3k sz\u00e1m\u00e1ra.<\/p>\n<h3>Nikotin sokoldal\u00fas\u00e1g<\/h3>\n<p>A Bang King minden g\u0151z\u00f6l\u00e9si preferenci\u00e1t kiel\u00e9g\u00edt\u0151, p\u00e1ratlan rugalmass\u00e1got k\u00edn\u00e1l n\u00e9gy <strong>nikotin er\u0151ss\u00e9g\u0171 opci\u00f3k<\/strong>. V\u00e1lasszon a nulla nikotin (0%) k\u00f6z\u00fcl az \u00edz purist\u00e1knak, az enyhe opci\u00f3k (2%-3%) k\u00f6z\u00fcl az alkalmi felhaszn\u00e1l\u00f3knak, vagy a doh\u00e1nyhoz h\u0171 intenzit\u00e1s (5%) k\u00f6z\u00fcl a p\u00e1rol\u00e1sra \u00e1tt\u00e9r\u0151 er\u0151s doh\u00e1nyosoknak.<\/p>\n<h3>Nagykereskedelmi el\u0151ny\u00f6k<\/h3>\n<p>Eredeti gy\u00e1ri term\u00e9kk\u00e9nt a <strong>Bang King 15000<\/strong> kiv\u00e9teles min\u0151s\u00e9gellen\u0151rz\u00e9st \u00e9s t\u00f6meges \u00e1rk\u00e9pz\u00e9si el\u0151ny\u00f6ket biztos\u00edt a forgalmaz\u00f3k sz\u00e1m\u00e1ra. A <strong>alacsony karbantart\u00e1si ig\u00e9ny\u0171 kialak\u00edt\u00e1s<\/strong> \u00e9s pr\u00e9mium megjelen\u00e9se ide\u00e1lis kiskereskedelmi k\u00f6rnyezetbe, m\u00edg a kiterjesztett <strong>15,000 puff \u00e9lettartam<\/strong> biztos\u00edtja a nagyobb \u00fcgyf\u00e9l-el\u00e9gedetts\u00e9get \u00e9s az ism\u00e9telt \u00fczletk\u00f6t\u00e9st.<\/p>\n<h3>M\u00e9rn\u00f6ki \u00e1tt\u00f6r\u00e9sek<\/h3>\n<p>A z\u00f6kken\u0151mentes integr\u00e1ci\u00f3 <strong>5A kis\u00fct\u00e9si k\u00e9pess\u00e9g<\/strong> a <strong>tiszta kobalt akkumul\u00e1tor<\/strong> p\u00e9ld\u00e1tlan hat\u00e9konys\u00e1got teremt egy eldobhat\u00f3 eszk\u00f6zben. A fejlett <strong>1.0ohm h\u00e1l\u00f3s tekercs<\/strong>, ez a technikai szinergia er\u0151teljes felh\u0151termel\u00e9st \u00e9s kiv\u00e9teles \u00edz tisztas\u00e1got biztos\u00edt, amely mind a 15.000 slukkol\u00e1son kereszt\u00fcl kitart - ez egy igazi piaci innov\u00e1ci\u00f3.<\/p>\n<h3>Optim\u00e1lis haszn\u00e1lati \u00e9lm\u00e9ny<\/h3>\n<p>A pr\u00e9mium mod rendszerekb\u0151l mer\u00edtett inspir\u00e1ci\u00f3t, de a v\u00e9gs\u0151 egyszer\u0171s\u00e9ggel, a <strong>Bang King vape toll<\/strong> nem ig\u00e9nyel karbantart\u00e1st, ut\u00e1nt\u00f6lt\u00e9st vagy tekercscser\u00e9t. A t\u00f6k\u00e9letesen kalibr\u00e1lt l\u00e9g\u00e1raml\u00e1s \u00e9s az ergonomikus sz\u00e1jr\u00e9sz biztos\u00edtja a sima h\u00faz\u00e1st, mik\u00f6zben a robusztus g\u0151ztermel\u00e9s megmarad. A <strong>25ml kapacit\u00e1s<\/strong> \u00e9s <strong>\u00fajrat\u00f6lt\u00e9si k\u00e9pess\u00e9gek<\/strong>, 300-500% \u00e9lettartammal m\u00falja fel\u00fcl a versenyt\u00e1rsakat.<\/p>\n<h3>Eur\u00f3pai piaci f\u00f3kusz<\/h3>\n<p>Kifejezetten az eur\u00f3pai g\u0151z\u00f6l\u00e9si preferenci\u00e1kra hangolva, optimaliz\u00e1lt nikotiner\u0151ss\u00e9ggel \u00e9s v\u00e1ltozatos <strong>\u00edzprofilok<\/strong>. Megfelel az uni\u00f3s min\u0151s\u00e9gi \u00e9s biztons\u00e1gi el\u0151\u00edr\u00e1soknak. A <strong>Bang King gy\u00e1ri k\u00f6zvetlen<\/strong> modell biztos\u00edtja a legjobb \u00e1rk\u00e9pz\u00e9st a v\u00e1llalkoz\u00e1sok sz\u00e1m\u00e1ra Hollandi\u00e1ban, N\u00e9metorsz\u00e1gban, Belgiumban \u00e9s Spanyolorsz\u00e1gban.<\/p>","protected":false},"excerpt":{"rendered":"<p>Tapasztalja meg a <strong>Bang King 15000 Eldobhat\u00f3 Vape<\/strong> hatalmas <strong>25ml e-folyad\u00e9k kapacit\u00e1s<\/strong> \u00e9s <strong>15,000 puff<\/strong>. Jellemz\u0151k <strong>\u00fajrat\u00f6lthet\u0151 650mAh akkumul\u00e1tor<\/strong>, <strong>t\u00f6bbf\u00e9le nikotin er\u0151ss\u00e9g<\/strong> (0%, 2%, 3%, 5%) \u00e9s <strong>20 pr\u00e9mium \u00edz<\/strong>.<br \/>Ide\u00e1lis nagykereskedelmi \u00e9s szem\u00e9lyes haszn\u00e1latra Eur\u00f3pa-szerte.<\/p>","protected":false},"featured_media":614,"comment_status":"open","ping_status":"closed","template":"","meta":[],"product_brand":[133],"product_cat":[856],"product_tag":[139,137,136,140,138,75],"class_list":{"0":"post-620","1":"product","2":"type-product","3":"status-publish","4":"has-post-thumbnail","6":"product_brand-bangking","7":"product_cat-bangking","8":"product_tag-25ml-e-liquid-vape","9":"product_tag-650mah-type-c-vape","10":"product_tag-bang-king-15000-puffs","11":"product_tag-bulk-disposable-vapes","12":"product_tag-low-nicotine-vape-pen","13":"product_tag-rechargeable-disposable-vape","15":"first","16":"instock","17":"sale","18":"shipping-taxable","19":"purchasable","20":"product-type-variable"},"jetpack_sharing_enabled":true,"tiered_pricing_type":"fixed","tiered_pricing_fixed_rules":[],"tiered_pricing_product_settings":{"layout":"default","base_unit_name":{"singular":null,"plural":null},"default_variation":null},"tiered_pricing_minimum_quantity":null,"tiered_pricing_roles_data":[],"tiered_pricing_percentage_rules":[],"tiered_pricing_maximum_quantity":null,"tiered_pricing_quantity_step":null,"_links":{"self":[{"href":"https:\/\/frvape.com\/hu\/wp-json\/wp\/v2\/product\/620","targetHints":{"allow":["GET"]}}],"collection":[{"href":"https:\/\/frvape.com\/hu\/wp-json\/wp\/v2\/product"}],"about":[{"href":"https:\/\/frvape.com\/hu\/wp-json\/wp\/v2\/types\/product"}],"replies":[{"embeddable":true,"href":"https:\/\/frvape.com\/hu\/wp-json\/wp\/v2\/comments?post=620"}],"wp:featuredmedia":[{"embeddable":true,"href":"https:\/\/frvape.com\/hu\/wp-json\/wp\/v2\/media\/614"}],"wp:attachment":[{"href":"https:\/\/frvape.com\/hu\/wp-json\/wp\/v2\/media?parent=620"}],"wp:term":[{"taxonomy":"product_brand","embeddable":true,"href":"https:\/\/frvape.com\/hu\/wp-json\/wp\/v2\/product_brand?post=620"},{"taxonomy":"product_cat","embeddable":true,"href":"https:\/\/frvape.com\/hu\/wp-json\/wp\/v2\/product_cat?post=620"},{"taxonomy":"product_tag","embeddable":true,"href":"https:\/\/frvape.com\/hu\/wp-json\/wp\/v2\/product_tag?post=620"}],"curies":[{"name":"wp","href":"https:\/\/api.w.org\/{rel}","templated":true}]}}