{"id":6482,"date":"2025-10-12T12:50:40","date_gmt":"2025-10-12T12:50:40","guid":{"rendered":"https:\/\/frvape.com\/product\/jnr-shisha-12000-disposable-vape-12000-puffs-rechargeable-multiple-flavors\/"},"modified":"2025-11-24T09:17:38","modified_gmt":"2025-11-24T09:17:38","slug":"jnr-shisha-12000-eldobhato-vape-12000-puffs-ujratoltheto-tobb-izben","status":"publish","type":"product","link":"https:\/\/frvape.com\/hu\/product\/jnr-shisha-12000-eldobhato-vape-12000-puffs-ujratoltheto-tobb-izben\/","title":{"rendered":"Jnr Shisha 12000 Eldobhat\u00f3 Vape - 12,000 Puffs, \u00fajrat\u00f6lthet\u0151, t\u00f6bbf\u00e9le \u00edzes\u00edt\u00e9ssel"},"content":{"rendered":"<p>A <strong>Jnr Shisha 12000<\/strong> egy forradalmi elektronikus cigaretta, amelyet \u00fagy terveztek, hogy az autentikus v\u00edzipipa-\u00e9rzetet hordozhat\u00f3, modern form\u00e1tumban hozza el. Kiv\u00e9teles funkci\u00f3ival \u00e9s nagy teljes\u00edtm\u00e9ny\u0171 k\u00e9pess\u00e9geivel ez a k\u00e9sz\u00fcl\u00e9k \u00fajradefini\u00e1lja a k\u00e9nyelmet \u00e9s az el\u00e9gedetts\u00e9get a p\u00e1rologtat\u00e1sban. Kezd\u0151k \u00e9s rajong\u00f3k sz\u00e1m\u00e1ra egyar\u00e1nt ide\u00e1lis, a hagyom\u00e1nyokat a cs\u00facstechnol\u00f3gi\u00e1val \u00f6tv\u00f6zi a felejthetetlen \u00e9lm\u00e9ny \u00e9rdek\u00e9ben.<\/p>\n<h3>Kulcsfontoss\u00e1g\u00fa \u00e9rt\u00e9kes\u00edt\u00e9si pontok<\/h3>\n<p><strong>Autentikus Shisha \u00e9lm\u00e9ny:<\/strong> Mer\u00fclj\u00f6n el a klasszikus shisha \u00edzekben, amelyeket apr\u00f3l\u00e9kosan kidolgoztak, hogy hagyom\u00e1nyos vape-\u00e9rzetet ny\u00fajtsanak. Minden egyes h\u00faz\u00e1s egy v\u00edzipipa \u00fcl\u00e9s melegs\u00e9g\u00e9t \u00e9s gazdags\u00e1g\u00e1t ut\u00e1nozza, \u00edgy t\u00f6k\u00e9letes azoknak, akik minden slukkban nosztalgi\u00e1ra v\u00e1gynak.<\/p>\n<p><strong>On-the-Go Shisha Bliss:<\/strong> A kompakt \u00e9s zsebm\u00e9ret\u0171 k\u00e9sz\u00fcl\u00e9k b\u00e1rhol \u00e9s b\u00e1rmikor biztos\u00edtja az \u00e9lvezetet. Eleg\u00e1ns tokszer\u0171 kialak\u00edt\u00e1sa lehet\u0151v\u00e9 teszi, hogy belecs\u00fasszon az alapvet\u0151 dolgok k\u00f6z\u00e9, \u00e9s a mindennapi rutinokat a pihen\u00e9s pillanataiv\u00e1 v\u00e1ltoztassa, an\u00e9lk\u00fcl, hogy a teljes\u00edtm\u00e9nyben kompromisszumot k\u00f6tne.<\/p>\n<p><strong>Intenz\u00edv el\u00e9gedetts\u00e9g Direct-to-Lung:<\/strong> A m\u00e9ly t\u00fcd\u0151be t\u00f6rt\u00e9n\u0151 tal\u00e1latokra tervezett <strong>Jnr Shisha 12000<\/strong> er\u0151s, mer\u00e9sz \u00edzeket biztos\u00edt \u00e9s hatalmas g\u0151zfelh\u0151ket produk\u00e1l. Ezt a rendszert egy h\u00e1l\u00f3s tekercs \u00e9s egy \u00e1ll\u00edthat\u00f3 l\u00e9g\u00e1raml\u00e1s eg\u00e9sz\u00edti ki, \u00edgy teljes kontrollt biztos\u00edt a s\u0171r\u0171s\u00e9g \u00e9s a simas\u00e1g felett.<\/p>\n<p><strong>K\u00f6vetkezetes \u00e9s \u00e9lvezetes \u00edz:<\/strong> Minden egyes slukk k\u00f6vetkezetesen sima \u00e9s \u00edzletes profilt biztos\u00edt, \u00edgy nem lesz durva. A h\u00e1l\u00f3s tekercs technol\u00f3gia meg\u0151rzi az e-folyad\u00e9k integrit\u00e1s\u00e1t, garant\u00e1lva a v\u00e1ltozatlan \u00edzt az els\u0151t\u0151l az utols\u00f3 bel\u00e9gz\u00e9sig. Ez a megb\u00edzhat\u00f3s\u00e1g a piac egyik legjobb v\u00e1laszt\u00e1sak\u00e9nt emeli ki.<\/p>\n<h3>Term\u00e9kle\u00edr\u00e1sok<\/h3>\n<p>A k\u00e9sz\u00fcl\u00e9k specifik\u00e1ci\u00f3i kiemelik robusztus kialak\u00edt\u00e1s\u00e1t: 0% vagy 2% nikotinszintek, k\u00f6r\u00fclbel\u00fcl 12 000 puff, nagyvonal\u00fa 24 ml e-folyad\u00e9k kapacit\u00e1s \u00e9s megb\u00edzhat\u00f3 0,6\u03a9-os h\u00e1l\u00f3s tekercs a hat\u00e9kony p\u00e1rologtat\u00e1s \u00e9rdek\u00e9ben. Ezen k\u00edv\u00fcl b\u00fcszk\u00e9lkedhet egy hossz\u00fa \u00e9lettartam\u00fa 750mAh-s \u00fajrat\u00f6lthet\u0151 akkumul\u00e1torral, gyors C-t\u00edpus\u00fa t\u00f6lt\u00e9si k\u00e9pess\u00e9ggel \u00e9s \u00e1ll\u00edthat\u00f3 l\u00e9g\u00e1raml\u00e1ssal, amellyel testre szabhatja a p\u00e1rol\u00e1si st\u00edlus\u00e1t.<\/p>\n<h3>Kaphat\u00f3 \u00edzek<\/h3>\n<p>A <strong>Jnr Shisha 12000<\/strong> biztos\u00edtja az \u00edzek v\u00e1ltozatoss\u00e1g\u00e1t a 22 izgalmas lehet\u0151s\u00e9g v\u00e1ltozatos v\u00e1laszt\u00e9k\u00e1val: A k\u00edn\u00e1latban szerepelnek: g\u00f6r\u00f6gdinnye j\u00e9g, eper j\u00e9g, feh\u00e9r mamba, dupla alma, mang\u00f3 ban\u00e1n, dupla menta dinnye, cseresznye g\u00f6r\u00f6gdinnye fagyaszt\u00f3, eper m\u00e1lna cukorka, \u00e1fonya j\u00e9g, vegyes bogy\u00f3s j\u00e9g, \u00e1fonya gr\u00e1n\u00e1talma, l\u00e9d\u00fas barack, Lady Killa, Love 66, fagyasztott alma, v\u00f6r\u00f6s bogy\u00f3s gy\u00fcm\u00f6lcs\u00f6s slush, g\u00f6r\u00f6gdinnye eper r\u00e1g\u00f3gumi, kiwi menta, eper kiwi, g\u00f6r\u00f6gdinnye bika, eper sz\u0151l\u0151, \u00e1fonya menta.<\/p>\n<h3>R\u00e9szletes le\u00edr\u00e1s<\/h3>\n<p>Tapasztalja meg a legmagasabb v\u00edzipipa \u00e9rz\u00e9st a Jnr Shisha v\u00edzipip\u00e1val, amely leny\u0171g\u00f6z\u0151, megk\u00f6zel\u00edt\u0151leg 12 000 puffot \u00e9s 24 ml s\u00f3s nikotin kapacit\u00e1st k\u00edn\u00e1l verhetetlen \u00e1ron. A k\u00e9sz\u00fcl\u00e9k kiv\u00e1l\u00f3 g\u0151ztermel\u00e9ssel rendelkezik, lehet\u0151v\u00e9 t\u00e9ve azokat a m\u00e9ly t\u00fcd\u0151bel\u00e9gz\u00e9seket, amelyek teljesen el\u00e9gedett\u00e9 teszik \u00d6nt. D\u00edszes kialak\u00edt\u00e1s\u00e1val \u00e9s modern C t\u00edpus\u00fa t\u00f6lt\u00e9si m\u00f3dszer\u00e9vel z\u00f6kken\u0151mentesen integr\u00e1lja az eszt\u00e9tikai vonzer\u0151t a funkcionalit\u00e1ssal. Az \u00fajrat\u00f6lthet\u0151 akkumul\u00e1tor kiemelked\u0151 tulajdons\u00e1ga - egy robusztus 750mAh-s er\u0151m\u0171, amely minden alkalomhoz illik, ak\u00e1r otthon, ak\u00e1r \u00fatk\u00f6zben. Az e-folyad\u00e9kot k\u00f6vetkezetesen \u00e9s hat\u00e9konyan alak\u00edthatja \u00e1t bel\u00e9legezhet\u0151 g\u0151zz\u00e9 a nagy kapacit\u00e1s\u00fa kialak\u00edt\u00e1snak k\u00f6sz\u00f6nhet\u0151en, amely kik\u00fcsz\u00f6b\u00f6li az \u00e1lland\u00f3 \u00fajrat\u00f6lt\u00e9ssel j\u00e1r\u00f3 gondokat. \u00d6sszess\u00e9g\u00e9ben ez az elektronikus cigaretta nemcsak intenz\u00edv \u00edz\u00e9lm\u00e9nyt \u00e9s nagy felh\u0151ket biztos\u00edt, hanem tart\u00f3ss\u00e1got \u00e9s k\u00f6nny\u0171 haszn\u00e1latot is, \u00edgy a min\u0151s\u00e9get ig\u00e9nyl\u0151 vaperek els\u0151 sz\u00e1m\u00fa v\u00e1laszt\u00e1sa. Az \u00e1ll\u00edthat\u00f3 l\u00e9g\u00e1raml\u00e1si t\u00e1rcsa fokozza a szem\u00e9lyre szabhat\u00f3s\u00e1got, lehet\u0151v\u00e9 t\u00e9ve a g\u0151zs\u0171r\u0171s\u00e9g \u00e9s a torok\u00e9rzet finomhangol\u00e1s\u00e1t, m\u00edg a h\u00e1l\u00f3s tekercsrendszer egyenletes f\u0171t\u00e9st \u00e9s optim\u00e1lis \u00edzkivon\u00e1st garant\u00e1l.<\/p>","protected":false},"excerpt":{"rendered":"<p>Tapasztalja meg a <strong>Jnr Shisha 12000<\/strong>, pr\u00e9mium <strong>\u00fajrat\u00f6lthet\u0151<\/strong> eldobhat\u00f3 vape eszk\u00f6z, amely k\u00f6r\u00fclbel\u00fcl <strong>12,000 puff<\/strong> \u00e1ll\u00edthat\u00f3 l\u00e9g\u00e1raml\u00e1ssal a massz\u00edv g\u0151z\u00e9rt.<br \/>Finom aj\u00e1nlatok <strong>\u00edzek<\/strong> mint a Watermelon Ice, \u00e9s egy k\u00e9nyelmes C-t\u00edpus\u00fa t\u00f6lt\u0151fel\u00fclettel az \u00fatk\u00f6zbeni boldogs\u00e1g\u00e9rt.<\/p>","protected":false},"featured_media":6479,"comment_status":"open","ping_status":"closed","template":"","meta":[],"product_brand":[88],"product_cat":[1089],"product_tag":[371,163,639,638,115],"class_list":{"0":"post-6482","1":"product","2":"type-product","3":"status-publish","4":"has-post-thumbnail","6":"product_brand-jnr","7":"product_cat-jnr","8":"product_tag-12000-puffs","9":"product_tag-adjustable-airflow","10":"product_tag-flavored-shisha-pen","11":"product_tag-jnr-shisha-12000","12":"product_tag-rechargeable-vape","14":"first","15":"instock","16":"sale","17":"shipping-taxable","18":"purchasable","19":"product-type-variable"},"jetpack_sharing_enabled":true,"tiered_pricing_type":"fixed","tiered_pricing_fixed_rules":[],"tiered_pricing_product_settings":{"layout":"default","base_unit_name":{"singular":null,"plural":null},"default_variation":null},"tiered_pricing_minimum_quantity":null,"tiered_pricing_roles_data":[],"tiered_pricing_percentage_rules":[],"tiered_pricing_maximum_quantity":null,"tiered_pricing_quantity_step":null,"_links":{"self":[{"href":"https:\/\/frvape.com\/hu\/wp-json\/wp\/v2\/product\/6482","targetHints":{"allow":["GET"]}}],"collection":[{"href":"https:\/\/frvape.com\/hu\/wp-json\/wp\/v2\/product"}],"about":[{"href":"https:\/\/frvape.com\/hu\/wp-json\/wp\/v2\/types\/product"}],"replies":[{"embeddable":true,"href":"https:\/\/frvape.com\/hu\/wp-json\/wp\/v2\/comments?post=6482"}],"wp:featuredmedia":[{"embeddable":true,"href":"https:\/\/frvape.com\/hu\/wp-json\/wp\/v2\/media\/6479"}],"wp:attachment":[{"href":"https:\/\/frvape.com\/hu\/wp-json\/wp\/v2\/media?parent=6482"}],"wp:term":[{"taxonomy":"product_brand","embeddable":true,"href":"https:\/\/frvape.com\/hu\/wp-json\/wp\/v2\/product_brand?post=6482"},{"taxonomy":"product_cat","embeddable":true,"href":"https:\/\/frvape.com\/hu\/wp-json\/wp\/v2\/product_cat?post=6482"},{"taxonomy":"product_tag","embeddable":true,"href":"https:\/\/frvape.com\/hu\/wp-json\/wp\/v2\/product_tag?post=6482"}],"curies":[{"name":"wp","href":"https:\/\/api.w.org\/{rel}","templated":true}]}}