{"id":8775,"date":"2025-10-14T08:22:28","date_gmt":"2025-10-14T08:22:28","guid":{"rendered":"https:\/\/frvape.com\/product\/iget-bar-pro-10000-disposable-vape-10000-puffs-flavor-variety\/"},"modified":"2025-12-16T09:51:36","modified_gmt":"2025-12-16T09:51:36","slug":"iget-bar-pro-10000-eldobhato-vape-10000-puff-izvariacio","status":"publish","type":"product","link":"https:\/\/frvape.com\/hu\/product\/iget-bar-pro-10000-eldobhato-vape-10000-puff-izvariacio\/","title":{"rendered":"IGET Bar Pro 10000 Eldobhat\u00f3 Vape: 10,000 puff, \u00edzvari\u00e1ci\u00f3"},"content":{"rendered":"<h3>P\u00e1ratlan eldobhat\u00f3 Vape \u00e9lm\u00e9ny<\/h3>\n<p>A <strong>IGET Bar Pro 10000<\/strong> \u00fajradefini\u00e1lja a hordozhat\u00f3 p\u00e1rologtat\u00e1st a <strong>kiv\u00e9teles teljes\u00edtm\u00e9ny<\/strong> \u00e9s eleg\u00e1ns alum\u00ednium kivitelben. Fejlesztette a <strong>IGET Vape<\/strong>, az ipar\u00e1g megb\u00edzhat\u00f3 vezet\u0151je, ez a k\u00e9sz\u00fcl\u00e9k biztos\u00edtja, hogy <strong>10,000 kiel\u00e9g\u00edt\u0151 puffan\u00e1s<\/strong> egy <strong>2000mAh akkumul\u00e1tor<\/strong> \u00e9s el\u0151re felt\u00f6ltve <strong>20ml kiv\u00e1l\u00f3 min\u0151s\u00e9g\u0171 e-folyad\u00e9k<\/strong>. A <strong>5% nikotinkoncentr\u00e1ci\u00f3 (50 mg\/ml)<\/strong> egyenletes torokhangot k\u00edn\u00e1l, m\u00edg a <strong>k\u00f6nny\u0171 93g-os konstrukci\u00f3<\/strong> \u00e9s <strong>h\u00faz\u00e1s-aktiv\u00e1lt mechanizmus<\/strong> garant\u00e1lja a k\u00f6nnyed haszn\u00e1latot b\u00e1rmikor \u00e9s b\u00e1rhol. T\u00f6k\u00e9letes mind a <strong>\u00faj vaperek<\/strong> \u00e9s <strong>szak\u00e9rt\u0151k<\/strong>, a k\u00e9nyelmet a pr\u00e9mium \u00edzzel \u00f6tv\u00f6zi a p\u00e1ratlan <strong>p\u00e1rologtat\u00f3 utaz\u00e1s<\/strong>.<\/p>\n<h3>F\u0151bb specifik\u00e1ci\u00f3k \u00e9s jellemz\u0151k<\/h3>\n<p>- <strong>M\u00e1rka<\/strong>: IGET<br \/>\n- <strong>Puff sz\u00e1m<\/strong>: 10,000 puff<br \/>\n- <strong>Nikotin szint<\/strong>: 5% (50mg\/ml)<br \/>\n- <strong>E-folyad\u00e9k kapacit\u00e1s<\/strong>: 20ml<br \/>\n- <strong>Akkumul\u00e1toros energia<\/strong>: 2000mAh<br \/>\n- <strong>Tekercs ellen\u00e1ll\u00e1s<\/strong>: 1.2\u03a9<br \/>\n- <strong>Anyag<\/strong>: Alum\u00ednium<br \/>\n- <strong>S\u00faly<\/strong>: 93g<\/p>\n<p>Ez a k\u00e9sz\u00fcl\u00e9k kik\u00fcsz\u00f6b\u00f6li az ut\u00e1nt\u00f6lt\u00e9s vagy t\u00f6lt\u00e9s sz\u00fcks\u00e9gess\u00e9g\u00e9t, k\u00f6sz\u00f6nhet\u0151en a <strong>hossz\u00fa \u00e9lettartam\u00fa akkumul\u00e1tor<\/strong> \u00e9s <strong>nagyvonal\u00fa e-folyad\u00e9k tartal\u00e9kok<\/strong>, \u00edgy ide\u00e1lis az \u00fatk\u00f6zbeni \u00e9letm\u00f3dhoz. A <strong>kompakt kialak\u00edt\u00e1s<\/strong> n\u00f6veli a hordozhat\u00f3s\u00e1got a tart\u00f3ss\u00e1g fel\u00e1ldoz\u00e1sa n\u00e9lk\u00fcl, \u00e9s a <strong>egyenletes tekercs teljes\u00edtm\u00e9ny<\/strong> biztos\u00edtja az egyenletes g\u0151ztermel\u00e9st a teljes \u00e9lettartam alatt.<\/p>\n<h3>Exkluz\u00edv \u00edzv\u00e1laszt\u00e9k<\/h3>\n<p>Mer\u00fclj\u00f6n el a legk\u00fcl\u00f6nf\u00e9l\u00e9bb <strong>gazdag \u00edz\u00e9lm\u00e9nyek<\/strong> minden \u00edzl\u00e9sre szabva. A <strong>IGET Bar Pro 10000<\/strong> pr\u00e9mium \u00edzek v\u00e1logatott gy\u0171jtem\u00e9ny\u00e9t k\u00edn\u00e1lja:<\/p>\n<p>M\u00e1lna sz\u0151l\u0151<br \/>\nSzeder M\u00e1lna<br \/>\nKiwi anan\u00e1sz<br \/>\nGrapefruit guava citromos j\u00e9g<br \/>\nEper m\u00e1lna<br \/>\n\u00c1fonya j\u00e9g<br \/>\nSz\u0151l\u0151 j\u00e9g<br \/>\nEper-kiwi j\u00e9g<br \/>\nSzeder Gr\u00e1n\u00e1talma Cseresznye<br \/>\nCseresznye gr\u00e1n\u00e1talma<br \/>\n\u00c1fonya m\u00e1lna<br \/>\nEper g\u00f6r\u00f6gdinnye j\u00e9g<\/p>\n<p>Minden \u00edz, mint p\u00e9ld\u00e1ul a fagyos <strong>J\u00e9g v\u00e1ltozatok<\/strong> vagy a fanyar <strong>gy\u00fcm\u00f6lcsf\u00fazi\u00f3k<\/strong>, m\u00e9ly, \u00e1rnyalt profilok \u00e9s friss\u00edt\u0151 befejez\u00e9s k\u00f6z\u00f6tt egyens\u00falyoz. Tapasztalja meg az olyan vibr\u00e1l\u00f3 jegyeket, mint a savanyk\u00e1s m\u00e1lna vagy az egzotikus guajava, amelyet a k\u00f6vetkez\u0151k fokoznak <strong>sima nikotinsz\u00e1ll\u00edt\u00e1s<\/strong> a v\u00e9gs\u0151 el\u00e9gedetts\u00e9g\u00e9rt.<\/p>\n<h3>El\u0151ny\u00f6k \u00e9s mi\u00e9rt v\u00e1lassza az IGET Bar Pro-t<\/h3>\n<p>A <strong>IGET Bar Pro 10000<\/strong> a megb\u00edzhat\u00f3s\u00e1gba \u00e9s az innov\u00e1ci\u00f3ba val\u00f3 befektet\u00e9st jelenti. A <strong>kiv\u00e9teles hossz\u00fa \u00e9lettartam<\/strong> cs\u00f6kkenti a pazarl\u00e1st \u00e9s a k\u00f6lts\u00e9geket, m\u00edg a <strong>pr\u00e9mium \u00e9p\u00edt\u00e9si min\u0151s\u00e9g<\/strong> biztos\u00edtja a biztons\u00e1got \u00e9s a teljes\u00edtm\u00e9nyt. A <strong>felhaszn\u00e1l\u00f3bar\u00e1t h\u00faz\u00e1s-aktiv\u00e1lt rendszer<\/strong> intuit\u00edvv\u00e1 teszi a p\u00e1rologtat\u00e1st - csak bel\u00e9legezni kell az \u00e9lvezethez, gombok \u00e9s komplik\u00e1ci\u00f3k n\u00e9lk\u00fcl. Ide\u00e1lis mindennapi haszn\u00e1latra, mert <strong>zavartalan \u00e9lvezet<\/strong> \u00e9s egy <strong>kiel\u00e9g\u00edt\u0151 torok\u00fct\u00e9s<\/strong> amely minden ig\u00e9nyt kiel\u00e9g\u00edt.<\/p>\n<p>\u00c9lvezze a k\u00e9nyelmet \u00e9s az \u00edzek soksz\u00edn\u0171s\u00e9g\u00e9t az IGET Bar Pro-val. Friss\u00edtsen erre a kiemelked\u0151 <strong>eldobhat\u00f3 vape<\/strong> \u00e9s \u00e9lvezze a stresszmentes, \u00edzletes \u00e9lm\u00e9nyt, amely fel\u00fclm\u00falja az elv\u00e1r\u00e1sokat.<\/p>","protected":false},"excerpt":{"rendered":"<h3>Pr\u00e9mium eldobhat\u00f3 vaping megold\u00e1s<\/h3>\n<p>A <strong>IGET Bar Pro 10000<\/strong> sz\u00e1ll\u00edt <strong>10,000 puff<\/strong> egy <strong>2000mAh akkumul\u00e1tor<\/strong> \u00e9s <strong>20ml pr\u00e9mium e-folyad\u00e9k<\/strong>. \u00c9lvezze a <strong>gazdag \u00edzek<\/strong> \u00e9s <strong>sima nikotin tal\u00e1lat<\/strong> k\u00f6nny\u0171 kivitelben.<\/p>","protected":false},"featured_media":8769,"comment_status":"open","ping_status":"closed","template":"","meta":[],"product_brand":[719],"product_cat":[720],"product_tag":[517,446,112,412,722,155],"class_list":{"0":"post-8775","1":"product","2":"type-product","3":"status-publish","4":"has-post-thumbnail","6":"product_brand-iget","7":"product_cat-iget-vape","8":"product_tag-10000-puffs","9":"product_tag-5-nicotine","10":"product_tag-disposable-vape","11":"product_tag-e-liquid","12":"product_tag-iget-bar-pro","13":"product_tag-vape-flavors","15":"first","16":"instock","17":"sale","18":"shipping-taxable","19":"purchasable","20":"product-type-variable"},"jetpack_sharing_enabled":true,"tiered_pricing_type":"fixed","tiered_pricing_fixed_rules":[],"tiered_pricing_product_settings":{"layout":"default","base_unit_name":{"singular":null,"plural":null},"default_variation":null},"tiered_pricing_minimum_quantity":null,"tiered_pricing_roles_data":[],"tiered_pricing_percentage_rules":[],"tiered_pricing_maximum_quantity":null,"tiered_pricing_quantity_step":null,"_links":{"self":[{"href":"https:\/\/frvape.com\/hu\/wp-json\/wp\/v2\/product\/8775","targetHints":{"allow":["GET"]}}],"collection":[{"href":"https:\/\/frvape.com\/hu\/wp-json\/wp\/v2\/product"}],"about":[{"href":"https:\/\/frvape.com\/hu\/wp-json\/wp\/v2\/types\/product"}],"replies":[{"embeddable":true,"href":"https:\/\/frvape.com\/hu\/wp-json\/wp\/v2\/comments?post=8775"}],"wp:featuredmedia":[{"embeddable":true,"href":"https:\/\/frvape.com\/hu\/wp-json\/wp\/v2\/media\/8769"}],"wp:attachment":[{"href":"https:\/\/frvape.com\/hu\/wp-json\/wp\/v2\/media?parent=8775"}],"wp:term":[{"taxonomy":"product_brand","embeddable":true,"href":"https:\/\/frvape.com\/hu\/wp-json\/wp\/v2\/product_brand?post=8775"},{"taxonomy":"product_cat","embeddable":true,"href":"https:\/\/frvape.com\/hu\/wp-json\/wp\/v2\/product_cat?post=8775"},{"taxonomy":"product_tag","embeddable":true,"href":"https:\/\/frvape.com\/hu\/wp-json\/wp\/v2\/product_tag?post=8775"}],"curies":[{"name":"wp","href":"https:\/\/api.w.org\/{rel}","templated":true}]}}