{"id":9150,"date":"2025-10-31T14:54:58","date_gmt":"2025-10-31T14:54:58","guid":{"rendered":"https:\/\/frvape.com\/product\/aivono-aim-150k-puffs-disposable-vape-rechargeable-58ml-mesh-coil-device\/"},"modified":"2025-12-16T09:09:50","modified_gmt":"2025-12-16T09:09:50","slug":"aivono-cel-150k-puffs-eldobhato-vape-ujratoltheto-58ml-halos-tekercs-eszkoz","status":"publish","type":"product","link":"https:\/\/frvape.com\/hu\/product\/aivono-cel-150k-puffs-eldobhato-vape-ujratoltheto-58ml-halos-tekercs-eszkoz\/","title":{"rendered":"Aivono Aim 150K Puffs Eldobhat\u00f3 Vape - \u00dajrat\u00f6lthet\u0151 58ml h\u00e1l\u00f3s tekercs eszk\u00f6z"},"content":{"rendered":"<h3>V\u00e9gs\u0151, hossz\u00fa \u00e9lettartam\u00fa vaping \u00e9lm\u00e9ny<\/h3>\n<p>Fedezze fel az \u00fatt\u00f6r\u0151 <strong>Aivono Aim 150K Puffs<\/strong> eldobhat\u00f3 vape, amelyet a kiv\u00e9teles kitart\u00e1st \u00e9s pr\u00e9mium \u00edzkiszolg\u00e1l\u00e1st keres\u0151 vaperek sz\u00e1m\u00e1ra terveztek. Ez az \u00e9lvonalbeli eszk\u00f6z \u00faj m\u00e9rc\u00e9t \u00e1ll\u00edt fel az eldobhat\u00f3 vape piacon a rendk\u00edv\u00fcli 150.000 puff kapacit\u00e1s\u00e1val - t\u00f6k\u00e9letes a neh\u00e9z felhaszn\u00e1l\u00f3k \u00e9s az \u00edzek rajong\u00f3i sz\u00e1m\u00e1ra, akik megszak\u00edt\u00e1s n\u00e9lk\u00fcli el\u00e9gedetts\u00e9get k\u00f6vetelnek.<\/p>\n<h3>Fejlett h\u00e1l\u00f3s tekercs technol\u00f3gia<\/h3>\n<p>Tapasztalja meg a p\u00e1ratlan g\u0151z\u00e1ll\u00f3s\u00e1got a n\u00e9gy 1,2\u03a9-os h\u00e1l\u00f3s tekercset tartalmaz\u00f3 innovat\u00edv n\u00e9gymagos rendszer\u00fcnkkel. Ez a fejlett konfigur\u00e1ci\u00f3 biztos\u00edtja, hogy minden slukk <strong>s\u0171r\u0171<\/strong>, \u00edzletes felh\u0151k, mik\u00f6zben a h\u0151m\u00e9rs\u00e9klet stabilit\u00e1sa az els\u0151 haszn\u00e1lat\u00e1t\u00f3l az utols\u00f3ig megmarad. A <strong>h\u00e1l\u00f3s tekercs<\/strong> kialak\u00edt\u00e1sa maximaliz\u00e1lja az e-folyad\u00e9k felhaszn\u00e1l\u00e1s\u00e1t \u00e9s gyors felmeleged\u00e9st biztos\u00edt az azonnali kiel\u00e9g\u00fcl\u00e9s \u00e9rdek\u00e9ben.<\/p>\n<h3>Testreszabhat\u00f3 nikotin \u00e9lm\u00e9ny<\/h3>\n<p>Szabja testre a p\u00e1rologtat\u00f3 utaz\u00e1s\u00e1t t\u00f6bbf\u00e9le <strong>nikotin er\u0151ss\u00e9g<\/strong> opci\u00f3k (0%, 2%, 3%, 5%) az \u00d6n szem\u00e9lyes preferenci\u00e1inak megfelel\u0151en. Ak\u00e1r a hagyom\u00e1nyos cigarett\u00e1r\u00f3l val\u00f3 \u00e1t\u00e1ll\u00e1sr\u00f3l van sz\u00f3, ak\u00e1r egyszer\u0171en csak a nikotin el\u00e9gedetts\u00e9g\u00e9t \u00e9lvezi, gondosan kalibr\u00e1lt szintjeink sima torok\u00fct\u00e9st k\u00edn\u00e1lnak az \u00edzek integrit\u00e1s\u00e1nak vesz\u00e9lyeztet\u00e9se n\u00e9lk\u00fcl, \u00edgy ide\u00e1lisak minden vaping st\u00edlushoz.<\/p>\n<h3>Hatalmas E-folyad\u00e9k kapacit\u00e1s \u00e9s intelligens funkci\u00f3k<\/h3>\n<p>Ennek a leny\u0171g\u00f6z\u0151 k\u00e9sz\u00fcl\u00e9knek a sz\u00edv\u00e9ben egy jelent\u0151s <strong>58ml el\u0151ret\u00f6lt\u00f6tt e-folyad\u00e9k<\/strong> v\u00edzt\u00e1roz\u00f3. Ez a b\u0151s\u00e9ges kapacit\u00e1s biztos\u00edtja a hosszabb haszn\u00e1latot gyakori cser\u00e9k n\u00e9lk\u00fcl, ami egyszerre k\u00f6lts\u00e9ghat\u00e9kony \u00e9s k\u00e9nyelmes. Maradjon naprak\u00e9sz a be\u00e9p\u00edtett LED-kijelz\u0151vel, amely folyamatosan figyeli <strong>akkumul\u00e1tor<\/strong> \u00e1llapot \u00e9s a fennmarad\u00f3 l\u00e9 szintek.<\/p>\n<h3>Pr\u00e9mium \u00fajrat\u00f6lthet\u0151 teljes\u00edtm\u00e9ny<\/h3>\n<p>A nagy kapacit\u00e1s\u00fa 850mAh akkumul\u00e1tor tart\u00f3s energi\u00e1t biztos\u00edt a kiv\u00e9teles puffsz\u00e1mhoz. Az USB-C technol\u00f3gi\u00e1nak k\u00f6sz\u00f6nhet\u0151en gyorsan t\u00f6lthet\u0151, megel\u0151zve az \u00e1ll\u00e1sid\u0151t, mik\u00f6zben gyors t\u00f6lt\u00e9si hat\u00e9konys\u00e1got biztos\u00edt. Ez a felhaszn\u00e1l\u00f3bar\u00e1t funkci\u00f3 meghosszabb\u00edtja a p\u00e1rol\u00e1si munkameneteket an\u00e9lk\u00fcl, hogy eldobhat\u00f3 alternat\u00edv\u00e1kra lenne sz\u00fcks\u00e9g.<\/p>\n<h3>\u00cdzletes \u00edzvari\u00e1ci\u00f3<\/h3>\n<p>K\u00e9nyeztesse mag\u00e1t kifinomult \u00edzprofilok v\u00e1ltozatos v\u00e1laszt\u00e9k\u00e1val:<\/p>\n<p><strong>G\u00f6r\u00f6gdinnye + m\u00e1lna + cseresznye + k\u00f3la<br \/>Eper j\u00e9g + g\u00f6r\u00f6gdinnye j\u00e9g + barack j\u00e9g + golgotavir\u00e1g j\u00e9g<br \/>Eper j\u00e9g + mang\u00f3 + anan\u00e1sz + fagylalt<br \/>Anan\u00e1szos k\u00f3kusz + citromos j\u00e9g + \u00e1fony\u00e1s j\u00e9g + energiaital<br \/>Eper j\u00e9g + \u00e1fonya j\u00e9g + sz\u0151l\u0151 j\u00e9g + z\u00f6ld alma j\u00e9g<br \/>Ban\u00e1n j\u00e9g + eper j\u00e9g + g\u00f6r\u00f6gdinnye j\u00e9g + citrom j\u00e9g<br \/>Eper-kiwi + \u00e1fonya-k\u00f3kusz + vegyes szilva + mang\u00f3<br \/>Eper j\u00e9g + anan\u00e1szos k\u00f3kuszos j\u00e9g + mang\u00f3 j\u00e9g + maracuja j\u00e9g<br \/>\u00c1fonya j\u00e9g + M\u00e1lna citrom j\u00e9g + G\u00f6r\u00f6gdinnye r\u00e1g\u00f3gumi + menta<br \/>Sz\u0151l\u0151 j\u00e9g + Mang\u00f3 barack + g\u00f6r\u00f6gdinnye j\u00e9g + \u00e1fonya j\u00e9g<\/strong><\/p>\n<h3>M\u0171szaki specifik\u00e1ci\u00f3k<\/h3>\n<p>Puffok: 150,000<br \/>Tekercs t\u00edpusa: Mesh Coil System: Quad 1.2\u03a9 Mesh Coil System<br \/>E-folyad\u00e9k kapacit\u00e1s: 58ml<br \/>Nikotin Er\u0151ss\u00e9gek: 0%\/2%\/3%\/5%<br \/>Akkumul\u00e1tor: 850mAh \u00fajrat\u00f6lthet\u0151<br \/>T\u00f6lt\u00e9s: C t\u00edpus\u00fa USB-csatlakoz\u00f3<br \/>Megjelen\u00edt\u00e9s: LED akkumul\u00e1tor\/folyad\u00e9k jelz\u0151<br \/>M\u00e9retek: 39 x 39 x 118mm<br \/>Csomagol\u00e1si m\u00e9retek (kicsi): 47x47x135mm<br \/>Sz\u00e1ll\u00edt\u00e1si tok m\u00e9retei (Big Box): 97x243x138mm<br \/>F\u0151doboz m\u00e9retei: m\u00e9ret: 685x380x240mm<br \/>Karton s\u00falya: 23kg (150 darab)<\/p>\n<h3>A v\u00e9gs\u0151 v\u00e1laszt\u00e1s a Performance Vapers sz\u00e1m\u00e1ra<\/h3>\n<p>A <strong>Aivono Aim 150K Puffs<\/strong> \u00fajradefini\u00e1lja az eldobhat\u00f3 p\u00e1rologtat\u00e1si szabv\u00e1nyokat a rekordm\u00e9ret\u0171 kapacit\u00e1s \u00e9s a pr\u00e9mium kivitelez\u00e9s kombin\u00e1l\u00e1s\u00e1val. Minden egyes \u00e1tgondoltan megtervezett alkatr\u00e9sz - a hat\u00e9kony h\u00e1l\u00f3s tekercsekt\u0151l a t\u00f6k\u00e9letesen hangolt l\u00e9g\u00e1raml\u00e1si rendszerig - rend\u00edthetetlen \u00e1lland\u00f3s\u00e1got biztos\u00edt a kiv\u00e9teles \u00e9lettartam alatt. Ez az \u00f6n\u00e1ll\u00f3 p\u00e1rologtat\u00f3rendszer kik\u00fcsz\u00f6b\u00f6li a karbantart\u00e1si ig\u00e9nyeket, mik\u00f6zben professzion\u00e1lis teljes\u00edtm\u00e9nyt ny\u00fajt, \u00edgy egyar\u00e1nt alkalmas szem\u00e9lyes \u00e9lvezetre \u00e9s kereskedelmi forgalmaz\u00e1sra. Alak\u00edtsa \u00e1t a p\u00e1rol\u00e1si \u00e9lm\u00e9nyt a tart\u00f3ss\u00e1g, az \u00edzgazdags\u00e1g \u00e9s a praktikus m\u00e9rn\u00f6ki munka innovat\u00edv kombin\u00e1ci\u00f3j\u00e1val.<\/p>","protected":false},"excerpt":{"rendered":"<p>Tapasztalja meg a v\u00e9gs\u0151 hossz\u00fa \u00e9lettartamot a <strong>Aivono Aim 150K Puffs<\/strong> eldobhat\u00f3 vape jellemz\u0151 <strong>58ml kapacit\u00e1s<\/strong> \u00e9s <strong>150,000 puff<\/strong>.<br \/>\u00c9lvezze a <strong>n\u00e9gy h\u00e1l\u00f3s tekercs<\/strong> a gazdag \u00edz\u00e9rt, \u00e1ll\u00edthat\u00f3 <strong>nikotin er\u0151ss\u00e9g<\/strong> (0%\/2%\/3%\/5%) \u00e9s USB-C \u00fajrat\u00f6lt\u00e9s.<\/p>","protected":false},"featured_media":9144,"comment_status":"open","ping_status":"closed","template":"","meta":[],"product_brand":[165],"product_cat":[951,1016],"product_tag":[734,735,733,112,77,115],"class_list":{"0":"post-9150","1":"product","2":"type-product","3":"status-publish","4":"has-post-thumbnail","6":"product_brand-aivono","7":"product_cat-aivono","8":"product_cat-big-puffs-vapes","9":"product_tag-150000-puffs-vape","10":"product_tag-58ml-e-liquid","11":"product_tag-aivono-aim-150000-puffs","12":"product_tag-disposable-vape","13":"product_tag-mesh-coil-vape","14":"product_tag-rechargeable-vape","16":"first","17":"instock","18":"sale","19":"shipping-taxable","20":"purchasable","21":"product-type-variable"},"jetpack_sharing_enabled":true,"tiered_pricing_type":"fixed","tiered_pricing_fixed_rules":[],"tiered_pricing_product_settings":{"layout":"default","base_unit_name":{"singular":null,"plural":null},"default_variation":null},"tiered_pricing_minimum_quantity":null,"tiered_pricing_roles_data":[],"tiered_pricing_percentage_rules":[],"tiered_pricing_maximum_quantity":null,"tiered_pricing_quantity_step":null,"_links":{"self":[{"href":"https:\/\/frvape.com\/hu\/wp-json\/wp\/v2\/product\/9150","targetHints":{"allow":["GET"]}}],"collection":[{"href":"https:\/\/frvape.com\/hu\/wp-json\/wp\/v2\/product"}],"about":[{"href":"https:\/\/frvape.com\/hu\/wp-json\/wp\/v2\/types\/product"}],"replies":[{"embeddable":true,"href":"https:\/\/frvape.com\/hu\/wp-json\/wp\/v2\/comments?post=9150"}],"wp:featuredmedia":[{"embeddable":true,"href":"https:\/\/frvape.com\/hu\/wp-json\/wp\/v2\/media\/9144"}],"wp:attachment":[{"href":"https:\/\/frvape.com\/hu\/wp-json\/wp\/v2\/media?parent=9150"}],"wp:term":[{"taxonomy":"product_brand","embeddable":true,"href":"https:\/\/frvape.com\/hu\/wp-json\/wp\/v2\/product_brand?post=9150"},{"taxonomy":"product_cat","embeddable":true,"href":"https:\/\/frvape.com\/hu\/wp-json\/wp\/v2\/product_cat?post=9150"},{"taxonomy":"product_tag","embeddable":true,"href":"https:\/\/frvape.com\/hu\/wp-json\/wp\/v2\/product_tag?post=9150"}],"curies":[{"name":"wp","href":"https:\/\/api.w.org\/{rel}","templated":true}]}}