{"id":9412,"date":"2025-10-31T15:36:54","date_gmt":"2025-10-31T15:36:54","guid":{"rendered":"https:\/\/frvape.com\/product\/mr-goodie-abyss-mirror-50000-puffs-vape-with-adjustable-ice-party-mode\/"},"modified":"2025-12-16T09:51:59","modified_gmt":"2025-12-16T09:51:59","slug":"mr-goodie-abyss-tukor-50000-puffs-vape-allithato-ice-party-moddal","status":"publish","type":"product","link":"https:\/\/frvape.com\/hu\/product\/mr-goodie-abyss-tukor-50000-puffs-vape-allithato-ice-party-moddal\/","title":{"rendered":"Mr.Goodie Abyss Mirror 50,000 Puffs Vape \u00e1ll\u00edthat\u00f3 Ice &amp; Party m\u00f3ddal"},"content":{"rendered":"<h3>\u00dajradefini\u00e1lt pr\u00e9mium vaping<\/h3>\n<p>A <strong>Mr.Goodie Abyss t\u00fck\u00f6r<\/strong> \u00faj m\u00e9rc\u00e9t \u00e1ll\u00edt fel az eldobhat\u00f3 p\u00e1rologtat\u00e1sban az extr\u00e9m <strong>50,000 puff<\/strong> kapacit\u00e1s. A teljes\u00edtm\u00e9nyt \u00e9s st\u00edlust keres\u0151 rajong\u00f3k sz\u00e1m\u00e1ra tervezett, teljes k\u00f6r\u0171 <strong>Abyss Mirror kijelz\u0151<\/strong> val\u00f3s id\u0151ben k\u00f6veti az akkumul\u00e1tor, az e-folyad\u00e9k \u00e9s a puffok sz\u00e1m\u00e1t - a futurisztikus eszt\u00e9tika \u00e9s a p\u00e1ratlan funkcionalit\u00e1s \u00f6tv\u00f6z\u00e9s\u00e9vel.<\/p>\n<h3>Speci\u00e1lis funkci\u00f3k<\/h3>\n<p>Szem\u00e9lyre szabottan minden munkamenet <strong>3 szinten \u00e1ll\u00edthat\u00f3 j\u00e9g<\/strong> a testreszabhat\u00f3 h\u0171v\u00f6ss\u00e9gi intenzit\u00e1shoz. A  aktiv\u00e1l\u00e1sa <strong>Party Vibez m\u00f3d<\/strong> a dinamikus LED f\u00e9nyhat\u00e1sok szinkroniz\u00e1l\u00e1sa a rajzokkal. Kett\u0151s <strong>h\u00e1l\u00f3s tekercsek<\/strong> k\u00f6vetkezetesen gazdag, sima g\u0151zt biztos\u00edt, m\u00edg a <strong>900mAh akkumul\u00e1tor<\/strong> biztos\u00edtja a hosszan tart\u00f3 haszn\u00e1latot. Gyors <strong>C-t\u00edpus\u00fa t\u00f6lt\u00e9s<\/strong> a k\u00e9sz\u00fcl\u00e9ket k\u00e9t munkamenet k\u00f6z\u00f6tt gyorsan megfiatal\u00edtja.<\/p>\n<h3>Hatalmas kapacit\u00e1s \u00e9s lehet\u0151s\u00e9gek<\/h3>\n<p>Lakhat\u00e1s <strong>40ml el\u0151re t\u00f6lt\u00f6tt e-folyad\u00e9k<\/strong> \u00e9s el\u00e9rhet\u0151 mind a <strong>20mg<\/strong> \u00e9s er\u0151s <strong>50mg s\u00f3 nikotin<\/strong> er\u0151ss\u00e9gei, ez a k\u00e9sz\u00fcl\u00e9k minden preferenci\u00e1t kiel\u00e9g\u00edt. A pr\u00e9mium min\u0151s\u00e9g\u0171 anyagok \u00e9s a sziv\u00e1rg\u00e1smentes konstrukci\u00f3 garant\u00e1lja a megb\u00edzhat\u00f3 teljes\u00edtm\u00e9nyt az els\u0151t\u0151l az utols\u00f3 puffig.<\/p>\n<h3>Kiv\u00e1l\u00f3 \u00edzv\u00e1laszt\u00e9k<\/h3>\n<p>V\u00e1lasszon 10 szak\u00e9rtelemmel \u00f6ssze\u00e1ll\u00edtott \u00edz k\u00f6z\u00fcl:<br \/>\n<strong>G\u00f6r\u00f6gdinnye j\u00e9g<br \/>\nZ\u00f6ld citromos j\u00e9g<br \/>\nAlma fah\u00e9j<br \/>\nL\u00e9d\u00fas barack j\u00e9g<br \/>\nBlue Razz<br \/>\nEpres turmix<br \/>\nVan\u00edlia maracuja gy\u00fcm\u00f6lcs<br \/>\nV\u00e9rnarancs j\u00e9g<br \/>\nMang\u00f3 anan\u00e1sz j\u00e9g<br \/>\nSzerelem 66<\/strong><\/p>\n<h3>Mi\u00e9rt v\u00e1lassza az Abyss Mirror-t?<\/h3>\n<p>Ez nem csak egy eldobhat\u00f3 vape - ez az innov\u00e1ci\u00f3 \u00e9s a luxus f\u00fazi\u00f3ja. A p\u00e1ratlan puffsz\u00e1m, <strong>\u00e1ll\u00edthat\u00f3 j\u00e9gtechnol\u00f3gia<\/strong>, hipnotiz\u00e1l\u00f3 Party Vibez f\u00e9nyek, \u00e9s <strong>kett\u0151s h\u00e1l\u00f3s tekercsek<\/strong> rendk\u00edv\u00fcli \u00e9rz\u00e9kszervi \u00e9lm\u00e9nyt ny\u00fajt. Ak\u00e1r a felh\u0151s\u0171r\u0171s\u00e9get, a mer\u00e9sz \u00edzeket vagy a szemet gy\u00f6ny\u00f6rk\u00f6dtet\u0151 diz\u00e1jnt helyezi el\u0151t\u00e9rbe, az Abyss Mirror fel\u00fclm\u00falja az elv\u00e1r\u00e1sokat.<\/p>","protected":false},"excerpt":{"rendered":"<p>Tapasztalja meg a forradalmi p\u00e1rologtat\u00e1st a <strong>Mr.Goodie Abyss t\u00fck\u00f6r<\/strong> - a k\u00f6vetkez\u0151kkel <strong>50,000 puff<\/strong>, futurisztikus kijelz\u0151vel \u00e9s 10 vibr\u00e1l\u00f3 \u00edzzel.<br \/>\nFedezze fel a 3-szint\u0171 <strong>\u00e1ll\u00edthat\u00f3 j\u00e9ghidegs\u00e9g<\/strong> \u00e9s mag\u00e1val ragad\u00f3 <strong>Party Vibez m\u00f3d<\/strong> f\u00e9nyhat\u00e1sok a szem\u00e9lyre szabott munkamenetekhez.<\/p>","protected":false},"featured_media":9406,"comment_status":"open","ping_status":"closed","template":"","meta":[],"product_brand":[769],"product_cat":[873],"product_tag":[1023,1021,774,776,772,775,271],"class_list":{"0":"post-9412","1":"product","2":"type-product","3":"status-publish","4":"has-post-thumbnail","6":"product_brand-mr-goodie","7":"product_cat-mr-goodie","8":"product_tag-000-puffs-disposable-vape","9":"product_tag-1021","10":"product_tag-adjustable-ice-levels","11":"product_tag-dual-mesh-coils","12":"product_tag-mr-goodie-abyss-mirror","13":"product_tag-party-vibez-mode","14":"product_tag-type-c-vape","16":"first","17":"instock","18":"sale","19":"shipping-taxable","20":"purchasable","21":"product-type-variable"},"jetpack_sharing_enabled":true,"tiered_pricing_type":"fixed","tiered_pricing_fixed_rules":[],"tiered_pricing_product_settings":{"layout":"default","base_unit_name":{"singular":null,"plural":null},"default_variation":null},"tiered_pricing_minimum_quantity":null,"tiered_pricing_roles_data":[],"tiered_pricing_percentage_rules":[],"tiered_pricing_maximum_quantity":null,"tiered_pricing_quantity_step":null,"_links":{"self":[{"href":"https:\/\/frvape.com\/hu\/wp-json\/wp\/v2\/product\/9412","targetHints":{"allow":["GET"]}}],"collection":[{"href":"https:\/\/frvape.com\/hu\/wp-json\/wp\/v2\/product"}],"about":[{"href":"https:\/\/frvape.com\/hu\/wp-json\/wp\/v2\/types\/product"}],"replies":[{"embeddable":true,"href":"https:\/\/frvape.com\/hu\/wp-json\/wp\/v2\/comments?post=9412"}],"wp:featuredmedia":[{"embeddable":true,"href":"https:\/\/frvape.com\/hu\/wp-json\/wp\/v2\/media\/9406"}],"wp:attachment":[{"href":"https:\/\/frvape.com\/hu\/wp-json\/wp\/v2\/media?parent=9412"}],"wp:term":[{"taxonomy":"product_brand","embeddable":true,"href":"https:\/\/frvape.com\/hu\/wp-json\/wp\/v2\/product_brand?post=9412"},{"taxonomy":"product_cat","embeddable":true,"href":"https:\/\/frvape.com\/hu\/wp-json\/wp\/v2\/product_cat?post=9412"},{"taxonomy":"product_tag","embeddable":true,"href":"https:\/\/frvape.com\/hu\/wp-json\/wp\/v2\/product_tag?post=9412"}],"curies":[{"name":"wp","href":"https:\/\/api.w.org\/{rel}","templated":true}]}}