{"id":950,"date":"2025-10-11T15:55:38","date_gmt":"2025-10-11T15:55:38","guid":{"rendered":"https:\/\/frvape.com\/product\/mrvi-moving-25000-puffs-vape-mtl-dtl-dual-mode-with-child-lock-30ml-capacity\/"},"modified":"2026-02-06T03:27:04","modified_gmt":"2026-02-06T03:27:04","slug":"mrvi-moving-25000-puffs-vape-mtl-dtl-dual-mode-gyermekzarral-30ml-kapacitassal","status":"publish","type":"product","link":"https:\/\/frvape.com\/hu\/product\/mrvi-moving-25000-puffs-vape-mtl-dtl-dual-mode-gyermekzarral-30ml-kapacitassal\/","title":{"rendered":"MRVI Mozg\u00f3 25000 Puffs Vape: MTL\/DTL kett\u0151s \u00fczemm\u00f3d gyermekz\u00e1rral | 30ML kapacit\u00e1s"},"content":{"rendered":"<h3>Forradalmi Vaping Experience<\/h3>\n<p>A <strong>MRVI Moving 25000<\/strong> \u00fajradefini\u00e1lja a hordozhat\u00f3 p\u00e1rologtat\u00e1st p\u00e9ld\u00e1tlan kapacit\u00e1ssal \u00e9s intelligens funkci\u00f3kkal. Ez a szabadalmaztatott kialak\u00edt\u00e1s egyes\u00edti a teljes\u00edtm\u00e9nyt \u00e9s a sokoldal\u00fas\u00e1got egy kompakt 52,2x22x99mm-es k\u00e9sz\u00fcl\u00e9kben, amelyet kezd\u0151k \u00e9s tapasztalt vaperek sz\u00e1m\u00e1ra egyar\u00e1nt terveztek. A <strong>Dual Coil MTL Mini<\/strong> (15-20W) \u00e9s <strong>Egy tekercs DTL Max<\/strong> (25-40W) technol\u00f3gi\u00e1k testreszabhat\u00f3 torok\u00fct\u00e9seket vagy terjedelmes felh\u0151ket biztos\u00edtanak az \u00d6n keze \u00fcgy\u00e9ben.<\/p>\n<h3>P\u00e1ratlan m\u0171szaki specifik\u00e1ci\u00f3k<\/h3>\n<p>- Rekordot d\u00f6nt\u0151 <strong>25,000 puff<\/strong> k\u00e9sz\u00fcl\u00e9kenk\u00e9nt<br \/>- Massz\u00edv <strong>30ml e-folyad\u00e9k kapacit\u00e1s<\/strong><br \/>- Hossz\u00fa \u00e9lettartam\u00fa <strong>1000mAh \u00fajrat\u00f6lthet\u0151 akkumul\u00e1tor<\/strong><br \/>- Kett\u0151s fesz\u00fclts\u00e9g\u0171 kompatibilit\u00e1s: V\u00e1lasszon a 2% vagy az 5% k\u00f6z\u00f6tt. <strong>nikotin er\u0151ss\u00e9g<\/strong><br \/>- Gyors <strong>C-t\u00edpus\u00fa t\u00f6lt\u00e9s<\/strong> port<br \/>- Precizit\u00e1s <strong>Kett\u0151s h\u00e1l\u00f3s tekercs<\/strong> (0.4\u03a9\/0.80\u03a9)<br \/>- Intuit\u00edv OLED kijelz\u0151 k\u00e9perny\u0151 a val\u00f3s idej\u0171 fel\u00fcgyelethez<\/p>\n<h3>Exkluz\u00edv \u00edzv\u00e1laszt\u00e9k<\/h3>\n<p>Tapasztalja meg a pr\u00e9mium \u00edzeket szak\u00e9rtelemmel k\u00e9sz\u00edtett e-folyad\u00e9k \u00edzeinkkel:<\/p>\n<ul>\n<li><strong>Epres turmix<\/strong> - Kr\u00e9mes bogy\u00f3s gy\u00fcm\u00f6lcs\u00f6s boldogs\u00e1g<\/li>\n<li><strong>\u00c1fonya alma<\/strong> - Fanyar-\u00e9des f\u00fazi\u00f3<\/li>\n<li><strong>Anan\u00e1sz j\u00e9g<\/strong> - Tr\u00f3pusi hidegburst<\/li>\n<li><strong>Eper cseresznye<\/strong> - Dupla bogy\u00f3s szenz\u00e1ci\u00f3<\/li>\n<li><strong>Ban\u00e1n j\u00e9g<\/strong> - B\u00e1rsonyos fagyasztott \u00e9lvezet<\/li>\n<li><strong>K\u00e9k Razz j\u00e9g<\/strong> - Elektromos bogy\u00f3fagyaszt\u00f3<\/li>\n<li><strong>Vegyes bogy\u00f3s gy\u00fcm\u00f6lcs\u00f6k<\/strong> - \u00d6sszetett gy\u00fcm\u00f6lcs medley<\/li>\n<li><strong>Barack j\u00e9g<\/strong> - L\u00e9d\u00fas csonth\u00e9jas gy\u00fcm\u00f6lcs friss\u00edt\u0151<\/li>\n<li><strong>Golgotagy\u00fcm\u00f6lcs narancsl\u00e9<\/strong> - Citrusos-tr\u00f3pusi csavar<\/li>\n<li><strong>G\u00f6r\u00f6gdinnye j\u00e9g<\/strong> - Ny\u00e1ri frissess\u00e9g feler\u0151s\u00edtve<\/li>\n<\/ul>\n<h3>Intelligens biztons\u00e1g \u00e9s testreszab\u00e1s<\/h3>\n<p>A biztons\u00e1got el\u0151t\u00e9rbe helyezve az innovat\u00edv <strong>gyermekz\u00e1r funkci\u00f3<\/strong> \u00f6t gombnyom\u00e1ssal azonnal aktiv\u00e1l\u00f3dik\/deaktiv\u00e1l\u00f3dik, megakad\u00e1lyozva az illet\u00e9ktelen haszn\u00e1latot. Az ergonomikus als\u00f3 <strong>\u00e1ll\u00edthat\u00f3 l\u00e9g\u00e1raml\u00e1s<\/strong> gy\u0171r\u0171 pontos g\u0151zszab\u00e1lyoz\u00e1st tesz lehet\u0151v\u00e9, m\u00edg a <strong>csillagk\u00e9p ihlette design<\/strong> k\u00e9nyelmes fog\u00e1st \u00e9s kiemelked\u0151 eszt\u00e9tik\u00e1t biztos\u00edt. Optimaliz\u00e1ljon minden munkamenetet a feszes MTL h\u00faz\u00e1s \u00e9s a l\u00e9gies DTL bel\u00e9gz\u00e9s k\u00f6z\u00f6tti k\u00f6nnyed v\u00e1lt\u00e1ssal.<\/p>\n<h3>Fejlett m\u00e9rn\u00f6ki r\u00e9szletek<\/h3>\n<p>A rendk\u00edv\u00fcli puffsz\u00e1mon t\u00fal az MRVI Moving kihaszn\u00e1lja a k\u00f6vetkez\u0151ket <strong>dual-coil optimaliz\u00e1l\u00e1s<\/strong> a konzisztens \u00edzad\u00e1s \u00e9s g\u0151ztermel\u00e9s \u00e9rdek\u00e9ben. A <strong>OLED kijelz\u0151<\/strong> \u00e1tl\u00e1that\u00f3an figyeli az akkumul\u00e1tor \u00e9lettartam\u00e1t, a puff-sz\u00e1ml\u00e1l\u00f3t \u00e9s a wattfokozat be\u00e1ll\u00edt\u00e1sait. A tart\u00f3ss\u00e1g \u00e9s az elegancia tal\u00e1lkozik a cink\u00f6tv\u00f6zetb\u0151l k\u00e9sz\u00fclt v\u00e1zban, amely zsebben hordozhat\u00f3, m\u00e9gis professzion\u00e1lis min\u0151s\u00e9g\u0171 alkatr\u00e9szeket tartalmaz. Az el\u0151ret\u00f6lt\u00f6tt podok kik\u00fcsz\u00f6b\u00f6lik a sziv\u00e1rg\u00e1st, m\u00edg a Type-C t\u00f6lt\u00e9s 18 perc alatt 80% akkumul\u00e1tort \u00e9r el.<\/p>\n<h3>Ipar\u00e1gi vezet\u0151 teljes\u00edtm\u00e9ny<\/h3>\n<p>A <strong>MTL \u00e9s DTL \u00fczemm\u00f3dok<\/strong> t\u00fall\u00e9p a tipikus eldobhat\u00f3 term\u00e9keken - tapasztalja meg a val\u00f3di konfigur\u00e1lhat\u00f3 p\u00e1rologtat\u00e1st. 15-20W MTL-en \u00e9lvezze a hagyom\u00e1nyos cigarett\u00e1t ut\u00e1nz\u00f3 koncentr\u00e1lt \u00edzt; 15-20W MTL-en pedig a <strong>25-40W DTL<\/strong>, szabad\u00edtsa fel a felh\u0151vad\u00e1sz potenci\u00e1lt. Minden k\u00e9sz\u00fcl\u00e9k szigor\u00fa min\u0151s\u00e9gellen\u0151rz\u00e9sen megy kereszt\u00fcl, az akkumul\u00e1tor biztons\u00e1g\u00e1t \u00e9s az e-folyad\u00e9k tisztas\u00e1g\u00e1t tan\u00fas\u00edt\u00f3 tan\u00fas\u00edtv\u00e1nyokkal. A csomagol\u00e1s dobozonk\u00e9nt 1 darabot tartalmaz (bemutat\u00f3 doboz: 10 db; karton: <strong>160 db<\/strong>), kis- \u00e9s nagykereskedelmi forgalmaz\u00e1sra optimaliz\u00e1lva.<\/p>\n<p>Emelje fel a p\u00e1rologtat\u00f3 utaz\u00e1s\u00e1t az MRVI Moving 25000-rel - ahol \u00fatt\u00f6r\u0151 kapacit\u00e1ssal, <strong>innovat\u00edv biztons\u00e1gi rendszerek<\/strong>, \u00e9s a k\u00e9zm\u0171ves \u00edzek egy olyan m\u0171fajmeghat\u00e1roz\u00f3 eszk\u00f6zben egyes\u00fclnek, amelyet \u00fagy terveztek, hogy minden egyes slukkol\u00e1ssal fel\u00fclm\u00falja az elv\u00e1r\u00e1sokat.<\/p>","protected":false},"excerpt":{"rendered":"<p><strong>MRVI Moving 25000<\/strong> vape sz\u00e1ll\u00edt forradalmi <strong>25,000 puff<\/strong> kett\u0151s \u00fczemm\u00f3d\u00fa rugalmass\u00e1ggal. Jellemz\u0151k <strong>MTL &amp; DTL p\u00e1rologtat\u00e1s<\/strong> technol\u00f3gia, <strong>30ml e-folyad\u00e9k kapacit\u00e1s<\/strong>, \u00e9s alapvet\u0151 <strong>gyermekz\u00e1r biztons\u00e1ga<\/strong>. \u00c9lvezze a 10 vibr\u00e1l\u00f3 \u00edzvil\u00e1got egy eleg\u00e1ns, csillagk\u00e9pes kialak\u00edt\u00e1s\u00fa k\u00e9sz\u00fcl\u00e9kben, Type-C gyorst\u00f6lt\u00e9ssel.<\/p>","protected":false},"featured_media":944,"comment_status":"open","ping_status":"closed","template":"","meta":[],"product_brand":[174],"product_cat":[175],"product_tag":[74,180,179,177,178,103],"class_list":{"0":"post-950","1":"product","2":"type-product","3":"status-publish","4":"has-post-thumbnail","6":"product_brand-mrvi","7":"product_cat-mrvi-vape","8":"product_tag-25000-puff-vape","9":"product_tag-30ml-e-liquid-vape","10":"product_tag-child-lock-vape","11":"product_tag-mrvi-moving-25000","12":"product_tag-mtl-dtl-vape","13":"product_tag-rechargeable-e-cigarette","15":"first","16":"outofstock","17":"sale","18":"shipping-taxable","19":"purchasable","20":"product-type-variable"},"jetpack_sharing_enabled":true,"tiered_pricing_type":"fixed","tiered_pricing_fixed_rules":[],"tiered_pricing_product_settings":{"layout":"default","base_unit_name":{"singular":null,"plural":null},"default_variation":null},"tiered_pricing_minimum_quantity":null,"tiered_pricing_roles_data":[],"tiered_pricing_percentage_rules":[],"tiered_pricing_maximum_quantity":null,"tiered_pricing_quantity_step":null,"_links":{"self":[{"href":"https:\/\/frvape.com\/hu\/wp-json\/wp\/v2\/product\/950","targetHints":{"allow":["GET"]}}],"collection":[{"href":"https:\/\/frvape.com\/hu\/wp-json\/wp\/v2\/product"}],"about":[{"href":"https:\/\/frvape.com\/hu\/wp-json\/wp\/v2\/types\/product"}],"replies":[{"embeddable":true,"href":"https:\/\/frvape.com\/hu\/wp-json\/wp\/v2\/comments?post=950"}],"wp:featuredmedia":[{"embeddable":true,"href":"https:\/\/frvape.com\/hu\/wp-json\/wp\/v2\/media\/944"}],"wp:attachment":[{"href":"https:\/\/frvape.com\/hu\/wp-json\/wp\/v2\/media?parent=950"}],"wp:term":[{"taxonomy":"product_brand","embeddable":true,"href":"https:\/\/frvape.com\/hu\/wp-json\/wp\/v2\/product_brand?post=950"},{"taxonomy":"product_cat","embeddable":true,"href":"https:\/\/frvape.com\/hu\/wp-json\/wp\/v2\/product_cat?post=950"},{"taxonomy":"product_tag","embeddable":true,"href":"https:\/\/frvape.com\/hu\/wp-json\/wp\/v2\/product_tag?post=950"}],"curies":[{"name":"wp","href":"https:\/\/api.w.org\/{rel}","templated":true}]}}