{"id":9617,"date":"2025-10-31T15:49:14","date_gmt":"2025-10-31T15:49:14","guid":{"rendered":"https:\/\/frvape.com\/product\/vopk-tornado-9000-disposable-vape-9000-puffs-20ml-e-liquid\/"},"modified":"2025-11-04T01:55:39","modified_gmt":"2025-11-04T01:55:39","slug":"vopk-tornado-9000-eldobhato-vape-9000-puffs-20ml-e-liquid","status":"publish","type":"product","link":"https:\/\/frvape.com\/hu\/product\/vopk-tornado-9000-eldobhato-vape-9000-puffs-20ml-e-liquid\/","title":{"rendered":"VOPK TORNADO 9000 Eldobhat\u00f3 Vape | 9000 Puffs | 20ML E-Liquid"},"content":{"rendered":"<p>A <strong>VOPK Tornado 9000 Puffs eldobhat\u00f3 vape Pen<\/strong> egy cs\u00facstechnol\u00f3gi\u00e1s eszk\u00f6z, amelyet kezd\u0151k \u00e9s tapasztalt vaperek sz\u00e1m\u00e1ra egyar\u00e1nt k\u00e9sz\u00edtettek, \u00e9s amely hatalmas puffkapacit\u00e1s\u00e1val hosszan tart\u00f3 \u00e9lvezetet biztos\u00edt. Ez a toll kik\u00fcsz\u00f6b\u00f6li a gyakori cser\u00e9k sz\u00fcks\u00e9gess\u00e9g\u00e9t, z\u00f6kken\u0151mentes \u00e9s kiel\u00e9g\u00edt\u0151 vaping \u00e9lm\u00e9nyt ny\u00fajtva.<\/p>\n<h3>Speci\u00e1lis funkci\u00f3k<\/h3>\n<p>Testre szabhatja a munkamenetet <strong>nikotin er\u0151ss\u00e9g<\/strong> 0%, 2%, 3%, vagy 5%, a k\u00f6vetkez\u0151k haszn\u00e1lat\u00e1val <strong>nikotins\u00f3 technol\u00f3gia<\/strong>, p\u00e1rosulva egy nagyvonal\u00fa <strong>20ml e-folyad\u00e9k kapacit\u00e1s<\/strong>. Felszerelve egy <strong>1.2 ohm h\u00e1l\u00f3s tekercs<\/strong>, garant\u00e1lja az optim\u00e1lis \u00edzkivon\u00e1st \u00e9s a z\u00f6kken\u0151mentes g\u0151ztermel\u00e9st. A <strong>\u00fajrat\u00f6lthet\u0151 500mAh be\u00e9p\u00edtett akkumul\u00e1tor<\/strong> lehet\u0151v\u00e9 teszi a gyorst\u00f6lt\u00e9st, \u00edgy t\u00f6bb id\u0151t t\u00f6lthet a p\u00e1rol\u00e1ssal \u00e9s minim\u00e1lis \u00e1ll\u00e1sid\u0151t \u00e9lvezhet.<\/p>\n<h3>V\u00e1ltozatos \u00edzv\u00e1laszt\u00e9k<\/h3>\n<p>V\u00e1lasszon a k\u00fcl\u00f6nb\u00f6z\u0151 <strong>10 kellemes \u00edz<\/strong> minden \u00edzl\u00e9shez illeszkedik. A rendelkez\u00e9sre \u00e1ll\u00f3 \u00edzek list\u00e1ja a k\u00f6vetkez\u0151ket tartalmazza:<\/p>\n<p>Citrom vonal<br \/>Eper m\u00e1lna j\u00e9g<br \/>Cool Mint<br \/>Eper g\u00f6r\u00f6gdinnye<br \/>Tripla mang\u00f3<br \/>\u00c1fonya m\u00e1lna<br \/>G\u00f6r\u00f6gdinnye Brazz Ice<br \/>\u00c1fonya Cseresznye \u00c1fonya<br \/>\u00c1fonya j\u00e9g<br \/>Barack Mang\u00f3 Anan\u00e1sz<\/p>\n<h3>K\u00e9nyelmes csomagol\u00e1s<\/h3>\n<p>Hat\u00e9konyan csomagolva <strong>10 darab kijelz\u0151dobozonk\u00e9nt<\/strong>, ez a vape pen ide\u00e1lis kiskeresked\u0151k vagy szem\u00e9lyes haszn\u00e1latra, nagyszer\u0171 \u00e9rt\u00e9ket \u00e9s k\u00f6nny\u0171 hozz\u00e1f\u00e9r\u00e9st k\u00edn\u00e1l. Tapasztalja meg a p\u00e1ratlan teljes\u00edtm\u00e9nyt, a modern st\u00edlust \u00e9s a probl\u00e9mamentes k\u00e9nyelmet a VOPK Tornado 9000-zel.<\/p>","protected":false},"excerpt":{"rendered":"<p>Fedezze fel a <strong>VOPK TORN\u00c1D\u00d3 9000<\/strong> eldobhat\u00f3 vape pen, amely leny\u0171g\u00f6z\u0151 <strong>9000 puff<\/strong> a  c\u00edmen <strong>0%\/2%\/3%\/5% nikotins\u00f3<\/strong> lehet\u0151s\u00e9gek. \u00c9lvezze a <strong>10 kiv\u00e1l\u00f3 \u00edzek<\/strong> \u00e9s egy <strong>\u00fajrat\u00f6lthet\u0151 500mAh akkumul\u00e1tor<\/strong> a v\u00e9gtelen g\u0151z\u00f6l\u00e9si \u00e9lvezet\u00e9rt.<\/p>","protected":false},"featured_media":9611,"comment_status":"open","ping_status":"closed","template":"","meta":[],"product_brand":[787],"product_cat":[890],"product_tag":[791,325,793,792,115,790],"class_list":{"0":"post-9617","1":"product","2":"type-product","3":"status-publish","4":"has-post-thumbnail","6":"product_brand-vopk","7":"product_cat-vopk","8":"product_tag-9000-puffs-vape","9":"product_tag-disposable-vape-pen","10":"product_tag-flavors-disposable","11":"product_tag-nicotine-salt-e-cig","12":"product_tag-rechargeable-vape","13":"product_tag-vopk-tornado-9000","15":"first","16":"instock","17":"sale","18":"shipping-taxable","19":"purchasable","20":"product-type-variable"},"jetpack_sharing_enabled":true,"tiered_pricing_type":"fixed","tiered_pricing_fixed_rules":[],"tiered_pricing_product_settings":{"layout":"default","base_unit_name":{"singular":null,"plural":null},"default_variation":null},"tiered_pricing_minimum_quantity":null,"tiered_pricing_roles_data":[],"tiered_pricing_percentage_rules":[],"tiered_pricing_maximum_quantity":null,"tiered_pricing_quantity_step":null,"_links":{"self":[{"href":"https:\/\/frvape.com\/hu\/wp-json\/wp\/v2\/product\/9617","targetHints":{"allow":["GET"]}}],"collection":[{"href":"https:\/\/frvape.com\/hu\/wp-json\/wp\/v2\/product"}],"about":[{"href":"https:\/\/frvape.com\/hu\/wp-json\/wp\/v2\/types\/product"}],"replies":[{"embeddable":true,"href":"https:\/\/frvape.com\/hu\/wp-json\/wp\/v2\/comments?post=9617"}],"wp:featuredmedia":[{"embeddable":true,"href":"https:\/\/frvape.com\/hu\/wp-json\/wp\/v2\/media\/9611"}],"wp:attachment":[{"href":"https:\/\/frvape.com\/hu\/wp-json\/wp\/v2\/media?parent=9617"}],"wp:term":[{"taxonomy":"product_brand","embeddable":true,"href":"https:\/\/frvape.com\/hu\/wp-json\/wp\/v2\/product_brand?post=9617"},{"taxonomy":"product_cat","embeddable":true,"href":"https:\/\/frvape.com\/hu\/wp-json\/wp\/v2\/product_cat?post=9617"},{"taxonomy":"product_tag","embeddable":true,"href":"https:\/\/frvape.com\/hu\/wp-json\/wp\/v2\/product_tag?post=9617"}],"curies":[{"name":"wp","href":"https:\/\/api.w.org\/{rel}","templated":true}]}}