{"id":9688,"date":"2025-10-31T16:01:45","date_gmt":"2025-10-31T16:01:45","guid":{"rendered":"https:\/\/frvape.com\/product\/mr-goodie-shisha-dual-mode-disposable-vape-30k-50k-puffs-with-mega-display\/"},"modified":"2025-12-16T08:28:34","modified_gmt":"2025-12-16T08:28:34","slug":"mr-goodie-shisha-kettos-uzemmodu-eldobhato-vape-30k-50k-puffs-mega-kijelzovel","status":"publish","type":"product","link":"https:\/\/frvape.com\/hu\/product\/mr-goodie-shisha-kettos-uzemmodu-eldobhato-vape-30k-50k-puffs-mega-kijelzovel\/","title":{"rendered":"Mr.Goodie SHISHA kett\u0151s \u00fczemm\u00f3d\u00fa eldobhat\u00f3 vape - 30K\/50K puffok Mega kijelz\u0151vel"},"content":{"rendered":"<h3>Pr\u00e9mium Dual-Mode Vaping Experience<\/h3>\n<p>A <strong>Mr.Goodie SHISHA<\/strong> \u00fajradefini\u00e1lja a k\u00e9nyelmet \u00e9s a testreszabhat\u00f3s\u00e1got a sokoldal\u00fas\u00e1got keres\u0151 vaperek sz\u00e1m\u00e1ra. V\u00e1lasszon a k\u00f6vetkez\u0151k k\u00f6z\u00fcl <strong>DTL \u00fczemm\u00f3d<\/strong> (0.50\u03a9 tekercs, 22W) massz\u00edv 30,000 felh\u0151f\u00f3kusz\u00fa szippant\u00e1s\u00e9rt vagy <strong>MTL \u00fczemm\u00f3d<\/strong> (1.00\u03a9 tekercs, 12W) 50,000 kiel\u00e9g\u00edt\u0151 s\u00f3s nikotinos sz\u00edv\u00e1s\u00e9rt - minden g\u0151z\u00f6l\u00e9si preferenci\u00e1t kiel\u00e9g\u00edtve.<\/p>\n<h3>Fejlett m\u0171szaki specifik\u00e1ci\u00f3k<\/h3>\n<p>Er\u0151s, robusztus <strong>1,100mAh \u00fajrat\u00f6lthet\u0151 akkumul\u00e1tor<\/strong> \u00e9s el\u0151re megt\u00f6ltve expanz\u00edv <strong>40ml e-folyad\u00e9k kapacit\u00e1s<\/strong>, \u00e9lvezze a megszak\u00edt\u00e1s n\u00e9lk\u00fcli, hosszabb munkameneteket. A <strong>mega kijelz\u0151<\/strong> val\u00f3s idej\u0171 fel\u00fcgyeletet biztos\u00edt az akkumul\u00e1tor \u00e9lettartam\u00e1r\u00f3l, az e-folyad\u00e9k szintj\u00e9r\u0151l \u00e9s a puffsz\u00e1ml\u00e1l\u00f3r\u00f3l. Szem\u00e9lyre szabhat minden egyes bel\u00e9gz\u00e9st prec\u00edzen <strong>\u00e1ll\u00edthat\u00f3 l\u00e9g\u00e1raml\u00e1s-szab\u00e1lyoz\u00e1s<\/strong> \u00e9s gyors <strong>C-t\u00edpus\u00fa t\u00f6lt\u00e9s<\/strong>.<\/p>\n<h3>Gazdag \u00edzv\u00e1laszt\u00e9k<\/h3>\n<p>12 vibr\u00e1l\u00f3 s\u00f3s nikotin opci\u00f3ban kaphat\u00f3:<br \/>\n&#8211; <strong>Szerelem 66<\/strong><br \/>\n&#8211; <strong>\u00c1fonya P. Citrom<\/strong><br \/>\n&#8211; <strong>Mix gy\u00fcm\u00f6lcs\u00f6k<\/strong><br \/>\n&#8211; <strong>Sz\u0151l\u0151 menta<\/strong><br \/>\n&#8211; <strong>\u00c1fonya citromos menta<\/strong><br \/>\n&#8211; <strong>G\u00f6r\u00f6gdinnye r\u00e1g\u00f3gumi<\/strong><br \/>\n&#8211; <strong>Cola gumicukor<\/strong><br \/>\n&#8211; <strong>Dupla alma<\/strong><br \/>\n&#8211; <strong>S\u00e1rk\u00e1nygy\u00fcm\u00f6lcs r\u00e1g\u00f3gumi<\/strong><br \/>\n&#8211; <strong>Blue Razz<\/strong><br \/>\n&#8211; <strong>M\u00e9z\u00e9des dinnye j\u00e9g<\/strong><br \/>\n&#8211; <strong>Eper citrom<\/strong><\/p>\n<h3>Mi\u00e9rt v\u00e1lassza a SHISHA-t?<\/h3>\n<p>Ez az eldobhat\u00f3 vape egyes\u00edti a v\u00e9gs\u0151 rugalmass\u00e1got a kiv\u00e9teles kapacit\u00e1ssal. <strong>3mg\/6mg s\u00f3 nikotin<\/strong> biztos\u00edtja a kezd\u0151k \u00e9s a rajong\u00f3k sz\u00e1m\u00e1ra egyar\u00e1nt a sima torkolattal\u00e1latot. Innovat\u00edv kett\u0151s tekercses teljes\u00edtm\u00e9ny\u00e9vel, eleg\u00e1ns ergon\u00f3mi\u00e1j\u00e1val \u00e9s \u00edzz\u00e1r\u00f3 technol\u00f3gi\u00e1j\u00e1val, <strong>Mr.Goodie SHISHA<\/strong> az eg\u00e9sz napos el\u00e9gedetts\u00e9get biztos\u00edt\u00f3, nagy hozam\u00fa p\u00e1rologtat\u00e1si megold\u00e1s. Az er\u0151teljes g\u0151ztermel\u00e9s \u00e9s a cs\u00facstechnol\u00f3gia \u00e1ltal \u00fajradefini\u00e1lt \u00edzvil\u00e1g.<\/p>","protected":false},"excerpt":{"rendered":"<p><strong>Mr.Goodie SHISHA<\/strong> nagy teljes\u00edtm\u00e9ny\u0171 kett\u0151s \u00fczemm\u00f3d\u00fa p\u00e1rologtat\u00e1st biztos\u00edt 30K-val <strong>DTL puffok<\/strong> vagy 50K <strong>MTL puffok<\/strong>. Jellemz\u0151k <strong>\u00e1ll\u00edthat\u00f3 l\u00e9g\u00e1raml\u00e1s<\/strong>, <strong>mega kijelz\u0151<\/strong>, 40 ml kapacit\u00e1s \u00e9s Type-C t\u00f6lt\u00e9s.<\/p>","protected":false},"featured_media":9682,"comment_status":"open","ping_status":"closed","template":"","meta":[],"product_brand":[769],"product_cat":[873],"product_tag":[1022,1021,102,799,800,798,159],"class_list":{"0":"post-9688","1":"product","2":"type-product","3":"status-publish","4":"has-post-thumbnail","6":"product_brand-mr-goodie","7":"product_cat-mr-goodie","8":"product_tag-000-puffs-vape","9":"product_tag-1021","10":"product_tag-adjustable-airflow-vape","11":"product_tag-dual-mode-disposable-vape","12":"product_tag-mega-display-vape","13":"product_tag-mr-goodie-shisha","14":"product_tag-type-c-rechargeable-vape","16":"first","17":"instock","18":"sale","19":"shipping-taxable","20":"purchasable","21":"product-type-variable"},"jetpack_sharing_enabled":true,"tiered_pricing_type":"fixed","tiered_pricing_fixed_rules":[],"tiered_pricing_product_settings":{"layout":"default","base_unit_name":{"singular":null,"plural":null},"default_variation":null},"tiered_pricing_minimum_quantity":null,"tiered_pricing_roles_data":[],"tiered_pricing_percentage_rules":[],"tiered_pricing_maximum_quantity":null,"tiered_pricing_quantity_step":null,"_links":{"self":[{"href":"https:\/\/frvape.com\/hu\/wp-json\/wp\/v2\/product\/9688","targetHints":{"allow":["GET"]}}],"collection":[{"href":"https:\/\/frvape.com\/hu\/wp-json\/wp\/v2\/product"}],"about":[{"href":"https:\/\/frvape.com\/hu\/wp-json\/wp\/v2\/types\/product"}],"replies":[{"embeddable":true,"href":"https:\/\/frvape.com\/hu\/wp-json\/wp\/v2\/comments?post=9688"}],"wp:featuredmedia":[{"embeddable":true,"href":"https:\/\/frvape.com\/hu\/wp-json\/wp\/v2\/media\/9682"}],"wp:attachment":[{"href":"https:\/\/frvape.com\/hu\/wp-json\/wp\/v2\/media?parent=9688"}],"wp:term":[{"taxonomy":"product_brand","embeddable":true,"href":"https:\/\/frvape.com\/hu\/wp-json\/wp\/v2\/product_brand?post=9688"},{"taxonomy":"product_cat","embeddable":true,"href":"https:\/\/frvape.com\/hu\/wp-json\/wp\/v2\/product_cat?post=9688"},{"taxonomy":"product_tag","embeddable":true,"href":"https:\/\/frvape.com\/hu\/wp-json\/wp\/v2\/product_tag?post=9688"}],"curies":[{"name":"wp","href":"https:\/\/api.w.org\/{rel}","templated":true}]}}