{"id":979,"date":"2025-10-11T15:59:06","date_gmt":"2025-10-11T15:59:06","guid":{"rendered":"https:\/\/frvape.com\/product\/bang-smart-screen-20000-disposable-vape-25ml-5-nicotine-20k-puffs-12-flavors\/"},"modified":"2025-11-26T09:18:49","modified_gmt":"2025-11-26T09:18:49","slug":"bang-smart-screen-20000-eldobhato-vape-25ml-5-nikotin-20k-puffs-12-izek","status":"publish","type":"product","link":"https:\/\/frvape.com\/hu\/product\/bang-smart-screen-20000-eldobhato-vape-25ml-5-nikotin-20k-puffs-12-izek\/","title":{"rendered":"Bang Smart Screen 20000 Eldobhat\u00f3 Vape - 25mL 5% nikotin, 20K Puffs, 12 \u00edzek"},"content":{"rendered":"<h3>Forradalmi Vaping Experience<\/h3>\n<p>Bemutatkozik a <strong>Bang Smart Screen 20000<\/strong> - a j\u00e1t\u00e9kot megv\u00e1ltoztat\u00f3 eldobhat\u00f3 e-cigaretta, amely \u00fajradefini\u00e1lja a k\u00e9nyelmet \u00e9s a teljes\u00edtm\u00e9nyt. Ez az \u00e9lvonalbeli technol\u00f3gi\u00e1val tervezett, er\u0151teljes k\u00e9sz\u00fcl\u00e9k p\u00e9ld\u00e1tlan <strong>20,000 puff<\/strong> egy hatalmas <strong>25ml e-folyad\u00e9k<\/strong> t\u00e1roz\u00f3, amely m\u00e9g a legig\u00e9nyesebb vapereket is kiel\u00e9g\u00edti. Az integr\u00e1lt <strong>intelligens k\u00e9perny\u0151 kijelz\u0151<\/strong> val\u00f3s idej\u0171 akkumul\u00e1tor- \u00e9s e-l\u00e9figyel\u00e9st biztos\u00edt, kik\u00fcsz\u00f6b\u00f6lve a tal\u00e1lgat\u00e1sokat a p\u00e1rologtat\u00e1sb\u00f3l.<\/p>\n<h3>Teljes\u00edtm\u00e9nyd\u00fas m\u0171szaki specifik\u00e1ci\u00f3k<\/h3>\n<p>- <strong>Az akkumul\u00e1tor kapacit\u00e1sa<\/strong>: Robusztus 650mAh \u00fajrat\u00f6lthet\u0151 akkumul\u00e1tor<br \/>- <strong>E-folyad\u00e9k t\u00e9rfogata<\/strong>: Nagyvonal\u00fa 25.0mL el\u0151ret\u00f6lt\u00f6tt tart\u00e1ly<br \/>- <strong>Nikotin er\u0151ss\u00e9ge<\/strong>: Optim\u00e1lis el\u00e9gedetts\u00e9g az 5% nikotins\u00f3 formul\u00e1val<br \/>- <strong>T\u00f6lt\u00e9s<\/strong>: Ultragyors C t\u00edpus\u00fa t\u00f6lt\u0151port<br \/>- <strong>Tekercs technol\u00f3gia<\/strong>: Halad\u00f3 kett\u0151s <strong>h\u00e1l\u00f3s tekercs<\/strong> rendszer<br \/>- <strong>Ellen\u00e1ll\u00e1s<\/strong>: Prec\u00edzi\u00f3s 1.1\u03a9 f\u0171t\u0151elem<br \/>- <strong>Puff sz\u00e1m<\/strong>: Ipar\u00e1gi vezet\u0151 20.000 h\u00faz\u00e1s eszk\u00f6z\u00f6nk\u00e9nt<br \/>- <strong>\u00cdzv\u00e1laszt\u00e1si lehet\u0151s\u00e9gek<\/strong>: 12 szak\u00e9rtelemmel kidolgozott \u00edz<\/p>\n<h3>Pr\u00e9mium \u00edzportf\u00f3li\u00f3<\/h3>\n<p>K\u00e9nyeztesse mag\u00e1t a gondosan \u00f6ssze\u00e1ll\u00edtott \u00edzszimf\u00f3ni\u00e1nkkal, amely a k\u00f6vetkez\u0151ket tartalmazza:<br \/><strong>Menta<\/strong> - Sarkvid\u00e9ki frissess\u00e9g, amely \u00e9l\u00e9nk\u00edti az \u00e9rz\u00e9keket<br \/><strong>Eper licsi<\/strong> - Tr\u00f3pusi f\u00fazi\u00f3 vir\u00e1gos felhangokkal<br \/><strong>Eper Kiwi<\/strong> - \u00c9l\u00e9nk piros bogy\u00f3s gy\u00fcm\u00f6lcs\u00f6k \u00e9s pik\u00e1ns kiwi kevered\u00e9se<br \/><strong>Red Bull<\/strong> - Hiteles energiaital-\u00e9rz\u00e9s<br \/><strong>G\u00f6r\u00f6gdinnye<\/strong> - L\u00e9d\u00fas ny\u00e1ri dinnye robban\u00e1s<br \/><strong>Sz\u0151l\u0151 j\u00e9g<\/strong> - Lila robban\u00e1s jeges torkolat\u00fa befejez\u00e9ssel<br \/><strong>Eper g\u00f6r\u00f6gdinnye<\/strong> - Dupla bogy\u00f3s medley<br \/><strong>\u00c1fonya g\u00f6r\u00f6gdinnye<\/strong> - Mer\u00e9sz bogy\u00f3s gy\u00fcm\u00f6lcs\u00f6k du\u00f3ja l\u00e9d\u00fas \u00e9dess\u00e9ggel<br \/><strong>\u00c1fonya m\u00e1lna<\/strong> - Fanyar bogy\u00f3s gy\u00fcm\u00f6lcs\u00f6k f\u00fazi\u00f3ja<br \/><strong>Barack j\u00e9g<\/strong> - Zamatos csonth\u00e9jas gy\u00fcm\u00f6lcs\u00f6k h\u0171s\u00edt\u0151 hat\u00e1ssal<br \/><strong>Vegyes gy\u00fcm\u00f6lcs\u00f6k<\/strong> - Tr\u00f3pusi \u00edzek karnev\u00e1lja<br \/><strong>\u00c1fonya j\u00e9g<\/strong> - H\u0171s\u00edt\u0151 \u00e1fony\u00e1s robban\u00e1s ropog\u00f3s befejez\u00e9ssel<\/p>\n<h3>\u00c1tt\u00f6r\u00e9st jelent\u0151 kett\u0151s h\u00e1l\u00f3s tekercs technol\u00f3gia<\/h3>\n<p>Az \u00fatt\u00f6r\u0151 <strong>kett\u0151s h\u00e1l\u00f3s f\u0171t\u0151tekercs<\/strong> rendszer p\u00e1ratlan g\u0151ztermel\u00e9st \u00e9s \u00edzintenzit\u00e1st biztos\u00edt. A hagyom\u00e1nyos tekercsekkel ellent\u00e9tben innovat\u00edv h\u00e1l\u00f3s kialak\u00edt\u00e1sunk 220% nagyobb f\u0171t\u0151fel\u00fcletet hoz l\u00e9tre az egyenletes e-folyad\u00e9k elp\u00e1rologtat\u00e1s \u00e9rdek\u00e9ben. Ez gazdagabb \u00edzprofilokat, s\u0171r\u0171bb g\u0151zfelh\u0151ket \u00e9s az utols\u00f3 slukkig egyenletes teljes\u00edtm\u00e9nyt eredm\u00e9nyez. Az optimaliz\u00e1lt 1,1\u03a9 ellen\u00e1ll\u00e1s ide\u00e1lis h\u0151m\u00e9rs\u00e9klet-szab\u00e1lyoz\u00e1st biztos\u00edt, megakad\u00e1lyozva a sz\u00e1raz tal\u00e1latokat, mik\u00f6zben maximaliz\u00e1lja az e-folyad\u00e9k hat\u00e9konys\u00e1g\u00e1t.<\/p>\n<h3>Intelligens funkci\u00f3k, amelyek felemelik a Vape-j\u00e9t<\/h3>\n<p>Az integr\u00e1lt <strong>intelligens k\u00e9perny\u0151 kijelz\u0151<\/strong> forradalmas\u00edtja az eldobhat\u00f3 p\u00e1rologtat\u00e1st az\u00e1ltal, hogy egy pillant\u00e1ssal \u00e9letbev\u00e1g\u00f3an fontos haszn\u00e1lati adatokat biztos\u00edt. Figyelje az akkumul\u00e1tor h\u00e1tral\u00e9v\u0151 \u00e9lettartam\u00e1t sz\u00e1zal\u00e9kos kijelz\u00e9ssel, k\u00f6vesse nyomon az e-folyad\u00e9k szintj\u00e9t vizu\u00e1lis kijelz\u0151k\u00f6n kereszt\u00fcl, \u00e9s szab\u00e1lyozza a kimeneti teljes\u00edtm\u00e9nybe\u00e1ll\u00edt\u00e1sokat. A f\u00e1radts\u00e1gnak ellen\u00e1ll\u00f3 <strong>650mAh akkumul\u00e1tor<\/strong> \u00e9s gyors <strong>C-t\u00edpus\u00fa t\u00f6lt\u00e9s<\/strong> k\u00e9pess\u00e9g\u00e9nek k\u00f6sz\u00f6nhet\u0151en olyan megszak\u00edt\u00e1s n\u00e9lk\u00fcli munkameneteket \u00e9lvezhet, amelyek 3X jobban teljes\u00edtenek a versenyt\u00e1rsakn\u00e1l.<\/p>\n<h3>A v\u00e9gs\u0151 eldobhat\u00f3 vape \u00e9lm\u00e9ny<\/h3>\n<p>A karbantart\u00e1s n\u00e9lk\u00fcli pr\u00e9mium kiel\u00e9g\u00fcl\u00e9st keres\u0151 vaping \u00ednyencek sz\u00e1m\u00e1ra k\u00e9sz\u00fclt a <strong>Bang 20000<\/strong> gy\u00f3gyszer\u00e9szeti min\u0151s\u00e9g\u0171 nikotins\u00f3kat haszn\u00e1l a l\u00e1gyabb torokcsap\u00e1s \u00e9s a gyorsabb nikotinfelsz\u00edv\u00f3d\u00e1s \u00e9rdek\u00e9ben. Hibrid l\u00e9g\u00e1raml\u00e1si rendszer\u00fcnk \u00e1ll\u00edthat\u00f3 l\u00e9gellen\u00e1ll\u00e1st k\u00edn\u00e1l - \u00e9lvezze a szoros MTL h\u00faz\u00e1st vagy a l\u00e9gies DL felh\u0151ket. Az ergonomikus v\u00e1zban katonai szint\u0171 \u00e1ramk\u00f6ri v\u00e9delem tal\u00e1lhat\u00f3 a t\u00falt\u00f6lt\u00e9s, r\u00f6vidz\u00e1rlat \u00e9s t\u00falmeleged\u00e9s ellen, \u00faj biztons\u00e1gi szabv\u00e1nyokat \u00e1ll\u00edtva fel az eldobhat\u00f3 p\u00e1rol\u00f3kban.<\/p>\n<h3>Mi\u00e9rt v\u00e1lasztj\u00e1k a Vapers a Bang 20000-at?<\/h3>\n<p>- Rekordot d\u00f6nt\u0151 20.000 f\u00faj\u00e1s - 5X hosszabb ideig tart, mint a hagyom\u00e1nyos eldobhat\u00f3 term\u00e9kek.<br \/>- Forradalmi h\u00e1l\u00f3s tekercs technol\u00f3gia - Verhetetlen \u00edzvil\u00e1g<br \/>- Intelligens kijelz\u0151 innov\u00e1ci\u00f3 - Els\u0151 az eldobhat\u00f3 vape kateg\u00f3ri\u00e1ban<br \/>- Pr\u00e9mium kivitel - Sziv\u00e1rg\u00e1smentes n\u00e9gy t\u00f6m\u00edt\u00e9ses technol\u00f3gia<br \/>- J\u00f6v\u0151be mutat\u00f3 t\u00f6lt\u00e9s - C-t\u00edpus\u00fa port az univerz\u00e1lis kompatibilit\u00e1s \u00e9rdek\u00e9ben<br \/>- K\u00f6rnyezettudatos tervez\u00e9s - Az optimaliz\u00e1lt e-folyad\u00e9k felhaszn\u00e1l\u00e1s minimaliz\u00e1lja a hullad\u00e9kot<\/p>\n<h3>Glob\u00e1lis innov\u00e1ci\u00f3s k\u00f6telezetts\u00e9gv\u00e1llal\u00e1s<\/h3>\n<p>A p\u00e1rologtat\u00e1si technol\u00f3gia \u00fatt\u00f6r\u0151jek\u00e9nt pr\u00e9mium kateg\u00f3ri\u00e1s eldobhat\u00f3 p\u00e1rol\u00f3k kutat\u00e1s-fejleszt\u00e9s\u00e9re, gy\u00e1rt\u00e1s\u00e1ra \u00e9s glob\u00e1lis forgalmaz\u00e1s\u00e1ra szakosodtunk. ISO tan\u00fas\u00edtv\u00e1nnyal rendelkez\u0151 l\u00e9tes\u00edtm\u00e9nyeinkben a kiv\u00e9teles min\u0151s\u00e9gellen\u0151rz\u00e9s \u00e9rdek\u00e9ben l\u00e9gt\u00e9rmin\u0151s\u00e9gi gy\u00e1rt\u00e1si szabv\u00e1nyokat alkalmazunk. B\u00fcszk\u00e9n k\u00edn\u00e1lunk \u00e1tfog\u00f3 OEM\/ODM szolg\u00e1ltat\u00e1sokat egyedi \u00edzfejleszt\u00e9ssel, hardverfejleszt\u00e9ssel \u00e9s white-label csomagol\u00e1si megold\u00e1sokkal. Legyen partner nemzetk\u00f6zi csapatunkkal, hogy a 24\/7-es \u00fcgyf\u00e9lszolg\u00e1lati h\u00e1l\u00f3zatunkon \u00e9s gy\u00e1rl\u00e1togat\u00e1si programjainkon kereszt\u00fcl elk\u00f6telezett t\u00e1mogat\u00e1st kapjon.<\/p>","protected":false},"excerpt":{"rendered":"<p>Tapasztalja meg a pr\u00e9miumot <strong>Bang Smart Screen 20000<\/strong> eldobhat\u00f3 vape massz\u00edv <strong>25mL e-liquid kapacit\u00e1s<\/strong> \u00e9s ak\u00e1r <strong>20,000 puff<\/strong>. Jellemz\u0151k <strong>5% nikotin er\u0151ss\u00e9g<\/strong>, <strong>C-t\u00edpus\u00fa gyors t\u00f6lt\u00e9s<\/strong>, \u00e9s 12 robban\u00e1svesz\u00e9lyes \u00edzt <strong>kett\u0151s h\u00e1l\u00f3s tekercs<\/strong> technol\u00f3gia az intenz\u00edv \u00edzek \u00e1tad\u00e1s\u00e1hoz.<\/p>","protected":false},"featured_media":973,"comment_status":"open","ping_status":"closed","template":"","meta":[],"product_brand":[107],"product_cat":[1072,1016],"product_tag":[183,184,181,182,77,185],"class_list":{"0":"post-979","1":"product","2":"type-product","3":"status-publish","4":"has-post-thumbnail","6":"product_brand-bang","7":"product_cat-bang","8":"product_cat-big-puffs-vapes","9":"product_tag-25ml-e-cigarette","10":"product_tag-5-nicotine-vape","11":"product_tag-bang-smart-screen-20000","12":"product_tag-disposable-vape-20000-puffs","13":"product_tag-mesh-coil-vape","14":"product_tag-type-c-charging-vape","16":"first","17":"instock","18":"sale","19":"shipping-taxable","20":"purchasable","21":"product-type-variable"},"jetpack_sharing_enabled":true,"tiered_pricing_type":"fixed","tiered_pricing_fixed_rules":[],"tiered_pricing_product_settings":{"layout":"default","base_unit_name":{"singular":null,"plural":null},"default_variation":null},"tiered_pricing_minimum_quantity":null,"tiered_pricing_roles_data":[],"tiered_pricing_percentage_rules":[],"tiered_pricing_maximum_quantity":null,"tiered_pricing_quantity_step":null,"_links":{"self":[{"href":"https:\/\/frvape.com\/hu\/wp-json\/wp\/v2\/product\/979","targetHints":{"allow":["GET"]}}],"collection":[{"href":"https:\/\/frvape.com\/hu\/wp-json\/wp\/v2\/product"}],"about":[{"href":"https:\/\/frvape.com\/hu\/wp-json\/wp\/v2\/types\/product"}],"replies":[{"embeddable":true,"href":"https:\/\/frvape.com\/hu\/wp-json\/wp\/v2\/comments?post=979"}],"wp:featuredmedia":[{"embeddable":true,"href":"https:\/\/frvape.com\/hu\/wp-json\/wp\/v2\/media\/973"}],"wp:attachment":[{"href":"https:\/\/frvape.com\/hu\/wp-json\/wp\/v2\/media?parent=979"}],"wp:term":[{"taxonomy":"product_brand","embeddable":true,"href":"https:\/\/frvape.com\/hu\/wp-json\/wp\/v2\/product_brand?post=979"},{"taxonomy":"product_cat","embeddable":true,"href":"https:\/\/frvape.com\/hu\/wp-json\/wp\/v2\/product_cat?post=979"},{"taxonomy":"product_tag","embeddable":true,"href":"https:\/\/frvape.com\/hu\/wp-json\/wp\/v2\/product_tag?post=979"}],"curies":[{"name":"wp","href":"https:\/\/api.w.org\/{rel}","templated":true}]}}