{"id":9870,"date":"2025-10-31T16:24:35","date_gmt":"2025-10-31T16:24:35","guid":{"rendered":"https:\/\/frvape.com\/product\/razz-bar-new-40000-disposable-vape-kit-40k-puffs-rechargeable\/"},"modified":"2026-01-26T07:47:55","modified_gmt":"2026-01-26T07:47:55","slug":"razz-bar-uj-40000-eldobhato-vape-kit-40k-puff-ujratoltheto","status":"publish","type":"product","link":"https:\/\/frvape.com\/hu\/product\/razz-bar-uj-40000-eldobhato-vape-kit-40k-puff-ujratoltheto\/","title":{"rendered":"Razz Bar NEW 40000 Eldobhat\u00f3 Vape Kit - 40K Puffs, \u00fajrat\u00f6lthet\u0151"},"content":{"rendered":"<h3>A v\u00e9gs\u0151 er\u0151 tal\u00e1lkozik a tiszta \u00edzzel<\/h3>\n<p>Tapasztalja meg a forradalmi p\u00e1rologtat\u00e1st a <strong>Razz b\u00e1r<\/strong> \u00daJ 40000 <strong>eldobhat\u00f3 vape<\/strong>. \u00dagy tervezt\u00e9k, hogy ak\u00e1r <strong>40,000 puff<\/strong> k\u00e9sz\u00fcl\u00e9kenk\u00e9nt, ez a pr\u00e9mium k\u00e9szlet kombin\u00e1lja a megn\u00f6velt kapacit\u00e1st a kiv\u00e9teles \u00edztermel\u00e9st. T\u00f6k\u00e9letes mind az alkalmi felhaszn\u00e1l\u00f3k, mind a p\u00e1rologtat\u00e1s szerelmesei sz\u00e1m\u00e1ra, \u00e9s val\u00f3s idej\u0171 monitoroz\u00e1ssal rendelkezik egy intuit\u00edv <strong>LED k\u00e9perny\u0151<\/strong> \u00e9s egy er\u0151teljes <strong>\u00fajrat\u00f6lthet\u0151<\/strong> akkumul\u00e1toros rendszer.<\/p>\n<h3>Intelligens technol\u00f3gia a kiv\u00e1l\u00f3 vaping\u00e9rt<\/h3>\n<p>A fejlett <strong>h\u00e1l\u00f3s tekercs<\/strong> gazdag, egyenletes g\u0151zt \u00e9s intenz\u00edv \u00edzpontoss\u00e1got biztos\u00edt. A 2% \u00e9s 5% s\u00f3s nikotin opci\u00f3kkal kombin\u00e1lva minden slukk kiel\u00e9g\u00edti a s\u00f3v\u00e1rg\u00e1st, m\u00edg a 650mAh USB-C \u00fajrat\u00f6lthet\u0151 akkumul\u00e1tor t\u00e1mogatja a folyamatos \u00e9lvezetet. Kompakt kialak\u00edt\u00e1sa k\u00f6nnyed\u00e9n elf\u00e9r a zseb\u00e9ben vagy t\u00e1sk\u00e1j\u00e1ban.<\/p>\n<h3>16 pr\u00e9mium \u00edzv\u00e1laszt\u00e9k<\/h3>\n<p>K\u00e9nyeztesse mag\u00e1t a 16 apr\u00f3l\u00e9kosan kidolgozott \u00edzv\u00e1laszt\u00e9k kiv\u00e9teles v\u00e1laszt\u00e9k\u00e1val:<\/p>\n<ul>\n<li>Grape Burst<\/li>\n<li>\u00c1fonya j\u00e9g<\/li>\n<li>buja j\u00e9g<\/li>\n<li>Anan\u00e1sz k\u00f3kusz<\/li>\n<li>Eper Kiwi<\/li>\n<li>Skittles<\/li>\n<li>Cool Mint<\/li>\n<li>Cseresznye citrom<\/li>\n<li>Kiwi Passi\u00f3gy\u00fcm\u00f6lcs Guava<\/li>\n<li>Eper j\u00e9g<\/li>\n<li>Cola Ice<\/li>\n<li>Vegyes bogy\u00f3s gy\u00fcm\u00f6lcs\u00f6k<\/li>\n<li>Barack j\u00e9g<\/li>\n<li>Citrom Lime<\/li>\n<li>Gumimaci<\/li>\n<li>R\u00f3zsasz\u00edn limon\u00e1d\u00e9<\/li>\n<\/ul>\n<h3>F\u0151bb jellemz\u0151k<\/h3>\n<p>Ide\u00e1lis a kiskeresked\u0151k \u00e9s a probl\u00e9mamentes pr\u00e9mium k\u00e9sz\u00fcl\u00e9keket keres\u0151 vaperek sz\u00e1m\u00e1ra. Vil\u00e1gm\u00e9ret\u0171 sz\u00e1ll\u00edt\u00e1ssal \u00e9s \u00f6mlesztett csomagol\u00e1si lehet\u0151s\u00e9gekkel a <strong>Razz b\u00e1r<\/strong> A 40K szabv\u00e1nyt \u00e1ll\u00edt fel a nagykapacit\u00e1s\u00fa <strong>eldobhat\u00f3 vape<\/strong> teljes\u00edtm\u00e9ny. A konzisztencia, az \u00edz intenzit\u00e1sa \u00e9s a hordozhat\u00f3s\u00e1g minden egyes haszn\u00e1lattal \u00fajradefini\u00e1lja a p\u00e1rologtat\u00f3 utaz\u00e1st.<\/p>","protected":false},"excerpt":{"rendered":"<p>A <strong>Razz b\u00e1r<\/strong> \u00daJ 40000 <strong>eldobhat\u00f3 vape<\/strong> ak\u00e1r <strong>40,000 puff<\/strong> LED-es akkumul\u00e1tor- \u00e9s e-folyad\u00e9k-ellen\u0151rz\u00e9ssel. Jellemz\u0151k <strong>h\u00e1l\u00f3s tekercs<\/strong> a fokozott \u00edz\u00e9rt, <strong>\u00fajrat\u00f6lthet\u0151<\/strong> C t\u00edpus\u00fa akkumul\u00e1tor, \u00e9s 16 egyedi s\u00f3s nikotin \u00edz 2%\/5% er\u0151ss\u00e9gben.<\/p>","protected":false},"featured_media":9864,"comment_status":"open","ping_status":"closed","template":"","meta":[],"product_brand":[70],"product_cat":[893],"product_tag":[349,112,814,372,815,516],"class_list":{"0":"post-9870","1":"product","2":"type-product","3":"status-publish","4":"has-post-thumbnail","6":"product_brand-razzbar","7":"product_cat-razzbar","8":"product_tag-40000-puffs","9":"product_tag-disposable-vape","10":"product_tag-led-screen","11":"product_tag-mesh-coil","12":"product_tag-razz-bar","13":"product_tag-rechargeable","15":"first","16":"instock","17":"sale","18":"shipping-taxable","19":"purchasable","20":"product-type-variable"},"jetpack_sharing_enabled":true,"tiered_pricing_type":"fixed","tiered_pricing_fixed_rules":[],"tiered_pricing_product_settings":{"layout":"default","base_unit_name":{"singular":null,"plural":null},"default_variation":null},"tiered_pricing_minimum_quantity":null,"tiered_pricing_roles_data":[],"tiered_pricing_percentage_rules":[],"tiered_pricing_maximum_quantity":null,"tiered_pricing_quantity_step":null,"_links":{"self":[{"href":"https:\/\/frvape.com\/hu\/wp-json\/wp\/v2\/product\/9870","targetHints":{"allow":["GET"]}}],"collection":[{"href":"https:\/\/frvape.com\/hu\/wp-json\/wp\/v2\/product"}],"about":[{"href":"https:\/\/frvape.com\/hu\/wp-json\/wp\/v2\/types\/product"}],"replies":[{"embeddable":true,"href":"https:\/\/frvape.com\/hu\/wp-json\/wp\/v2\/comments?post=9870"}],"wp:featuredmedia":[{"embeddable":true,"href":"https:\/\/frvape.com\/hu\/wp-json\/wp\/v2\/media\/9864"}],"wp:attachment":[{"href":"https:\/\/frvape.com\/hu\/wp-json\/wp\/v2\/media?parent=9870"}],"wp:term":[{"taxonomy":"product_brand","embeddable":true,"href":"https:\/\/frvape.com\/hu\/wp-json\/wp\/v2\/product_brand?post=9870"},{"taxonomy":"product_cat","embeddable":true,"href":"https:\/\/frvape.com\/hu\/wp-json\/wp\/v2\/product_cat?post=9870"},{"taxonomy":"product_tag","embeddable":true,"href":"https:\/\/frvape.com\/hu\/wp-json\/wp\/v2\/product_tag?post=9870"}],"curies":[{"name":"wp","href":"https:\/\/api.w.org\/{rel}","templated":true}]}}