{"id":10062,"date":"2025-10-31T16:41:03","date_gmt":"2025-10-31T16:41:03","guid":{"rendered":"https:\/\/frvape.com\/product\/aivono-aim-aipod-30000-puffs-disposable-vape-with-dual-mesh-coil\/"},"modified":"2025-11-03T02:41:23","modified_gmt":"2025-11-03T02:41:23","slug":"aivono-aim-aipod-30000-puffs-vape-usa-e-getta-con-dual-mesh-coil","status":"publish","type":"product","link":"https:\/\/frvape.com\/it\/product\/aivono-aim-aipod-30000-puffs-vape-usa-e-getta-con-dual-mesh-coil\/","title":{"rendered":"Aivono AIM AIPOD 30000 boccate di vapore monouso con bobina a doppia maglia"},"content":{"rendered":"<p>Il <strong>Aivono AIM AIPOD 30000 Bign\u00e8<\/strong> combina portabilit\u00e0, prestazioni e aroma premium in un pacchetto compatto e monouso. Ideale per i vapers che cercano convenienza e soddisfazione, questo dispositivo misura \u03a631 \u00d7 96 mm e include un serbatoio trasparente per un facile monitoraggio dell'e-liquid.<\/p>\n<h3>Specifiche principali<\/h3>\n<p>Consegna fino a <strong>30.000 soffi<\/strong>AIM AIPOD vanta una tecnologia a doppia bobina a 1,0\u03a9 per un vapore omogeneo. Dispone di un sistema integrato di <strong>Batteria ricaricabile da 200 mAh<\/strong> e <strong>flusso d'aria regolabile<\/strong> per estrazioni personalizzabili, dai colpi MTL a quelli DTL. Con un <strong>Capacit\u00e0 di 15 ml di e-liquido precaricato<\/strong>Si adatta a diverse preferenze di nicotina. Le gradazioni di nicotina disponibili sono <strong>0%\/2%\/3%\/5%<\/strong>per il vaping senza nicotina e per il vaping a tutta forza. Dettagli sulla confezione: Dimensioni della scatola piccola (43 \u00d7 35 \u00d7 105 mm), dimensioni della scatola grande (89 \u00d7 183 \u00d7 108 mm), dimensioni del cartone (685 \u00d7 380 \u00d7 240 mm) e peso del cartone (18,5 kg~\/200 pezzi).<\/p>\n<h3>Opzioni di gusto<\/h3>\n<p>Scegliete tra 10 invitanti gusti: Ananas mango acido, doppia mela, marmellata di pesche, menta di Miami, ciliegia anguria ghiacciata, anguria fragola, mirtillo Raz, granita d'uva, anguria ghiacciata e lampone pesca limone. Ogni aroma arricchisce il vostro viaggio nel mondo del vaping con un gusto ricco e costante.<\/p>\n<h3>Perch\u00e9 scegliere AIM AIPOD 30000?<\/h3>\n<p>Questo dispositivo da svapo di spicco bilancia potenza, sapore e portabilit\u00e0. La sua bobina a doppia maglia assicura profonde nuvole di vapore, mentre la <strong>flusso d'aria regolabile<\/strong> e le molteplici opzioni di nicotina offrono un'esperienza personalizzata. Progettata per l'uso quotidiano o per i viaggi, \u00e8 compatta ma robusta, e riflette l'impegno di Aivono per prestazioni di alto livello. Sperimentate una svapata senza interruzioni che dura pi\u00f9 a lungo e soddisfa tutti gli amanti delle nuvole.<\/p>","protected":false},"excerpt":{"rendered":"<p>Sperimentate il <strong>Aivono AIM AIPOD 30000<\/strong> vape monouso con fino a <strong>30.000 soffi<\/strong>. Caratteristiche <strong>bobina a doppia maglia<\/strong>, <strong>Capacit\u00e0 di 15 ml di e-liquid<\/strong>, flusso d'aria regolabile e <strong>pi\u00f9 intensit\u00e0 di nicotina<\/strong>\u20140%\/2%\/3%\/5%. Esplora 10 gusti ricchi per tutte le preferenze.<\/p>","protected":false},"featured_media":10056,"comment_status":"open","ping_status":"closed","template":"","meta":[],"product_brand":[165],"product_cat":[951],"product_tag":[270,163,830,829,112,623],"class_list":{"0":"post-10062","1":"product","2":"type-product","3":"status-publish","4":"has-post-thumbnail","6":"product_brand-aivono","7":"product_cat-aivono","8":"product_tag-30000-puffs","9":"product_tag-adjustable-airflow","10":"product_tag-aipod-30000","11":"product_tag-aivono-vape","12":"product_tag-disposable-vape","13":"product_tag-multiple-flavors","15":"first","16":"instock","17":"sale","18":"shipping-taxable","19":"purchasable","20":"product-type-variable"},"jetpack_sharing_enabled":true,"tiered_pricing_type":"fixed","tiered_pricing_fixed_rules":[],"tiered_pricing_product_settings":{"layout":"default","base_unit_name":{"singular":null,"plural":null},"default_variation":null},"tiered_pricing_minimum_quantity":null,"tiered_pricing_roles_data":[],"tiered_pricing_percentage_rules":[],"tiered_pricing_maximum_quantity":null,"tiered_pricing_quantity_step":null,"_links":{"self":[{"href":"https:\/\/frvape.com\/it\/wp-json\/wp\/v2\/product\/10062","targetHints":{"allow":["GET"]}}],"collection":[{"href":"https:\/\/frvape.com\/it\/wp-json\/wp\/v2\/product"}],"about":[{"href":"https:\/\/frvape.com\/it\/wp-json\/wp\/v2\/types\/product"}],"replies":[{"embeddable":true,"href":"https:\/\/frvape.com\/it\/wp-json\/wp\/v2\/comments?post=10062"}],"wp:featuredmedia":[{"embeddable":true,"href":"https:\/\/frvape.com\/it\/wp-json\/wp\/v2\/media\/10056"}],"wp:attachment":[{"href":"https:\/\/frvape.com\/it\/wp-json\/wp\/v2\/media?parent=10062"}],"wp:term":[{"taxonomy":"product_brand","embeddable":true,"href":"https:\/\/frvape.com\/it\/wp-json\/wp\/v2\/product_brand?post=10062"},{"taxonomy":"product_cat","embeddable":true,"href":"https:\/\/frvape.com\/it\/wp-json\/wp\/v2\/product_cat?post=10062"},{"taxonomy":"product_tag","embeddable":true,"href":"https:\/\/frvape.com\/it\/wp-json\/wp\/v2\/product_tag?post=10062"}],"curies":[{"name":"wp","href":"https:\/\/api.w.org\/{rel}","templated":true}]}}