{"id":11421,"date":"2025-11-02T04:58:31","date_gmt":"2025-11-02T04:58:31","guid":{"rendered":"https:\/\/frvape.com\/product\/vapsolo-quads-80k-disposable-vape-4-in-1-flavors-performance\/"},"modified":"2026-03-19T09:39:57","modified_gmt":"2026-03-19T09:39:57","slug":"vapsolo-quads-80k-monouso-vape-4-in-1-sapori-prestazioni","status":"publish","type":"product","link":"https:\/\/frvape.com\/it\/product\/vapsolo-quads-80k-monouso-vape-4-in-1-sapori-prestazioni\/","title":{"rendered":"Vapsolo Quads 80K Vape usa e getta - Prestazioni 4 in 1 sapori"},"content":{"rendered":"<p>Il <strong>Vapsolo Quads 80.000 Bign\u00e8<\/strong> Il vape usa e getta \u00e8 pensato per i vapers che cercano potenza, longevit\u00e0 e gusti diversi. Il suo esclusivo design 4-in-1 con quattro serbatoi separati consente di assaporare pi\u00f9 sapori in un unico dispositivo compatto, eliminando la necessit\u00e0 di portare con s\u00e9 gadget aggiuntivi.<\/p>\n<h3>Caratteristiche principali<\/h3>\n<p><strong>I sapori<\/strong>: Sistema 4-in-1 con quattro serbatoi indipendenti per un divertimento senza fine<br \/>\n<strong>Display<\/strong>: Display completo per e-liquid e potenza per il monitoraggio in tempo reale<br \/>\n<strong>Bobina<\/strong>: Quad <strong>bobine di rete<\/strong> con una resistenza di 10 \u03a9, che offre un vapore ricco e un'estrazione fluida.<br \/>\n<strong>Batteria<\/strong>: Lunga durata <strong>Batteria ricaricabile da 650 mAh<\/strong> con ricarica rapida Type-C<br \/>\n<strong>Nicotina<\/strong>: Opzioni disponibili in 2% o 5% per una resistenza su misura.<br \/>\nAdatto alla vendita all'ingrosso: 200 pezzi per cartone, 10 cartoni per scatola; peso del cartone 27,6 kg; dimensioni 515 \u00d7 510 \u00d7 290 mm<\/p>\n<h3>Gusti disponibili<\/h3>\n<p>Scoprite una vasta gamma di <strong>gusti di svapo<\/strong>tra cui: Limonata Rosa, Kiwi Passion Fruit Guava, Pesca Berry, Fragola Banana, Bacca Mista, Ciliegia Limone, Fragola Kiwi, Fragola Anguria Bubblegum, Mojito, Monster Mango, Lady Killer, Fragola Mango Rosa, Blue Razz Lemonade, Gelato alla Vaniglia, Sour Triple Berry, Limone Lime, Ghiaccio all'Anguria, Black Ice Dragon Fruit Strawberry, Love66, Cola alla vaniglia, Pesca al limone, Ghiaccio alla fragola e ciliegia lampone, Ghiaccio all'uva, Burst all'uva, Ghiaccio al litchi, Bacca di pesca, Guava al kiwi e frutto della passione, Ghiaccio all'anguria, Mango alla fragola, Ghiaccio al mirtillo, Ciliegia frizzante, Anguria alla fragola, Cola alla ciliegia, Ghiaccio alla pesca succosa, Rinfrescante al pompelmo, Limone al lime, Ghiaccio alla fragola, Anguria al lampone, Ciliegia frizzante.<\/p>\n<h3>Perch\u00e9 scegliere Vapsolo Quads 80K?<\/h3>\n<p>Scegliere il <strong>Vapsolo Quads 80K<\/strong> per la sua innovativa combinazione di variet\u00e0 e prestazioni. Perfetto per distributori, rivenditori e <strong>utilizzatori di sigarette elettroniche<\/strong>offre una svapata senza problemi grazie all'affidabile tecnologia della bobina a rete e a un display di facile lettura. Questo dispositivo garantisce una <strong>esperienza duratura<\/strong> fino a 80.000 soffi, che lo rende ideale per l'uso personale o per la vendita all'ingrosso.<\/p>","protected":false},"excerpt":{"rendered":"<p>Sperimentate il massimo <strong>Vapsolo Quads 80.000 Bign\u00e8<\/strong> vape monouso con <strong>quattro serbatoi indipendenti<\/strong> per una variet\u00e0 di sapori senza pari.<br \/>\nGodetevi i colpi fluidi di un sistema avanzato <strong>bobine di rete<\/strong> e tenere traccia dell'utilizzo tramite la funzione integrata <strong>display di potenza<\/strong> per comodit\u00e0.<\/p>","protected":false},"featured_media":16067,"comment_status":"open","ping_status":"closed","template":"","meta":[],"product_brand":[408],"product_cat":[1016,863],"product_tag":[913,112,372,103,912,658],"class_list":{"0":"post-11421","1":"product","2":"type-product","3":"status-publish","4":"has-post-thumbnail","6":"product_brand-vapsolo","7":"product_cat-big-puffs-vapes","8":"product_cat-vapsolo","9":"product_tag-4-flavors-vape","10":"product_tag-disposable-vape","11":"product_tag-mesh-coil","12":"product_tag-rechargeable-e-cigarette","13":"product_tag-vapsolo-quads-80k","14":"product_tag-wholesale-vape","16":"first","17":"instock","18":"sale","19":"shipping-taxable","20":"purchasable","21":"product-type-variable"},"jetpack_sharing_enabled":true,"tiered_pricing_type":"fixed","tiered_pricing_fixed_rules":[],"tiered_pricing_product_settings":{"layout":"default","base_unit_name":{"singular":null,"plural":null},"default_variation":null},"tiered_pricing_minimum_quantity":null,"tiered_pricing_roles_data":[],"tiered_pricing_percentage_rules":[],"tiered_pricing_maximum_quantity":null,"tiered_pricing_quantity_step":null,"_links":{"self":[{"href":"https:\/\/frvape.com\/it\/wp-json\/wp\/v2\/product\/11421","targetHints":{"allow":["GET"]}}],"collection":[{"href":"https:\/\/frvape.com\/it\/wp-json\/wp\/v2\/product"}],"about":[{"href":"https:\/\/frvape.com\/it\/wp-json\/wp\/v2\/types\/product"}],"replies":[{"embeddable":true,"href":"https:\/\/frvape.com\/it\/wp-json\/wp\/v2\/comments?post=11421"}],"wp:featuredmedia":[{"embeddable":true,"href":"https:\/\/frvape.com\/it\/wp-json\/wp\/v2\/media\/16067"}],"wp:attachment":[{"href":"https:\/\/frvape.com\/it\/wp-json\/wp\/v2\/media?parent=11421"}],"wp:term":[{"taxonomy":"product_brand","embeddable":true,"href":"https:\/\/frvape.com\/it\/wp-json\/wp\/v2\/product_brand?post=11421"},{"taxonomy":"product_cat","embeddable":true,"href":"https:\/\/frvape.com\/it\/wp-json\/wp\/v2\/product_cat?post=11421"},{"taxonomy":"product_tag","embeddable":true,"href":"https:\/\/frvape.com\/it\/wp-json\/wp\/v2\/product_tag?post=11421"}],"curies":[{"name":"wp","href":"https:\/\/api.w.org\/{rel}","templated":true}]}}