{"id":2013,"date":"2025-10-12T02:39:59","date_gmt":"2025-10-12T02:39:59","guid":{"rendered":"https:\/\/frvape.com\/product\/bang-king-50000-disposable-vape-50000-puffs-with-dual-favors-and-adjustable-airflow\/"},"modified":"2025-11-04T01:45:08","modified_gmt":"2025-11-04T01:45:08","slug":"bang-king-50000-vape-usa-e-getta-50000-puff-con-doppia-bomboniera-e-flusso-daria-regolabile","status":"publish","type":"product","link":"https:\/\/frvape.com\/it\/product\/bang-king-50000-vape-usa-e-getta-50000-puff-con-doppia-bomboniera-e-flusso-daria-regolabile\/","title":{"rendered":"Bang King 50000 Vape usa e getta - 50.000 boccate con doppia bomboniera e flusso d'aria regolabile"},"content":{"rendered":"<h3>Vi presentiamo il Bang King 50000<\/h3>\n<p>Il <strong>Bang King 50000<\/strong> \u00e8 un rivoluzionario <strong>vape monouso<\/strong> progettato sia per i singoli utenti che per <strong>vape all'ingrosso<\/strong> rivenditori. Vantando una straordinaria <strong>50.000 soffi<\/strong> capacit\u00e0 e una serie di <strong>doppio sapore<\/strong> stabilisce un nuovo standard nel settore del vaping. Con elementi avanzati come un <strong>display digitale<\/strong> e <strong>flusso d'aria regolabile<\/strong>offre personalizzazione e longevit\u00e0, rendendolo uno dei migliori prodotti per l'industria. <strong>miglior vape usa e getta<\/strong> opzioni per il 2024.<\/p>\n<h3>Caratteristiche del prodotto<\/h3>\n<p><strong>Vapori monouso all'ingrosso per i rivenditori:<\/strong> Bang King 50000 \u00e8 ideale per <strong>vape all'ingrosso<\/strong> venditori che mirano a rifornirsi di vapes monouso di qualit\u00e0 superiore. Con un massimo di 50.000 boccate e <strong>doppio sapore<\/strong> possibilit\u00e0, offre un'esperienza di vaping prolungata che si rivolge ai clienti in cerca di dispositivi ad alte prestazioni. Questo lo rende perfetto per i rivenditori o i distributori che vogliono offrire un prodotto affidabile e piacevole. <strong>vape monouso<\/strong> prodotti che soddisfano le diverse preferenze.<\/p>\n<p><strong>Il miglior Vape usa e getta per un uso prolungato:<\/strong> Come uno dei principali <strong>I migliori modelli di vape usa e getta<\/strong>Questo dispositivo offre un valore eccezionale grazie all'enorme numero di soffi. L'innovativo <strong>display digitale<\/strong> tiene traccia dei progressi del vaping, assicurandovi di massimizzare ogni boccata e di godere di una soddisfazione costante. \u00c8 progettato per durare a lungo, riducendo la necessit\u00e0 di sostituzioni frequenti e aumentando la comodit\u00e0 dell'utente.<\/p>\n<p><strong>Aroma doppio e flusso d'aria regolabile:<\/strong> Sperimentate un viaggio nel vaping ricco e stratificato con il <strong>doppio sapore<\/strong> che consente di passare da un gusto all'altro senza alcuno sforzo. Il <strong>flusso d'aria regolabile<\/strong> consente di regolare con precisione l'intensit\u00e0 dell'estrazione per ottenere ogni volta un tiro perfetto e personalizzato. Questa sinergia crea uno dei prodotti pi\u00f9 <strong>buoni vapes monouso<\/strong> disponibili, offrendo versatilit\u00e0 e controllo.<\/p>\n<p><strong>Innovativo schermo digitale:<\/strong> Il sistema integrato <strong>display digitale<\/strong> vi tiene informati mostrandovi in tempo reale il conteggio dei puff, il livello della batteria e la capacit\u00e0 dell'e-liquid. Questo monitoraggio intelligente migliora la vostra esperienza aiutandovi a gestire l'uso in modo efficiente, riducendo le interruzioni e assicurando un funzionamento affidabile. <strong>vape monouso<\/strong> prestazioni.<\/p>\n<h3>Vantaggi del prodotto<\/h3>\n<p><strong>50.000 boccate per la massima longevit\u00e0:<\/strong> L'enorme <strong>50.000 soffi<\/strong> di Bang King 50000 minimizzano le sostituzioni e offrono un valore incredibile. Supporta l'uso a lungo termine, perfetto per i vapers che richiedono la massima qualit\u00e0. <strong>miglior vape usa e getta<\/strong> esperienza con una resistenza e un'economicit\u00e0 senza pari.<\/p>\n<p><strong>Doppio gusto per la personalizzazione:<\/strong> Con <strong>doppio sapore<\/strong> \u00e8 possibile personalizzare il vaping in base alle proprie preferenze, offrendo una sessione pi\u00f9 dinamica e piacevole rispetto ai dispositivi standard a singolo aroma. Questa caratteristica sottolinea il motivo per cui \u00e8 tra i dispositivi pi\u00f9 <strong>buoni vapes monouso<\/strong> per gli appassionati di sapori.<\/p>\n<p><strong>Flusso d'aria regolabile per un'estrazione perfetta:<\/strong> Personalizzate con precisione il vostro colpo utilizzando la funzione <strong>flusso d'aria regolabile<\/strong>che si adatta alla tenuta o all'allentamento desiderato. Questo garantisce un comfort e una soddisfazione costanti, evidenziando l'innovazione in <strong>sigaretta elettronica a doppio aroma<\/strong> progetti.<\/p>\n<p><strong>Display digitale intelligente per un facile monitoraggio:<\/strong> Il <strong>display digitale<\/strong> fornisce letture accurate sul numero di soffi e sullo stato della batteria, semplificando la gestione del dispositivo e riducendo i tempi di inattivit\u00e0 imprevisti. Questa intelligenza lo rende un prodotto di riferimento <strong>vape monouso<\/strong> per gli utenti esperti di tecnologia alla ricerca di trasparenza.<\/p>\n<h3>Specifiche tecniche<\/h3>\n<p>Bang King 50000 include specifiche all'avanguardia per migliorare il vostro vaping: Opzioni di intensit\u00e0 di nicotina di 0%, 2%, 3% e 5% per un'intensit\u00e0 personalizzata; un'enorme durata di vita di 50.000 puff; una capacit\u00e0 di 50 ml di e-liquid per sessioni prolungate; una bobina a rete da 1,0 ohm ad alte prestazioni che assicura una produzione di vapore fluida; una batteria ricaricabile da 850 mAh per l'affidabilit\u00e0; un intuitivo display digitale che mostra i livelli della batteria e dell'e-liquid; un flusso d'aria completamente regolabile; 12 diversi aromi doppi per la scelta; una porta USB Type-C per la ricarica rapida; e una confezione conveniente con 10 unit\u00e0 per scatola e 200 unit\u00e0 per cartone.<\/p>\n<h3>Squisite opzioni di gusto<\/h3>\n<p>Scegliete tra le nostre combinazioni di gusti doppi premium:<\/p>\n<p>Mango alla fragola\/ Kiwi alla fragola<br \/>Red Bull\/Banana alla fragola<br \/>Ghiaccio all'anguria\/Menta al mirtillo<br \/>Ghiaccio all'anguria\/Ciliegia al mirtillo<br \/>Gomma da masticare alla fragola\/al mango\/al cocomero<br \/>Ghiaccio al mirtillo\/Ghiaccio alla pesca<br \/>Mirtillo Lampone\/Bacche miste<br \/>Anguria alla fragola\/Ghiaccio al drago nero<br \/>Fragola Anguria\/Kiwi Frutto della passione Guava<br \/>Mirtillo, lampone e uva da tavola<br \/>Ghiaccio al mirtillo\/pesca\/anguria al mango<br \/>Red Bull\/Anguria al mirtillo<\/p>\n<h3>Perch\u00e9 scegliere Bang King 50000?<\/h3>\n<p>Aggiornamento al <strong>Bang King 50000<\/strong> per un'\u00e9lite <strong>vape monouso<\/strong> che unisce potenza, personalizzazione e prestazioni. Ideale per <strong>vape all'ingrosso<\/strong> operazioni e gli utenti quotidiani, offre la <strong>miglior vape usa e getta<\/strong> in un design elegante e facile da usare. Abbracciate l'innovazione e la variet\u00e0 di sapori: ordinate oggi stesso per una soddisfazione senza pari.<\/p>","protected":false},"excerpt":{"rendered":"<p>Il <strong>Bang King 50000<\/strong> offre fino a un'impressionante <strong>50.000 soffi<\/strong> con <strong>doppio sapore<\/strong> opzioni, perfette per <strong>vape all'ingrosso<\/strong> attivit\u00e0. Presenta un <strong>flusso d'aria regolabile<\/strong> e intelligente <strong>display digitale<\/strong> per un migliore monitoraggio.<br \/>Sperimentate un vaping di lunga durata con questo dispositivo usa e getta di altissimo livello.<\/p>","protected":false},"featured_media":2007,"comment_status":"open","ping_status":"closed","template":"","meta":[],"product_brand":[133],"product_cat":[856],"product_tag":[305,307,309,308,306],"class_list":{"0":"post-2013","1":"product","2":"type-product","3":"status-publish","4":"has-post-thumbnail","6":"product_brand-bangking","7":"product_cat-bangking","8":"product_tag-50000-puffs-vape","9":"product_tag-adjustable-airflow-disposable","10":"product_tag-bang-king-vape","11":"product_tag-digital-screen-vape","12":"product_tag-dual-flavor-e-cigarette","14":"first","15":"instock","16":"sale","17":"shipping-taxable","18":"purchasable","19":"product-type-variable"},"jetpack_sharing_enabled":true,"tiered_pricing_type":"fixed","tiered_pricing_fixed_rules":[],"tiered_pricing_product_settings":{"layout":"default","base_unit_name":{"singular":null,"plural":null},"default_variation":null},"tiered_pricing_minimum_quantity":null,"tiered_pricing_roles_data":[],"tiered_pricing_percentage_rules":[],"tiered_pricing_maximum_quantity":null,"tiered_pricing_quantity_step":null,"_links":{"self":[{"href":"https:\/\/frvape.com\/it\/wp-json\/wp\/v2\/product\/2013","targetHints":{"allow":["GET"]}}],"collection":[{"href":"https:\/\/frvape.com\/it\/wp-json\/wp\/v2\/product"}],"about":[{"href":"https:\/\/frvape.com\/it\/wp-json\/wp\/v2\/types\/product"}],"replies":[{"embeddable":true,"href":"https:\/\/frvape.com\/it\/wp-json\/wp\/v2\/comments?post=2013"}],"wp:featuredmedia":[{"embeddable":true,"href":"https:\/\/frvape.com\/it\/wp-json\/wp\/v2\/media\/2007"}],"wp:attachment":[{"href":"https:\/\/frvape.com\/it\/wp-json\/wp\/v2\/media?parent=2013"}],"wp:term":[{"taxonomy":"product_brand","embeddable":true,"href":"https:\/\/frvape.com\/it\/wp-json\/wp\/v2\/product_brand?post=2013"},{"taxonomy":"product_cat","embeddable":true,"href":"https:\/\/frvape.com\/it\/wp-json\/wp\/v2\/product_cat?post=2013"},{"taxonomy":"product_tag","embeddable":true,"href":"https:\/\/frvape.com\/it\/wp-json\/wp\/v2\/product_tag?post=2013"}],"curies":[{"name":"wp","href":"https:\/\/api.w.org\/{rel}","templated":true}]}}