{"id":6288,"date":"2025-10-12T09:22:09","date_gmt":"2025-10-12T09:22:09","guid":{"rendered":"https:\/\/frvape.com\/product\/bang-king-36000-disposable-vape-long-lasting-features-diverse-flavors\/"},"modified":"2025-11-04T01:45:05","modified_gmt":"2025-11-04T01:45:05","slug":"bang-king-36000-vape-monouso-caratteristiche-di-lunga-durata-sapori-diversi","status":"publish","type":"product","link":"https:\/\/frvape.com\/it\/product\/bang-king-36000-vape-monouso-caratteristiche-di-lunga-durata-sapori-diversi\/","title":{"rendered":"Bang King 36000 Vape usa e getta - Caratteristiche di lunga durata e diversi sapori"},"content":{"rendered":"<h3>Introduzione<\/h3>\n<p>Benvenuti nella versione definitiva <strong>Bang King 36000<\/strong> <strong>vape monouso<\/strong>un dispositivo all'avanguardia progettato per offrire prestazioni e convenienza eccezionali. Con i suoi impressionanti 36000 puff e il suo design elegante, ridefinisce il vostro viaggio nel vaping, offrendo una fluidit\u00e0 e un'affidabilit\u00e0 senza pari.<\/p>\n<h3>Caratteristiche principali<\/h3>\n<p>Il <strong>Bang King 36000<\/strong> vanta innovazioni avanzate per personalizzare la vostra svapata. Il <strong>doppio schermo<\/strong> Il display fornisce una chiara visibilit\u00e0 della capacit\u00e0 della batteria e dei livelli di e-liquid, assicurando che non si esaurisca mai inaspettatamente. <strong>Potenza regolabile<\/strong> Le impostazioni consentono di regolare con precisione l'esperienza, trovando il perfetto equilibrio tra intensit\u00e0 del sapore e produzione di vapore. Questa flessibilit\u00e0 fa s\u00ec che ogni boccata sia personalizzata in base alle vostre preferenze.<\/p>\n<h3>Tecnologia a prestazioni migliorate<\/h3>\n<p>Provate il gusto superiore e la produzione in cloud con il sistema integrato <strong>doppia bobina<\/strong> sistema, con un sistema da 0,6ohm <strong>bobina a doppia maglia<\/strong>. Questa tecnologia offre un sapore ricco e costante, massimizzando lo spessore del vapore. In combinazione con <strong>flusso d'aria regolabile<\/strong>\u00c8 possibile regolare facilmente la resistenza di tiraggio per ottenere un tiro pi\u00f9 stretto o pi\u00f9 lento, a seconda del proprio umore. Il <strong>modalit\u00e0 doppia<\/strong> aggiunge versatilit\u00e0, consentendo di cambiare funzione senza sforzo: si possono scegliere pi\u00f9 boccate in modalit\u00e0 Eco o nuvole pi\u00f9 dense in modalit\u00e0 Power.<\/p>\n<h3>Una rinfrescante variet\u00e0 di sapori<\/h3>\n<p>Assaporate un'ampia selezione di 12 deliziose <strong>molteplici gusti<\/strong>ognuno dei quali \u00e8 stato accuratamente realizzato per soddisfare il vostro palato. Il nostro portafoglio di e-liquid comprende:<br \/>Ghiaccio alla pesca succosa<br \/>Kiwi Frutto della passione Guava<br \/>Fragola e banana<br \/>Mr. Blue<br \/>Ghiaccio triplo ai frutti di bosco<br \/>Uva Mela<br \/>Fragola Kiwi<br \/>Frutta tropicale<br \/>Ghiaccio blu Razz<br \/>Anguria alla fragola<br \/>Ghiaccio all'anguria<br \/>Pesca, mango e anguria<\/p>\n<p>Che abbiate voglia di note fruttate o di freschezza ghiacciata, questi gusti assicurano che ogni boccata sia soddisfacente e memorabile.<\/p>\n<h3>Specifiche complete<\/h3>\n<p>Costruito per garantire resistenza e facilit\u00e0 d'uso, il sistema <strong>Bang King 36000<\/strong> include una robusta batteria da 650 mAh per sessioni prolungate. Godetevi una capacit\u00e0 di 30 ml di e-liquid in un telaio compatto, il tutto racchiuso in una <strong>vape monouso<\/strong> per un utilizzo senza problemi. Altre specifiche chiave sono:<br \/>Nicotina: 0%\/2%\/3%\/5% per soddisfare le vostre preferenze.<br \/>Bign\u00e8: Fino a 36000 per unit\u00e0<br \/>Bobina: Bobina avanzata da 0,6ohm a doppia maglia per prestazioni ottimizzate<br \/>Controlli touch: Interfaccia di facile utilizzo con impostazioni regolabili e schermata di blocco per la sicurezza<br \/>Connettivit\u00e0: Ricarica di tipo-C per una rapida riutilizzazione<br \/>Confezione: Comoda confezione da 10 pezzi per scatola, con cartoni sfusi disponibili a 200 pezzi per cartone.<\/p>\n<h3>Perch\u00e9 scegliere Bang King 36000<\/h3>\n<p>Ideale sia per i principianti che per gli appassionati, questo dispositivo combina innovazione e affidabilit\u00e0. La regolazione ergonomica del flusso d'aria e <strong>modalit\u00e0 doppia<\/strong> che lo rendono adattabile a qualsiasi ambiente. Sperimentate una soddisfazione duratura ed esplorate un mondo di sapori: ordinate il modello <strong>Bang King 36000<\/strong> oggi per una svapata che supera le aspettative.<\/p>","protected":false},"excerpt":{"rendered":"<p>Scoprire il <strong>Bang King 36000<\/strong> vape monouso con <strong>36000 soffi<\/strong> e funzioni personalizzabili come <strong>doppio schermo<\/strong> e <strong>flusso d'aria regolabile<\/strong>.<br \/>Godetevi 12 sapori rinfrescanti per un'esperienza di vaping di alto livello.<\/p>","protected":false},"featured_media":6282,"comment_status":"open","ping_status":"closed","template":"","meta":[],"product_brand":[133],"product_cat":[856],"product_tag":[221,624,488,112,622,623],"class_list":{"0":"post-6288","1":"product","2":"type-product","3":"status-publish","4":"has-post-thumbnail","6":"product_brand-bangking","7":"product_cat-bangking","8":"product_tag-36000-puffs","9":"product_tag-adjustable-power","10":"product_tag-bang-king-36000","11":"product_tag-disposable-vape","12":"product_tag-dual-coil","13":"product_tag-multiple-flavors","15":"first","16":"instock","17":"sale","18":"shipping-taxable","19":"purchasable","20":"product-type-variable"},"jetpack_sharing_enabled":true,"tiered_pricing_type":"fixed","tiered_pricing_fixed_rules":[],"tiered_pricing_product_settings":{"layout":"default","base_unit_name":{"singular":null,"plural":null},"default_variation":null},"tiered_pricing_minimum_quantity":null,"tiered_pricing_roles_data":[],"tiered_pricing_percentage_rules":[],"tiered_pricing_maximum_quantity":null,"tiered_pricing_quantity_step":null,"_links":{"self":[{"href":"https:\/\/frvape.com\/it\/wp-json\/wp\/v2\/product\/6288","targetHints":{"allow":["GET"]}}],"collection":[{"href":"https:\/\/frvape.com\/it\/wp-json\/wp\/v2\/product"}],"about":[{"href":"https:\/\/frvape.com\/it\/wp-json\/wp\/v2\/types\/product"}],"replies":[{"embeddable":true,"href":"https:\/\/frvape.com\/it\/wp-json\/wp\/v2\/comments?post=6288"}],"wp:featuredmedia":[{"embeddable":true,"href":"https:\/\/frvape.com\/it\/wp-json\/wp\/v2\/media\/6282"}],"wp:attachment":[{"href":"https:\/\/frvape.com\/it\/wp-json\/wp\/v2\/media?parent=6288"}],"wp:term":[{"taxonomy":"product_brand","embeddable":true,"href":"https:\/\/frvape.com\/it\/wp-json\/wp\/v2\/product_brand?post=6288"},{"taxonomy":"product_cat","embeddable":true,"href":"https:\/\/frvape.com\/it\/wp-json\/wp\/v2\/product_cat?post=6288"},{"taxonomy":"product_tag","embeddable":true,"href":"https:\/\/frvape.com\/it\/wp-json\/wp\/v2\/product_tag?post=6288"}],"curies":[{"name":"wp","href":"https:\/\/api.w.org\/{rel}","templated":true}]}}