{"id":6833,"date":"2025-10-13T02:15:51","date_gmt":"2025-10-13T02:15:51","guid":{"rendered":"https:\/\/frvape.com\/?page_id=6833"},"modified":"2025-10-13T06:28:40","modified_gmt":"2025-10-13T06:28:40","slug":"apie-mus","status":"publish","type":"page","link":"https:\/\/frvape.com\/lt\/apie-mus\/","title":{"rendered":"Apie mus"},"content":{"rendered":"<div data-elementor-type=\"wp-page\" data-elementor-id=\"6833\" class=\"elementor elementor-6833\">\n\t\t\t\t<div class=\"elementor-element elementor-element-572db281 e-flex e-con-boxed e-con e-parent\" data-id=\"572db281\" data-element_type=\"container\">\n\t\t\t\t\t<div class=\"e-con-inner\">\n\t\t\t\t<div class=\"elementor-element elementor-element-21637a1a elementor-widget elementor-widget-text-editor\" data-id=\"21637a1a\" data-element_type=\"widget\" data-widget_type=\"text-editor.default\">\n\t\t\t\t\t\t\t\t\t<div style=\"width: 755px; max-width: 1570px; color: #232323; font-family: Lato, sans-serif;\">\n<h3 style=\"color: #0a0a0a; width: 755px;\">Didmenin\u0117 Pirkti vienkartinius Vapes internetu i\u0161 FR VAPE<\/h3>\n<\/div>\n<p dir=\"auto\" style=\"color: #232323; font-family: Lato, sans-serif;\">Sveiki atvyk\u0119 \u012f<a href=\"https:\/\/frvape.com\/lt\/\"><span style=\"color: #00aae7;\"> FR vape<\/span><\/a>, j\u016bs\u0173 svarbiausia internetin\u0117 paskirties vieta <span style=\"color: #00ccff;\">FR<a style=\"background-color: rgba(255, 255, 255, 0); color: #00ccff;\" href=\"https:\/\/frvape.com\/lt\/\">\u00a0garintuvai<\/a><\/span>. Tur\u0117dami turting\u0105, daugiau nei penkeri\u0173 met\u0173 istorij\u0105 \u0161ioje pramon\u0117s \u0161akoje, did\u017eiuojam\u0117s gal\u0117dami pasi\u016blyti \u012fvairi\u0173 auk\u0161\u010diausio lygio prek\u0117s \u017eenkl\u0173, toki\u0173 kaip \"Bang King\", \"Al Fakher Vape\", \"Vapeme\", \"Waspe\", \"RandM Tornado\", \"Bang Box\" ir kt., asortiment\u0105.<\/p>\n<p dir=\"auto\" style=\"color: #232323; font-family: Lato, sans-serif;\">\"FR vapes\" esame elektroninio garinimo pasaulio meistri\u0161kumo \u0161vyturys. M\u016bs\u0173 gaminiai pasiek\u0117 daugyb\u0119 pasaulio \u0161ali\u0173, o tai liudija m\u016bs\u0173 \u012fsipareigojim\u0105 siekti kokyb\u0117s ir klient\u0173 pasitenkinimo. B\u016bdami patyr\u0119 elektronini\u0173 cigare\u010di\u0173 platinimo srities profesionalai, tenkiname tiek ma\u017emenin\u0117s, tiek didmenin\u0117s prekybos poreikius, u\u017etikrindami, kad m\u016bs\u0173 klientai gaut\u0173 geriausius rinkoje gaminius ir paslaugas.<\/p>\n<p dir=\"auto\" style=\"color: #232323; font-family: Lato, sans-serif;\">M\u016bs\u0173 svetain\u0117,<a href=\"https:\/\/frvape.com\/lt\/\"> FR vape.com,<\/a> tarnauja kaip entuziast\u0173 ir naujok\u0173 centras, suteikiantis vientis\u0105 apsipirkimo patirt\u012f ir plat\u0173 pasirinkim\u0105.\u00a0<a style=\"background-color: rgba(255, 255, 255, 0); color: #1e73be;\" href=\"https:\/\/frvape.com\/lt\/\">vienkartin\u0117 e. cigaret\u0117<\/a>\u00a0galimyb\u0117s. Nesvarbu, ar ie\u0161kote naujausi\u0173 inovacij\u0173, ar nesenstan\u010dios klasikos, \"FR vape\" yra j\u016bs\u0173 patikimas partneris garinimo pasaulyje.<\/p>\n<p dir=\"auto\" style=\"color: #232323; font-family: Lato, sans-serif;\">Prisijunkite prie m\u016bs\u0173 \u0161ioje kelion\u0117je, nes mes ir toliau i\u0161 naujo apibr\u0117\u017eiame kompetencijos standartus\u00a0<a style=\"background-color: rgba(255, 255, 255, 0); color: #1e73be;\" href=\"https:\/\/frvape.com\/lt\/\">vienkartiniai vape<\/a>\u00a0pramon\u0117. Patirkite skirtum\u0105 su \"Aiviouvapes\", kur kokyb\u0117, \u012fvairov\u0117 ir klient\u0173 pasitenkinimas susilieja \u012f vientis\u0105 visum\u0105.<\/p>\n<p>\u00a0<\/p>\n<p style=\"color: #232323; font-family: Lato, sans-serif;\"><span style=\"font-weight: bolder;\">\"WhatsApp\":<\/span> +86 133 6063 1532<\/p>\t\t\t\t\t\t\t\t<\/div>\n\t\t\t\t\t<\/div>\n\t\t\t\t<\/div>\n\t\t\t\t<\/div>","protected":false},"excerpt":{"rendered":"<p>Bulk Buy Disposable Vapes Online from FR VAPE Welcome to FR vape, your premier online destination for FR\u00a0vapes. With a rich history spanning over 5 years in the industry, we take pride in offering a diverse range of top-tier brands such as Bang King, Al Fakher Vape, Vapeme, Waspe, RandM Tornado, Bang Box, and more. [&#8230;]","protected":false},"author":1,"featured_media":0,"parent":0,"menu_order":0,"comment_status":"closed","ping_status":"closed","template":"","meta":{"footnotes":""},"class_list":["post-6833","page","type-page","status-publish","hentry"],"jetpack_sharing_enabled":true,"_links":{"self":[{"href":"https:\/\/frvape.com\/lt\/wp-json\/wp\/v2\/pages\/6833","targetHints":{"allow":["GET"]}}],"collection":[{"href":"https:\/\/frvape.com\/lt\/wp-json\/wp\/v2\/pages"}],"about":[{"href":"https:\/\/frvape.com\/lt\/wp-json\/wp\/v2\/types\/page"}],"author":[{"embeddable":true,"href":"https:\/\/frvape.com\/lt\/wp-json\/wp\/v2\/users\/1"}],"replies":[{"embeddable":true,"href":"https:\/\/frvape.com\/lt\/wp-json\/wp\/v2\/comments?post=6833"}],"version-history":[{"count":12,"href":"https:\/\/frvape.com\/lt\/wp-json\/wp\/v2\/pages\/6833\/revisions"}],"predecessor-version":[{"id":7106,"href":"https:\/\/frvape.com\/lt\/wp-json\/wp\/v2\/pages\/6833\/revisions\/7106"}],"wp:attachment":[{"href":"https:\/\/frvape.com\/lt\/wp-json\/wp\/v2\/media?parent=6833"}],"curies":[{"name":"wp","href":"https:\/\/api.w.org\/{rel}","templated":true}]}}