{"id":7125,"date":"2025-10-13T06:48:19","date_gmt":"2025-10-13T06:48:19","guid":{"rendered":"https:\/\/frvape.com\/?page_id=7125"},"modified":"2025-10-13T13:26:19","modified_gmt":"2025-10-13T13:26:19","slug":"kuponu-pasiulymai","status":"publish","type":"page","link":"https:\/\/frvape.com\/lt\/kuponu-pasiulymai\/","title":{"rendered":"Coupons &#038; Offer"},"content":{"rendered":"<div data-elementor-type=\"wp-page\" data-elementor-id=\"7125\" class=\"elementor elementor-7125\">\n\t\t\t\t<div class=\"elementor-element elementor-element-7d519ebb e-flex e-con-boxed e-con e-parent\" data-id=\"7d519ebb\" data-element_type=\"container\">\n\t\t\t\t\t<div class=\"e-con-inner\">\n\t\t\t\t<div class=\"elementor-element elementor-element-4672ad55 elementor-widget elementor-widget-text-editor\" data-id=\"4672ad55\" data-element_type=\"widget\" data-widget_type=\"text-editor.default\">\n\t\t\t\t\t\t\t\t\t\t\t\t\t\t\t\t\t<\/div>\n\t\t\t\t\t<\/div>\n\t\t\t\t<\/div>\n\t\t<div class=\"elementor-element elementor-element-f5a1dac e-flex e-con-boxed e-con e-parent\" data-id=\"f5a1dac\" data-element_type=\"container\">\n\t\t\t\t\t<div class=\"e-con-inner\">\n\t\t\t\t<div class=\"elementor-element elementor-element-8c5601b elementor-widget elementor-widget-text-editor\" data-id=\"8c5601b\" data-element_type=\"widget\" data-widget_type=\"text-editor.default\">\n\t\t\t\t\t\t\t\t\t<h3 data-start=\"108\" data-end=\"153\"><strong data-start=\"112\" data-end=\"153\">I\u0161skirtiniai kuponai ir pasi\u016blymai \"FR Vape<\/strong><\/h3><p data-start=\"155\" data-end=\"305\"><strong data-start=\"155\" data-end=\"305\">Sveiki atvyk\u0119 \u012f \"FR Vape\" - j\u016bs\u0173 vieno langelio principu veikian\u010di\u0105 auk\u0161\u010diausios kokyb\u0117s garinimo produkt\u0173 parduotuv\u0119. M\u0117gaukit\u0117s nuostabiomis santaupomis kitam u\u017esakymui su m\u016bs\u0173 specialiais kuponais ir pasi\u016blymais!<\/strong><\/p><hr data-start=\"307\" data-end=\"310\"><h4 data-start=\"312\" data-end=\"336\"><strong data-start=\"317\" data-end=\"336\">Dabartiniai pasi\u016blymai:<\/strong><\/h4><hr data-start=\"338\" data-end=\"341\"><p data-start=\"343\" data-end=\"390\"><strong data-start=\"343\" data-end=\"390\">1. Pasveikinimo pasi\u016blymas - 10% nuolaida pirmajam u\u017esakymui<\/strong><\/p><p data-start=\"392\" data-end=\"499\">Naujas FR Vape? M\u0117gaukit\u0117s <strong data-start=\"414\" data-end=\"425\">10% OFF<\/strong> pirm\u0105 kart\u0105 perkant!<br data-start=\"449\" data-end=\"452\">\nTiesiog naudokite kod\u0105: <strong data-start=\"473\" data-end=\"486\">WELCOME10<\/strong> prie kasos.<\/p><hr data-start=\"501\" data-end=\"504\"><p data-start=\"506\" data-end=\"553\"><strong data-start=\"506\" data-end=\"553\">2. Pirkite 2, gaukite 1 nemokamai u\u017e pasirinktus el. skys\u010dius!<\/strong><\/p><p data-start=\"555\" data-end=\"720\">Pasipildykite m\u0117gstam\u0173 e. skys\u010di\u0173 atsargas ir sutaupykite!<br data-start=\"600\" data-end=\"603\">\nPirkite du buteliukus pasirinkt\u0173 e. skys\u010di\u0173 ir vien\u0105 gaukite visi\u0161kai NEMOKAMAI!<br data-start=\"669\" data-end=\"672\">\nNereikia kodo, pasi\u016blymas taikomas automati\u0161kai.<\/p><hr data-start=\"722\" data-end=\"725\"><p data-start=\"727\" data-end=\"766\"><strong data-start=\"727\" data-end=\"766\">3. Nemokamas pristatymas u\u017esakymams, vir\u0161ijantiems $50<\/strong><\/p><p data-start=\"768\" data-end=\"917\">Gaukite NEMOKAM\u0104 pristatym\u0105 visiems u\u017esakymams vir\u0161 <strong data-start=\"805\" data-end=\"812\">$50<\/strong>!<br data-start=\"813\" data-end=\"816\">\nNereikia jokio reklaminio kodo, tiesiog u\u017epildykite krep\u0161el\u012f ir nuolaida bus pritaikyta automati\u0161kai per kas\u0105.<\/p><hr data-start=\"919\" data-end=\"922\"><p data-start=\"924\" data-end=\"963\"><strong data-start=\"924\" data-end=\"963\">4. Blykst\u0117s i\u0161pardavimas - 25% nuolaida visiems \u012frenginiams<\/strong><\/p><p data-start=\"965\" data-end=\"1114\">Ribot\u0105 laik\u0105 sutaupykite <strong data-start=\"990\" data-end=\"1001\">25% OFF<\/strong> visiems vape prietaisams, \u012fskaitant rinkinius, modulius ir vienkartinius prietaisus.<br data-start=\"1061\" data-end=\"1064\">\nPaskub\u0117kite, \u0161is sandoris netrukus baigsis! Naudokite kod\u0105: <strong data-start=\"1102\" data-end=\"1113\">FLASH25<\/strong>.<\/p><hr data-start=\"1116\" data-end=\"1119\"><h4 data-start=\"1121\" data-end=\"1150\"><strong data-start=\"1126\" data-end=\"1150\">I\u0161skirtinis VIP pasi\u016blymas:<\/strong><\/h4><p data-start=\"1152\" data-end=\"1186\"><strong data-start=\"1152\" data-end=\"1186\">5. 15% OFF FR Vape nariams<\/strong><\/p><p data-start=\"1188\" data-end=\"1340\">U\u017esiregistruokite m\u016bs\u0173 VIP narystei ir gaukite <strong data-start=\"1227\" data-end=\"1238\">15% OFF<\/strong> kiekvien\u0105 j\u016bs\u0173 u\u017esakym\u0105!<br data-start=\"1260\" data-end=\"1263\">\nGaukite i\u0161skirtinius pasi\u016blymus, i\u0161ankstin\u0119 prieig\u0105 prie nauj\u0173 produkt\u0173 ir speciali\u0173 akcij\u0173.<\/p><p>\n\n\n\n\n\n\n\n\n\n\n\n\n\n\n\n\n\n\n\n<\/p><p data-start=\"1342\" data-end=\"1369\">[Prisijunkite prie VIP programos dabar!]\t\t\t\t\t\t\t\t<\/div>\n\t\t\t\t\t<\/div>\n\t\t\t\t<\/div>\n\t\t\t\t<\/div>","protected":false},"excerpt":{"rendered":"<p>Exclusive Coupons &amp; Offers at FR Vape Welcome to FR Vape \u2013 your one-stop shop for premium vaping products. Enjoy amazing savings on your next order with our special coupons and offers! Current Offers: 1. Welcome Offer \u2013 10% Off Your First Order New to FR Vape? Enjoy 10% OFF on your first purchase! Simply [&#8230;]","protected":false},"author":1,"featured_media":0,"parent":0,"menu_order":0,"comment_status":"closed","ping_status":"closed","template":"","meta":{"footnotes":""},"class_list":["post-7125","page","type-page","status-publish","hentry"],"jetpack_sharing_enabled":true,"_links":{"self":[{"href":"https:\/\/frvape.com\/lt\/wp-json\/wp\/v2\/pages\/7125","targetHints":{"allow":["GET"]}}],"collection":[{"href":"https:\/\/frvape.com\/lt\/wp-json\/wp\/v2\/pages"}],"about":[{"href":"https:\/\/frvape.com\/lt\/wp-json\/wp\/v2\/types\/page"}],"author":[{"embeddable":true,"href":"https:\/\/frvape.com\/lt\/wp-json\/wp\/v2\/users\/1"}],"replies":[{"embeddable":true,"href":"https:\/\/frvape.com\/lt\/wp-json\/wp\/v2\/comments?post=7125"}],"version-history":[{"count":5,"href":"https:\/\/frvape.com\/lt\/wp-json\/wp\/v2\/pages\/7125\/revisions"}],"predecessor-version":[{"id":7130,"href":"https:\/\/frvape.com\/lt\/wp-json\/wp\/v2\/pages\/7125\/revisions\/7130"}],"wp:attachment":[{"href":"https:\/\/frvape.com\/lt\/wp-json\/wp\/v2\/media?parent=7125"}],"curies":[{"name":"wp","href":"https:\/\/api.w.org\/{rel}","templated":true}]}}