{"id":7192,"date":"2025-10-13T07:24:22","date_gmt":"2025-10-13T07:24:22","guid":{"rendered":"https:\/\/frvape.com\/?page_id=7192"},"modified":"2025-10-13T07:26:23","modified_gmt":"2025-10-13T07:26:23","slug":"privatumo-politika","status":"publish","type":"page","link":"https:\/\/frvape.com\/lt\/privatumo-politika\/","title":{"rendered":"Privatumo politika"},"content":{"rendered":"<div data-elementor-type=\"wp-page\" data-elementor-id=\"7192\" class=\"elementor elementor-7192\">\n\t\t\t\t<div class=\"elementor-element elementor-element-67c4d8f e-flex e-con-boxed e-con e-parent\" data-id=\"67c4d8f\" data-element_type=\"container\">\n\t\t\t\t\t<div class=\"e-con-inner\">\n\t\t\t\t<div class=\"elementor-element elementor-element-3f772469 elementor-widget elementor-widget-text-editor\" data-id=\"3f772469\" data-element_type=\"widget\" data-widget_type=\"text-editor.default\">\n\t\t\t\t\t\t\t\t\t\t\t\t\t\t\t\t\t<\/div>\n\t\t\t\t\t<\/div>\n\t\t\t\t<\/div>\n\t\t<div class=\"elementor-element elementor-element-0da027a e-flex e-con-boxed e-con e-parent\" data-id=\"0da027a\" data-element_type=\"container\">\n\t\t\t\t\t<div class=\"e-con-inner\">\n\t\t\t\t<div class=\"elementor-element elementor-element-db2b48d elementor-widget elementor-widget-text-editor\" data-id=\"db2b48d\" data-element_type=\"widget\" data-widget_type=\"text-editor.default\">\n\t\t\t\t\t\t\t\t\t<h3 data-start=\"76\" data-end=\"98\"><strong data-start=\"80\" data-end=\"98\">Privatumo politika<\/strong><\/h3>\n<p data-start=\"100\" data-end=\"328\">Svetain\u0117je <strong data-start=\"103\" data-end=\"114\">FR Vape<\/strong>, mums svarbus j\u016bs\u0173 privatumas. \u0160ioje privatumo politikoje apra\u0161oma, koki\u0105 informacij\u0105 renkame, kaip j\u0105 naudojame ir kaip saugome j\u016bs\u0173 asmens duomenis. Naudodamiesi m\u016bs\u0173 svetaine, j\u016bs sutinkate su \u0161ios privatumo politikos s\u0105lygomis.<\/p>\n<hr data-start=\"330\" data-end=\"333\" \/>\n<h4 data-start=\"335\" data-end=\"369\"><strong data-start=\"340\" data-end=\"369\">1. M\u016bs\u0173 renkama informacija<\/strong><\/h4>\n<p data-start=\"371\" data-end=\"447\">Nor\u0117dami teikti ir tobulinti savo paslaugas, renkame keli\u0173 tip\u0173 informacij\u0105:<\/p>\n<ul data-start=\"449\" data-end=\"1127\">\n<li data-start=\"449\" data-end=\"642\">\n<p data-start=\"451\" data-end=\"642\"><strong data-start=\"451\" data-end=\"476\">Asmenin\u0117 informacija:<\/strong> Kai perkate arba susikuriate paskyr\u0105, renkame asmenin\u0119 informacij\u0105, pavyzd\u017eiui, j\u016bs\u0173 vard\u0105, el. pa\u0161to adres\u0105, pristatymo adres\u0105, telefono numer\u012f ir mok\u0117jimo informacij\u0105.<\/p>\n<\/li>\n<li data-start=\"646\" data-end=\"882\">\n<p data-start=\"648\" data-end=\"882\"><strong data-start=\"648\" data-end=\"677\">Ne asmenin\u0117 informacija:<\/strong> Galime rinkti neasmenin\u0119 informacij\u0105, pavyzd\u017eiui, j\u016bs\u0173 IP adres\u0105, nar\u0161ykl\u0117s tip\u0105, operacin\u0119 sistem\u0105, aplankytus puslapius ir laik\u0105, praleist\u0105 m\u016bs\u0173 svetain\u0117je. Tai padeda mums analizuoti tendencijas ir gerinti naudotoj\u0173 patirt\u012f.<\/p>\n<\/li>\n<li data-start=\"884\" data-end=\"1127\">\n<p data-start=\"886\" data-end=\"1127\"><strong data-start=\"886\" data-end=\"898\">Slapukai:<\/strong> Slapukus naudojame siekdami pagerinti j\u016bs\u0173 apsipirkimo patirt\u012f ir rinkti anoniminius duomenis apie tai, kaip lankytojai naudojasi m\u016bs\u0173 svetaine. Slapuk\u0173 nustatymus galite valdyti per savo nar\u0161ykl\u0119, ta\u010diau kai kurios svetain\u0117s funkcijos gali neveikti, jei slapukai yra i\u0161jungti.<\/p>\n<\/li>\n<\/ul>\n<hr data-start=\"1129\" data-end=\"1132\" \/>\n<h4 data-start=\"1134\" data-end=\"1173\"><strong data-start=\"1139\" data-end=\"1173\">2. Kaip mes naudojame j\u016bs\u0173 informacij\u0105<\/strong><\/h4>\n<p data-start=\"1175\" data-end=\"1231\">Surinkt\u0105 informacij\u0105 naudojame \u0161iais b\u016bdais:<\/p>\n<ul data-start=\"1233\" data-end=\"1879\">\n<li data-start=\"1233\" data-end=\"1378\">\n<p data-start=\"1235\" data-end=\"1378\"><strong data-start=\"1235\" data-end=\"1257\">Nor\u0117dami apdoroti u\u017esakymus:<\/strong> J\u016bs\u0173 asmenin\u0117 informacija naudojama j\u016bs\u0173 u\u017esakymams apdoroti ir vykdyti, \u012fskaitant s\u0105skait\u0173 i\u0161ra\u0161ym\u0105, pristatym\u0105 ir klient\u0173 aptarnavim\u0105.<\/p>\n<\/li>\n<li data-start=\"1380\" data-end=\"1515\">\n<p data-start=\"1382\" data-end=\"1515\"><strong data-start=\"1382\" data-end=\"1410\">Tobulinti m\u016bs\u0173 paslaugas:<\/strong> Analizuojame, kaip naudojat\u0117s m\u016bs\u0173 svetaine, kad suprastume j\u016bs\u0173 pageidavimus ir tobulintume savo produktus bei paslaugas.<\/p>\n<\/li>\n<li data-start=\"1517\" data-end=\"1740\">\n<p data-start=\"1519\" data-end=\"1740\"><strong data-start=\"1519\" data-end=\"1547\">Bendrauti su jumis:<\/strong> Galime si\u0173sti jums naujienas apie j\u016bs\u0173 u\u017esakymus, reklaminius pasi\u016blymus ir kit\u0105 svarbi\u0105 informacij\u0105. Galite bet kada atsisakyti rinkodaros el. lai\u0161k\u0173, paspaud\u0119 el. lai\u0161ke esan\u010di\u0105 nuorod\u0105 \"atsisakyti prenumeratos\".<\/p>\n<\/li>\n<li data-start=\"1742\" data-end=\"1879\">\n<p data-start=\"1744\" data-end=\"1879\"><strong data-start=\"1744\" data-end=\"1765\">Suk\u010diavimo prevencija:<\/strong> J\u016bs\u0173 informacij\u0105 galime naudoti siekdami aptikti ir u\u017ekirsti keli\u0105 nes\u0105\u017einingiems sandoriams bei u\u017etikrinti m\u016bs\u0173 svetain\u0117s saugum\u0105.<\/p>\n<\/li>\n<\/ul>\n<hr data-start=\"1881\" data-end=\"1884\" \/>\n<h4 data-start=\"1886\" data-end=\"1913\"><strong data-start=\"1891\" data-end=\"1913\">3. Duomen\u0173 apsauga<\/strong><\/h4>\n<p data-start=\"1915\" data-end=\"2269\">J\u016bs\u0173 asmenin\u0117s informacijos saugum\u0105 vertiname rimtai. \u012egyvendiname tinkamas technines ir organizacines priemones, kad apsaugotume j\u016bs\u0173 duomenis nuo neteis\u0117tos prieigos, pakeitimo ar atskleidimo. Ta\u010diau atkreipkite d\u0117mes\u012f, kad joks perdavimo internetu ar elektroninio saugojimo b\u016bdas n\u0117ra visi\u0161kai saugus, tod\u0117l negalime u\u017etikrinti visi\u0161ko saugumo.<\/p>\n<hr data-start=\"2271\" data-end=\"2274\" \/>\n<h4 data-start=\"2276\" data-end=\"2312\"><strong data-start=\"2281\" data-end=\"2312\">4. Dalijimasis j\u016bs\u0173 informacija<\/strong><\/h4>\n<p data-start=\"2314\" data-end=\"2452\">J\u016bs\u0173 asmenin\u0117s informacijos neparduodame, nenuomojame ir neperduodame tre\u010diosioms \u0161alims. Ta\u010diau j\u016bs\u0173 duomenimis galime dalytis toliau nurodytais atvejais:<\/p>\n<ul data-start=\"2454\" data-end=\"3176\">\n<li data-start=\"2454\" data-end=\"2783\">\n<p data-start=\"2456\" data-end=\"2783\"><strong data-start=\"2456\" data-end=\"2478\">Paslaug\u0173 teik\u0117jai:<\/strong> Galime dalytis j\u016bs\u0173 informacija su patikimais tre\u010di\u0173j\u0173 \u0161ali\u0173 paslaug\u0173 teik\u0117jais, kurie padeda mums tvarkyti mok\u0117jimus, vykdyti u\u017esakymus, pristatyti produktus ir analizuoti svetain\u0117s naudojim\u0105. \u0160ie paslaug\u0173 teik\u0117jai privalo saugoti j\u016bs\u0173 informacij\u0105 konfidencialiai ir naudoti j\u0105 tik m\u016bs\u0173 \u012fgaliotais tikslais.<\/p>\n<\/li>\n<li data-start=\"2787\" data-end=\"2958\">\n<p data-start=\"2789\" data-end=\"2958\"><strong data-start=\"2789\" data-end=\"2812\">Teisiniai reikalavimai:<\/strong> Galime atskleisti j\u016bs\u0173 asmenin\u0119 informacij\u0105, jei to reikalaujama pagal \u012fstatymus arba atsakant \u012f pagr\u012fstus teisinius pra\u0161ymus (pvz., teismo \u0161aukim\u0105 ar teismo \u012fsakym\u0105).<\/p>\n<\/li>\n<li data-start=\"2960\" data-end=\"3176\">\n<p data-start=\"2962\" data-end=\"3176\"><strong data-start=\"2962\" data-end=\"2985\">Verslo perk\u0117limai:<\/strong> Susijungimo, \u012fsigijimo ar turto pardavimo atveju j\u016bs\u0173 asmenin\u0117 informacija gali b\u016bti perduota kaip sandorio dalis. Jei taip atsitikt\u0173, mes jums apie tai prane\u0161ime ir nurodysime j\u016bs\u0173 galimybes.<\/p>\n<\/li>\n<\/ul>\n<hr data-start=\"3178\" data-end=\"3181\" \/>\n<h4 data-start=\"3183\" data-end=\"3218\"><strong data-start=\"3188\" data-end=\"3218\">5. J\u016bs\u0173 teis\u0117s ir pasirinkimai<\/strong><\/h4>\n<p data-start=\"3220\" data-end=\"3286\">Turite \u0161ias teises, susijusias su j\u016bs\u0173 asmenine informacija:<\/p>\n<ul data-start=\"3288\" data-end=\"3988\">\n<li data-start=\"3288\" data-end=\"3371\">\n<p data-start=\"3290\" data-end=\"3371\"><strong data-start=\"3290\" data-end=\"3301\">Prieiga:<\/strong> Galite pra\u0161yti prieigos prie m\u016bs\u0173 turimos asmenin\u0117s informacijos apie jus.<\/p>\n<\/li>\n<li data-start=\"3375\" data-end=\"3484\">\n<p data-start=\"3377\" data-end=\"3484\"><strong data-start=\"3377\" data-end=\"3392\">Pataisymas:<\/strong> Jei j\u016bs\u0173 informacija yra neteisinga arba pasenusi, galite papra\u0161yti j\u0105 atnaujinti arba i\u0161taisyti.<\/p>\n<\/li>\n<li data-start=\"3486\" data-end=\"3665\">\n<p data-start=\"3488\" data-end=\"3665\"><strong data-start=\"3488\" data-end=\"3501\">I\u0161braukimas:<\/strong> Galite papra\u0161yti, kad i\u0161trintume j\u016bs\u0173 asmenin\u0119 informacij\u0105, atsi\u017evelgiant \u012f tam tikras i\u0161imtis (pvz., kai privalome j\u0105 saugoti teisiniais ar apskaitos tikslais).<\/p>\n<\/li>\n<li data-start=\"3667\" data-end=\"3808\">\n<p data-start=\"3669\" data-end=\"3808\"><strong data-start=\"3669\" data-end=\"3681\">Atsisakyti:<\/strong> Galite atsisakyti gauti reklaminius el. lai\u0161kus paspausdami nuorod\u0105 \"atsisakyti prenumeratos\" bet kuriame i\u0161 m\u016bs\u0173 gautame rinkodaros el. lai\u0161ke.<\/p>\n<\/li>\n<li data-start=\"3810\" data-end=\"3988\">\n<p data-start=\"3812\" data-end=\"3988\"><strong data-start=\"3812\" data-end=\"3829\">Nesekti:<\/strong> Kai kuriose interneto nar\u0161ykl\u0117se yra funkcija \"Nesekti\", kuri leid\u017eia atsisakyti svetaini\u0173 sekimo. \u0160iuo metu \u012f \"Do Not Track\" signalus nereaguojame.<\/p>\n<\/li>\n<\/ul>\n<p data-start=\"3990\" data-end=\"4067\">Nor\u0117dami pasinaudoti bet kuria i\u0161 \u0161i\u0173 teisi\u0173, susisiekite su mumis adresu <strong data-start=\"4044\" data-end=\"4066\"><a class=\"decorated-link cursor-pointer\" rel=\"noopener\" data-start=\"4046\" data-end=\"4064\">support@frvape.com<\/a><\/strong>.<\/p>\n<hr data-start=\"4069\" data-end=\"4072\" \/>\n<h4 data-start=\"4074\" data-end=\"4104\"><strong data-start=\"4079\" data-end=\"4104\">6. Vaik\u0173 privatumas<\/strong><\/h4>\n<p data-start=\"4106\" data-end=\"4353\">M\u016bs\u0173 svetain\u0117 n\u0117ra skirta jaunesniems nei 21 met\u0173 vaikams ir mes s\u0105moningai nerenkame vaik\u0173 asmenin\u0117s informacijos. Jei su\u017einosime, kad surinkome jaunesnio nei 21 met\u0173 vaiko asmenin\u0119 informacij\u0105, kuo grei\u010diau j\u0105 i\u0161trinsime.<\/p>\n<hr data-start=\"4355\" data-end=\"4358\" \/>\n<h4 data-start=\"4360\" data-end=\"4389\"><strong data-start=\"4365\" data-end=\"4389\">7. Tre\u010di\u0173j\u0173 \u0161ali\u0173 nuorodos<\/strong><\/h4>\n<p data-start=\"4391\" data-end=\"4636\">M\u016bs\u0173 svetain\u0117je gali b\u016bti nuorod\u0173 \u012f tre\u010di\u0173j\u0173 \u0161ali\u0173 svetaines, paslaugas ar produktus. Mes neatsakome u\u017e \u0161i\u0173 tre\u010di\u0173j\u0173 \u0161ali\u0173 privatumo praktik\u0105, tod\u0117l raginame jus perskaityti j\u0173 privatumo politik\u0105 prie\u0161 pateikiant bet koki\u0105 asmenin\u0119 informacij\u0105.<\/p>\n<hr data-start=\"4638\" data-end=\"4641\" \/>\n<h4 data-start=\"4643\" data-end=\"4685\"><strong data-start=\"4648\" data-end=\"4685\">8. \u0160ios privatumo politikos pakeitimai<\/strong><\/h4>\n<p data-start=\"4687\" data-end=\"4933\">Kartais galime atnaujinti \u0161i\u0105 privatumo politik\u0105. Atlik\u0119 pakeitimus, atnaujinsime \u0161io puslapio vir\u0161uje esan\u010di\u0105 \"Paskutinio atnaujinimo\" dat\u0105. Raginame jus periodi\u0161kai per\u017ei\u016br\u0117ti \u0161i\u0105 politik\u0105, kad \u017einotum\u0117te, kaip saugome j\u016bs\u0173 informacij\u0105.<\/p>\n<hr data-start=\"4935\" data-end=\"4938\" \/>\n<h4 data-start=\"4940\" data-end=\"4962\"><strong data-start=\"4945\" data-end=\"4962\">9. Susisiekite su mumis<\/strong><\/h4>\n<p data-start=\"4964\" data-end=\"5047\">Jei turite klausim\u0173 ar abejoni\u0173 d\u0117l \u0161ios privatumo politikos, susisiekite su mumis:<\/p>\n<ul data-start=\"5049\" data-end=\"5153\">\n<li data-start=\"5083\" data-end=\"5112\">\n<p data-start=\"5085\" data-end=\"5112\"><strong data-start=\"5085\" data-end=\"5095\">Telefonas:<\/strong> +86 133 6063 1532<\/p>\n<\/li>\n<li data-start=\"5113\" data-end=\"5153\">\n<p data-start=\"5115\" data-end=\"5153\"><strong data-start=\"5115\" data-end=\"5127\">Adresas:<\/strong><span style=\"color: #333333; font-size: 14.4px;\">312 kambarys, Nr. 23, Wusha Xinle Road, Chang'an Town, Dongguan<\/span><\/p>\n<\/li>\n<\/ul>\t\t\t\t\t\t\t\t<\/div>\n\t\t\t\t\t<\/div>\n\t\t\t\t<\/div>\n\t\t\t\t<\/div>","protected":false},"excerpt":{"rendered":"<p>Privacy Policy At FR Vape, your privacy is important to us. This Privacy Policy outlines the information we collect, how we use it, and how we protect your personal data. By using our website, you agree to the terms of this Privacy Policy. 1. Information We Collect We collect several types of information to provide [&#8230;]","protected":false},"author":1,"featured_media":0,"parent":0,"menu_order":0,"comment_status":"closed","ping_status":"closed","template":"","meta":{"footnotes":""},"class_list":["post-7192","page","type-page","status-publish","hentry"],"jetpack_sharing_enabled":true,"_links":{"self":[{"href":"https:\/\/frvape.com\/lt\/wp-json\/wp\/v2\/pages\/7192","targetHints":{"allow":["GET"]}}],"collection":[{"href":"https:\/\/frvape.com\/lt\/wp-json\/wp\/v2\/pages"}],"about":[{"href":"https:\/\/frvape.com\/lt\/wp-json\/wp\/v2\/types\/page"}],"author":[{"embeddable":true,"href":"https:\/\/frvape.com\/lt\/wp-json\/wp\/v2\/users\/1"}],"replies":[{"embeddable":true,"href":"https:\/\/frvape.com\/lt\/wp-json\/wp\/v2\/comments?post=7192"}],"version-history":[{"count":4,"href":"https:\/\/frvape.com\/lt\/wp-json\/wp\/v2\/pages\/7192\/revisions"}],"predecessor-version":[{"id":7203,"href":"https:\/\/frvape.com\/lt\/wp-json\/wp\/v2\/pages\/7192\/revisions\/7203"}],"wp:attachment":[{"href":"https:\/\/frvape.com\/lt\/wp-json\/wp\/v2\/media?parent=7192"}],"curies":[{"name":"wp","href":"https:\/\/api.w.org\/{rel}","templated":true}]}}