{"id":7204,"date":"2025-10-13T07:27:19","date_gmt":"2025-10-13T07:27:19","guid":{"rendered":"https:\/\/frvape.com\/?page_id=7204"},"modified":"2025-10-13T07:29:31","modified_gmt":"2025-10-13T07:29:31","slug":"amziaus-politika","status":"publish","type":"page","link":"https:\/\/frvape.com\/lt\/amziaus-politika\/","title":{"rendered":"Am\u017eiaus politika"},"content":{"rendered":"<div data-elementor-type=\"wp-page\" data-elementor-id=\"7204\" class=\"elementor elementor-7204\">\n\t\t\t\t<div class=\"elementor-element elementor-element-7db4835c e-flex e-con-boxed e-con e-parent\" data-id=\"7db4835c\" data-element_type=\"container\">\n\t\t\t\t\t<div class=\"e-con-inner\">\n\t\t\t\t<div class=\"elementor-element elementor-element-1cc1a384 elementor-widget elementor-widget-text-editor\" data-id=\"1cc1a384\" data-element_type=\"widget\" data-widget_type=\"text-editor.default\">\n\t\t\t\t\t\t\t\t\t\t\t\t\t\t\t\t\t<\/div>\n\t\t\t\t\t<\/div>\n\t\t\t\t<\/div>\n\t\t<div class=\"elementor-element elementor-element-aa8a800 e-flex e-con-boxed e-con e-parent\" data-id=\"aa8a800\" data-element_type=\"container\">\n\t\t\t\t\t<div class=\"e-con-inner\">\n\t\t\t\t<div class=\"elementor-element elementor-element-22a10a8 elementor-widget elementor-widget-text-editor\" data-id=\"22a10a8\" data-element_type=\"widget\" data-widget_type=\"text-editor.default\">\n\t\t\t\t\t\t\t\t\t<h3 data-start=\"73\" data-end=\"91\"><strong data-start=\"77\" data-end=\"91\">Am\u017eiaus politika<\/strong><\/h3>\n<p data-start=\"93\" data-end=\"368\">Svetain\u0117je <strong data-start=\"96\" data-end=\"107\">FR Vape<\/strong>esame \u012fsipareigoj\u0119 skatinti atsaking\u0105 garinim\u0105. D\u0117l m\u016bs\u0173 gamini\u0173, kurie skirti suaugusiesiems, pob\u016bd\u017eio \u012fdieg\u0117me grie\u017etus am\u017eiaus tikrinimo protokolus, kad u\u017etikrintume atitikt\u012f teisiniams reikalavimams ir savo klient\u0173 saugum\u0105.<\/p>\n<hr data-start=\"370\" data-end=\"373\" \/>\n<h4 data-start=\"375\" data-end=\"402\"><strong data-start=\"380\" data-end=\"402\">1. Am\u017eiaus reikalavimai<\/strong><\/h4>\n<ul data-start=\"404\" data-end=\"822\">\n<li data-start=\"404\" data-end=\"613\">\n<p data-start=\"406\" data-end=\"613\"><strong data-start=\"406\" data-end=\"422\">Minimalus am\u017eius:<\/strong> Turite b\u016bti bent <strong data-start=\"444\" data-end=\"460\">21 met\u0173<\/strong> pirkti bet kokius garinimo produktus i\u0161 <strong data-start=\"498\" data-end=\"509\">FR Vape<\/strong>. Tai atitinka federalinius ir valstij\u0173 \u012fstatymus, reglamentuojan\u010dius tabako ir nikotino gamini\u0173 pardavim\u0105.<\/p>\n<\/li>\n<li data-start=\"614\" data-end=\"822\">\n<p data-start=\"616\" data-end=\"822\"><strong data-start=\"616\" data-end=\"637\">Am\u017eiaus patikrinimas:<\/strong> Naudodamiesi m\u016bs\u0173 interneto svetaine ir pirkdami patvirtinate, kad esate pilnametis ir savo jurisdikcijoje galite pirkti garinimo gaminius. Prie\u0161 tvarkydami j\u016bs\u0173 u\u017esakym\u0105 galime papra\u0161yti pateikti am\u017ei\u0173 patvirtinant\u012f dokument\u0105.<\/p>\n<\/li>\n<\/ul>\n<hr data-start=\"824\" data-end=\"827\" \/>\n<h4 data-start=\"829\" data-end=\"865\"><strong data-start=\"834\" data-end=\"865\">2. Am\u017eiaus patikrinimo procesas<\/strong><\/h4>\n<p data-start=\"867\" data-end=\"1051\">Siekdami u\u017etikrinti, kad b\u016bt\u0173 laikomasi am\u017eiaus apribojim\u0173, naudojame tre\u010diosios \u0161alies am\u017eiaus tikrinimo paslaug\u0105. \u0160i paslauga patikrina, ar esate pilnametis, ir tik tada galite u\u017ebaigti pirkim\u0105.<\/p>\n<ul data-start=\"1053\" data-end=\"1432\">\n<li data-start=\"1053\" data-end=\"1186\">\n<p data-start=\"1055\" data-end=\"1186\"><strong data-start=\"1055\" data-end=\"1075\">U\u017esakymo pateikimas:<\/strong> Kai pateikiate u\u017esakym\u0105 <strong data-start=\"1103\" data-end=\"1117\">frvape.com<\/strong>, tur\u0117site patvirtinti, kad esate ne jaunesnis nei 21 met\u0173.<\/p>\n<\/li>\n<li data-start=\"1187\" data-end=\"1432\">\n<p data-start=\"1189\" data-end=\"1432\"><strong data-start=\"1189\" data-end=\"1217\">Papildomas patikrinimas:<\/strong> Jei reikia, prie\u0161 tvarkydami u\u017esakym\u0105 galime papra\u0161yti \u012fkelti vyriausyb\u0117s i\u0161duoto asmens tapatyb\u0117s dokumento nuotrauk\u0105, kad patvirtintume j\u016bs\u0173 am\u017ei\u0173. J\u016bs\u0173 asmens tapatyb\u0117s dokumentas bus naudojamas tik patvirtinimo tikslais ir nebus saugomas m\u016bs\u0173 sistemoje.<\/p>\n<\/li>\n<\/ul>\n<hr data-start=\"1434\" data-end=\"1437\" \/>\n<h4 data-start=\"1439\" data-end=\"1472\"><strong data-start=\"1444\" data-end=\"1472\">3. Pardavimo apribojimai<\/strong><\/h4>\n<ul data-start=\"1474\" data-end=\"1991\">\n<li data-start=\"1474\" data-end=\"1658\">\n<p data-start=\"1476\" data-end=\"1658\"><strong data-start=\"1476\" data-end=\"1499\">Draud\u017eiama parduoti nepilname\u010diams:<\/strong> Jaunesniems nei 21 met\u0173 asmenims neparduodame joki\u0173 garinimo produkt\u0173. Jei esate nepilnametis, susilaikykite nuo bandym\u0173 \u012fsigyti preki\u0173 i\u0161 m\u016bs\u0173 svetain\u0117s.<\/p>\n<\/li>\n<li data-start=\"1659\" data-end=\"1991\">\n<p data-start=\"1661\" data-end=\"1991\"><strong data-start=\"1661\" data-end=\"1691\">Geografiniai apribojimai:<\/strong> Kai kuriose \u0161alyse, regionuose ar valstijose gali b\u016bti taikomi savi am\u017eiaus apribojimai, taikomi pardavimui. Patys privalote pasitikrinti ir \u012fsitikinti, kad j\u016bs\u0173 vietov\u0117je jums leid\u017eiama pirkti ir naudoti garinimo gaminius. Pasiliekame teis\u0119 atsisakyti aptarnauti klientus i\u0161 region\u0173, kuriuose galioja apribojimai.<\/p>\n<\/li>\n<\/ul>\n<hr data-start=\"1993\" data-end=\"1996\" \/>\n<h4 data-start=\"1998\" data-end=\"2041\"><strong data-start=\"2003\" data-end=\"2041\">4. Am\u017eiaus politikos pa\u017eeidim\u0173 poveikis<\/strong><\/h4>\n<ul data-start=\"2043\" data-end=\"2514\">\n<li data-start=\"2043\" data-end=\"2202\">\n<p data-start=\"2045\" data-end=\"2202\"><strong data-start=\"2045\" data-end=\"2068\">Atsisakymas teikti paslaugas:<\/strong> Jei nustatysime, kad klientas yra nepilnametis arba pa\u017eeid\u0117 m\u016bs\u0173 am\u017eiaus politik\u0105, nedelsdami at\u0161auksime jo u\u017esakym\u0105 ir gr\u0105\u017einsime pinigus.<\/p>\n<\/li>\n<li data-start=\"2203\" data-end=\"2370\">\n<p data-start=\"2205\" data-end=\"2370\"><strong data-start=\"2205\" data-end=\"2228\">Paskyros sustabdymas:<\/strong> Jei bus nustatyta, kad bet kuris klientas pateikia melaging\u0105 informacij\u0105 apie savo am\u017ei\u0173, jo paskyra gali b\u016bti sustabdyta arba visam laikui u\u017edrausta naudotis m\u016bs\u0173 svetaine.<\/p>\n<\/li>\n<li data-start=\"2371\" data-end=\"2514\">\n<p data-start=\"2373\" data-end=\"2514\"><strong data-start=\"2373\" data-end=\"2396\">Teisin\u0117s pasekm\u0117s:<\/strong> D\u0117l su am\u017eiumi susijusi\u0173 \u012fstatym\u0173 pa\u017eeidimo gali b\u016bti imtasi teisini\u0173 veiksm\u0173 pagal j\u016bs\u0173 jurisdikcijoje galiojan\u010dius \u012fstatymus.<\/p>\n<\/li>\n<\/ul>\n<hr data-start=\"2516\" data-end=\"2519\" \/>\n<h4 data-start=\"2521\" data-end=\"2556\"><strong data-start=\"2526\" data-end=\"2556\">5. T\u0117v\u0173 atsakomyb\u0117<\/strong><\/h4>\n<p data-start=\"2558\" data-end=\"2815\">Jei esate suaug\u0119s asmuo, perkantis garinimo produktus kitam asmeniui, privalote u\u017etikrinti, kad gav\u0117jas taip pat b\u016bt\u0173 pilnametis ir gal\u0117t\u0173 naudoti produktus. <strong data-start=\"2717\" data-end=\"2728\">FR Vape<\/strong> neatsako u\u017e produkt\u0173 pardavim\u0105 ar netinkam\u0105 naudojim\u0105, kai juos parduoda jaunesni nei \u012fstatymo leid\u017eiamas am\u017eius asmenys.<\/p>\n<hr data-start=\"2817\" data-end=\"2820\" \/>\n<h4 data-start=\"2822\" data-end=\"2866\"><strong data-start=\"2827\" data-end=\"2866\">6. \u012esipareigojimas atsakingai garinti<\/strong><\/h4>\n<p data-start=\"2868\" data-end=\"3111\">Svetain\u0117je <strong data-start=\"2871\" data-end=\"2882\">FR Vape<\/strong>, skatiname atsaking\u0105 garinimo produkt\u0173 naudojim\u0105. Skatiname suaugusiuosius naudoti m\u016bs\u0173 gaminius laikantis sveikatos ir saugos rekomendacij\u0173. Mes nepalaikom ir neremiame, kad garinimo gaminius naudot\u0173 jaunesni nei \u012fstatyme numatyto am\u017eiaus asmenys.<\/p>\n<p>9. Susisiekite su mumis<\/p>\n<p>Jei turite klausim\u0173 ar abejoni\u0173 d\u0117l \u0161ios privatumo politikos, susisiekite su mumis:<\/p>\n<p>Telefonas: +86 133 6063 1532<\/p>\n<p>Adresas: 312 kambarys, Nr. 23, Wusha Xinle Road, Chang'an Town, Dongguan<\/p>\t\t\t\t\t\t\t\t<\/div>\n\t\t\t\t\t<\/div>\n\t\t\t\t<\/div>\n\t\t\t\t<\/div>","protected":false},"excerpt":{"rendered":"<p>Age Policy At FR Vape, we are committed to promoting responsible vaping. Due to the nature of our products, which are intended for adults, we have implemented strict age verification protocols to ensure compliance with legal requirements and to maintain the safety of our customers. 1. Age Requirement Minimum Age: You must be at least [&#8230;]","protected":false},"author":1,"featured_media":0,"parent":0,"menu_order":0,"comment_status":"closed","ping_status":"closed","template":"","meta":{"footnotes":""},"class_list":["post-7204","page","type-page","status-publish","hentry"],"jetpack_sharing_enabled":true,"_links":{"self":[{"href":"https:\/\/frvape.com\/lt\/wp-json\/wp\/v2\/pages\/7204","targetHints":{"allow":["GET"]}}],"collection":[{"href":"https:\/\/frvape.com\/lt\/wp-json\/wp\/v2\/pages"}],"about":[{"href":"https:\/\/frvape.com\/lt\/wp-json\/wp\/v2\/types\/page"}],"author":[{"embeddable":true,"href":"https:\/\/frvape.com\/lt\/wp-json\/wp\/v2\/users\/1"}],"replies":[{"embeddable":true,"href":"https:\/\/frvape.com\/lt\/wp-json\/wp\/v2\/comments?post=7204"}],"version-history":[{"count":4,"href":"https:\/\/frvape.com\/lt\/wp-json\/wp\/v2\/pages\/7204\/revisions"}],"predecessor-version":[{"id":7208,"href":"https:\/\/frvape.com\/lt\/wp-json\/wp\/v2\/pages\/7204\/revisions\/7208"}],"wp:attachment":[{"href":"https:\/\/frvape.com\/lt\/wp-json\/wp\/v2\/media?parent=7204"}],"curies":[{"name":"wp","href":"https:\/\/api.w.org\/{rel}","templated":true}]}}