{"id":7209,"date":"2025-10-13T07:30:07","date_gmt":"2025-10-13T07:30:07","guid":{"rendered":"https:\/\/frvape.com\/?page_id=7209"},"modified":"2025-10-13T07:32:55","modified_gmt":"2025-10-13T07:32:55","slug":"pirkti-vapes-su-paypal","status":"publish","type":"page","link":"https:\/\/frvape.com\/lt\/pirkti-vapes-su-paypal\/","title":{"rendered":"Pirkti \"Vapes\" su \"Paypal"},"content":{"rendered":"<div data-elementor-type=\"wp-page\" data-elementor-id=\"7209\" class=\"elementor elementor-7209\">\n\t\t\t\t<div class=\"elementor-element elementor-element-1fc0d9f2 e-flex e-con-boxed e-con e-parent\" data-id=\"1fc0d9f2\" data-element_type=\"container\">\n\t\t\t\t\t<div class=\"e-con-inner\">\n\t\t\t\t<div class=\"elementor-element elementor-element-7bd5de14 elementor-widget elementor-widget-text-editor\" data-id=\"7bd5de14\" data-element_type=\"widget\" data-widget_type=\"text-editor.default\">\n\t\t\t\t\t\t\t\t\t\t\t\t\t\t\t\t\t<\/div>\n\t\t\t\t\t<\/div>\n\t\t\t\t<\/div>\n\t\t<div class=\"elementor-element elementor-element-07d1529 e-flex e-con-boxed e-con e-parent\" data-id=\"07d1529\" data-element_type=\"container\">\n\t\t\t\t\t<div class=\"e-con-inner\">\n\t\t\t\t<div class=\"elementor-element elementor-element-6073f1f elementor-widget elementor-widget-text-editor\" data-id=\"6073f1f\" data-element_type=\"widget\" data-widget_type=\"text-editor.default\">\n\t\t\t\t\t\t\t\t\t<h3 data-start=\"153\" data-end=\"193\"><strong data-start=\"157\" data-end=\"193\">Pirkti garintuvus su \"PayPal\" FR Vape<\/strong><\/h3>\n<p data-start=\"195\" data-end=\"315\">Svetain\u0117je <strong data-start=\"198\" data-end=\"209\">FR Vape<\/strong>si\u016blome patog\u0173 ir saug\u0173 b\u016bd\u0105 \u012fsigyti m\u0117gstam\u0173 garinimo produkt\u0173 naudojant <strong data-start=\"304\" data-end=\"314\">\"PayPal\"<\/strong>.<\/p>\n<hr data-start=\"317\" data-end=\"320\" \/>\n<h4 data-start=\"322\" data-end=\"360\"><strong data-start=\"327\" data-end=\"360\">Kaip pirkti \"Vapes\" su \"PayPal\":<\/strong><\/h4>\n<ol data-start=\"362\" data-end=\"1327\">\n<li data-start=\"362\" data-end=\"548\">\n<p data-start=\"365\" data-end=\"548\"><strong data-start=\"365\" data-end=\"391\">Per\u017ei\u016br\u0117kite m\u016bs\u0173 kolekcij\u0105:<\/strong><br data-start=\"391\" data-end=\"394\" \/>Prad\u0117kite nar\u0161yti plat\u0173 garintuv\u0173, elektronini\u0173 skys\u010di\u0173, pried\u0173 ir dar daugiau preki\u0173 pasirinkim\u0105. Rad\u0119 norimus produktus, tiesiog spustel\u0117kite <strong data-start=\"532\" data-end=\"547\">\u012e krep\u0161el\u012f<\/strong>.<\/p>\n<\/li>\n<li data-start=\"550\" data-end=\"722\">\n<p data-start=\"553\" data-end=\"722\"><strong data-start=\"553\" data-end=\"572\">Eikite \u012f kas\u0105:<\/strong><br data-start=\"572\" data-end=\"575\" \/>Kai visk\u0105 prid\u0117site \u012f krep\u0161el\u012f, spustel\u0117kite <strong data-start=\"635\" data-end=\"643\">Krep\u0161elis<\/strong> piktogram\u0105 ir per\u017ei\u016br\u0117kite savo elementus. Prie\u0161 t\u0119sdami \u012fsitikinkite, kad viskas teisinga.<\/p>\n<\/li>\n<li data-start=\"724\" data-end=\"898\">\n<p data-start=\"727\" data-end=\"898\"><strong data-start=\"727\" data-end=\"757\">Registruodamiesi pasirinkite \"PayPal\":<\/strong><br data-start=\"757\" data-end=\"760\" \/>Kai atsidursite kasos puslapyje, jums bus pateiktos kelios mok\u0117jimo parinktys. Tiesiog pasirinkite <strong data-start=\"864\" data-end=\"874\">\"PayPal\"<\/strong> kaip mok\u0117jimo b\u016bd\u0105.<\/p>\n<\/li>\n<li data-start=\"900\" data-end=\"1104\">\n<p data-start=\"903\" data-end=\"1104\"><strong data-start=\"903\" data-end=\"923\">Prisijunkite prie \"PayPal\":<\/strong><br data-start=\"923\" data-end=\"926\" \/>Jei dar nesate prisijung\u0119 prie \"PayPal\" paskyros, b\u016bsite paraginti prisijungti. Galite saugiai sumok\u0117ti naudodami \"PayPal\" likut\u012f, susiet\u0105 banko s\u0105skait\u0105 arba kredito \/ debeto kortel\u0119.<\/p>\n<\/li>\n<li data-start=\"1106\" data-end=\"1327\">\n<p data-start=\"1109\" data-end=\"1327\"><strong data-start=\"1109\" data-end=\"1136\">U\u017epildykite pirkim\u0105:<\/strong><br data-start=\"1136\" data-end=\"1139\" \/>Prisijung\u0119 prie \"PayPal\", per\u017ei\u016br\u0117kite mok\u0117jimo duomenis ir patvirtinkite pirkim\u0105. Gausite <strong data-start=\"1242\" data-end=\"1264\">U\u017esakymo patvirtinimas<\/strong> el. pa\u0161tas i\u0161 <strong data-start=\"1276\" data-end=\"1287\">FR Vape<\/strong> kai tik u\u017esakymas bus s\u0117kmingai pateiktas.<\/p>\n<\/li>\n<\/ol>\n<hr data-start=\"1329\" data-end=\"1332\" \/>\n<h4 data-start=\"1334\" data-end=\"1369\"><strong data-start=\"1339\" data-end=\"1369\">Kod\u0117l verta naudoti \"PayPal\" \"FR Vape\"?<\/strong><\/h4>\n<ul data-start=\"1371\" data-end=\"1747\">\n<li data-start=\"1371\" data-end=\"1509\">\n<p data-start=\"1373\" data-end=\"1509\"><strong data-start=\"1373\" data-end=\"1397\">Saug\u016bs sandoriai:<\/strong> \"PayPal\" si\u016blo saug\u0173 b\u016bd\u0105, kaip atlikti sandorius nesidalijant mok\u0117jimo duomenimis tiesiogiai su mumis.<\/p>\n<\/li>\n<li data-start=\"1510\" data-end=\"1617\">\n<p data-start=\"1512\" data-end=\"1617\"><strong data-start=\"1512\" data-end=\"1528\">Lengva naudoti:<\/strong> \"PayPal\" yra paprastas ir patikimas mok\u0117jimo b\u016bdas, tod\u0117l atsiskaityti galima grei\u010diau ir lengviau.<\/p>\n<\/li>\n<li data-start=\"1618\" data-end=\"1747\">\n<p data-start=\"1620\" data-end=\"1747\"><strong data-start=\"1620\" data-end=\"1641\">Pirk\u0117j\u0173 apsauga:<\/strong> \"PayPal\" u\u017etikrina pirk\u0117jo apsaug\u0105 reikalavimus atitinkantiems sandoriams, tod\u0117l pirkdami pas mus galite b\u016bti ram\u016bs.<\/p>\n<\/li>\n<\/ul>\n<hr data-start=\"1749\" data-end=\"1752\" \/>\n<h4 data-start=\"1754\" data-end=\"1779\"><strong data-start=\"1759\" data-end=\"1779\">Svarbios pastabos:<\/strong><\/h4>\n<ul data-start=\"1781\" data-end=\"2085\">\n<li data-start=\"1781\" data-end=\"1944\">\n<p data-start=\"1783\" data-end=\"1944\"><strong data-start=\"1783\" data-end=\"1800\">Prieinamumas:<\/strong> \"PayPal\" galima naudoti visiems vietiniams u\u017esakymams. Kai kuriems tarptautiniams sandoriams gali prireikti alternatyvi\u0173 mok\u0117jimo b\u016bd\u0173, priklausomai nuo vietov\u0117s.<\/p>\n<\/li>\n<li data-start=\"1945\" data-end=\"2085\">\n<p data-start=\"1947\" data-end=\"2085\"><strong data-start=\"1947\" data-end=\"1978\">Mok\u0117jimo b\u016bdo lankstumas:<\/strong> Jei neturite \"PayPal\" balanso, galite susieti savo kredito \/ debeto kortel\u0119 su \"PayPal\" paskyra ir atlikti mok\u0117jimus.<\/p>\n<\/li>\n<\/ul>\n<hr data-start=\"2087\" data-end=\"2090\" \/>\n<h4 data-start=\"2092\" data-end=\"2111\"><strong data-start=\"2097\" data-end=\"2111\">Reikia pagalbos?<\/strong><\/h4>\n<p data-start=\"2113\" data-end=\"2236\">Jei mok\u0117dami \"PayPal\" susiduriate su problemomis arba turite klausim\u0173, nedvejodami kreipkit\u0117s \u012f m\u016bs\u0173 klient\u0173 aptarnavimo komand\u0105:<\/p>\n<ul data-start=\"2238\" data-end=\"2301\">\n<li data-start=\"2272\" data-end=\"2301\">\n<p data-start=\"2274\" data-end=\"2301\"><strong data-start=\"2274\" data-end=\"2284\">Telefonas:<\/strong> +86 133 6063 1532<\/p>\n<\/li>\n<\/ul>\t\t\t\t\t\t\t\t<\/div>\n\t\t\t\t\t<\/div>\n\t\t\t\t<\/div>\n\t\t\t\t<\/div>","protected":false},"excerpt":{"rendered":"<p>Buy Vapes with PayPal at FR Vape At FR Vape, we offer a convenient and secure way for you to purchase your favorite vaping products using PayPal. How to Buy Vapes with PayPal: Browse Our Collection:Start by browsing our wide selection of vapes, e-liquids, accessories, and more. Once you&#8217;ve found the products you want, simply [&#8230;]","protected":false},"author":1,"featured_media":0,"parent":0,"menu_order":0,"comment_status":"closed","ping_status":"closed","template":"","meta":{"footnotes":""},"class_list":["post-7209","page","type-page","status-publish","hentry"],"jetpack_sharing_enabled":true,"_links":{"self":[{"href":"https:\/\/frvape.com\/lt\/wp-json\/wp\/v2\/pages\/7209","targetHints":{"allow":["GET"]}}],"collection":[{"href":"https:\/\/frvape.com\/lt\/wp-json\/wp\/v2\/pages"}],"about":[{"href":"https:\/\/frvape.com\/lt\/wp-json\/wp\/v2\/types\/page"}],"author":[{"embeddable":true,"href":"https:\/\/frvape.com\/lt\/wp-json\/wp\/v2\/users\/1"}],"replies":[{"embeddable":true,"href":"https:\/\/frvape.com\/lt\/wp-json\/wp\/v2\/comments?post=7209"}],"version-history":[{"count":4,"href":"https:\/\/frvape.com\/lt\/wp-json\/wp\/v2\/pages\/7209\/revisions"}],"predecessor-version":[{"id":7218,"href":"https:\/\/frvape.com\/lt\/wp-json\/wp\/v2\/pages\/7209\/revisions\/7218"}],"wp:attachment":[{"href":"https:\/\/frvape.com\/lt\/wp-json\/wp\/v2\/media?parent=7209"}],"curies":[{"name":"wp","href":"https:\/\/api.w.org\/{rel}","templated":true}]}}